{"id":7715,"date":"2026-01-08T22:07:17","date_gmt":"2026-01-08T21:07:17","guid":{"rendered":"https:\/\/peru.agrolac.com\/producto\/agrolac-floracao\/"},"modified":"2026-03-02T19:22:53","modified_gmt":"2026-03-02T18:22:53","slug":"agrolac-floracao","status":"publish","type":"product","link":"https:\/\/peru.agrolac.com\/pt-pt\/producto\/agrolac-floracao\/","title":{"rendered":"Agrolac\u00ae Flora\u00e7\u00e3o"},"content":{"rendered":"<h2>AGROLAC\u00ae FLORA\u00c7\u00c3O<\/h2>\n<p><strong>AGROLAC\u00ae<\/strong> <strong>FLOWERING<\/strong> \u00e9 um fertilizante formulado para ser utilizado numa fase chave do ciclo da cultura: <strong>a flora\u00e7\u00e3o<\/strong>. Nesta altura, uma nutri\u00e7\u00e3o equilibrada \u00e9 decisiva para acompanhar o desenvolvimento da cultura e a sua continuidade produtiva. <\/p>\n<p>A sua formula\u00e7\u00e3o est\u00e1 orientada para favorecer os processos fisiol\u00f3gicos e metab\u00f3licos da planta durante esta fase, contribuindo para uma melhor resposta da cultura em momentos de elevada exig\u00eancia. Combina <span class=\"s1\"><b>f\u00f3sforo e pot\u00e1ssio<\/b><\/span> com <span class=\"s1\"><b>Mg, Fe, Mn e Zn<\/b><\/span>e incorpora <span class=\"s1\"><b>\u00e1cido \u03b3-poliglut\u00e2mico<\/b><\/span> y <span class=\"s1\"><b>amino\u00e1cidos obtidos por fermenta\u00e7\u00e3o<\/b><\/span>. Esta formula\u00e7\u00e3o pode ser integrada em programas de nutri\u00e7\u00e3o foliar, ajustando as doses e o momento de aplica\u00e7\u00e3o a cada cultura e situa\u00e7\u00e3o agron\u00f3mica.  <\/p>\n<p><strong>AGROLAC\u00ae<\/strong> <strong>FLORATION<\/strong> contribui de forma muito eficaz para melhorar e acelerar os processos metab\u00f3licos da planta, favorecendo a utiliza\u00e7\u00e3o dos nutrientes e o movimento da seiva atrav\u00e9s do floema at\u00e9 \u00e0 frutifica\u00e7\u00e3o. Devido ao seu teor de <strong>\u00e1cido poliglut\u00e2mico<\/strong>, ajuda a otimizar a disponibilidade e a utiliza\u00e7\u00e3o de nutrientes numa fase particularmente sens\u00edvel da cultura, apoiando um desenvolvimento mais regular desde a flora\u00e7\u00e3o at\u00e9 \u00e0 frutifica\u00e7\u00e3o.<\/p>\n<h3>Benef\u00edcios agron\u00f3micos<\/h3>\n<ul>\n<li><strong>Apoio nutricional espec\u00edfico durante a flora\u00e7\u00e3o<\/strong>.<\/li>\n<li><strong>Apoia os processos metab\u00f3licos<\/strong> da planta numa altura de grande exig\u00eancia.<\/li>\n<li><strong>Melhora a utiliza\u00e7\u00e3o dos nutrientes<\/strong>.<\/li>\n<li><strong>Favorece o movimento da seiva atrav\u00e9s do floema<\/strong> at\u00e9 \u00e0 frutifica\u00e7\u00e3o.<\/li>\n<li><strong>Ajuda a manter uma evolu\u00e7\u00e3o mais regular<\/strong> entre a flora\u00e7\u00e3o e a frutifica\u00e7\u00e3o.<\/li>\n<\/ul>\n<p>&nbsp;<\/p>\n<h3>Aplica\u00e7\u00e3o<\/h3>\n<p>Fertilizante para aplica\u00e7\u00e3o <strong>foliar<\/strong>. Utiliza adaptando a dosagem e o momento da aplica\u00e7\u00e3o \u00e0s necessidades da cultura e \u00e0s condi\u00e7\u00f5es agron\u00f3micas. <\/p>\n<h3>Observa\u00e7\u00f5es<\/h3>\n<p>N\u00e3o tratar a temperaturas superiores a 30 \u00baC. N\u00e3o misturar com produtos \u00e0 base de estanho ou \u00f3leos minerais. <\/p>\n","protected":false},"excerpt":{"rendered":"<p>Produto concebido para apoiar a flora\u00e7\u00e3o das cultu\u2026<\/p>\n","protected":false},"featured_media":5655,"comment_status":"closed","ping_status":"closed","template":"","meta":{"_acf_changed":false},"certificacion":[434],"cultivo":[591,738,739,1106,593,598,594,599,592,1104,1179,1108,1107,1178,1180,1105],"product_brand":[],"product_cat":[398],"product_tag":[],"class_list":{"0":"post-7715","1":"product","2":"type-product","3":"status-publish","4":"has-post-thumbnail","6":"certificacion-residuo-zero","7":"cultivo-arvores-de-fruto","8":"cultivo-arvores-de-fruto-de-caroco","9":"cultivo-arvores-de-fruto-de-pomoideas","10":"cultivo-brassicas","11":"cultivo-cereais","12":"cultivo-citrinos","13":"cultivo-culturas-industriais","14":"cultivo-frutos-secos","15":"cultivo-horticultura","16":"cultivo-horticultura-de-frutas","17":"cultivo-leguminosas","18":"cultivo-oliveira","19":"cultivo-raiz-e-bolbo","20":"cultivo-sementes-oleaginosas","21":"cultivo-tropical-subtropical","22":"cultivo-videira","23":"product_cat-fertilizantes","25":"first","26":"instock","27":"shipping-taxable","28":"product-type-simple"},"acf":[],"yoast_head":"<!-- This site is optimized with the Yoast SEO plugin v27.4 - https:\/\/yoast.com\/product\/yoast-seo-wordpress\/ -->\n<title>Agrolac\u00ae Flora\u00e7\u00e3o - Agrolac<\/title>\n<meta name=\"description\" content=\"AGROLAC FLORATION \u00e9 um adubo foliar com \u00e1cido \u03b3-poliglut\u00e2mico e amino\u00e1cidos para acompanhar a flora\u00e7\u00e3o e o in\u00edcio da frutifica\u00e7\u00e3o. Pede uma orienta\u00e7\u00e3o.\" \/>\n<meta name=\"robots\" content=\"index, follow, max-snippet:-1, max-image-preview:large, max-video-preview:-1\" \/>\n<link rel=\"canonical\" href=\"https:\/\/peru.agrolac.com\/pt-pt\/producto\/agrolac-floracao\/\" \/>\n<meta property=\"og:locale\" content=\"pt_PT\" \/>\n<meta property=\"og:type\" content=\"article\" \/>\n<meta property=\"og:title\" content=\"Agrolac\u00ae Flora\u00e7\u00e3o - Agrolac\" \/>\n<meta property=\"og:description\" content=\"AGROLAC FLORATION \u00e9 um adubo foliar com \u00e1cido \u03b3-poliglut\u00e2mico e amino\u00e1cidos para acompanhar a flora\u00e7\u00e3o e o in\u00edcio da frutifica\u00e7\u00e3o. Pede uma orienta\u00e7\u00e3o.\" \/>\n<meta property=\"og:url\" content=\"https:\/\/peru.agrolac.com\/pt-pt\/producto\/agrolac-floracao\/\" \/>\n<meta property=\"og:site_name\" content=\"Agrolac\" \/>\n<meta property=\"article:modified_time\" content=\"2026-03-02T18:22:53+00:00\" \/>\n<meta property=\"og:image\" content=\"https:\/\/peru.agrolac.com\/wp-content\/uploads\/2025\/10\/agrolac-floracion-almendros.webp\" \/>\n\t<meta property=\"og:image:width\" content=\"1500\" \/>\n\t<meta property=\"og:image:height\" content=\"1000\" \/>\n\t<meta property=\"og:image:type\" content=\"image\/webp\" \/>\n<meta name=\"twitter:card\" content=\"summary_large_image\" \/>\n<meta name=\"twitter:label1\" content=\"Tempo estimado de leitura\" \/>\n\t<meta name=\"twitter:data1\" content=\"2 minutos\" \/>\n<script type=\"application\/ld+json\" class=\"yoast-schema-graph\">{\"@context\":\"https:\\\/\\\/schema.org\",\"@graph\":[{\"@type\":\"WebPage\",\"@id\":\"https:\\\/\\\/peru.agrolac.com\\\/pt-pt\\\/producto\\\/agrolac-floracao\\\/\",\"url\":\"https:\\\/\\\/peru.agrolac.com\\\/pt-pt\\\/producto\\\/agrolac-floracao\\\/\",\"name\":\"Agrolac\u00ae Flora\u00e7\u00e3o - Agrolac\",\"isPartOf\":{\"@id\":\"https:\\\/\\\/peru.agrolac.com\\\/pt-pt\\\/#website\"},\"primaryImageOfPage\":{\"@id\":\"https:\\\/\\\/peru.agrolac.com\\\/pt-pt\\\/producto\\\/agrolac-floracao\\\/#primaryimage\"},\"image\":{\"@id\":\"https:\\\/\\\/peru.agrolac.com\\\/pt-pt\\\/producto\\\/agrolac-floracao\\\/#primaryimage\"},\"thumbnailUrl\":\"https:\\\/\\\/peru.agrolac.com\\\/wp-content\\\/uploads\\\/2025\\\/10\\\/agrolac-floracion-almendros.webp\",\"datePublished\":\"2026-01-08T21:07:17+00:00\",\"dateModified\":\"2026-03-02T18:22:53+00:00\",\"description\":\"AGROLAC FLORATION \u00e9 um adubo foliar com \u00e1cido \u03b3-poliglut\u00e2mico e amino\u00e1cidos para acompanhar a flora\u00e7\u00e3o e o in\u00edcio da frutifica\u00e7\u00e3o. Pede uma orienta\u00e7\u00e3o.\",\"breadcrumb\":{\"@id\":\"https:\\\/\\\/peru.agrolac.com\\\/pt-pt\\\/producto\\\/agrolac-floracao\\\/#breadcrumb\"},\"inLanguage\":\"pt-PT\",\"potentialAction\":[{\"@type\":\"ReadAction\",\"target\":[\"https:\\\/\\\/peru.agrolac.com\\\/pt-pt\\\/producto\\\/agrolac-floracao\\\/\"]}]},{\"@type\":\"ImageObject\",\"inLanguage\":\"pt-PT\",\"@id\":\"https:\\\/\\\/peru.agrolac.com\\\/pt-pt\\\/producto\\\/agrolac-floracao\\\/#primaryimage\",\"url\":\"https:\\\/\\\/peru.agrolac.com\\\/wp-content\\\/uploads\\\/2025\\\/10\\\/agrolac-floracion-almendros.webp\",\"contentUrl\":\"https:\\\/\\\/peru.agrolac.com\\\/wp-content\\\/uploads\\\/2025\\\/10\\\/agrolac-floracion-almendros.webp\",\"width\":1500,\"height\":1000},{\"@type\":\"BreadcrumbList\",\"@id\":\"https:\\\/\\\/peru.agrolac.com\\\/pt-pt\\\/producto\\\/agrolac-floracao\\\/#breadcrumb\",\"itemListElement\":[{\"@type\":\"ListItem\",\"position\":1,\"name\":\"In\u00edcio\",\"item\":\"https:\\\/\\\/peru.agrolac.com\\\/pt-pt\\\/casa\\\/\"},{\"@type\":\"ListItem\",\"position\":2,\"name\":\"Produtos\",\"item\":\"https:\\\/\\\/peru.agrolac.com\\\/pt-pt\\\/produtos\\\/\"},{\"@type\":\"ListItem\",\"position\":3,\"name\":\"Fertilizantes\",\"item\":\"https:\\\/\\\/peru.agrolac.com\\\/pt-pt\\\/categoria-producto\\\/fertilizantes\\\/\"},{\"@type\":\"ListItem\",\"position\":4,\"name\":\"Agrolac\u00ae Flora\u00e7\u00e3o\"}]},{\"@type\":\"WebSite\",\"@id\":\"https:\\\/\\\/peru.agrolac.com\\\/pt-pt\\\/#website\",\"url\":\"https:\\\/\\\/peru.agrolac.com\\\/pt-pt\\\/\",\"name\":\"VICORQUIMIA\",\"description\":\"Agrolac &eacute;s una empresa de Barcelona, fundada el 1982, especialitzada en distribuci&oacute; de productes agroqu&iacute;mics per a l'agricultura europea.\",\"publisher\":{\"@id\":\"https:\\\/\\\/peru.agrolac.com\\\/pt-pt\\\/#organization\"},\"potentialAction\":[{\"@type\":\"SearchAction\",\"target\":{\"@type\":\"EntryPoint\",\"urlTemplate\":\"https:\\\/\\\/peru.agrolac.com\\\/pt-pt\\\/?s={search_term_string}\"},\"query-input\":{\"@type\":\"PropertyValueSpecification\",\"valueRequired\":true,\"valueName\":\"search_term_string\"}}],\"inLanguage\":\"pt-PT\"},{\"@type\":\"Organization\",\"@id\":\"https:\\\/\\\/peru.agrolac.com\\\/pt-pt\\\/#organization\",\"name\":\"VICORQUIMIA\",\"url\":\"https:\\\/\\\/peru.agrolac.com\\\/pt-pt\\\/\",\"logo\":{\"@type\":\"ImageObject\",\"inLanguage\":\"pt-PT\",\"@id\":\"https:\\\/\\\/peru.agrolac.com\\\/pt-pt\\\/#\\\/schema\\\/logo\\\/image\\\/\",\"url\":\"https:\\\/\\\/peru.agrolac.com\\\/wp-content\\\/uploads\\\/2025\\\/10\\\/agrolac-logo.svg\",\"contentUrl\":\"https:\\\/\\\/peru.agrolac.com\\\/wp-content\\\/uploads\\\/2025\\\/10\\\/agrolac-logo.svg\",\"caption\":\"VICORQUIMIA\"},\"image\":{\"@id\":\"https:\\\/\\\/peru.agrolac.com\\\/pt-pt\\\/#\\\/schema\\\/logo\\\/image\\\/\"},\"sameAs\":[\"https:\\\/\\\/www.linkedin.com\\\/company\\\/vicorquimia\\\/\"]}]}<\/script>\n<!-- \/ Yoast SEO plugin. -->","yoast_head_json":{"title":"Agrolac\u00ae Flora\u00e7\u00e3o - Agrolac","description":"AGROLAC FLORATION \u00e9 um adubo foliar com \u00e1cido \u03b3-poliglut\u00e2mico e amino\u00e1cidos para acompanhar a flora\u00e7\u00e3o e o in\u00edcio da frutifica\u00e7\u00e3o. Pede uma orienta\u00e7\u00e3o.","robots":{"index":"index","follow":"follow","max-snippet":"max-snippet:-1","max-image-preview":"max-image-preview:large","max-video-preview":"max-video-preview:-1"},"canonical":"https:\/\/peru.agrolac.com\/pt-pt\/producto\/agrolac-floracao\/","og_locale":"pt_PT","og_type":"article","og_title":"Agrolac\u00ae Flora\u00e7\u00e3o - Agrolac","og_description":"AGROLAC FLORATION \u00e9 um adubo foliar com \u00e1cido \u03b3-poliglut\u00e2mico e amino\u00e1cidos para acompanhar a flora\u00e7\u00e3o e o in\u00edcio da frutifica\u00e7\u00e3o. Pede uma orienta\u00e7\u00e3o.","og_url":"https:\/\/peru.agrolac.com\/pt-pt\/producto\/agrolac-floracao\/","og_site_name":"Agrolac","article_modified_time":"2026-03-02T18:22:53+00:00","og_image":[{"width":1500,"height":1000,"url":"https:\/\/peru.agrolac.com\/wp-content\/uploads\/2025\/10\/agrolac-floracion-almendros.webp","type":"image\/webp"}],"twitter_card":"summary_large_image","twitter_misc":{"Tempo estimado de leitura":"2 minutos"},"schema":{"@context":"https:\/\/schema.org","@graph":[{"@type":"WebPage","@id":"https:\/\/peru.agrolac.com\/pt-pt\/producto\/agrolac-floracao\/","url":"https:\/\/peru.agrolac.com\/pt-pt\/producto\/agrolac-floracao\/","name":"Agrolac\u00ae Flora\u00e7\u00e3o - Agrolac","isPartOf":{"@id":"https:\/\/peru.agrolac.com\/pt-pt\/#website"},"primaryImageOfPage":{"@id":"https:\/\/peru.agrolac.com\/pt-pt\/producto\/agrolac-floracao\/#primaryimage"},"image":{"@id":"https:\/\/peru.agrolac.com\/pt-pt\/producto\/agrolac-floracao\/#primaryimage"},"thumbnailUrl":"https:\/\/peru.agrolac.com\/wp-content\/uploads\/2025\/10\/agrolac-floracion-almendros.webp","datePublished":"2026-01-08T21:07:17+00:00","dateModified":"2026-03-02T18:22:53+00:00","description":"AGROLAC FLORATION \u00e9 um adubo foliar com \u00e1cido \u03b3-poliglut\u00e2mico e amino\u00e1cidos para acompanhar a flora\u00e7\u00e3o e o in\u00edcio da frutifica\u00e7\u00e3o. Pede uma orienta\u00e7\u00e3o.","breadcrumb":{"@id":"https:\/\/peru.agrolac.com\/pt-pt\/producto\/agrolac-floracao\/#breadcrumb"},"inLanguage":"pt-PT","potentialAction":[{"@type":"ReadAction","target":["https:\/\/peru.agrolac.com\/pt-pt\/producto\/agrolac-floracao\/"]}]},{"@type":"ImageObject","inLanguage":"pt-PT","@id":"https:\/\/peru.agrolac.com\/pt-pt\/producto\/agrolac-floracao\/#primaryimage","url":"https:\/\/peru.agrolac.com\/wp-content\/uploads\/2025\/10\/agrolac-floracion-almendros.webp","contentUrl":"https:\/\/peru.agrolac.com\/wp-content\/uploads\/2025\/10\/agrolac-floracion-almendros.webp","width":1500,"height":1000},{"@type":"BreadcrumbList","@id":"https:\/\/peru.agrolac.com\/pt-pt\/producto\/agrolac-floracao\/#breadcrumb","itemListElement":[{"@type":"ListItem","position":1,"name":"In\u00edcio","item":"https:\/\/peru.agrolac.com\/pt-pt\/casa\/"},{"@type":"ListItem","position":2,"name":"Produtos","item":"https:\/\/peru.agrolac.com\/pt-pt\/produtos\/"},{"@type":"ListItem","position":3,"name":"Fertilizantes","item":"https:\/\/peru.agrolac.com\/pt-pt\/categoria-producto\/fertilizantes\/"},{"@type":"ListItem","position":4,"name":"Agrolac\u00ae Flora\u00e7\u00e3o"}]},{"@type":"WebSite","@id":"https:\/\/peru.agrolac.com\/pt-pt\/#website","url":"https:\/\/peru.agrolac.com\/pt-pt\/","name":"VICORQUIMIA","description":"Agrolac &eacute;s una empresa de Barcelona, fundada el 1982, especialitzada en distribuci&oacute; de productes agroqu&iacute;mics per a l'agricultura europea.","publisher":{"@id":"https:\/\/peru.agrolac.com\/pt-pt\/#organization"},"potentialAction":[{"@type":"SearchAction","target":{"@type":"EntryPoint","urlTemplate":"https:\/\/peru.agrolac.com\/pt-pt\/?s={search_term_string}"},"query-input":{"@type":"PropertyValueSpecification","valueRequired":true,"valueName":"search_term_string"}}],"inLanguage":"pt-PT"},{"@type":"Organization","@id":"https:\/\/peru.agrolac.com\/pt-pt\/#organization","name":"VICORQUIMIA","url":"https:\/\/peru.agrolac.com\/pt-pt\/","logo":{"@type":"ImageObject","inLanguage":"pt-PT","@id":"https:\/\/peru.agrolac.com\/pt-pt\/#\/schema\/logo\/image\/","url":"https:\/\/peru.agrolac.com\/wp-content\/uploads\/2025\/10\/agrolac-logo.svg","contentUrl":"https:\/\/peru.agrolac.com\/wp-content\/uploads\/2025\/10\/agrolac-logo.svg","caption":"VICORQUIMIA"},"image":{"@id":"https:\/\/peru.agrolac.com\/pt-pt\/#\/schema\/logo\/image\/"},"sameAs":["https:\/\/www.linkedin.com\/company\/vicorquimia\/"]}]}},"_links":{"self":[{"href":"https:\/\/peru.agrolac.com\/pt-pt\/wp-json\/wp\/v2\/product\/7715","targetHints":{"allow":["GET"]}}],"collection":[{"href":"https:\/\/peru.agrolac.com\/pt-pt\/wp-json\/wp\/v2\/product"}],"about":[{"href":"https:\/\/peru.agrolac.com\/pt-pt\/wp-json\/wp\/v2\/types\/product"}],"replies":[{"embeddable":true,"href":"https:\/\/peru.agrolac.com\/pt-pt\/wp-json\/wp\/v2\/comments?post=7715"}],"wp:featuredmedia":[{"embeddable":true,"href":"https:\/\/peru.agrolac.com\/pt-pt\/wp-json\/wp\/v2\/media\/5655"}],"wp:attachment":[{"href":"https:\/\/peru.agrolac.com\/pt-pt\/wp-json\/wp\/v2\/media?parent=7715"}],"wp:term":[{"taxonomy":"certificacion","embeddable":true,"href":"https:\/\/peru.agrolac.com\/pt-pt\/wp-json\/wp\/v2\/certificacion?post=7715"},{"taxonomy":"cultivo","embeddable":true,"href":"https:\/\/peru.agrolac.com\/pt-pt\/wp-json\/wp\/v2\/cultivo?post=7715"},{"taxonomy":"product_brand","embeddable":true,"href":"https:\/\/peru.agrolac.com\/pt-pt\/wp-json\/wp\/v2\/product_brand?post=7715"},{"taxonomy":"product_cat","embeddable":true,"href":"https:\/\/peru.agrolac.com\/pt-pt\/wp-json\/wp\/v2\/product_cat?post=7715"},{"taxonomy":"product_tag","embeddable":true,"href":"https:\/\/peru.agrolac.com\/pt-pt\/wp-json\/wp\/v2\/product_tag?post=7715"}],"curies":[{"name":"wp","href":"https:\/\/api.w.org\/{rel}","templated":true}]}}