{"id":7708,"date":"2025-10-19T22:36:31","date_gmt":"2025-10-19T20:36:31","guid":{"rendered":"https:\/\/peru.agrolac.com\/producto\/ag-nano-ureia-plus\/"},"modified":"2026-03-02T19:20:07","modified_gmt":"2026-03-02T18:20:07","slug":"ag-nano-ureia-plus","status":"publish","type":"product","link":"https:\/\/peru.agrolac.com\/pt-pt\/producto\/ag-nano-ureia-plus\/","title":{"rendered":"AG Nano Ureia Plus"},"content":{"rendered":"<p><strong>AG NANO UREA PLUS<\/strong> \u00e9 um adubo foliar l\u00edquido com <strong>azoto em forma nanoestruturada<\/strong>, desenvolvido para melhorar a efic\u00e1cia do fornecimento de azoto \u00e0 cultura.<\/p>\n<p>A sua formula\u00e7\u00e3o \u00e0 escala nanom\u00e9trica<b>(20-50 nm<\/b>) facilita a absor\u00e7\u00e3o pela folha e a sua redistribui\u00e7\u00e3o na planta. O azoto pode ser armazenado e libertado <b>de acordo com as necessidades<\/b> da cultura (liberta\u00e7\u00e3o lenta). <\/p>\n<p>O programa <strong>substitui parcialmente a fertiliza\u00e7\u00e3o do solo com azoto<\/strong>, oferecendo <strong>maior efici\u00eancia<\/strong>, <strong>poupan\u00e7a de insumos<\/strong>, <strong>sustentabilidade agron\u00f3mica<\/strong> e <strong>conserva\u00e7\u00e3o da biodiversidade<\/strong>.<\/p>\n<h3>Como \u00e9 que funciona?<\/h3>\n<ul>\n<li>Penetra atrav\u00e9s dos <b>estomas<\/b> devido ao seu tamanho ultra-pequeno<b>(20-50 nm<\/b>).<\/li>\n<li>\u00c9 distribu\u00eddo sistemicamente e pode ser armazenado em <b>vac\u00faolos<\/b> e libertado a pedido.<\/li>\n<li>Ajuda a reduzir as perdas por <b>volatiliza\u00e7\u00e3o, lixivia\u00e7\u00e3o e fixa\u00e7\u00e3o no solo<\/b>.<\/li>\n<\/ul>\n<h3>Benef\u00edcios agron\u00f3micos<\/h3>\n<ul>\n<li>Pode <b>substituir 50%<\/b> da ureia tradicional.<\/li>\n<li><b>Elevada efici\u00eancia na utiliza\u00e7\u00e3o do azoto<\/b>: at\u00e9 <b>90%<\/b>.<\/li>\n<li><b>Baixo volume de aplica\u00e7\u00e3o<\/b>: <strong>1<\/strong><b>,25 L\/ha<\/b> em <b>2 aplica\u00e7\u00f5es<\/b>.<\/li>\n<li>Em ensaios, foram registados <b>aumentos de rendimento<\/b> de <b>8% a 33%<\/b>, dependendo da cultura e da compara\u00e7\u00e3o.<\/li>\n<li>Abordagem nutricional mais precisa com menos impacto das perdas de N.<\/li>\n<\/ul>\n<h3>Aplica\u00e7\u00e3o<\/h3>\n<p>AG NANO UREA PLUS\u00ae \u00e9 aplicado por via <strong>foliar<\/strong>.<\/p>\n<ul>\n<li><strong>Dose:<\/strong> 1,25 l\/ha (aplica\u00e7\u00e3o foliar).<\/li>\n<li><strong>Dilui\u00e7\u00e3o:<\/strong> 2 a 4 ml\/l de \u00e1gua.<\/li>\n<li><strong>N\u00famero de aplica\u00e7\u00f5es:<\/strong> 2-4 aplica\u00e7\u00f5es por ciclo de cultura.<\/li>\n<li><strong>Momento de aplica\u00e7\u00e3o:<\/strong> brota\u00e7\u00e3o, crescimento vegetativo, pr\u00e9-flora\u00e7\u00e3o e desenvolvimento dos frutos.<\/li>\n<li><strong>Aplica\u00e7\u00e3o recomendada:<\/strong> 50 % de ureia granulada no solo + duas aplica\u00e7\u00f5es foliares de 1,25 l\/ha de Nano Ureia nas fases vegetativa e pr\u00e9-flora\u00e7\u00e3o.<\/li>\n<li><strong>Compatibilidade:<\/strong> compat\u00edvel com outras aplica\u00e7\u00f5es foliares (consultar a mistura de pH).<\/li>\n<\/ul>\n<h3>Culturas<\/h3>\n<p>Adequado para utiliza\u00e7\u00e3o em  (milho, <strong>trigo<\/strong>, cevada, arroz),  <strong>produtos hort\u00edcolas<\/strong> (tomate, pimento, pepino, curgete), <strong>leguminosas<\/strong> (gr\u00e3o-de-bico, lentilhas, feij\u00e3o), culturas <strong>industriais<\/strong> (colza, algod\u00e3o, girassol), <strong>\u00e1rvores de fruto e oliveiras<\/strong>, <strong>estufas e hidroponia<\/strong>.<\/p>\n<h3>Observa\u00e7\u00f5es<\/h3>\n<p>N\u00e3o tratar a temperaturas superiores a 30 \u00baC. N\u00e3o misturar com produtos \u00e0 base de estanho e \u00f3leos minerais. <\/p>\n","protected":false},"excerpt":{"rendered":"<p>Adubo azotado com nano tecnologia para uma maior e\u2026<\/p>\n","protected":false},"featured_media":6438,"comment_status":"closed","ping_status":"closed","template":"","meta":{"_acf_changed":false},"certificacion":[],"cultivo":[591,738,739,593,598,594,1181,599,592,1104,1179,1108,1178,1180,1105],"product_brand":[],"product_cat":[398],"product_tag":[],"class_list":{"0":"post-7708","1":"product","2":"type-product","3":"status-publish","4":"has-post-thumbnail","6":"cultivo-arvores-de-fruto","7":"cultivo-arvores-de-fruto-de-caroco","8":"cultivo-arvores-de-fruto-de-pomoideas","9":"cultivo-cereais","10":"cultivo-citrinos","11":"cultivo-culturas-industriais","12":"cultivo-forragens-e-pastagens","13":"cultivo-frutos-secos","14":"cultivo-horticultura","15":"cultivo-horticultura-de-frutas","16":"cultivo-leguminosas","17":"cultivo-oliveira","18":"cultivo-sementes-oleaginosas","19":"cultivo-tropical-subtropical","20":"cultivo-videira","21":"product_cat-fertilizantes","23":"first","24":"instock","25":"shipping-taxable","26":"purchasable","27":"product-type-simple"},"acf":[],"yoast_head":"<!-- This site is optimized with the Yoast SEO plugin v27.4 - https:\/\/yoast.com\/product\/yoast-seo-wordpress\/ -->\n<title>AG Nano Ureia Plus - Agrolac<\/title>\n<meta name=\"description\" content=\"AG Nano Ureia Plus% \u00e9 um fertilizante foliar de azoto l\u00edquido nanoestruturado para melhorar a efici\u00eancia do N e complementar a fertiliza\u00e7\u00e3o do solo.\" \/>\n<meta name=\"robots\" content=\"index, follow, max-snippet:-1, max-image-preview:large, max-video-preview:-1\" \/>\n<link rel=\"canonical\" href=\"https:\/\/peru.agrolac.com\/pt-pt\/producto\/ag-nano-ureia-plus\/\" \/>\n<meta property=\"og:locale\" content=\"pt_PT\" \/>\n<meta property=\"og:type\" content=\"article\" \/>\n<meta property=\"og:title\" content=\"AG Nano Ureia Plus - Agrolac\" \/>\n<meta property=\"og:description\" content=\"AG Nano Ureia Plus% \u00e9 um fertilizante foliar de azoto l\u00edquido nanoestruturado para melhorar a efici\u00eancia do N e complementar a fertiliza\u00e7\u00e3o do solo.\" \/>\n<meta property=\"og:url\" content=\"https:\/\/peru.agrolac.com\/pt-pt\/producto\/ag-nano-ureia-plus\/\" \/>\n<meta property=\"og:site_name\" content=\"Agrolac\" \/>\n<meta property=\"article:modified_time\" content=\"2026-03-02T18:20:07+00:00\" \/>\n<meta property=\"og:image\" content=\"https:\/\/peru.agrolac.com\/wp-content\/uploads\/2025\/10\/campo-maiz.webp\" \/>\n\t<meta property=\"og:image:width\" content=\"1920\" \/>\n\t<meta property=\"og:image:height\" content=\"1281\" \/>\n\t<meta property=\"og:image:type\" content=\"image\/webp\" \/>\n<meta name=\"twitter:card\" content=\"summary_large_image\" \/>\n<meta name=\"twitter:label1\" content=\"Tempo estimado de leitura\" \/>\n\t<meta name=\"twitter:data1\" content=\"2 minutos\" \/>\n<script type=\"application\/ld+json\" class=\"yoast-schema-graph\">{\"@context\":\"https:\\\/\\\/schema.org\",\"@graph\":[{\"@type\":\"WebPage\",\"@id\":\"https:\\\/\\\/peru.agrolac.com\\\/pt-pt\\\/producto\\\/ag-nano-ureia-plus\\\/\",\"url\":\"https:\\\/\\\/peru.agrolac.com\\\/pt-pt\\\/producto\\\/ag-nano-ureia-plus\\\/\",\"name\":\"AG Nano Ureia Plus - Agrolac\",\"isPartOf\":{\"@id\":\"https:\\\/\\\/peru.agrolac.com\\\/pt-pt\\\/#website\"},\"primaryImageOfPage\":{\"@id\":\"https:\\\/\\\/peru.agrolac.com\\\/pt-pt\\\/producto\\\/ag-nano-ureia-plus\\\/#primaryimage\"},\"image\":{\"@id\":\"https:\\\/\\\/peru.agrolac.com\\\/pt-pt\\\/producto\\\/ag-nano-ureia-plus\\\/#primaryimage\"},\"thumbnailUrl\":\"https:\\\/\\\/peru.agrolac.com\\\/wp-content\\\/uploads\\\/2025\\\/10\\\/campo-maiz.webp\",\"datePublished\":\"2025-10-19T20:36:31+00:00\",\"dateModified\":\"2026-03-02T18:20:07+00:00\",\"description\":\"AG Nano Ureia Plus% \u00e9 um fertilizante foliar de azoto l\u00edquido nanoestruturado para melhorar a efici\u00eancia do N e complementar a fertiliza\u00e7\u00e3o do solo.\",\"breadcrumb\":{\"@id\":\"https:\\\/\\\/peru.agrolac.com\\\/pt-pt\\\/producto\\\/ag-nano-ureia-plus\\\/#breadcrumb\"},\"inLanguage\":\"pt-PT\",\"potentialAction\":[{\"@type\":\"ReadAction\",\"target\":[\"https:\\\/\\\/peru.agrolac.com\\\/pt-pt\\\/producto\\\/ag-nano-ureia-plus\\\/\"]}]},{\"@type\":\"ImageObject\",\"inLanguage\":\"pt-PT\",\"@id\":\"https:\\\/\\\/peru.agrolac.com\\\/pt-pt\\\/producto\\\/ag-nano-ureia-plus\\\/#primaryimage\",\"url\":\"https:\\\/\\\/peru.agrolac.com\\\/wp-content\\\/uploads\\\/2025\\\/10\\\/campo-maiz.webp\",\"contentUrl\":\"https:\\\/\\\/peru.agrolac.com\\\/wp-content\\\/uploads\\\/2025\\\/10\\\/campo-maiz.webp\",\"width\":1920,\"height\":1281},{\"@type\":\"BreadcrumbList\",\"@id\":\"https:\\\/\\\/peru.agrolac.com\\\/pt-pt\\\/producto\\\/ag-nano-ureia-plus\\\/#breadcrumb\",\"itemListElement\":[{\"@type\":\"ListItem\",\"position\":1,\"name\":\"In\u00edcio\",\"item\":\"https:\\\/\\\/peru.agrolac.com\\\/pt-pt\\\/casa\\\/\"},{\"@type\":\"ListItem\",\"position\":2,\"name\":\"Produtos\",\"item\":\"https:\\\/\\\/peru.agrolac.com\\\/pt-pt\\\/produtos\\\/\"},{\"@type\":\"ListItem\",\"position\":3,\"name\":\"Fertilizantes\",\"item\":\"https:\\\/\\\/peru.agrolac.com\\\/pt-pt\\\/categoria-producto\\\/fertilizantes\\\/\"},{\"@type\":\"ListItem\",\"position\":4,\"name\":\"AG Nano Ureia Plus\"}]},{\"@type\":\"WebSite\",\"@id\":\"https:\\\/\\\/peru.agrolac.com\\\/pt-pt\\\/#website\",\"url\":\"https:\\\/\\\/peru.agrolac.com\\\/pt-pt\\\/\",\"name\":\"VICORQUIMIA\",\"description\":\"Agrolac &eacute;s una empresa de Barcelona, fundada el 1982, especialitzada en distribuci&oacute; de productes agroqu&iacute;mics per a l'agricultura europea.\",\"publisher\":{\"@id\":\"https:\\\/\\\/peru.agrolac.com\\\/pt-pt\\\/#organization\"},\"potentialAction\":[{\"@type\":\"SearchAction\",\"target\":{\"@type\":\"EntryPoint\",\"urlTemplate\":\"https:\\\/\\\/peru.agrolac.com\\\/pt-pt\\\/?s={search_term_string}\"},\"query-input\":{\"@type\":\"PropertyValueSpecification\",\"valueRequired\":true,\"valueName\":\"search_term_string\"}}],\"inLanguage\":\"pt-PT\"},{\"@type\":\"Organization\",\"@id\":\"https:\\\/\\\/peru.agrolac.com\\\/pt-pt\\\/#organization\",\"name\":\"VICORQUIMIA\",\"url\":\"https:\\\/\\\/peru.agrolac.com\\\/pt-pt\\\/\",\"logo\":{\"@type\":\"ImageObject\",\"inLanguage\":\"pt-PT\",\"@id\":\"https:\\\/\\\/peru.agrolac.com\\\/pt-pt\\\/#\\\/schema\\\/logo\\\/image\\\/\",\"url\":\"https:\\\/\\\/peru.agrolac.com\\\/wp-content\\\/uploads\\\/2025\\\/10\\\/agrolac-logo.svg\",\"contentUrl\":\"https:\\\/\\\/peru.agrolac.com\\\/wp-content\\\/uploads\\\/2025\\\/10\\\/agrolac-logo.svg\",\"caption\":\"VICORQUIMIA\"},\"image\":{\"@id\":\"https:\\\/\\\/peru.agrolac.com\\\/pt-pt\\\/#\\\/schema\\\/logo\\\/image\\\/\"},\"sameAs\":[\"https:\\\/\\\/www.linkedin.com\\\/company\\\/vicorquimia\\\/\"]}]}<\/script>\n<!-- \/ Yoast SEO plugin. -->","yoast_head_json":{"title":"AG Nano Ureia Plus - Agrolac","description":"AG Nano Ureia Plus% \u00e9 um fertilizante foliar de azoto l\u00edquido nanoestruturado para melhorar a efici\u00eancia do N e complementar a fertiliza\u00e7\u00e3o do solo.","robots":{"index":"index","follow":"follow","max-snippet":"max-snippet:-1","max-image-preview":"max-image-preview:large","max-video-preview":"max-video-preview:-1"},"canonical":"https:\/\/peru.agrolac.com\/pt-pt\/producto\/ag-nano-ureia-plus\/","og_locale":"pt_PT","og_type":"article","og_title":"AG Nano Ureia Plus - Agrolac","og_description":"AG Nano Ureia Plus% \u00e9 um fertilizante foliar de azoto l\u00edquido nanoestruturado para melhorar a efici\u00eancia do N e complementar a fertiliza\u00e7\u00e3o do solo.","og_url":"https:\/\/peru.agrolac.com\/pt-pt\/producto\/ag-nano-ureia-plus\/","og_site_name":"Agrolac","article_modified_time":"2026-03-02T18:20:07+00:00","og_image":[{"width":1920,"height":1281,"url":"https:\/\/peru.agrolac.com\/wp-content\/uploads\/2025\/10\/campo-maiz.webp","type":"image\/webp"}],"twitter_card":"summary_large_image","twitter_misc":{"Tempo estimado de leitura":"2 minutos"},"schema":{"@context":"https:\/\/schema.org","@graph":[{"@type":"WebPage","@id":"https:\/\/peru.agrolac.com\/pt-pt\/producto\/ag-nano-ureia-plus\/","url":"https:\/\/peru.agrolac.com\/pt-pt\/producto\/ag-nano-ureia-plus\/","name":"AG Nano Ureia Plus - Agrolac","isPartOf":{"@id":"https:\/\/peru.agrolac.com\/pt-pt\/#website"},"primaryImageOfPage":{"@id":"https:\/\/peru.agrolac.com\/pt-pt\/producto\/ag-nano-ureia-plus\/#primaryimage"},"image":{"@id":"https:\/\/peru.agrolac.com\/pt-pt\/producto\/ag-nano-ureia-plus\/#primaryimage"},"thumbnailUrl":"https:\/\/peru.agrolac.com\/wp-content\/uploads\/2025\/10\/campo-maiz.webp","datePublished":"2025-10-19T20:36:31+00:00","dateModified":"2026-03-02T18:20:07+00:00","description":"AG Nano Ureia Plus% \u00e9 um fertilizante foliar de azoto l\u00edquido nanoestruturado para melhorar a efici\u00eancia do N e complementar a fertiliza\u00e7\u00e3o do solo.","breadcrumb":{"@id":"https:\/\/peru.agrolac.com\/pt-pt\/producto\/ag-nano-ureia-plus\/#breadcrumb"},"inLanguage":"pt-PT","potentialAction":[{"@type":"ReadAction","target":["https:\/\/peru.agrolac.com\/pt-pt\/producto\/ag-nano-ureia-plus\/"]}]},{"@type":"ImageObject","inLanguage":"pt-PT","@id":"https:\/\/peru.agrolac.com\/pt-pt\/producto\/ag-nano-ureia-plus\/#primaryimage","url":"https:\/\/peru.agrolac.com\/wp-content\/uploads\/2025\/10\/campo-maiz.webp","contentUrl":"https:\/\/peru.agrolac.com\/wp-content\/uploads\/2025\/10\/campo-maiz.webp","width":1920,"height":1281},{"@type":"BreadcrumbList","@id":"https:\/\/peru.agrolac.com\/pt-pt\/producto\/ag-nano-ureia-plus\/#breadcrumb","itemListElement":[{"@type":"ListItem","position":1,"name":"In\u00edcio","item":"https:\/\/peru.agrolac.com\/pt-pt\/casa\/"},{"@type":"ListItem","position":2,"name":"Produtos","item":"https:\/\/peru.agrolac.com\/pt-pt\/produtos\/"},{"@type":"ListItem","position":3,"name":"Fertilizantes","item":"https:\/\/peru.agrolac.com\/pt-pt\/categoria-producto\/fertilizantes\/"},{"@type":"ListItem","position":4,"name":"AG Nano Ureia Plus"}]},{"@type":"WebSite","@id":"https:\/\/peru.agrolac.com\/pt-pt\/#website","url":"https:\/\/peru.agrolac.com\/pt-pt\/","name":"VICORQUIMIA","description":"Agrolac &eacute;s una empresa de Barcelona, fundada el 1982, especialitzada en distribuci&oacute; de productes agroqu&iacute;mics per a l'agricultura europea.","publisher":{"@id":"https:\/\/peru.agrolac.com\/pt-pt\/#organization"},"potentialAction":[{"@type":"SearchAction","target":{"@type":"EntryPoint","urlTemplate":"https:\/\/peru.agrolac.com\/pt-pt\/?s={search_term_string}"},"query-input":{"@type":"PropertyValueSpecification","valueRequired":true,"valueName":"search_term_string"}}],"inLanguage":"pt-PT"},{"@type":"Organization","@id":"https:\/\/peru.agrolac.com\/pt-pt\/#organization","name":"VICORQUIMIA","url":"https:\/\/peru.agrolac.com\/pt-pt\/","logo":{"@type":"ImageObject","inLanguage":"pt-PT","@id":"https:\/\/peru.agrolac.com\/pt-pt\/#\/schema\/logo\/image\/","url":"https:\/\/peru.agrolac.com\/wp-content\/uploads\/2025\/10\/agrolac-logo.svg","contentUrl":"https:\/\/peru.agrolac.com\/wp-content\/uploads\/2025\/10\/agrolac-logo.svg","caption":"VICORQUIMIA"},"image":{"@id":"https:\/\/peru.agrolac.com\/pt-pt\/#\/schema\/logo\/image\/"},"sameAs":["https:\/\/www.linkedin.com\/company\/vicorquimia\/"]}]}},"_links":{"self":[{"href":"https:\/\/peru.agrolac.com\/pt-pt\/wp-json\/wp\/v2\/product\/7708","targetHints":{"allow":["GET"]}}],"collection":[{"href":"https:\/\/peru.agrolac.com\/pt-pt\/wp-json\/wp\/v2\/product"}],"about":[{"href":"https:\/\/peru.agrolac.com\/pt-pt\/wp-json\/wp\/v2\/types\/product"}],"replies":[{"embeddable":true,"href":"https:\/\/peru.agrolac.com\/pt-pt\/wp-json\/wp\/v2\/comments?post=7708"}],"wp:featuredmedia":[{"embeddable":true,"href":"https:\/\/peru.agrolac.com\/pt-pt\/wp-json\/wp\/v2\/media\/6438"}],"wp:attachment":[{"href":"https:\/\/peru.agrolac.com\/pt-pt\/wp-json\/wp\/v2\/media?parent=7708"}],"wp:term":[{"taxonomy":"certificacion","embeddable":true,"href":"https:\/\/peru.agrolac.com\/pt-pt\/wp-json\/wp\/v2\/certificacion?post=7708"},{"taxonomy":"cultivo","embeddable":true,"href":"https:\/\/peru.agrolac.com\/pt-pt\/wp-json\/wp\/v2\/cultivo?post=7708"},{"taxonomy":"product_brand","embeddable":true,"href":"https:\/\/peru.agrolac.com\/pt-pt\/wp-json\/wp\/v2\/product_brand?post=7708"},{"taxonomy":"product_cat","embeddable":true,"href":"https:\/\/peru.agrolac.com\/pt-pt\/wp-json\/wp\/v2\/product_cat?post=7708"},{"taxonomy":"product_tag","embeddable":true,"href":"https:\/\/peru.agrolac.com\/pt-pt\/wp-json\/wp\/v2\/product_tag?post=7708"}],"curies":[{"name":"wp","href":"https:\/\/api.w.org\/{rel}","templated":true}]}}