{"id":7696,"date":"2026-01-08T09:35:57","date_gmt":"2026-01-08T08:35:57","guid":{"rendered":"https:\/\/peru.agrolac.com\/producto\/explosao\/"},"modified":"2026-03-02T19:20:39","modified_gmt":"2026-03-02T18:20:39","slug":"explosao","status":"publish","type":"product","link":"https:\/\/peru.agrolac.com\/pt-pt\/producto\/explosao\/","title":{"rendered":"Explos\u00e3o"},"content":{"rendered":"<h2>RAPHAGA<\/h2>\n<p><strong>R\u00c1FAGA<\/strong> \u00e9 um <strong>inseticida piretr\u00f3ide de largo espetro<\/strong> \u00e0 base de <strong>deltametrina 25 EC<\/strong>, formulado para o controlo de insectos por <strong>contacto e ingest\u00e3o<\/strong>, e autorizado para utiliza\u00e7\u00e3o numa variedade de culturas.<\/p>\n<p>O produto \u00e9 aplicado por <strong>pulveriza\u00e7\u00e3o foliar<\/strong>, adaptando a dose, o n\u00famero de aplica\u00e7\u00f5es e o momento do tratamento \u00e0s indica\u00e7\u00f5es estabelecidas para cada cultura e praga.<\/p>\n<h3>Condi\u00e7\u00f5es gerais de utiliza\u00e7\u00e3o<\/h3>\n<ul>\n<li>Aplica exclusivamente por <strong>pulveriza\u00e7\u00e3o foliar<\/strong>.<\/li>\n<li>O produto formulado n\u00e3o pode ser utilizado durante o per\u00edodo de flora\u00e7\u00e3o numa dose superior a <strong>6,25 g a.s.\/ha<\/strong>.<\/li>\n<li><strong>N\u00e3o contaminar a \u00e1gua<\/strong> com o produto ou a sua embalagem.<\/li>\n<li>N\u00e3o limpes o equipamento de aplica\u00e7\u00e3o perto de \u00e1guas superficiais.<\/li>\n<li>Evita a contamina\u00e7\u00e3o atrav\u00e9s dos sistemas de drenagem das explora\u00e7\u00f5es agr\u00edcolas ou das estradas.<\/li>\n<\/ul>\n<h3>Per\u00edodo de seguran\u00e7a<\/h3>\n<p>Devem decorrer os seguintes per\u00edodos m\u00ednimos entre o \u00faltimo tratamento e a colheita de plantas ou frutos destinados ao consumo humano ou animal, ou a entrada de animais:<\/p>\n<ul>\n<li><strong>3 dias<\/strong> para a beringela, a curgete, o mel\u00e3o, o pepino, a melancia e o tomate.<\/li>\n<li><strong>7 dias<\/strong> para alho, cebola, pom\u00f3ideas, alface, batata, alho-porro e videira.<\/li>\n<li><strong>30 dias<\/strong> em amendoeiras.<\/li>\n<\/ul>\n<p>N\u00e3o \u00e9 adequado fixar um per\u00edodo de seguran\u00e7a para as oliveiras.<\/p>\n<h3>Observa\u00e7\u00f5es<\/h3>\n<p>Segue as instru\u00e7\u00f5es de utiliza\u00e7\u00e3o autorizadas para cada cultura, praga, dose e momento de aplica\u00e7\u00e3o.<\/p>\n","protected":false},"excerpt":{"rendered":"<p>Inseticida indicado para o controlo de af\u00eddeos, pu\u2026<\/p>\n","protected":false},"featured_media":6195,"comment_status":"closed","ping_status":"closed","template":"","meta":{"_acf_changed":false},"certificacion":[],"cultivo":[591,739,1106,599,592,1104,1108,1107,1105],"product_brand":[],"product_cat":[413],"product_tag":[],"class_list":{"0":"post-7696","1":"product","2":"type-product","3":"status-publish","4":"has-post-thumbnail","6":"cultivo-arvores-de-fruto","7":"cultivo-arvores-de-fruto-de-pomoideas","8":"cultivo-brassicas","9":"cultivo-frutos-secos","10":"cultivo-horticultura","11":"cultivo-horticultura-de-frutas","12":"cultivo-oliveira","13":"cultivo-raiz-e-bolbo","14":"cultivo-videira","15":"product_cat-inseticidas","17":"first","18":"instock","19":"shipping-taxable","20":"product-type-simple"},"acf":[],"yoast_head":"<!-- This site is optimized with the Yoast SEO plugin v27.4 - https:\/\/yoast.com\/product\/yoast-seo-wordpress\/ -->\n<title>Explos\u00e3o - Agrolac<\/title>\n<meta name=\"description\" content=\"R\u00c1FAGA \u00e9 um inseticida piretr\u00f3ide \u00e0 base de deltametrina 25 EC para controlo por contacto e ingest\u00e3o. Aplica\u00e7\u00e3o foliar e per\u00edodos de seguran\u00e7a por cultura.\" \/>\n<meta name=\"robots\" content=\"index, follow, max-snippet:-1, max-image-preview:large, max-video-preview:-1\" \/>\n<link rel=\"canonical\" href=\"https:\/\/peru.agrolac.com\/pt-pt\/producto\/explosao\/\" \/>\n<meta property=\"og:locale\" content=\"pt_PT\" \/>\n<meta property=\"og:type\" content=\"article\" \/>\n<meta property=\"og:title\" content=\"Explos\u00e3o - Agrolac\" \/>\n<meta property=\"og:description\" content=\"R\u00c1FAGA \u00e9 um inseticida piretr\u00f3ide \u00e0 base de deltametrina 25 EC para controlo por contacto e ingest\u00e3o. Aplica\u00e7\u00e3o foliar e per\u00edodos de seguran\u00e7a por cultura.\" \/>\n<meta property=\"og:url\" content=\"https:\/\/peru.agrolac.com\/pt-pt\/producto\/explosao\/\" \/>\n<meta property=\"og:site_name\" content=\"Agrolac\" \/>\n<meta property=\"article:modified_time\" content=\"2026-03-02T18:20:39+00:00\" \/>\n<meta property=\"og:image\" content=\"https:\/\/peru.agrolac.com\/wp-content\/uploads\/2026\/01\/campo-melocoton.webp\" \/>\n\t<meta property=\"og:image:width\" content=\"1920\" \/>\n\t<meta property=\"og:image:height\" content=\"1368\" \/>\n\t<meta property=\"og:image:type\" content=\"image\/webp\" \/>\n<meta name=\"twitter:card\" content=\"summary_large_image\" \/>\n<meta name=\"twitter:label1\" content=\"Tempo estimado de leitura\" \/>\n\t<meta name=\"twitter:data1\" content=\"1 minuto\" \/>\n<script type=\"application\/ld+json\" class=\"yoast-schema-graph\">{\"@context\":\"https:\\\/\\\/schema.org\",\"@graph\":[{\"@type\":\"WebPage\",\"@id\":\"https:\\\/\\\/peru.agrolac.com\\\/pt-pt\\\/producto\\\/explosao\\\/\",\"url\":\"https:\\\/\\\/peru.agrolac.com\\\/pt-pt\\\/producto\\\/explosao\\\/\",\"name\":\"Explos\u00e3o - Agrolac\",\"isPartOf\":{\"@id\":\"https:\\\/\\\/peru.agrolac.com\\\/pt-pt\\\/#website\"},\"primaryImageOfPage\":{\"@id\":\"https:\\\/\\\/peru.agrolac.com\\\/pt-pt\\\/producto\\\/explosao\\\/#primaryimage\"},\"image\":{\"@id\":\"https:\\\/\\\/peru.agrolac.com\\\/pt-pt\\\/producto\\\/explosao\\\/#primaryimage\"},\"thumbnailUrl\":\"https:\\\/\\\/peru.agrolac.com\\\/wp-content\\\/uploads\\\/2026\\\/01\\\/campo-melocoton.webp\",\"datePublished\":\"2026-01-08T08:35:57+00:00\",\"dateModified\":\"2026-03-02T18:20:39+00:00\",\"description\":\"R\u00c1FAGA \u00e9 um inseticida piretr\u00f3ide \u00e0 base de deltametrina 25 EC para controlo por contacto e ingest\u00e3o. Aplica\u00e7\u00e3o foliar e per\u00edodos de seguran\u00e7a por cultura.\",\"breadcrumb\":{\"@id\":\"https:\\\/\\\/peru.agrolac.com\\\/pt-pt\\\/producto\\\/explosao\\\/#breadcrumb\"},\"inLanguage\":\"pt-PT\",\"potentialAction\":[{\"@type\":\"ReadAction\",\"target\":[\"https:\\\/\\\/peru.agrolac.com\\\/pt-pt\\\/producto\\\/explosao\\\/\"]}]},{\"@type\":\"ImageObject\",\"inLanguage\":\"pt-PT\",\"@id\":\"https:\\\/\\\/peru.agrolac.com\\\/pt-pt\\\/producto\\\/explosao\\\/#primaryimage\",\"url\":\"https:\\\/\\\/peru.agrolac.com\\\/wp-content\\\/uploads\\\/2026\\\/01\\\/campo-melocoton.webp\",\"contentUrl\":\"https:\\\/\\\/peru.agrolac.com\\\/wp-content\\\/uploads\\\/2026\\\/01\\\/campo-melocoton.webp\",\"width\":1920,\"height\":1368},{\"@type\":\"BreadcrumbList\",\"@id\":\"https:\\\/\\\/peru.agrolac.com\\\/pt-pt\\\/producto\\\/explosao\\\/#breadcrumb\",\"itemListElement\":[{\"@type\":\"ListItem\",\"position\":1,\"name\":\"In\u00edcio\",\"item\":\"https:\\\/\\\/peru.agrolac.com\\\/pt-pt\\\/casa\\\/\"},{\"@type\":\"ListItem\",\"position\":2,\"name\":\"Produtos\",\"item\":\"https:\\\/\\\/peru.agrolac.com\\\/pt-pt\\\/produtos\\\/\"},{\"@type\":\"ListItem\",\"position\":3,\"name\":\"Inseticidas\",\"item\":\"https:\\\/\\\/peru.agrolac.com\\\/pt-pt\\\/categoria-producto\\\/inseticidas\\\/\"},{\"@type\":\"ListItem\",\"position\":4,\"name\":\"Explos\u00e3o\"}]},{\"@type\":\"WebSite\",\"@id\":\"https:\\\/\\\/peru.agrolac.com\\\/pt-pt\\\/#website\",\"url\":\"https:\\\/\\\/peru.agrolac.com\\\/pt-pt\\\/\",\"name\":\"VICORQUIMIA\",\"description\":\"Agrolac &eacute;s una empresa de Barcelona, fundada el 1982, especialitzada en distribuci&oacute; de productes agroqu&iacute;mics per a l'agricultura europea.\",\"publisher\":{\"@id\":\"https:\\\/\\\/peru.agrolac.com\\\/pt-pt\\\/#organization\"},\"potentialAction\":[{\"@type\":\"SearchAction\",\"target\":{\"@type\":\"EntryPoint\",\"urlTemplate\":\"https:\\\/\\\/peru.agrolac.com\\\/pt-pt\\\/?s={search_term_string}\"},\"query-input\":{\"@type\":\"PropertyValueSpecification\",\"valueRequired\":true,\"valueName\":\"search_term_string\"}}],\"inLanguage\":\"pt-PT\"},{\"@type\":\"Organization\",\"@id\":\"https:\\\/\\\/peru.agrolac.com\\\/pt-pt\\\/#organization\",\"name\":\"VICORQUIMIA\",\"url\":\"https:\\\/\\\/peru.agrolac.com\\\/pt-pt\\\/\",\"logo\":{\"@type\":\"ImageObject\",\"inLanguage\":\"pt-PT\",\"@id\":\"https:\\\/\\\/peru.agrolac.com\\\/pt-pt\\\/#\\\/schema\\\/logo\\\/image\\\/\",\"url\":\"https:\\\/\\\/peru.agrolac.com\\\/wp-content\\\/uploads\\\/2025\\\/10\\\/agrolac-logo.svg\",\"contentUrl\":\"https:\\\/\\\/peru.agrolac.com\\\/wp-content\\\/uploads\\\/2025\\\/10\\\/agrolac-logo.svg\",\"caption\":\"VICORQUIMIA\"},\"image\":{\"@id\":\"https:\\\/\\\/peru.agrolac.com\\\/pt-pt\\\/#\\\/schema\\\/logo\\\/image\\\/\"},\"sameAs\":[\"https:\\\/\\\/www.linkedin.com\\\/company\\\/vicorquimia\\\/\"]}]}<\/script>\n<!-- \/ Yoast SEO plugin. -->","yoast_head_json":{"title":"Explos\u00e3o - Agrolac","description":"R\u00c1FAGA \u00e9 um inseticida piretr\u00f3ide \u00e0 base de deltametrina 25 EC para controlo por contacto e ingest\u00e3o. Aplica\u00e7\u00e3o foliar e per\u00edodos de seguran\u00e7a por cultura.","robots":{"index":"index","follow":"follow","max-snippet":"max-snippet:-1","max-image-preview":"max-image-preview:large","max-video-preview":"max-video-preview:-1"},"canonical":"https:\/\/peru.agrolac.com\/pt-pt\/producto\/explosao\/","og_locale":"pt_PT","og_type":"article","og_title":"Explos\u00e3o - Agrolac","og_description":"R\u00c1FAGA \u00e9 um inseticida piretr\u00f3ide \u00e0 base de deltametrina 25 EC para controlo por contacto e ingest\u00e3o. Aplica\u00e7\u00e3o foliar e per\u00edodos de seguran\u00e7a por cultura.","og_url":"https:\/\/peru.agrolac.com\/pt-pt\/producto\/explosao\/","og_site_name":"Agrolac","article_modified_time":"2026-03-02T18:20:39+00:00","og_image":[{"width":1920,"height":1368,"url":"https:\/\/peru.agrolac.com\/wp-content\/uploads\/2026\/01\/campo-melocoton.webp","type":"image\/webp"}],"twitter_card":"summary_large_image","twitter_misc":{"Tempo estimado de leitura":"1 minuto"},"schema":{"@context":"https:\/\/schema.org","@graph":[{"@type":"WebPage","@id":"https:\/\/peru.agrolac.com\/pt-pt\/producto\/explosao\/","url":"https:\/\/peru.agrolac.com\/pt-pt\/producto\/explosao\/","name":"Explos\u00e3o - Agrolac","isPartOf":{"@id":"https:\/\/peru.agrolac.com\/pt-pt\/#website"},"primaryImageOfPage":{"@id":"https:\/\/peru.agrolac.com\/pt-pt\/producto\/explosao\/#primaryimage"},"image":{"@id":"https:\/\/peru.agrolac.com\/pt-pt\/producto\/explosao\/#primaryimage"},"thumbnailUrl":"https:\/\/peru.agrolac.com\/wp-content\/uploads\/2026\/01\/campo-melocoton.webp","datePublished":"2026-01-08T08:35:57+00:00","dateModified":"2026-03-02T18:20:39+00:00","description":"R\u00c1FAGA \u00e9 um inseticida piretr\u00f3ide \u00e0 base de deltametrina 25 EC para controlo por contacto e ingest\u00e3o. Aplica\u00e7\u00e3o foliar e per\u00edodos de seguran\u00e7a por cultura.","breadcrumb":{"@id":"https:\/\/peru.agrolac.com\/pt-pt\/producto\/explosao\/#breadcrumb"},"inLanguage":"pt-PT","potentialAction":[{"@type":"ReadAction","target":["https:\/\/peru.agrolac.com\/pt-pt\/producto\/explosao\/"]}]},{"@type":"ImageObject","inLanguage":"pt-PT","@id":"https:\/\/peru.agrolac.com\/pt-pt\/producto\/explosao\/#primaryimage","url":"https:\/\/peru.agrolac.com\/wp-content\/uploads\/2026\/01\/campo-melocoton.webp","contentUrl":"https:\/\/peru.agrolac.com\/wp-content\/uploads\/2026\/01\/campo-melocoton.webp","width":1920,"height":1368},{"@type":"BreadcrumbList","@id":"https:\/\/peru.agrolac.com\/pt-pt\/producto\/explosao\/#breadcrumb","itemListElement":[{"@type":"ListItem","position":1,"name":"In\u00edcio","item":"https:\/\/peru.agrolac.com\/pt-pt\/casa\/"},{"@type":"ListItem","position":2,"name":"Produtos","item":"https:\/\/peru.agrolac.com\/pt-pt\/produtos\/"},{"@type":"ListItem","position":3,"name":"Inseticidas","item":"https:\/\/peru.agrolac.com\/pt-pt\/categoria-producto\/inseticidas\/"},{"@type":"ListItem","position":4,"name":"Explos\u00e3o"}]},{"@type":"WebSite","@id":"https:\/\/peru.agrolac.com\/pt-pt\/#website","url":"https:\/\/peru.agrolac.com\/pt-pt\/","name":"VICORQUIMIA","description":"Agrolac &eacute;s una empresa de Barcelona, fundada el 1982, especialitzada en distribuci&oacute; de productes agroqu&iacute;mics per a l'agricultura europea.","publisher":{"@id":"https:\/\/peru.agrolac.com\/pt-pt\/#organization"},"potentialAction":[{"@type":"SearchAction","target":{"@type":"EntryPoint","urlTemplate":"https:\/\/peru.agrolac.com\/pt-pt\/?s={search_term_string}"},"query-input":{"@type":"PropertyValueSpecification","valueRequired":true,"valueName":"search_term_string"}}],"inLanguage":"pt-PT"},{"@type":"Organization","@id":"https:\/\/peru.agrolac.com\/pt-pt\/#organization","name":"VICORQUIMIA","url":"https:\/\/peru.agrolac.com\/pt-pt\/","logo":{"@type":"ImageObject","inLanguage":"pt-PT","@id":"https:\/\/peru.agrolac.com\/pt-pt\/#\/schema\/logo\/image\/","url":"https:\/\/peru.agrolac.com\/wp-content\/uploads\/2025\/10\/agrolac-logo.svg","contentUrl":"https:\/\/peru.agrolac.com\/wp-content\/uploads\/2025\/10\/agrolac-logo.svg","caption":"VICORQUIMIA"},"image":{"@id":"https:\/\/peru.agrolac.com\/pt-pt\/#\/schema\/logo\/image\/"},"sameAs":["https:\/\/www.linkedin.com\/company\/vicorquimia\/"]}]}},"_links":{"self":[{"href":"https:\/\/peru.agrolac.com\/pt-pt\/wp-json\/wp\/v2\/product\/7696","targetHints":{"allow":["GET"]}}],"collection":[{"href":"https:\/\/peru.agrolac.com\/pt-pt\/wp-json\/wp\/v2\/product"}],"about":[{"href":"https:\/\/peru.agrolac.com\/pt-pt\/wp-json\/wp\/v2\/types\/product"}],"replies":[{"embeddable":true,"href":"https:\/\/peru.agrolac.com\/pt-pt\/wp-json\/wp\/v2\/comments?post=7696"}],"wp:featuredmedia":[{"embeddable":true,"href":"https:\/\/peru.agrolac.com\/pt-pt\/wp-json\/wp\/v2\/media\/6195"}],"wp:attachment":[{"href":"https:\/\/peru.agrolac.com\/pt-pt\/wp-json\/wp\/v2\/media?parent=7696"}],"wp:term":[{"taxonomy":"certificacion","embeddable":true,"href":"https:\/\/peru.agrolac.com\/pt-pt\/wp-json\/wp\/v2\/certificacion?post=7696"},{"taxonomy":"cultivo","embeddable":true,"href":"https:\/\/peru.agrolac.com\/pt-pt\/wp-json\/wp\/v2\/cultivo?post=7696"},{"taxonomy":"product_brand","embeddable":true,"href":"https:\/\/peru.agrolac.com\/pt-pt\/wp-json\/wp\/v2\/product_brand?post=7696"},{"taxonomy":"product_cat","embeddable":true,"href":"https:\/\/peru.agrolac.com\/pt-pt\/wp-json\/wp\/v2\/product_cat?post=7696"},{"taxonomy":"product_tag","embeddable":true,"href":"https:\/\/peru.agrolac.com\/pt-pt\/wp-json\/wp\/v2\/product_tag?post=7696"}],"curies":[{"name":"wp","href":"https:\/\/api.w.org\/{rel}","templated":true}]}}