{"id":7681,"date":"2026-01-08T21:55:22","date_gmt":"2026-01-08T20:55:22","guid":{"rendered":"https:\/\/peru.agrolac.com\/producto\/olitrap-burst\/"},"modified":"2026-03-02T19:20:51","modified_gmt":"2026-03-02T18:20:51","slug":"olitrap-burst","status":"publish","type":"product","link":"https:\/\/peru.agrolac.com\/pt-pt\/producto\/olitrap-burst\/","title":{"rendered":"Olitrap Burst"},"content":{"rendered":"<h2>Olitrap Burst<\/h2>\n<p><strong>RAPHAGA OLITRAP<\/strong> \u00e9 uma <strong>armadilha inseticida<\/strong> formulada com <strong>deltametrina 0,015% p\/p<\/strong> (0,015 g por armadilha), preparada para atrair a <strong>mosca da azeitona (<em>Bactrocera oleae<\/em>)<\/strong> para a armadilha, onde mata o inseto.<\/p>\n<p>Apresenta-se como um <strong>isco pronto a usar<\/strong> e destina-se \u00e0 <strong>captura de<\/strong> moscas da azeitona <strong>adultas (machos e f\u00eameas)<\/strong>.<\/p>\n<p>O sistema \u00e9 constitu\u00eddo por uma <strong>armadilha<\/strong>, uma <strong>tampa impregnada de deltametrina<\/strong> (inseticida de contacto) e um <strong>atrativo s\u00f3lido<\/strong> espec\u00edfico para a <em>Bactrocera oleae<\/em>, que \u00e9 muito persistente.<\/p>\n<p>Para al\u00e9m do controlo, a conce\u00e7\u00e3o permite a <strong>visualiza\u00e7\u00e3o das capturas<\/strong> e <strong>o acompanhamento da popula\u00e7\u00e3o<\/strong> na parcela.<\/p>\n<h3>Carater\u00edsticas do produto<\/h3>\n<ul>\n<li><strong>Deltametrina 0,015% p\/p<\/strong> (0,015 g por armadilha).<\/li>\n<li>Armadilha com isco incorporado, pronta a utilizar.<\/li>\n<li>Indicado para a <strong>mosca da azeitona (<em>Bactrocera oleae<\/em>)<\/strong>.<\/li>\n<li>Captura de adultos (machos e f\u00eameas).<\/li>\n<li>Permite o controlo e a monitoriza\u00e7\u00e3o da popula\u00e7\u00e3o no terreno.<\/li>\n<\/ul>\n<h3>Modo de utiliza\u00e7\u00e3o (de acordo com as informa\u00e7\u00f5es fornecidas)<\/h3>\n<ul>\n<li>Coloca na <strong>\u00e1rvore \u00e0 altura da cabe\u00e7a<\/strong>, no <strong>lado sul<\/strong> e numa <strong>zona sem folhas<\/strong>.<\/li>\n<li>Coloca a armadilha a cerca de <strong>1-1,5 m do tronco<\/strong>.<\/li>\n<li>Coloca <strong>1 armadilha por \u00e1rvore<\/strong>.<\/li>\n<li>Instalar <strong>3 meses antes da colheita<\/strong> e antes do in\u00edcio da atividade da mosca (antes da mudan\u00e7a de cor).<\/li>\n<\/ul>\n<h3>Informa\u00e7\u00f5es de seguran\u00e7a<\/h3>\n<ul>\n<li><strong>EUH210:<\/strong> Ficha de dados de seguran\u00e7a dispon\u00edvel a pedido.<\/li>\n<li><strong>H410:<\/strong> Muito t\u00f3xico para os organismos aqu\u00e1ticos com efeitos duradouros.<\/li>\n<li><strong>P262:<\/strong> Evitar o contacto com os olhos, a pele ou o vestu\u00e1rio.<\/li>\n<li><strong>P273:<\/strong> Evitar a liberta\u00e7\u00e3o para o ambiente.<\/li>\n<li><strong>P391:<\/strong> Recolhe os derrames.<\/li>\n<li><strong>P501:<\/strong> Elimina o conte\u00fado e\/ou o recipiente de acordo com os regulamentos relativos a res\u00edduos perigosos.<\/li>\n<\/ul>\n","protected":false},"excerpt":{"rendered":"<p>Sistema de armadilhas para monitoriza\u00e7\u00e3o e seguime\u2026<\/p>\n","protected":false},"featured_media":5607,"comment_status":"closed","ping_status":"closed","template":"","meta":{"_acf_changed":false},"certificacion":[],"cultivo":[1108],"product_brand":[],"product_cat":[413],"product_tag":[],"class_list":{"0":"post-7681","1":"product","2":"type-product","3":"status-publish","4":"has-post-thumbnail","6":"cultivo-oliveira","7":"product_cat-inseticidas","9":"first","10":"instock","11":"shipping-taxable","12":"product-type-simple"},"acf":[],"yoast_head":"<!-- This site is optimized with the Yoast SEO plugin v27.4 - https:\/\/yoast.com\/product\/yoast-seo-wordpress\/ -->\n<title>Olitrap Burst - Agrolac<\/title>\n<meta name=\"description\" content=\"Olitrap Burst% \u00e9 uma armadilha com isco de deltametrina para capturar adultos da mosca da azeitona (Bactrocera oleae). Permite o controlo e a monitoriza\u00e7\u00e3o da popula\u00e7\u00e3o no terreno.\" \/>\n<meta name=\"robots\" content=\"index, follow, max-snippet:-1, max-image-preview:large, max-video-preview:-1\" \/>\n<link rel=\"canonical\" href=\"https:\/\/peru.agrolac.com\/pt-pt\/producto\/olitrap-burst\/\" \/>\n<meta property=\"og:locale\" content=\"pt_PT\" \/>\n<meta property=\"og:type\" content=\"article\" \/>\n<meta property=\"og:title\" content=\"Olitrap Burst - Agrolac\" \/>\n<meta property=\"og:description\" content=\"Olitrap Burst% \u00e9 uma armadilha com isco de deltametrina para capturar adultos da mosca da azeitona (Bactrocera oleae). Permite o controlo e a monitoriza\u00e7\u00e3o da popula\u00e7\u00e3o no terreno.\" \/>\n<meta property=\"og:url\" content=\"https:\/\/peru.agrolac.com\/pt-pt\/producto\/olitrap-burst\/\" \/>\n<meta property=\"og:site_name\" content=\"Agrolac\" \/>\n<meta property=\"article:modified_time\" content=\"2026-03-02T18:20:51+00:00\" \/>\n<meta property=\"og:image\" content=\"https:\/\/peru.agrolac.com\/wp-content\/uploads\/2025\/10\/rafaga-olitrap-campo-olivos-detalle.webp\" \/>\n\t<meta property=\"og:image:width\" content=\"1500\" \/>\n\t<meta property=\"og:image:height\" content=\"1001\" \/>\n\t<meta property=\"og:image:type\" content=\"image\/webp\" \/>\n<meta name=\"twitter:card\" content=\"summary_large_image\" \/>\n<meta name=\"twitter:label1\" content=\"Tempo estimado de leitura\" \/>\n\t<meta name=\"twitter:data1\" content=\"1 minuto\" \/>\n<script type=\"application\/ld+json\" class=\"yoast-schema-graph\">{\"@context\":\"https:\\\/\\\/schema.org\",\"@graph\":[{\"@type\":\"WebPage\",\"@id\":\"https:\\\/\\\/peru.agrolac.com\\\/pt-pt\\\/producto\\\/olitrap-burst\\\/\",\"url\":\"https:\\\/\\\/peru.agrolac.com\\\/pt-pt\\\/producto\\\/olitrap-burst\\\/\",\"name\":\"Olitrap Burst - Agrolac\",\"isPartOf\":{\"@id\":\"https:\\\/\\\/peru.agrolac.com\\\/pt-pt\\\/#website\"},\"primaryImageOfPage\":{\"@id\":\"https:\\\/\\\/peru.agrolac.com\\\/pt-pt\\\/producto\\\/olitrap-burst\\\/#primaryimage\"},\"image\":{\"@id\":\"https:\\\/\\\/peru.agrolac.com\\\/pt-pt\\\/producto\\\/olitrap-burst\\\/#primaryimage\"},\"thumbnailUrl\":\"https:\\\/\\\/peru.agrolac.com\\\/wp-content\\\/uploads\\\/2025\\\/10\\\/rafaga-olitrap-campo-olivos-detalle.webp\",\"datePublished\":\"2026-01-08T20:55:22+00:00\",\"dateModified\":\"2026-03-02T18:20:51+00:00\",\"description\":\"Olitrap Burst% \u00e9 uma armadilha com isco de deltametrina para capturar adultos da mosca da azeitona (Bactrocera oleae). Permite o controlo e a monitoriza\u00e7\u00e3o da popula\u00e7\u00e3o no terreno.\",\"breadcrumb\":{\"@id\":\"https:\\\/\\\/peru.agrolac.com\\\/pt-pt\\\/producto\\\/olitrap-burst\\\/#breadcrumb\"},\"inLanguage\":\"pt-PT\",\"potentialAction\":[{\"@type\":\"ReadAction\",\"target\":[\"https:\\\/\\\/peru.agrolac.com\\\/pt-pt\\\/producto\\\/olitrap-burst\\\/\"]}]},{\"@type\":\"ImageObject\",\"inLanguage\":\"pt-PT\",\"@id\":\"https:\\\/\\\/peru.agrolac.com\\\/pt-pt\\\/producto\\\/olitrap-burst\\\/#primaryimage\",\"url\":\"https:\\\/\\\/peru.agrolac.com\\\/wp-content\\\/uploads\\\/2025\\\/10\\\/rafaga-olitrap-campo-olivos-detalle.webp\",\"contentUrl\":\"https:\\\/\\\/peru.agrolac.com\\\/wp-content\\\/uploads\\\/2025\\\/10\\\/rafaga-olitrap-campo-olivos-detalle.webp\",\"width\":1500,\"height\":1001},{\"@type\":\"BreadcrumbList\",\"@id\":\"https:\\\/\\\/peru.agrolac.com\\\/pt-pt\\\/producto\\\/olitrap-burst\\\/#breadcrumb\",\"itemListElement\":[{\"@type\":\"ListItem\",\"position\":1,\"name\":\"In\u00edcio\",\"item\":\"https:\\\/\\\/peru.agrolac.com\\\/pt-pt\\\/casa\\\/\"},{\"@type\":\"ListItem\",\"position\":2,\"name\":\"Produtos\",\"item\":\"https:\\\/\\\/peru.agrolac.com\\\/pt-pt\\\/produtos\\\/\"},{\"@type\":\"ListItem\",\"position\":3,\"name\":\"Inseticidas\",\"item\":\"https:\\\/\\\/peru.agrolac.com\\\/pt-pt\\\/categoria-producto\\\/inseticidas\\\/\"},{\"@type\":\"ListItem\",\"position\":4,\"name\":\"Olitrap Burst\"}]},{\"@type\":\"WebSite\",\"@id\":\"https:\\\/\\\/peru.agrolac.com\\\/pt-pt\\\/#website\",\"url\":\"https:\\\/\\\/peru.agrolac.com\\\/pt-pt\\\/\",\"name\":\"VICORQUIMIA\",\"description\":\"Agrolac &eacute;s una empresa de Barcelona, fundada el 1982, especialitzada en distribuci&oacute; de productes agroqu&iacute;mics per a l'agricultura europea.\",\"publisher\":{\"@id\":\"https:\\\/\\\/peru.agrolac.com\\\/pt-pt\\\/#organization\"},\"potentialAction\":[{\"@type\":\"SearchAction\",\"target\":{\"@type\":\"EntryPoint\",\"urlTemplate\":\"https:\\\/\\\/peru.agrolac.com\\\/pt-pt\\\/?s={search_term_string}\"},\"query-input\":{\"@type\":\"PropertyValueSpecification\",\"valueRequired\":true,\"valueName\":\"search_term_string\"}}],\"inLanguage\":\"pt-PT\"},{\"@type\":\"Organization\",\"@id\":\"https:\\\/\\\/peru.agrolac.com\\\/pt-pt\\\/#organization\",\"name\":\"VICORQUIMIA\",\"url\":\"https:\\\/\\\/peru.agrolac.com\\\/pt-pt\\\/\",\"logo\":{\"@type\":\"ImageObject\",\"inLanguage\":\"pt-PT\",\"@id\":\"https:\\\/\\\/peru.agrolac.com\\\/pt-pt\\\/#\\\/schema\\\/logo\\\/image\\\/\",\"url\":\"https:\\\/\\\/peru.agrolac.com\\\/wp-content\\\/uploads\\\/2025\\\/10\\\/agrolac-logo.svg\",\"contentUrl\":\"https:\\\/\\\/peru.agrolac.com\\\/wp-content\\\/uploads\\\/2025\\\/10\\\/agrolac-logo.svg\",\"caption\":\"VICORQUIMIA\"},\"image\":{\"@id\":\"https:\\\/\\\/peru.agrolac.com\\\/pt-pt\\\/#\\\/schema\\\/logo\\\/image\\\/\"},\"sameAs\":[\"https:\\\/\\\/www.linkedin.com\\\/company\\\/vicorquimia\\\/\"]}]}<\/script>\n<!-- \/ Yoast SEO plugin. -->","yoast_head_json":{"title":"Olitrap Burst - Agrolac","description":"Olitrap Burst% \u00e9 uma armadilha com isco de deltametrina para capturar adultos da mosca da azeitona (Bactrocera oleae). Permite o controlo e a monitoriza\u00e7\u00e3o da popula\u00e7\u00e3o no terreno.","robots":{"index":"index","follow":"follow","max-snippet":"max-snippet:-1","max-image-preview":"max-image-preview:large","max-video-preview":"max-video-preview:-1"},"canonical":"https:\/\/peru.agrolac.com\/pt-pt\/producto\/olitrap-burst\/","og_locale":"pt_PT","og_type":"article","og_title":"Olitrap Burst - Agrolac","og_description":"Olitrap Burst% \u00e9 uma armadilha com isco de deltametrina para capturar adultos da mosca da azeitona (Bactrocera oleae). Permite o controlo e a monitoriza\u00e7\u00e3o da popula\u00e7\u00e3o no terreno.","og_url":"https:\/\/peru.agrolac.com\/pt-pt\/producto\/olitrap-burst\/","og_site_name":"Agrolac","article_modified_time":"2026-03-02T18:20:51+00:00","og_image":[{"width":1500,"height":1001,"url":"https:\/\/peru.agrolac.com\/wp-content\/uploads\/2025\/10\/rafaga-olitrap-campo-olivos-detalle.webp","type":"image\/webp"}],"twitter_card":"summary_large_image","twitter_misc":{"Tempo estimado de leitura":"1 minuto"},"schema":{"@context":"https:\/\/schema.org","@graph":[{"@type":"WebPage","@id":"https:\/\/peru.agrolac.com\/pt-pt\/producto\/olitrap-burst\/","url":"https:\/\/peru.agrolac.com\/pt-pt\/producto\/olitrap-burst\/","name":"Olitrap Burst - Agrolac","isPartOf":{"@id":"https:\/\/peru.agrolac.com\/pt-pt\/#website"},"primaryImageOfPage":{"@id":"https:\/\/peru.agrolac.com\/pt-pt\/producto\/olitrap-burst\/#primaryimage"},"image":{"@id":"https:\/\/peru.agrolac.com\/pt-pt\/producto\/olitrap-burst\/#primaryimage"},"thumbnailUrl":"https:\/\/peru.agrolac.com\/wp-content\/uploads\/2025\/10\/rafaga-olitrap-campo-olivos-detalle.webp","datePublished":"2026-01-08T20:55:22+00:00","dateModified":"2026-03-02T18:20:51+00:00","description":"Olitrap Burst% \u00e9 uma armadilha com isco de deltametrina para capturar adultos da mosca da azeitona (Bactrocera oleae). Permite o controlo e a monitoriza\u00e7\u00e3o da popula\u00e7\u00e3o no terreno.","breadcrumb":{"@id":"https:\/\/peru.agrolac.com\/pt-pt\/producto\/olitrap-burst\/#breadcrumb"},"inLanguage":"pt-PT","potentialAction":[{"@type":"ReadAction","target":["https:\/\/peru.agrolac.com\/pt-pt\/producto\/olitrap-burst\/"]}]},{"@type":"ImageObject","inLanguage":"pt-PT","@id":"https:\/\/peru.agrolac.com\/pt-pt\/producto\/olitrap-burst\/#primaryimage","url":"https:\/\/peru.agrolac.com\/wp-content\/uploads\/2025\/10\/rafaga-olitrap-campo-olivos-detalle.webp","contentUrl":"https:\/\/peru.agrolac.com\/wp-content\/uploads\/2025\/10\/rafaga-olitrap-campo-olivos-detalle.webp","width":1500,"height":1001},{"@type":"BreadcrumbList","@id":"https:\/\/peru.agrolac.com\/pt-pt\/producto\/olitrap-burst\/#breadcrumb","itemListElement":[{"@type":"ListItem","position":1,"name":"In\u00edcio","item":"https:\/\/peru.agrolac.com\/pt-pt\/casa\/"},{"@type":"ListItem","position":2,"name":"Produtos","item":"https:\/\/peru.agrolac.com\/pt-pt\/produtos\/"},{"@type":"ListItem","position":3,"name":"Inseticidas","item":"https:\/\/peru.agrolac.com\/pt-pt\/categoria-producto\/inseticidas\/"},{"@type":"ListItem","position":4,"name":"Olitrap Burst"}]},{"@type":"WebSite","@id":"https:\/\/peru.agrolac.com\/pt-pt\/#website","url":"https:\/\/peru.agrolac.com\/pt-pt\/","name":"VICORQUIMIA","description":"Agrolac &eacute;s una empresa de Barcelona, fundada el 1982, especialitzada en distribuci&oacute; de productes agroqu&iacute;mics per a l'agricultura europea.","publisher":{"@id":"https:\/\/peru.agrolac.com\/pt-pt\/#organization"},"potentialAction":[{"@type":"SearchAction","target":{"@type":"EntryPoint","urlTemplate":"https:\/\/peru.agrolac.com\/pt-pt\/?s={search_term_string}"},"query-input":{"@type":"PropertyValueSpecification","valueRequired":true,"valueName":"search_term_string"}}],"inLanguage":"pt-PT"},{"@type":"Organization","@id":"https:\/\/peru.agrolac.com\/pt-pt\/#organization","name":"VICORQUIMIA","url":"https:\/\/peru.agrolac.com\/pt-pt\/","logo":{"@type":"ImageObject","inLanguage":"pt-PT","@id":"https:\/\/peru.agrolac.com\/pt-pt\/#\/schema\/logo\/image\/","url":"https:\/\/peru.agrolac.com\/wp-content\/uploads\/2025\/10\/agrolac-logo.svg","contentUrl":"https:\/\/peru.agrolac.com\/wp-content\/uploads\/2025\/10\/agrolac-logo.svg","caption":"VICORQUIMIA"},"image":{"@id":"https:\/\/peru.agrolac.com\/pt-pt\/#\/schema\/logo\/image\/"},"sameAs":["https:\/\/www.linkedin.com\/company\/vicorquimia\/"]}]}},"_links":{"self":[{"href":"https:\/\/peru.agrolac.com\/pt-pt\/wp-json\/wp\/v2\/product\/7681","targetHints":{"allow":["GET"]}}],"collection":[{"href":"https:\/\/peru.agrolac.com\/pt-pt\/wp-json\/wp\/v2\/product"}],"about":[{"href":"https:\/\/peru.agrolac.com\/pt-pt\/wp-json\/wp\/v2\/types\/product"}],"replies":[{"embeddable":true,"href":"https:\/\/peru.agrolac.com\/pt-pt\/wp-json\/wp\/v2\/comments?post=7681"}],"wp:featuredmedia":[{"embeddable":true,"href":"https:\/\/peru.agrolac.com\/pt-pt\/wp-json\/wp\/v2\/media\/5607"}],"wp:attachment":[{"href":"https:\/\/peru.agrolac.com\/pt-pt\/wp-json\/wp\/v2\/media?parent=7681"}],"wp:term":[{"taxonomy":"certificacion","embeddable":true,"href":"https:\/\/peru.agrolac.com\/pt-pt\/wp-json\/wp\/v2\/certificacion?post=7681"},{"taxonomy":"cultivo","embeddable":true,"href":"https:\/\/peru.agrolac.com\/pt-pt\/wp-json\/wp\/v2\/cultivo?post=7681"},{"taxonomy":"product_brand","embeddable":true,"href":"https:\/\/peru.agrolac.com\/pt-pt\/wp-json\/wp\/v2\/product_brand?post=7681"},{"taxonomy":"product_cat","embeddable":true,"href":"https:\/\/peru.agrolac.com\/pt-pt\/wp-json\/wp\/v2\/product_cat?post=7681"},{"taxonomy":"product_tag","embeddable":true,"href":"https:\/\/peru.agrolac.com\/pt-pt\/wp-json\/wp\/v2\/product_tag?post=7681"}],"curies":[{"name":"wp","href":"https:\/\/api.w.org\/{rel}","templated":true}]}}