{"id":7637,"date":"2026-01-08T22:18:43","date_gmt":"2026-01-08T21:18:43","guid":{"rendered":"https:\/\/peru.agrolac.com\/producto\/agrolac-cosmetica\/"},"modified":"2026-03-02T19:21:24","modified_gmt":"2026-03-02T18:21:24","slug":"agrolac-cosmetica","status":"publish","type":"product","link":"https:\/\/peru.agrolac.com\/pt-pt\/producto\/agrolac-cosmetica\/","title":{"rendered":"Agrolac\u00ae Cosm\u00e9tica"},"content":{"rendered":"<h2>AGROLAC\u00ae COSMETIC<\/h2>\n<p><strong>AGROLAC\u00ae COSMETIC<\/strong> cont\u00e9m <strong>macroelementos secund\u00e1rios<\/strong> como o c\u00e1lcio (Ca) e o magn\u00e9sio (Mg), bem como <strong>microelementos<\/strong> como o mangan\u00eas (Mn), o zinco (Zn), o boro (B) e o cobalto (Co), juntamente com <strong>extractos de algas<\/strong> que fornecem \u00e1cido alg\u00ednico, manitol, beta\u00ednas, poliaminas e polissac\u00e1ridos.<\/p>\n<p>A sua formula\u00e7\u00e3o inclui <strong>\u00e1cidos ur\u00f3nicos<\/strong> que favorecem a forma\u00e7\u00e3o de <strong>auxinas end\u00f3genas<\/strong>, clorofila e prote\u00ednas, e ativa as enzimas envolvidas no <strong>metabolismo dos hidratos de carbono<\/strong> e nos processos <strong>metab\u00f3licos de oxida\u00e7\u00e3o-redu\u00e7\u00e3o<\/strong>.<\/p>\n<p><strong>AGROLAC\u00ae COSMETIC<\/strong> estimula a fertiliza\u00e7\u00e3o <strong>das flores<\/strong> e <strong>a absor\u00e7\u00e3o de \u00e1gua<\/strong>, e contribui para a promo\u00e7\u00e3o de azoto, \u00e1cidos nucleicos, vitamina C e hidratos de carbono, favorecendo o <strong>movimento da seiva atrav\u00e9s do floema<\/strong> at\u00e9 \u00e0 frutifica\u00e7\u00e3o.<\/p>\n<p>O produto tamb\u00e9m cont\u00e9m <strong>\u00e1cido<\/strong> \u03b3-poliglut\u00e2mico e <strong>amino\u00e1cidos livres<\/strong>. Estes incluem o \u00e1cido glut\u00e2mico, a alanina, a metionina, a arginina, a glicina, a prolina e a tirosina, que est\u00e3o relacionados com fun\u00e7\u00f5es como a s\u00edntese de clorofila, o crescimento das ra\u00edzes, a forma\u00e7\u00e3o de novos rebentos e o apoio ao equil\u00edbrio fisiol\u00f3gico da planta, dependendo do est\u00e1dio fenol\u00f3gico. <\/p>\n<p>Quando aplicado no solo, <strong>AGROLAC\u00ae COSMETIC<\/strong> confere capacidade hidrof\u00edlica, melhora a absor\u00e7\u00e3o dos nutrientes, ajuda a equilibrar o <strong>pH do solo<\/strong>, favorece o <strong>efeito quelante<\/strong> dos i\u00f5es de metais pesados e melhora a absor\u00e7\u00e3o dos adubos tradicionais.<\/p>\n<h3>Benef\u00edcios agron\u00f3micos<\/h3>\n<ul>\n<li><strong>Fornecimento equilibrado de macro e microelementos<\/strong>.<\/li>\n<li><strong>Estimula a forma\u00e7\u00e3o de clorofila, prote\u00ednas e auxinas end\u00f3genas<\/strong>.<\/li>\n<li><strong>Ativa\u00e7\u00e3o do metabolismo dos hidratos de carbono<\/strong> e <strong>dos<\/strong> processos de oxida\u00e7\u00e3o-redu\u00e7\u00e3o.<\/li>\n<li><strong>Favorece a circula\u00e7\u00e3o da seiva<\/strong> para os frutos.<\/li>\n<li><strong>Melhora a utiliza\u00e7\u00e3o de nutrientes e fertilizantes<\/strong>.<\/li>\n<\/ul>\n<p>&nbsp;<\/p>\n<h3>Aplica\u00e7\u00e3o<\/h3>\n<p><strong>AGROLAC\u00ae COSMETIC<\/strong> \u00e9 um fertilizante para aplica\u00e7\u00e3o <strong>foliar e fertirriga\u00e7\u00e3o<\/strong>. Deve ser utilizado adaptando a dose e o momento de aplica\u00e7\u00e3o \u00e0s necessidades da cultura e \u00e0s condi\u00e7\u00f5es agron\u00f3micas. <\/p>\n<h3>Observa\u00e7\u00f5es<\/h3>\n<p>N\u00e3o tratar a temperaturas superiores a 30 \u00baC. N\u00e3o misturar com produtos \u00e0 base de estanho ou \u00f3leos minerais. <\/p>\n","protected":false},"excerpt":{"rendered":"<p>Produto concebido para melhorar o aspeto e a quali\u2026<\/p>\n","protected":false},"featured_media":6317,"comment_status":"closed","ping_status":"closed","template":"","meta":{"_acf_changed":false},"certificacion":[434],"cultivo":[591,738,739,1106,593,598,594,1181,599,592,1104,1179,1108,1474,1178,1180,1105],"product_brand":[],"product_cat":[398],"product_tag":[],"class_list":{"0":"post-7637","1":"product","2":"type-product","3":"status-publish","4":"has-post-thumbnail","6":"certificacion-residuo-zero","7":"cultivo-arvores-de-fruto","8":"cultivo-arvores-de-fruto-de-caroco","9":"cultivo-arvores-de-fruto-de-pomoideas","10":"cultivo-brassicas","11":"cultivo-cereais","12":"cultivo-citrinos","13":"cultivo-culturas-industriais","14":"cultivo-forragens-e-pastagens","15":"cultivo-frutos-secos","16":"cultivo-horticultura","17":"cultivo-horticultura-de-frutas","18":"cultivo-leguminosas","19":"cultivo-oliveira","20":"cultivo-plantas-ornamentais-e-viveiros","21":"cultivo-sementes-oleaginosas","22":"cultivo-tropical-subtropical","23":"cultivo-videira","24":"product_cat-fertilizantes","26":"first","27":"instock","28":"shipping-taxable","29":"product-type-simple"},"acf":[],"yoast_head":"<!-- This site is optimized with the Yoast SEO plugin v27.4 - https:\/\/yoast.com\/product\/yoast-seo-wordpress\/ -->\n<title>Agrolac\u00ae Cosm\u00e9tica - Agrolac<\/title>\n<meta name=\"description\" content=\"Agrolac\u00ae Cosm\u00e9tica \u00e9 um fertilizante foliar e de fertirriga\u00e7\u00e3o com Ca, Mg, micronutrientes, extrato de algas, \u00e1cido \u03b3-poliglut\u00e2mico e amino\u00e1cidos.\" \/>\n<meta name=\"robots\" content=\"index, follow, max-snippet:-1, max-image-preview:large, max-video-preview:-1\" \/>\n<link rel=\"canonical\" href=\"https:\/\/peru.agrolac.com\/pt-pt\/producto\/agrolac-cosmetica\/\" \/>\n<meta property=\"og:locale\" content=\"pt_PT\" \/>\n<meta property=\"og:type\" content=\"article\" \/>\n<meta property=\"og:title\" content=\"Agrolac\u00ae Cosm\u00e9tica - Agrolac\" \/>\n<meta property=\"og:description\" content=\"Agrolac\u00ae Cosm\u00e9tica \u00e9 um fertilizante foliar e de fertirriga\u00e7\u00e3o com Ca, Mg, micronutrientes, extrato de algas, \u00e1cido \u03b3-poliglut\u00e2mico e amino\u00e1cidos.\" \/>\n<meta property=\"og:url\" content=\"https:\/\/peru.agrolac.com\/pt-pt\/producto\/agrolac-cosmetica\/\" \/>\n<meta property=\"og:site_name\" content=\"Agrolac\" \/>\n<meta property=\"article:modified_time\" content=\"2026-03-02T18:21:24+00:00\" \/>\n<meta property=\"og:image\" content=\"https:\/\/peru.agrolac.com\/wp-content\/uploads\/2026\/01\/flores-calabacin.webp\" \/>\n\t<meta property=\"og:image:width\" content=\"1920\" \/>\n\t<meta property=\"og:image:height\" content=\"1280\" \/>\n\t<meta property=\"og:image:type\" content=\"image\/webp\" \/>\n<meta name=\"twitter:card\" content=\"summary_large_image\" \/>\n<meta name=\"twitter:label1\" content=\"Tempo estimado de leitura\" \/>\n\t<meta name=\"twitter:data1\" content=\"2 minutos\" \/>\n<script type=\"application\/ld+json\" class=\"yoast-schema-graph\">{\"@context\":\"https:\\\/\\\/schema.org\",\"@graph\":[{\"@type\":\"WebPage\",\"@id\":\"https:\\\/\\\/peru.agrolac.com\\\/pt-pt\\\/producto\\\/agrolac-cosmetica\\\/\",\"url\":\"https:\\\/\\\/peru.agrolac.com\\\/pt-pt\\\/producto\\\/agrolac-cosmetica\\\/\",\"name\":\"Agrolac\u00ae Cosm\u00e9tica - Agrolac\",\"isPartOf\":{\"@id\":\"https:\\\/\\\/peru.agrolac.com\\\/pt-pt\\\/#website\"},\"primaryImageOfPage\":{\"@id\":\"https:\\\/\\\/peru.agrolac.com\\\/pt-pt\\\/producto\\\/agrolac-cosmetica\\\/#primaryimage\"},\"image\":{\"@id\":\"https:\\\/\\\/peru.agrolac.com\\\/pt-pt\\\/producto\\\/agrolac-cosmetica\\\/#primaryimage\"},\"thumbnailUrl\":\"https:\\\/\\\/peru.agrolac.com\\\/wp-content\\\/uploads\\\/2026\\\/01\\\/flores-calabacin.webp\",\"datePublished\":\"2026-01-08T21:18:43+00:00\",\"dateModified\":\"2026-03-02T18:21:24+00:00\",\"description\":\"Agrolac\u00ae Cosm\u00e9tica \u00e9 um fertilizante foliar e de fertirriga\u00e7\u00e3o com Ca, Mg, micronutrientes, extrato de algas, \u00e1cido \u03b3-poliglut\u00e2mico e amino\u00e1cidos.\",\"breadcrumb\":{\"@id\":\"https:\\\/\\\/peru.agrolac.com\\\/pt-pt\\\/producto\\\/agrolac-cosmetica\\\/#breadcrumb\"},\"inLanguage\":\"pt-PT\",\"potentialAction\":[{\"@type\":\"ReadAction\",\"target\":[\"https:\\\/\\\/peru.agrolac.com\\\/pt-pt\\\/producto\\\/agrolac-cosmetica\\\/\"]}]},{\"@type\":\"ImageObject\",\"inLanguage\":\"pt-PT\",\"@id\":\"https:\\\/\\\/peru.agrolac.com\\\/pt-pt\\\/producto\\\/agrolac-cosmetica\\\/#primaryimage\",\"url\":\"https:\\\/\\\/peru.agrolac.com\\\/wp-content\\\/uploads\\\/2026\\\/01\\\/flores-calabacin.webp\",\"contentUrl\":\"https:\\\/\\\/peru.agrolac.com\\\/wp-content\\\/uploads\\\/2026\\\/01\\\/flores-calabacin.webp\",\"width\":1920,\"height\":1280},{\"@type\":\"BreadcrumbList\",\"@id\":\"https:\\\/\\\/peru.agrolac.com\\\/pt-pt\\\/producto\\\/agrolac-cosmetica\\\/#breadcrumb\",\"itemListElement\":[{\"@type\":\"ListItem\",\"position\":1,\"name\":\"In\u00edcio\",\"item\":\"https:\\\/\\\/peru.agrolac.com\\\/pt-pt\\\/casa\\\/\"},{\"@type\":\"ListItem\",\"position\":2,\"name\":\"Produtos\",\"item\":\"https:\\\/\\\/peru.agrolac.com\\\/pt-pt\\\/produtos\\\/\"},{\"@type\":\"ListItem\",\"position\":3,\"name\":\"Fertilizantes\",\"item\":\"https:\\\/\\\/peru.agrolac.com\\\/pt-pt\\\/categoria-producto\\\/fertilizantes\\\/\"},{\"@type\":\"ListItem\",\"position\":4,\"name\":\"Agrolac\u00ae Cosm\u00e9tica\"}]},{\"@type\":\"WebSite\",\"@id\":\"https:\\\/\\\/peru.agrolac.com\\\/pt-pt\\\/#website\",\"url\":\"https:\\\/\\\/peru.agrolac.com\\\/pt-pt\\\/\",\"name\":\"VICORQUIMIA\",\"description\":\"Agrolac &eacute;s una empresa de Barcelona, fundada el 1982, especialitzada en distribuci&oacute; de productes agroqu&iacute;mics per a l'agricultura europea.\",\"publisher\":{\"@id\":\"https:\\\/\\\/peru.agrolac.com\\\/pt-pt\\\/#organization\"},\"potentialAction\":[{\"@type\":\"SearchAction\",\"target\":{\"@type\":\"EntryPoint\",\"urlTemplate\":\"https:\\\/\\\/peru.agrolac.com\\\/pt-pt\\\/?s={search_term_string}\"},\"query-input\":{\"@type\":\"PropertyValueSpecification\",\"valueRequired\":true,\"valueName\":\"search_term_string\"}}],\"inLanguage\":\"pt-PT\"},{\"@type\":\"Organization\",\"@id\":\"https:\\\/\\\/peru.agrolac.com\\\/pt-pt\\\/#organization\",\"name\":\"VICORQUIMIA\",\"url\":\"https:\\\/\\\/peru.agrolac.com\\\/pt-pt\\\/\",\"logo\":{\"@type\":\"ImageObject\",\"inLanguage\":\"pt-PT\",\"@id\":\"https:\\\/\\\/peru.agrolac.com\\\/pt-pt\\\/#\\\/schema\\\/logo\\\/image\\\/\",\"url\":\"https:\\\/\\\/peru.agrolac.com\\\/wp-content\\\/uploads\\\/2025\\\/10\\\/agrolac-logo.svg\",\"contentUrl\":\"https:\\\/\\\/peru.agrolac.com\\\/wp-content\\\/uploads\\\/2025\\\/10\\\/agrolac-logo.svg\",\"caption\":\"VICORQUIMIA\"},\"image\":{\"@id\":\"https:\\\/\\\/peru.agrolac.com\\\/pt-pt\\\/#\\\/schema\\\/logo\\\/image\\\/\"},\"sameAs\":[\"https:\\\/\\\/www.linkedin.com\\\/company\\\/vicorquimia\\\/\"]}]}<\/script>\n<!-- \/ Yoast SEO plugin. -->","yoast_head_json":{"title":"Agrolac\u00ae Cosm\u00e9tica - Agrolac","description":"Agrolac\u00ae Cosm\u00e9tica \u00e9 um fertilizante foliar e de fertirriga\u00e7\u00e3o com Ca, Mg, micronutrientes, extrato de algas, \u00e1cido \u03b3-poliglut\u00e2mico e amino\u00e1cidos.","robots":{"index":"index","follow":"follow","max-snippet":"max-snippet:-1","max-image-preview":"max-image-preview:large","max-video-preview":"max-video-preview:-1"},"canonical":"https:\/\/peru.agrolac.com\/pt-pt\/producto\/agrolac-cosmetica\/","og_locale":"pt_PT","og_type":"article","og_title":"Agrolac\u00ae Cosm\u00e9tica - Agrolac","og_description":"Agrolac\u00ae Cosm\u00e9tica \u00e9 um fertilizante foliar e de fertirriga\u00e7\u00e3o com Ca, Mg, micronutrientes, extrato de algas, \u00e1cido \u03b3-poliglut\u00e2mico e amino\u00e1cidos.","og_url":"https:\/\/peru.agrolac.com\/pt-pt\/producto\/agrolac-cosmetica\/","og_site_name":"Agrolac","article_modified_time":"2026-03-02T18:21:24+00:00","og_image":[{"width":1920,"height":1280,"url":"https:\/\/peru.agrolac.com\/wp-content\/uploads\/2026\/01\/flores-calabacin.webp","type":"image\/webp"}],"twitter_card":"summary_large_image","twitter_misc":{"Tempo estimado de leitura":"2 minutos"},"schema":{"@context":"https:\/\/schema.org","@graph":[{"@type":"WebPage","@id":"https:\/\/peru.agrolac.com\/pt-pt\/producto\/agrolac-cosmetica\/","url":"https:\/\/peru.agrolac.com\/pt-pt\/producto\/agrolac-cosmetica\/","name":"Agrolac\u00ae Cosm\u00e9tica - Agrolac","isPartOf":{"@id":"https:\/\/peru.agrolac.com\/pt-pt\/#website"},"primaryImageOfPage":{"@id":"https:\/\/peru.agrolac.com\/pt-pt\/producto\/agrolac-cosmetica\/#primaryimage"},"image":{"@id":"https:\/\/peru.agrolac.com\/pt-pt\/producto\/agrolac-cosmetica\/#primaryimage"},"thumbnailUrl":"https:\/\/peru.agrolac.com\/wp-content\/uploads\/2026\/01\/flores-calabacin.webp","datePublished":"2026-01-08T21:18:43+00:00","dateModified":"2026-03-02T18:21:24+00:00","description":"Agrolac\u00ae Cosm\u00e9tica \u00e9 um fertilizante foliar e de fertirriga\u00e7\u00e3o com Ca, Mg, micronutrientes, extrato de algas, \u00e1cido \u03b3-poliglut\u00e2mico e amino\u00e1cidos.","breadcrumb":{"@id":"https:\/\/peru.agrolac.com\/pt-pt\/producto\/agrolac-cosmetica\/#breadcrumb"},"inLanguage":"pt-PT","potentialAction":[{"@type":"ReadAction","target":["https:\/\/peru.agrolac.com\/pt-pt\/producto\/agrolac-cosmetica\/"]}]},{"@type":"ImageObject","inLanguage":"pt-PT","@id":"https:\/\/peru.agrolac.com\/pt-pt\/producto\/agrolac-cosmetica\/#primaryimage","url":"https:\/\/peru.agrolac.com\/wp-content\/uploads\/2026\/01\/flores-calabacin.webp","contentUrl":"https:\/\/peru.agrolac.com\/wp-content\/uploads\/2026\/01\/flores-calabacin.webp","width":1920,"height":1280},{"@type":"BreadcrumbList","@id":"https:\/\/peru.agrolac.com\/pt-pt\/producto\/agrolac-cosmetica\/#breadcrumb","itemListElement":[{"@type":"ListItem","position":1,"name":"In\u00edcio","item":"https:\/\/peru.agrolac.com\/pt-pt\/casa\/"},{"@type":"ListItem","position":2,"name":"Produtos","item":"https:\/\/peru.agrolac.com\/pt-pt\/produtos\/"},{"@type":"ListItem","position":3,"name":"Fertilizantes","item":"https:\/\/peru.agrolac.com\/pt-pt\/categoria-producto\/fertilizantes\/"},{"@type":"ListItem","position":4,"name":"Agrolac\u00ae Cosm\u00e9tica"}]},{"@type":"WebSite","@id":"https:\/\/peru.agrolac.com\/pt-pt\/#website","url":"https:\/\/peru.agrolac.com\/pt-pt\/","name":"VICORQUIMIA","description":"Agrolac &eacute;s una empresa de Barcelona, fundada el 1982, especialitzada en distribuci&oacute; de productes agroqu&iacute;mics per a l'agricultura europea.","publisher":{"@id":"https:\/\/peru.agrolac.com\/pt-pt\/#organization"},"potentialAction":[{"@type":"SearchAction","target":{"@type":"EntryPoint","urlTemplate":"https:\/\/peru.agrolac.com\/pt-pt\/?s={search_term_string}"},"query-input":{"@type":"PropertyValueSpecification","valueRequired":true,"valueName":"search_term_string"}}],"inLanguage":"pt-PT"},{"@type":"Organization","@id":"https:\/\/peru.agrolac.com\/pt-pt\/#organization","name":"VICORQUIMIA","url":"https:\/\/peru.agrolac.com\/pt-pt\/","logo":{"@type":"ImageObject","inLanguage":"pt-PT","@id":"https:\/\/peru.agrolac.com\/pt-pt\/#\/schema\/logo\/image\/","url":"https:\/\/peru.agrolac.com\/wp-content\/uploads\/2025\/10\/agrolac-logo.svg","contentUrl":"https:\/\/peru.agrolac.com\/wp-content\/uploads\/2025\/10\/agrolac-logo.svg","caption":"VICORQUIMIA"},"image":{"@id":"https:\/\/peru.agrolac.com\/pt-pt\/#\/schema\/logo\/image\/"},"sameAs":["https:\/\/www.linkedin.com\/company\/vicorquimia\/"]}]}},"_links":{"self":[{"href":"https:\/\/peru.agrolac.com\/pt-pt\/wp-json\/wp\/v2\/product\/7637","targetHints":{"allow":["GET"]}}],"collection":[{"href":"https:\/\/peru.agrolac.com\/pt-pt\/wp-json\/wp\/v2\/product"}],"about":[{"href":"https:\/\/peru.agrolac.com\/pt-pt\/wp-json\/wp\/v2\/types\/product"}],"replies":[{"embeddable":true,"href":"https:\/\/peru.agrolac.com\/pt-pt\/wp-json\/wp\/v2\/comments?post=7637"}],"wp:featuredmedia":[{"embeddable":true,"href":"https:\/\/peru.agrolac.com\/pt-pt\/wp-json\/wp\/v2\/media\/6317"}],"wp:attachment":[{"href":"https:\/\/peru.agrolac.com\/pt-pt\/wp-json\/wp\/v2\/media?parent=7637"}],"wp:term":[{"taxonomy":"certificacion","embeddable":true,"href":"https:\/\/peru.agrolac.com\/pt-pt\/wp-json\/wp\/v2\/certificacion?post=7637"},{"taxonomy":"cultivo","embeddable":true,"href":"https:\/\/peru.agrolac.com\/pt-pt\/wp-json\/wp\/v2\/cultivo?post=7637"},{"taxonomy":"product_brand","embeddable":true,"href":"https:\/\/peru.agrolac.com\/pt-pt\/wp-json\/wp\/v2\/product_brand?post=7637"},{"taxonomy":"product_cat","embeddable":true,"href":"https:\/\/peru.agrolac.com\/pt-pt\/wp-json\/wp\/v2\/product_cat?post=7637"},{"taxonomy":"product_tag","embeddable":true,"href":"https:\/\/peru.agrolac.com\/pt-pt\/wp-json\/wp\/v2\/product_tag?post=7637"}],"curies":[{"name":"wp","href":"https:\/\/api.w.org\/{rel}","templated":true}]}}