{"id":7597,"date":"2026-01-08T22:36:43","date_gmt":"2026-01-08T21:36:43","guid":{"rendered":"https:\/\/peru.agrolac.com\/producto\/provic-amino\/"},"modified":"2026-03-02T19:22:23","modified_gmt":"2026-03-02T18:22:23","slug":"provic-amino","status":"publish","type":"product","link":"https:\/\/peru.agrolac.com\/pt-pt\/producto\/provic-amino\/","title":{"rendered":"PROVIC\u00ae AMINO"},"content":{"rendered":"<p><strong>PROVIC\u00ae AMINO<\/strong> \u00e9 um <b>bio-nutriente<\/b> (fertilizante natural) \u00e0 base de <b>amino\u00e1cidos livres<\/b> que se integra no padr\u00e3o para apoiar a planta nos momentos de <b>m\u00e1xima necessidade da<\/b> cultura e em <b>situa\u00e7\u00f5es de stress abi\u00f3tico<\/b> como a seca, a salinidade, a geada, a fitotoxicidade, o granizo ou o vento. Incorpora tamb\u00e9m uma fonte de <b>\u00e1cidos h\u00famicos<\/b> e <b>f\u00falvicos<\/b>, destinados a promover o crescimento e a transloca\u00e7\u00e3o de nutrientes para as folhas, como parte do programa de fertiliza\u00e7\u00e3o. Os amino\u00e1cidos s\u00e3o provenientes do mela\u00e7o de cana-de-a\u00e7\u00facar fermentado por <b>Corynebacterium glutamicum<\/b>.<br \/>\nO seu aminograma inclui 16% de amino\u00e1cidos livres como o <b>\u00e1cido glut\u00e2mico, prolina, alanina, glicina<\/b>, entre outros, descritos no folheto pela sua rela\u00e7\u00e3o com os processos fisiol\u00f3gicos da planta (metabolismo, clorofila, balan\u00e7o h\u00eddrico, germina\u00e7\u00e3o). Pode ser utilizado para apoiar a <b>germina\u00e7\u00e3o, flora\u00e7\u00e3o, frutifica\u00e7\u00e3o e engorda<\/b>, e como refor\u00e7o ap\u00f3s epis\u00f3dios de stress, ajustando as doses e intervalos de acordo com a cultura, estado fenol\u00f3gico e condi\u00e7\u00f5es de campo.   <\/p>\n<h3>Porqu\u00ea escolher PROVIC\u00ae AMINO?<\/h3>\n<ul>\n<li><strong>Apoio fisiol\u00f3gico em caso de stress:<\/strong> ajuda a planta a manter a sua atividade em condi\u00e7\u00f5es adversas (falta de \u00e1gua e stress abi\u00f3tico).<\/li>\n<li><strong>Aminograma orientado para as fases-chave:<\/strong> \u00e1cido glut\u00e2mico (estimula as folhas jovens e a produ\u00e7\u00e3o de a\u00e7\u00facar), glicina (s\u00edntese relacionada com a clorofila e a\u00e7\u00e3o quelante; favorece os novos rebentos), alanina (estimula a s\u00edntese da clorofila) e metionina, prolina e arginina (a\u00e7\u00e3o rejuvenescedora; fornece o que a planta necessita em fun\u00e7\u00e3o do est\u00e1dio fenol\u00f3gico).<\/li>\n<li><strong>Suporte h\u00famico-f\u00falvico:<\/strong> cont\u00e9m uma fonte de <strong>\u00e1cido h\u00famico<\/strong>, que apoia o crescimento ao promover o desenvolvimento de bact\u00e9rias ben\u00e9ficas em condi\u00e7\u00f5es de stress abi\u00f3tico, e <strong>\u00e1cido f\u00falvico<\/strong>, que maximiza a transloca\u00e7\u00e3o de nutrientes para as folhas, reduzindo a quantidade de fertilizante necess\u00e1ria.<\/li>\n<li><strong>A\u00e7\u00e3o quelante:<\/strong> ajuda a complexificar os minerais do solo para uma r\u00e1pida absor\u00e7\u00e3o pela planta, reduzindo assim a quantidade de fertilizante.<\/li>\n<\/ul>\n<h3>Aplica\u00e7\u00e3o e dosagem (de acordo com o r\u00f3tulo)<\/h3>\n<ul>\n<li><strong>Pulveriza\u00e7\u00e3o normal:<\/strong> 2-3 ml\/L (0,2-0,3%).<\/li>\n<li><strong>Baixo volume:<\/strong> 2-3 L\/ha.<\/li>\n<li><strong>Fertirriga\u00e7\u00e3o (aplica\u00e7\u00e3o radicular):<\/strong> 3-4 L\/ha.<\/li>\n<li><strong>Intervalo:<\/strong> 14-21 dias, dependendo da cultura e do momento do ciclo de desenvolvimento.<\/li>\n<\/ul>\n<p><strong>Em caso de stress:<\/strong> efetuar 2-4 aplica\u00e7\u00f5es a partir do momento em que os efeitos come\u00e7am a ser vis\u00edveis na planta e\/ou nas 24-72 horas seguintes ao granizo, geada, stress t\u00e9rmico ou vento.<br \/>\n<strong>Recupera\u00e7\u00e3o de stress extremo<\/strong> (salinidade, geada, seca, inunda\u00e7\u00e3o, granizo, fitotoxicidade, etc.): aplicar 4 ml\/L (0,4%) ou 4 L\/ha e repetir o tratamento mais duas vezes com intervalos de 14 dias.<\/p>\n<h3>Tempo de aplica\u00e7\u00e3o recomendado<\/h3>\n<p>Utiliza em alturas de m\u00e1xima necessidade das culturas:  <strong>ap\u00f3s o transplante<\/strong>,  <strong>in\u00edcio da germina\u00e7\u00e3o<\/strong>,  <strong>desenvolvimento das folhas<\/strong>,  <strong>flora\u00e7\u00e3o<\/strong>, <strong>frutifica\u00e7\u00e3o<\/strong>, <strong>engorda<\/strong>, <strong>endurecimento do caro\u00e7o<\/strong> e <strong>at\u00e9 um m\u00eas antes da colheita<\/strong>.<\/p>\n<h3>Observa\u00e7\u00f5es e compatibilidades:<\/h3>\n<p>N\u00e3o tratar a temperaturas superiores a <strong>30 \u00baC<\/strong>. N\u00e3o misturar com produtos <strong>\u00e0 base de estanho<\/strong>, <strong>\u00f3leos minerais<\/strong>. <\/p>\n","protected":false},"excerpt":{"rendered":"<p>Produto \u00e0 base de amino\u00e1cidos concebido para apoia\u2026<\/p>\n","protected":false},"featured_media":6402,"comment_status":"closed","ping_status":"closed","template":"","meta":{"_acf_changed":false},"certificacion":[426,434],"cultivo":[591,738,739,593,598,594,1181,599,592,1104,1179,1474,1178,1180,1105],"product_brand":[],"product_cat":[398],"product_tag":[],"class_list":{"0":"post-7597","1":"product","2":"type-product","3":"status-publish","4":"has-post-thumbnail","6":"certificacion-biologico","7":"certificacion-residuo-zero","8":"cultivo-arvores-de-fruto","9":"cultivo-arvores-de-fruto-de-caroco","10":"cultivo-arvores-de-fruto-de-pomoideas","11":"cultivo-cereais","12":"cultivo-citrinos","13":"cultivo-culturas-industriais","14":"cultivo-forragens-e-pastagens","15":"cultivo-frutos-secos","16":"cultivo-horticultura","17":"cultivo-horticultura-de-frutas","18":"cultivo-leguminosas","19":"cultivo-plantas-ornamentais-e-viveiros","20":"cultivo-sementes-oleaginosas","21":"cultivo-tropical-subtropical","22":"cultivo-videira","23":"product_cat-fertilizantes","25":"first","26":"instock","27":"shipping-taxable","28":"product-type-simple"},"acf":[],"yoast_head":"<!-- This site is optimized with the Yoast SEO plugin v27.4 - https:\/\/yoast.com\/product\/yoast-seo-wordpress\/ -->\n<title>PROVIC\u00ae AMINO %%stress com amino\u00e1cidos livres 16% - Agrolac% Agrolac% Agrolac% Agrolac Agrolac Agrolac%<\/title>\n<meta name=\"description\" content=\"Bioestimulante com amino\u00e1cidos livres 16% (SL) para aplica\u00e7\u00e3o foliar e fertirriga\u00e7\u00e3o. Ajuda na seca, salinidade, geada e fitotoxicidade.\" \/>\n<meta name=\"robots\" content=\"index, follow, max-snippet:-1, max-image-preview:large, max-video-preview:-1\" \/>\n<link rel=\"canonical\" href=\"https:\/\/peru.agrolac.com\/pt-pt\/producto\/provic-amino\/\" \/>\n<meta property=\"og:locale\" content=\"pt_PT\" \/>\n<meta property=\"og:type\" content=\"article\" \/>\n<meta property=\"og:title\" content=\"PROVIC\u00ae AMINO %%stress com amino\u00e1cidos livres 16% - Agrolac% Agrolac% Agrolac% Agrolac Agrolac Agrolac%\" \/>\n<meta property=\"og:description\" content=\"Bioestimulante com amino\u00e1cidos livres 16% (SL) para aplica\u00e7\u00e3o foliar e fertirriga\u00e7\u00e3o. Ajuda na seca, salinidade, geada e fitotoxicidade.\" \/>\n<meta property=\"og:url\" content=\"https:\/\/peru.agrolac.com\/pt-pt\/producto\/provic-amino\/\" \/>\n<meta property=\"og:site_name\" content=\"Agrolac\" \/>\n<meta property=\"article:modified_time\" content=\"2026-03-02T18:22:23+00:00\" \/>\n<meta property=\"og:image\" content=\"https:\/\/peru.agrolac.com\/wp-content\/uploads\/2026\/01\/tomatera-invernadero.webp\" \/>\n\t<meta property=\"og:image:width\" content=\"1920\" \/>\n\t<meta property=\"og:image:height\" content=\"1062\" \/>\n\t<meta property=\"og:image:type\" content=\"image\/webp\" \/>\n<meta name=\"twitter:card\" content=\"summary_large_image\" \/>\n<meta name=\"twitter:label1\" content=\"Tempo estimado de leitura\" \/>\n\t<meta name=\"twitter:data1\" content=\"3 minutos\" \/>\n<script type=\"application\/ld+json\" class=\"yoast-schema-graph\">{\"@context\":\"https:\\\/\\\/schema.org\",\"@graph\":[{\"@type\":\"WebPage\",\"@id\":\"https:\\\/\\\/peru.agrolac.com\\\/pt-pt\\\/producto\\\/provic-amino\\\/\",\"url\":\"https:\\\/\\\/peru.agrolac.com\\\/pt-pt\\\/producto\\\/provic-amino\\\/\",\"name\":\"PROVIC\u00ae AMINO %%stress com amino\u00e1cidos livres 16% - Agrolac% Agrolac% Agrolac% Agrolac Agrolac Agrolac%\",\"isPartOf\":{\"@id\":\"https:\\\/\\\/peru.agrolac.com\\\/pt-pt\\\/#website\"},\"primaryImageOfPage\":{\"@id\":\"https:\\\/\\\/peru.agrolac.com\\\/pt-pt\\\/producto\\\/provic-amino\\\/#primaryimage\"},\"image\":{\"@id\":\"https:\\\/\\\/peru.agrolac.com\\\/pt-pt\\\/producto\\\/provic-amino\\\/#primaryimage\"},\"thumbnailUrl\":\"https:\\\/\\\/peru.agrolac.com\\\/wp-content\\\/uploads\\\/2026\\\/01\\\/tomatera-invernadero.webp\",\"datePublished\":\"2026-01-08T21:36:43+00:00\",\"dateModified\":\"2026-03-02T18:22:23+00:00\",\"description\":\"Bioestimulante com amino\u00e1cidos livres 16% (SL) para aplica\u00e7\u00e3o foliar e fertirriga\u00e7\u00e3o. Ajuda na seca, salinidade, geada e fitotoxicidade.\",\"breadcrumb\":{\"@id\":\"https:\\\/\\\/peru.agrolac.com\\\/pt-pt\\\/producto\\\/provic-amino\\\/#breadcrumb\"},\"inLanguage\":\"pt-PT\",\"potentialAction\":[{\"@type\":\"ReadAction\",\"target\":[\"https:\\\/\\\/peru.agrolac.com\\\/pt-pt\\\/producto\\\/provic-amino\\\/\"]}]},{\"@type\":\"ImageObject\",\"inLanguage\":\"pt-PT\",\"@id\":\"https:\\\/\\\/peru.agrolac.com\\\/pt-pt\\\/producto\\\/provic-amino\\\/#primaryimage\",\"url\":\"https:\\\/\\\/peru.agrolac.com\\\/wp-content\\\/uploads\\\/2026\\\/01\\\/tomatera-invernadero.webp\",\"contentUrl\":\"https:\\\/\\\/peru.agrolac.com\\\/wp-content\\\/uploads\\\/2026\\\/01\\\/tomatera-invernadero.webp\",\"width\":1920,\"height\":1062},{\"@type\":\"BreadcrumbList\",\"@id\":\"https:\\\/\\\/peru.agrolac.com\\\/pt-pt\\\/producto\\\/provic-amino\\\/#breadcrumb\",\"itemListElement\":[{\"@type\":\"ListItem\",\"position\":1,\"name\":\"In\u00edcio\",\"item\":\"https:\\\/\\\/peru.agrolac.com\\\/pt-pt\\\/casa\\\/\"},{\"@type\":\"ListItem\",\"position\":2,\"name\":\"Produtos\",\"item\":\"https:\\\/\\\/peru.agrolac.com\\\/pt-pt\\\/produtos\\\/\"},{\"@type\":\"ListItem\",\"position\":3,\"name\":\"Fertilizantes\",\"item\":\"https:\\\/\\\/peru.agrolac.com\\\/pt-pt\\\/categoria-producto\\\/fertilizantes\\\/\"},{\"@type\":\"ListItem\",\"position\":4,\"name\":\"PROVIC\u00ae AMINO\"}]},{\"@type\":\"WebSite\",\"@id\":\"https:\\\/\\\/peru.agrolac.com\\\/pt-pt\\\/#website\",\"url\":\"https:\\\/\\\/peru.agrolac.com\\\/pt-pt\\\/\",\"name\":\"VICORQUIMIA\",\"description\":\"Agrolac &eacute;s una empresa de Barcelona, fundada el 1982, especialitzada en distribuci&oacute; de productes agroqu&iacute;mics per a l'agricultura europea.\",\"publisher\":{\"@id\":\"https:\\\/\\\/peru.agrolac.com\\\/pt-pt\\\/#organization\"},\"potentialAction\":[{\"@type\":\"SearchAction\",\"target\":{\"@type\":\"EntryPoint\",\"urlTemplate\":\"https:\\\/\\\/peru.agrolac.com\\\/pt-pt\\\/?s={search_term_string}\"},\"query-input\":{\"@type\":\"PropertyValueSpecification\",\"valueRequired\":true,\"valueName\":\"search_term_string\"}}],\"inLanguage\":\"pt-PT\"},{\"@type\":\"Organization\",\"@id\":\"https:\\\/\\\/peru.agrolac.com\\\/pt-pt\\\/#organization\",\"name\":\"VICORQUIMIA\",\"url\":\"https:\\\/\\\/peru.agrolac.com\\\/pt-pt\\\/\",\"logo\":{\"@type\":\"ImageObject\",\"inLanguage\":\"pt-PT\",\"@id\":\"https:\\\/\\\/peru.agrolac.com\\\/pt-pt\\\/#\\\/schema\\\/logo\\\/image\\\/\",\"url\":\"https:\\\/\\\/peru.agrolac.com\\\/wp-content\\\/uploads\\\/2025\\\/10\\\/agrolac-logo.svg\",\"contentUrl\":\"https:\\\/\\\/peru.agrolac.com\\\/wp-content\\\/uploads\\\/2025\\\/10\\\/agrolac-logo.svg\",\"caption\":\"VICORQUIMIA\"},\"image\":{\"@id\":\"https:\\\/\\\/peru.agrolac.com\\\/pt-pt\\\/#\\\/schema\\\/logo\\\/image\\\/\"},\"sameAs\":[\"https:\\\/\\\/www.linkedin.com\\\/company\\\/vicorquimia\\\/\"]}]}<\/script>\n<!-- \/ Yoast SEO plugin. -->","yoast_head_json":{"title":"PROVIC\u00ae AMINO %%stress com amino\u00e1cidos livres 16% - Agrolac% Agrolac% Agrolac% Agrolac Agrolac Agrolac%","description":"Bioestimulante com amino\u00e1cidos livres 16% (SL) para aplica\u00e7\u00e3o foliar e fertirriga\u00e7\u00e3o. Ajuda na seca, salinidade, geada e fitotoxicidade.","robots":{"index":"index","follow":"follow","max-snippet":"max-snippet:-1","max-image-preview":"max-image-preview:large","max-video-preview":"max-video-preview:-1"},"canonical":"https:\/\/peru.agrolac.com\/pt-pt\/producto\/provic-amino\/","og_locale":"pt_PT","og_type":"article","og_title":"PROVIC\u00ae AMINO %%stress com amino\u00e1cidos livres 16% - Agrolac% Agrolac% Agrolac% Agrolac Agrolac Agrolac%","og_description":"Bioestimulante com amino\u00e1cidos livres 16% (SL) para aplica\u00e7\u00e3o foliar e fertirriga\u00e7\u00e3o. Ajuda na seca, salinidade, geada e fitotoxicidade.","og_url":"https:\/\/peru.agrolac.com\/pt-pt\/producto\/provic-amino\/","og_site_name":"Agrolac","article_modified_time":"2026-03-02T18:22:23+00:00","og_image":[{"width":1920,"height":1062,"url":"https:\/\/peru.agrolac.com\/wp-content\/uploads\/2026\/01\/tomatera-invernadero.webp","type":"image\/webp"}],"twitter_card":"summary_large_image","twitter_misc":{"Tempo estimado de leitura":"3 minutos"},"schema":{"@context":"https:\/\/schema.org","@graph":[{"@type":"WebPage","@id":"https:\/\/peru.agrolac.com\/pt-pt\/producto\/provic-amino\/","url":"https:\/\/peru.agrolac.com\/pt-pt\/producto\/provic-amino\/","name":"PROVIC\u00ae AMINO %%stress com amino\u00e1cidos livres 16% - Agrolac% Agrolac% Agrolac% Agrolac Agrolac Agrolac%","isPartOf":{"@id":"https:\/\/peru.agrolac.com\/pt-pt\/#website"},"primaryImageOfPage":{"@id":"https:\/\/peru.agrolac.com\/pt-pt\/producto\/provic-amino\/#primaryimage"},"image":{"@id":"https:\/\/peru.agrolac.com\/pt-pt\/producto\/provic-amino\/#primaryimage"},"thumbnailUrl":"https:\/\/peru.agrolac.com\/wp-content\/uploads\/2026\/01\/tomatera-invernadero.webp","datePublished":"2026-01-08T21:36:43+00:00","dateModified":"2026-03-02T18:22:23+00:00","description":"Bioestimulante com amino\u00e1cidos livres 16% (SL) para aplica\u00e7\u00e3o foliar e fertirriga\u00e7\u00e3o. Ajuda na seca, salinidade, geada e fitotoxicidade.","breadcrumb":{"@id":"https:\/\/peru.agrolac.com\/pt-pt\/producto\/provic-amino\/#breadcrumb"},"inLanguage":"pt-PT","potentialAction":[{"@type":"ReadAction","target":["https:\/\/peru.agrolac.com\/pt-pt\/producto\/provic-amino\/"]}]},{"@type":"ImageObject","inLanguage":"pt-PT","@id":"https:\/\/peru.agrolac.com\/pt-pt\/producto\/provic-amino\/#primaryimage","url":"https:\/\/peru.agrolac.com\/wp-content\/uploads\/2026\/01\/tomatera-invernadero.webp","contentUrl":"https:\/\/peru.agrolac.com\/wp-content\/uploads\/2026\/01\/tomatera-invernadero.webp","width":1920,"height":1062},{"@type":"BreadcrumbList","@id":"https:\/\/peru.agrolac.com\/pt-pt\/producto\/provic-amino\/#breadcrumb","itemListElement":[{"@type":"ListItem","position":1,"name":"In\u00edcio","item":"https:\/\/peru.agrolac.com\/pt-pt\/casa\/"},{"@type":"ListItem","position":2,"name":"Produtos","item":"https:\/\/peru.agrolac.com\/pt-pt\/produtos\/"},{"@type":"ListItem","position":3,"name":"Fertilizantes","item":"https:\/\/peru.agrolac.com\/pt-pt\/categoria-producto\/fertilizantes\/"},{"@type":"ListItem","position":4,"name":"PROVIC\u00ae AMINO"}]},{"@type":"WebSite","@id":"https:\/\/peru.agrolac.com\/pt-pt\/#website","url":"https:\/\/peru.agrolac.com\/pt-pt\/","name":"VICORQUIMIA","description":"Agrolac &eacute;s una empresa de Barcelona, fundada el 1982, especialitzada en distribuci&oacute; de productes agroqu&iacute;mics per a l'agricultura europea.","publisher":{"@id":"https:\/\/peru.agrolac.com\/pt-pt\/#organization"},"potentialAction":[{"@type":"SearchAction","target":{"@type":"EntryPoint","urlTemplate":"https:\/\/peru.agrolac.com\/pt-pt\/?s={search_term_string}"},"query-input":{"@type":"PropertyValueSpecification","valueRequired":true,"valueName":"search_term_string"}}],"inLanguage":"pt-PT"},{"@type":"Organization","@id":"https:\/\/peru.agrolac.com\/pt-pt\/#organization","name":"VICORQUIMIA","url":"https:\/\/peru.agrolac.com\/pt-pt\/","logo":{"@type":"ImageObject","inLanguage":"pt-PT","@id":"https:\/\/peru.agrolac.com\/pt-pt\/#\/schema\/logo\/image\/","url":"https:\/\/peru.agrolac.com\/wp-content\/uploads\/2025\/10\/agrolac-logo.svg","contentUrl":"https:\/\/peru.agrolac.com\/wp-content\/uploads\/2025\/10\/agrolac-logo.svg","caption":"VICORQUIMIA"},"image":{"@id":"https:\/\/peru.agrolac.com\/pt-pt\/#\/schema\/logo\/image\/"},"sameAs":["https:\/\/www.linkedin.com\/company\/vicorquimia\/"]}]}},"_links":{"self":[{"href":"https:\/\/peru.agrolac.com\/pt-pt\/wp-json\/wp\/v2\/product\/7597","targetHints":{"allow":["GET"]}}],"collection":[{"href":"https:\/\/peru.agrolac.com\/pt-pt\/wp-json\/wp\/v2\/product"}],"about":[{"href":"https:\/\/peru.agrolac.com\/pt-pt\/wp-json\/wp\/v2\/types\/product"}],"replies":[{"embeddable":true,"href":"https:\/\/peru.agrolac.com\/pt-pt\/wp-json\/wp\/v2\/comments?post=7597"}],"wp:featuredmedia":[{"embeddable":true,"href":"https:\/\/peru.agrolac.com\/pt-pt\/wp-json\/wp\/v2\/media\/6402"}],"wp:attachment":[{"href":"https:\/\/peru.agrolac.com\/pt-pt\/wp-json\/wp\/v2\/media?parent=7597"}],"wp:term":[{"taxonomy":"certificacion","embeddable":true,"href":"https:\/\/peru.agrolac.com\/pt-pt\/wp-json\/wp\/v2\/certificacion?post=7597"},{"taxonomy":"cultivo","embeddable":true,"href":"https:\/\/peru.agrolac.com\/pt-pt\/wp-json\/wp\/v2\/cultivo?post=7597"},{"taxonomy":"product_brand","embeddable":true,"href":"https:\/\/peru.agrolac.com\/pt-pt\/wp-json\/wp\/v2\/product_brand?post=7597"},{"taxonomy":"product_cat","embeddable":true,"href":"https:\/\/peru.agrolac.com\/pt-pt\/wp-json\/wp\/v2\/product_cat?post=7597"},{"taxonomy":"product_tag","embeddable":true,"href":"https:\/\/peru.agrolac.com\/pt-pt\/wp-json\/wp\/v2\/product_tag?post=7597"}],"curies":[{"name":"wp","href":"https:\/\/api.w.org\/{rel}","templated":true}]}}