{"id":7596,"date":"2026-01-08T22:33:05","date_gmt":"2026-01-08T21:33:05","guid":{"rendered":"https:\/\/peru.agrolac.com\/producto\/triquer\/"},"modified":"2026-03-02T19:22:39","modified_gmt":"2026-03-02T18:22:39","slug":"triquer","status":"publish","type":"product","link":"https:\/\/peru.agrolac.com\/pt-pt\/producto\/triquer\/","title":{"rendered":"Triquer\u00ae"},"content":{"rendered":"<h2>Triquer\u00ae<\/h2>\n<p class=\"p1\"><strong>TRIQUER\u00ae<\/strong>\u00e9 um <span class=\"s1\"><b>biofertilizante<\/b><\/span> baseado na estirpe registada de <span class=\"s1\"><b>Trichoderma atroviride estirpe AGLM4<\/b><\/span>formulado como <span class=\"s1\"><b>gr\u00e2nulos dispers\u00edveis (WG)<\/b><\/span>. <i>Os Trichoderma<\/i> est\u00e3o associados \u00e0 rizosfera e podem contribuir para o <span class=\"s1\"><b>desenvolvimento da raiz<\/b><\/span> e <span class=\"s1\"><b>utiliza\u00e7\u00e3o de nutrientes<\/b><\/span> no \u00e2mbito do programa de gest\u00e3o, apoiando um crescimento mais equilibrado da cultura. Pode ser integrado na estrat\u00e9gia t\u00e9cnica, ajustando as doses, o momento e o n\u00famero de aplica\u00e7\u00f5es de acordo com as condi\u00e7\u00f5es agron\u00f3micas e da cultura. Tamb\u00e9m pode ser utilizado como apoio em situa\u00e7\u00f5es de <span class=\"s1\"><b>stress ambiental<\/b><\/span>como parte da gest\u00e3o das culturas.   <\/p>\n<p class=\"p1\"><strong>TRIQUER\u00ae<\/strong>est\u00e1 orientado para trabalhar no solo\/rizosfera, onde <i>Trichoderma<\/i> pode promover um ambiente radicular mais eficiente e contribuir para uma melhor absor\u00e7\u00e3o de nutrientes (por exemplo <span class=\"s1\"><b>f\u00f3sforo<\/b><\/span>) no \u00e2mbito do plano de fertiliza\u00e7\u00e3o. \u00c9 especialmente adequado nas fases de arranque e nos momentos em que o suporte e o vigor das ra\u00edzes s\u00e3o de interesse, ajustando o programa \u00e0 cultura, ao sistema de irriga\u00e7\u00e3o e \u00e0 press\u00e3o do stress ambiental. <\/p>\n<h3><span style=\"font-family: -apple-system, BlinkMacSystemFont, 'Segoe UI', Roboto, 'Helvetica Neue', Arial, 'Noto Sans', sans-serif, 'Apple Color Emoji', 'Segoe UI Emoji', 'Segoe UI Symbol', 'Noto Color Emoji';\">Benef\u00edcios agron\u00f3micos<\/span><\/h3>\n<ul>\n<li><strong>Melhora o desenvolvimento das ra\u00edzes<\/strong>.<\/li>\n<li><strong>Apoio \u00e0 resist\u00eancia das plantas<\/strong>.<\/li>\n<li>Utiliza <strong>melhor os nutrientes<\/strong>.<\/li>\n<li><strong>Contribui para um crescimento mais equilibrado<\/strong> da cultura.<\/li>\n<li><strong>Apoia a toler\u00e2ncia<\/strong> ao stress ambiental.<\/li>\n<\/ul>\n<h3><\/h3>\n<h3>Aplica\u00e7\u00e3o<\/h3>\n<p><strong>TRIQUER\u00ae<\/strong>\u00e9 utilizado adaptando a dose e o momento da aplica\u00e7\u00e3o \u00e0s necessidades da cultura e \u00e0s condi\u00e7\u00f5es agron\u00f3micas. Nas informa\u00e7\u00f5es de aplica\u00e7\u00e3o por cultura, as doses e o n\u00famero de aplica\u00e7\u00f5es s\u00e3o indicados de acordo com a cultura. <\/p>\n<h4 style=\"padding-left: 40px;\">Tempo de aplica\u00e7\u00e3o recomendado<\/h4>\n<p style=\"padding-left: 40px;\">De acordo com as informa\u00e7\u00f5es de aplica\u00e7\u00e3o por cultura, s\u00e3o efectuadas <strong>3-4 aplica\u00e7\u00f5es por ciclo<\/strong>, desde o <strong>aparecimento dos bot\u00f5es florais<\/strong> at\u00e9 \u00e0 <strong>abertura das \u00faltimas flores<\/strong>.<\/p>\n<h3>Observa\u00e7\u00f5es<\/h3>\n<p><span style=\"font-family: -apple-system, BlinkMacSystemFont, 'Segoe UI', Roboto, 'Helvetica Neue', Arial, 'Noto Sans', sans-serif, 'Apple Color Emoji', 'Segoe UI Emoji', 'Segoe UI Symbol', 'Noto Color Emoji';\">N\u00e3o tratar a temperaturas superiores a 30 \u00baC. N\u00e3o misturar com produtos \u00e0 base de estanho ou \u00f3leos minerais. <\/span><\/p>\n","protected":false},"excerpt":{"rendered":"<p>Produto concebido para apoiar o crescimento vegeta\u2026<\/p>\n","protected":false},"featured_media":5637,"comment_status":"closed","ping_status":"closed","template":"","meta":{"_acf_changed":false},"certificacion":[426,434],"cultivo":[591,738,739,593,598,594,599,592],"product_brand":[],"product_cat":[398],"product_tag":[],"class_list":{"0":"post-7596","1":"product","2":"type-product","3":"status-publish","4":"has-post-thumbnail","6":"certificacion-biologico","7":"certificacion-residuo-zero","8":"cultivo-arvores-de-fruto","9":"cultivo-arvores-de-fruto-de-caroco","10":"cultivo-arvores-de-fruto-de-pomoideas","11":"cultivo-cereais","12":"cultivo-citrinos","13":"cultivo-culturas-industriais","14":"cultivo-frutos-secos","15":"cultivo-horticultura","16":"product_cat-fertilizantes","18":"first","19":"instock","20":"shipping-taxable","21":"product-type-simple"},"acf":[],"yoast_head":"<!-- This site is optimized with the Yoast SEO plugin v27.4 - https:\/\/yoast.com\/product\/yoast-seo-wordpress\/ -->\n<title>Triquer\u00ae - Agrolac<\/title>\n<meta name=\"description\" content=\"Triquer\u00ae% \u00e9 um biofertilizante WG com Trichoderma atroviride AGLM4 para apoiar o desenvolvimento das ra\u00edzes, a absor\u00e7\u00e3o de nutrientes e o vigor das culturas.\" \/>\n<meta name=\"robots\" content=\"index, follow, max-snippet:-1, max-image-preview:large, max-video-preview:-1\" \/>\n<link rel=\"canonical\" href=\"https:\/\/peru.agrolac.com\/pt-pt\/producto\/triquer\/\" \/>\n<meta property=\"og:locale\" content=\"pt_PT\" \/>\n<meta property=\"og:type\" content=\"article\" \/>\n<meta property=\"og:title\" content=\"Triquer\u00ae - Agrolac\" \/>\n<meta property=\"og:description\" content=\"Triquer\u00ae% \u00e9 um biofertilizante WG com Trichoderma atroviride AGLM4 para apoiar o desenvolvimento das ra\u00edzes, a absor\u00e7\u00e3o de nutrientes e o vigor das culturas.\" \/>\n<meta property=\"og:url\" content=\"https:\/\/peru.agrolac.com\/pt-pt\/producto\/triquer\/\" \/>\n<meta property=\"og:site_name\" content=\"Agrolac\" \/>\n<meta property=\"article:modified_time\" content=\"2026-03-02T18:22:39+00:00\" \/>\n<meta property=\"og:image\" content=\"https:\/\/peru.agrolac.com\/wp-content\/uploads\/2025\/10\/Agrolarix-tratamiento-campo.webp\" \/>\n\t<meta property=\"og:image:width\" content=\"1500\" \/>\n\t<meta property=\"og:image:height\" content=\"1123\" \/>\n\t<meta property=\"og:image:type\" content=\"image\/webp\" \/>\n<meta name=\"twitter:card\" content=\"summary_large_image\" \/>\n<meta name=\"twitter:label1\" content=\"Tempo estimado de leitura\" \/>\n\t<meta name=\"twitter:data1\" content=\"2 minutos\" \/>\n<script type=\"application\/ld+json\" class=\"yoast-schema-graph\">{\"@context\":\"https:\\\/\\\/schema.org\",\"@graph\":[{\"@type\":\"WebPage\",\"@id\":\"https:\\\/\\\/peru.agrolac.com\\\/pt-pt\\\/producto\\\/triquer\\\/\",\"url\":\"https:\\\/\\\/peru.agrolac.com\\\/pt-pt\\\/producto\\\/triquer\\\/\",\"name\":\"Triquer\u00ae - Agrolac\",\"isPartOf\":{\"@id\":\"https:\\\/\\\/peru.agrolac.com\\\/pt-pt\\\/#website\"},\"primaryImageOfPage\":{\"@id\":\"https:\\\/\\\/peru.agrolac.com\\\/pt-pt\\\/producto\\\/triquer\\\/#primaryimage\"},\"image\":{\"@id\":\"https:\\\/\\\/peru.agrolac.com\\\/pt-pt\\\/producto\\\/triquer\\\/#primaryimage\"},\"thumbnailUrl\":\"https:\\\/\\\/peru.agrolac.com\\\/wp-content\\\/uploads\\\/2025\\\/10\\\/Agrolarix-tratamiento-campo.webp\",\"datePublished\":\"2026-01-08T21:33:05+00:00\",\"dateModified\":\"2026-03-02T18:22:39+00:00\",\"description\":\"Triquer\u00ae% \u00e9 um biofertilizante WG com Trichoderma atroviride AGLM4 para apoiar o desenvolvimento das ra\u00edzes, a absor\u00e7\u00e3o de nutrientes e o vigor das culturas.\",\"breadcrumb\":{\"@id\":\"https:\\\/\\\/peru.agrolac.com\\\/pt-pt\\\/producto\\\/triquer\\\/#breadcrumb\"},\"inLanguage\":\"pt-PT\",\"potentialAction\":[{\"@type\":\"ReadAction\",\"target\":[\"https:\\\/\\\/peru.agrolac.com\\\/pt-pt\\\/producto\\\/triquer\\\/\"]}]},{\"@type\":\"ImageObject\",\"inLanguage\":\"pt-PT\",\"@id\":\"https:\\\/\\\/peru.agrolac.com\\\/pt-pt\\\/producto\\\/triquer\\\/#primaryimage\",\"url\":\"https:\\\/\\\/peru.agrolac.com\\\/wp-content\\\/uploads\\\/2025\\\/10\\\/Agrolarix-tratamiento-campo.webp\",\"contentUrl\":\"https:\\\/\\\/peru.agrolac.com\\\/wp-content\\\/uploads\\\/2025\\\/10\\\/Agrolarix-tratamiento-campo.webp\",\"width\":1500,\"height\":1123},{\"@type\":\"BreadcrumbList\",\"@id\":\"https:\\\/\\\/peru.agrolac.com\\\/pt-pt\\\/producto\\\/triquer\\\/#breadcrumb\",\"itemListElement\":[{\"@type\":\"ListItem\",\"position\":1,\"name\":\"In\u00edcio\",\"item\":\"https:\\\/\\\/peru.agrolac.com\\\/pt-pt\\\/casa\\\/\"},{\"@type\":\"ListItem\",\"position\":2,\"name\":\"Produtos\",\"item\":\"https:\\\/\\\/peru.agrolac.com\\\/pt-pt\\\/produtos\\\/\"},{\"@type\":\"ListItem\",\"position\":3,\"name\":\"Fertilizantes\",\"item\":\"https:\\\/\\\/peru.agrolac.com\\\/pt-pt\\\/categoria-producto\\\/fertilizantes\\\/\"},{\"@type\":\"ListItem\",\"position\":4,\"name\":\"Triquer\u00ae\"}]},{\"@type\":\"WebSite\",\"@id\":\"https:\\\/\\\/peru.agrolac.com\\\/pt-pt\\\/#website\",\"url\":\"https:\\\/\\\/peru.agrolac.com\\\/pt-pt\\\/\",\"name\":\"VICORQUIMIA\",\"description\":\"Agrolac &eacute;s una empresa de Barcelona, fundada el 1982, especialitzada en distribuci&oacute; de productes agroqu&iacute;mics per a l'agricultura europea.\",\"publisher\":{\"@id\":\"https:\\\/\\\/peru.agrolac.com\\\/pt-pt\\\/#organization\"},\"potentialAction\":[{\"@type\":\"SearchAction\",\"target\":{\"@type\":\"EntryPoint\",\"urlTemplate\":\"https:\\\/\\\/peru.agrolac.com\\\/pt-pt\\\/?s={search_term_string}\"},\"query-input\":{\"@type\":\"PropertyValueSpecification\",\"valueRequired\":true,\"valueName\":\"search_term_string\"}}],\"inLanguage\":\"pt-PT\"},{\"@type\":\"Organization\",\"@id\":\"https:\\\/\\\/peru.agrolac.com\\\/pt-pt\\\/#organization\",\"name\":\"VICORQUIMIA\",\"url\":\"https:\\\/\\\/peru.agrolac.com\\\/pt-pt\\\/\",\"logo\":{\"@type\":\"ImageObject\",\"inLanguage\":\"pt-PT\",\"@id\":\"https:\\\/\\\/peru.agrolac.com\\\/pt-pt\\\/#\\\/schema\\\/logo\\\/image\\\/\",\"url\":\"https:\\\/\\\/peru.agrolac.com\\\/wp-content\\\/uploads\\\/2025\\\/10\\\/agrolac-logo.svg\",\"contentUrl\":\"https:\\\/\\\/peru.agrolac.com\\\/wp-content\\\/uploads\\\/2025\\\/10\\\/agrolac-logo.svg\",\"caption\":\"VICORQUIMIA\"},\"image\":{\"@id\":\"https:\\\/\\\/peru.agrolac.com\\\/pt-pt\\\/#\\\/schema\\\/logo\\\/image\\\/\"},\"sameAs\":[\"https:\\\/\\\/www.linkedin.com\\\/company\\\/vicorquimia\\\/\"]}]}<\/script>\n<!-- \/ Yoast SEO plugin. -->","yoast_head_json":{"title":"Triquer\u00ae - Agrolac","description":"Triquer\u00ae% \u00e9 um biofertilizante WG com Trichoderma atroviride AGLM4 para apoiar o desenvolvimento das ra\u00edzes, a absor\u00e7\u00e3o de nutrientes e o vigor das culturas.","robots":{"index":"index","follow":"follow","max-snippet":"max-snippet:-1","max-image-preview":"max-image-preview:large","max-video-preview":"max-video-preview:-1"},"canonical":"https:\/\/peru.agrolac.com\/pt-pt\/producto\/triquer\/","og_locale":"pt_PT","og_type":"article","og_title":"Triquer\u00ae - Agrolac","og_description":"Triquer\u00ae% \u00e9 um biofertilizante WG com Trichoderma atroviride AGLM4 para apoiar o desenvolvimento das ra\u00edzes, a absor\u00e7\u00e3o de nutrientes e o vigor das culturas.","og_url":"https:\/\/peru.agrolac.com\/pt-pt\/producto\/triquer\/","og_site_name":"Agrolac","article_modified_time":"2026-03-02T18:22:39+00:00","og_image":[{"width":1500,"height":1123,"url":"https:\/\/peru.agrolac.com\/wp-content\/uploads\/2025\/10\/Agrolarix-tratamiento-campo.webp","type":"image\/webp"}],"twitter_card":"summary_large_image","twitter_misc":{"Tempo estimado de leitura":"2 minutos"},"schema":{"@context":"https:\/\/schema.org","@graph":[{"@type":"WebPage","@id":"https:\/\/peru.agrolac.com\/pt-pt\/producto\/triquer\/","url":"https:\/\/peru.agrolac.com\/pt-pt\/producto\/triquer\/","name":"Triquer\u00ae - Agrolac","isPartOf":{"@id":"https:\/\/peru.agrolac.com\/pt-pt\/#website"},"primaryImageOfPage":{"@id":"https:\/\/peru.agrolac.com\/pt-pt\/producto\/triquer\/#primaryimage"},"image":{"@id":"https:\/\/peru.agrolac.com\/pt-pt\/producto\/triquer\/#primaryimage"},"thumbnailUrl":"https:\/\/peru.agrolac.com\/wp-content\/uploads\/2025\/10\/Agrolarix-tratamiento-campo.webp","datePublished":"2026-01-08T21:33:05+00:00","dateModified":"2026-03-02T18:22:39+00:00","description":"Triquer\u00ae% \u00e9 um biofertilizante WG com Trichoderma atroviride AGLM4 para apoiar o desenvolvimento das ra\u00edzes, a absor\u00e7\u00e3o de nutrientes e o vigor das culturas.","breadcrumb":{"@id":"https:\/\/peru.agrolac.com\/pt-pt\/producto\/triquer\/#breadcrumb"},"inLanguage":"pt-PT","potentialAction":[{"@type":"ReadAction","target":["https:\/\/peru.agrolac.com\/pt-pt\/producto\/triquer\/"]}]},{"@type":"ImageObject","inLanguage":"pt-PT","@id":"https:\/\/peru.agrolac.com\/pt-pt\/producto\/triquer\/#primaryimage","url":"https:\/\/peru.agrolac.com\/wp-content\/uploads\/2025\/10\/Agrolarix-tratamiento-campo.webp","contentUrl":"https:\/\/peru.agrolac.com\/wp-content\/uploads\/2025\/10\/Agrolarix-tratamiento-campo.webp","width":1500,"height":1123},{"@type":"BreadcrumbList","@id":"https:\/\/peru.agrolac.com\/pt-pt\/producto\/triquer\/#breadcrumb","itemListElement":[{"@type":"ListItem","position":1,"name":"In\u00edcio","item":"https:\/\/peru.agrolac.com\/pt-pt\/casa\/"},{"@type":"ListItem","position":2,"name":"Produtos","item":"https:\/\/peru.agrolac.com\/pt-pt\/produtos\/"},{"@type":"ListItem","position":3,"name":"Fertilizantes","item":"https:\/\/peru.agrolac.com\/pt-pt\/categoria-producto\/fertilizantes\/"},{"@type":"ListItem","position":4,"name":"Triquer\u00ae"}]},{"@type":"WebSite","@id":"https:\/\/peru.agrolac.com\/pt-pt\/#website","url":"https:\/\/peru.agrolac.com\/pt-pt\/","name":"VICORQUIMIA","description":"Agrolac &eacute;s una empresa de Barcelona, fundada el 1982, especialitzada en distribuci&oacute; de productes agroqu&iacute;mics per a l'agricultura europea.","publisher":{"@id":"https:\/\/peru.agrolac.com\/pt-pt\/#organization"},"potentialAction":[{"@type":"SearchAction","target":{"@type":"EntryPoint","urlTemplate":"https:\/\/peru.agrolac.com\/pt-pt\/?s={search_term_string}"},"query-input":{"@type":"PropertyValueSpecification","valueRequired":true,"valueName":"search_term_string"}}],"inLanguage":"pt-PT"},{"@type":"Organization","@id":"https:\/\/peru.agrolac.com\/pt-pt\/#organization","name":"VICORQUIMIA","url":"https:\/\/peru.agrolac.com\/pt-pt\/","logo":{"@type":"ImageObject","inLanguage":"pt-PT","@id":"https:\/\/peru.agrolac.com\/pt-pt\/#\/schema\/logo\/image\/","url":"https:\/\/peru.agrolac.com\/wp-content\/uploads\/2025\/10\/agrolac-logo.svg","contentUrl":"https:\/\/peru.agrolac.com\/wp-content\/uploads\/2025\/10\/agrolac-logo.svg","caption":"VICORQUIMIA"},"image":{"@id":"https:\/\/peru.agrolac.com\/pt-pt\/#\/schema\/logo\/image\/"},"sameAs":["https:\/\/www.linkedin.com\/company\/vicorquimia\/"]}]}},"_links":{"self":[{"href":"https:\/\/peru.agrolac.com\/pt-pt\/wp-json\/wp\/v2\/product\/7596","targetHints":{"allow":["GET"]}}],"collection":[{"href":"https:\/\/peru.agrolac.com\/pt-pt\/wp-json\/wp\/v2\/product"}],"about":[{"href":"https:\/\/peru.agrolac.com\/pt-pt\/wp-json\/wp\/v2\/types\/product"}],"replies":[{"embeddable":true,"href":"https:\/\/peru.agrolac.com\/pt-pt\/wp-json\/wp\/v2\/comments?post=7596"}],"wp:featuredmedia":[{"embeddable":true,"href":"https:\/\/peru.agrolac.com\/pt-pt\/wp-json\/wp\/v2\/media\/5637"}],"wp:attachment":[{"href":"https:\/\/peru.agrolac.com\/pt-pt\/wp-json\/wp\/v2\/media?parent=7596"}],"wp:term":[{"taxonomy":"certificacion","embeddable":true,"href":"https:\/\/peru.agrolac.com\/pt-pt\/wp-json\/wp\/v2\/certificacion?post=7596"},{"taxonomy":"cultivo","embeddable":true,"href":"https:\/\/peru.agrolac.com\/pt-pt\/wp-json\/wp\/v2\/cultivo?post=7596"},{"taxonomy":"product_brand","embeddable":true,"href":"https:\/\/peru.agrolac.com\/pt-pt\/wp-json\/wp\/v2\/product_brand?post=7596"},{"taxonomy":"product_cat","embeddable":true,"href":"https:\/\/peru.agrolac.com\/pt-pt\/wp-json\/wp\/v2\/product_cat?post=7596"},{"taxonomy":"product_tag","embeddable":true,"href":"https:\/\/peru.agrolac.com\/pt-pt\/wp-json\/wp\/v2\/product_tag?post=7596"}],"curies":[{"name":"wp","href":"https:\/\/api.w.org\/{rel}","templated":true}]}}