{"id":7505,"date":"2026-01-04T16:38:25","date_gmt":"2026-01-04T15:38:25","guid":{"rendered":"https:\/\/peru.agrolac.com\/apoio-tecnico-e-testes\/"},"modified":"2026-03-01T11:54:59","modified_gmt":"2026-03-01T10:54:59","slug":"apoio-tecnico-e-testes","status":"publish","type":"page","link":"https:\/\/peru.agrolac.com\/pt-pt\/apoio-tecnico-e-testes\/","title":{"rendered":"Apoio t\u00e9cnico e testes"},"content":{"rendered":"\t\t<div data-elementor-type=\"wp-page\" data-elementor-id=\"7505\" class=\"elementor elementor-7505 elementor-5409\" data-elementor-post-type=\"page\">\n\t\t\t\t<div class=\"elementor-element elementor-element-5eb9d5f e-flex e-con-boxed e-con e-parent\" data-id=\"5eb9d5f\" data-element_type=\"container\" data-e-type=\"container\">\n\t\t\t\t\t<div class=\"e-con-inner\">\n\t\t<div class=\"elementor-element elementor-element-31fddbc e-con-full e-flex e-con e-child\" data-id=\"31fddbc\" data-element_type=\"container\" data-e-type=\"container\">\n\t\t\t\t<div class=\"elementor-element elementor-element-77f0610 elementor-widget elementor-widget-heading\" data-id=\"77f0610\" data-element_type=\"widget\" data-e-type=\"widget\" data-widget_type=\"heading.default\">\n\t\t\t\t<div class=\"elementor-widget-container\">\n\t\t\t\t\t<h3 class=\"elementor-heading-title elementor-size-default\">Decis\u00f5es agron\u00f3micas baseadas em dados<\/h3>\t\t\t\t<\/div>\n\t\t\t\t<\/div>\n\t\t\t\t<\/div>\n\t\t\t\t\t<\/div>\n\t\t\t\t<\/div>\n\t\t<div class=\"elementor-element elementor-element-969da1d e-flex e-con-boxed e-con e-parent\" data-id=\"969da1d\" data-element_type=\"container\" data-e-type=\"container\">\n\t\t\t\t\t<div class=\"e-con-inner\">\n\t\t\t\t<div class=\"elementor-element elementor-element-d3cf1bc elementor-widget elementor-widget-text-editor\" data-id=\"d3cf1bc\" data-element_type=\"widget\" data-e-type=\"widget\" data-widget_type=\"text-editor.default\">\n\t\t\t\t<div class=\"elementor-widget-container\">\n\t\t\t\t\t\t\t\t\t<p class=\"p1\">Na <strong>Agrolac<\/strong> n\u00e3o recomendamos por intui\u00e7\u00e3o: cada solu\u00e7\u00e3o \u00e9 validada e afinada com testes e monitoriza\u00e7\u00e3o t\u00e9cnica para te ajudar a obter resultados consistentes e mensur\u00e1veis.<\/p>\t\t\t\t\t\t\t\t<\/div>\n\t\t\t\t<\/div>\n\t\t\t\t\t<\/div>\n\t\t\t\t<\/div>\n\t\t<div class=\"elementor-element elementor-element-b833a13 e-flex e-con-boxed e-con e-parent\" data-id=\"b833a13\" data-element_type=\"container\" data-e-type=\"container\">\n\t\t\t\t\t<div class=\"e-con-inner\">\n\t\t<div class=\"elementor-element elementor-element-42c6c39 e-grid e-con-full e-con e-child\" data-id=\"42c6c39\" data-element_type=\"container\" data-e-type=\"container\">\n\t\t<div class=\"elementor-element elementor-element-17bb5e5 e-con-full e-flex e-con e-child\" data-id=\"17bb5e5\" data-element_type=\"container\" data-e-type=\"container\">\n\t\t\t\t<div class=\"elementor-element elementor-element-6e4571d elementor-widget elementor-widget-image\" data-id=\"6e4571d\" data-element_type=\"widget\" data-e-type=\"widget\" data-widget_type=\"image.default\">\n\t\t\t\t<div class=\"elementor-widget-container\">\n\t\t\t\t\t\t\t\t\t\t\t\t\t\t\t<img fetchpriority=\"high\" decoding=\"async\" width=\"660\" height=\"540\" src=\"https:\/\/peru.agrolac.com\/wp-content\/uploads\/2025\/12\/pages.jpg\" class=\"attachment-large size-large wp-image-5082\" alt=\"\" srcset=\"https:\/\/peru.agrolac.com\/wp-content\/uploads\/2025\/12\/pages.jpg 660w, https:\/\/peru.agrolac.com\/wp-content\/uploads\/2025\/12\/pages-300x245.jpg 300w, https:\/\/peru.agrolac.com\/wp-content\/uploads\/2025\/12\/pages-600x491.jpg 600w\" sizes=\"(max-width: 660px) 100vw, 660px\" \/>\t\t\t\t\t\t\t\t\t\t\t\t\t\t\t<\/div>\n\t\t\t\t<\/div>\n\t\t\t\t<\/div>\n\t\t\t\t<div class=\"elementor-element elementor-element-de16c9b elementor-widget elementor-widget-text-editor\" data-id=\"de16c9b\" data-element_type=\"widget\" data-e-type=\"widget\" data-widget_type=\"text-editor.default\">\n\t\t\t\t<div class=\"elementor-widget-container\">\n\t\t\t\t\t\t\t\t\t<h4><b>Como validamos<\/b><\/h4><p class=\"p1\">Trabalhamos com <span class=\"s1\"><b>ensaios no terreno e em estufa<\/b><\/span>concebidos para medir os resultados em condi\u00e7\u00f5es reais e garantir que <span class=\"s1\"><b>os produtos e as diretrizes de aplica\u00e7\u00e3o que recomendamos s\u00e3o apoiados por provas.<\/b><\/span> s\u00e3o apoiados por provas. Para o fazer, combinamos: <\/p><ul><li><p class=\"p1\"><span class=\"s1\"><b>Valida\u00e7\u00e3o em centros de ensaio e laborat\u00f3rios especializados<\/b><\/span>com protocolos de avalia\u00e7\u00e3o adaptados a cada cultura e objetivo.<\/p><\/li><li><p class=\"p1\"><span class=\"s1\"><b>Colabora\u00e7\u00e3o com universidades e equipas cient\u00edficas<\/b><\/span> em projectos espec\u00edficos, para testar hip\u00f3teses, melhorar as f\u00f3rmulas e afinar as doses e o momento da aplica\u00e7\u00e3o.<\/p><\/li><li><p class=\"p1\"><span class=\"s1\"><b>Compara\u00e7\u00f5es com controlos e refer\u00eancias<\/b><\/span>registo das principais vari\u00e1veis agron\u00f3micas (conforme adequado: vigor, enraizamento, frutifica\u00e7\u00e3o, sa\u00fade, rendimento e qualidade).<\/p><\/li><li><p class=\"p1\"><span class=\"s1\"><b>Revis\u00e3o t\u00e9cnica e adapta\u00e7\u00e3o das diretrizes<\/b><\/span>integra\u00e7\u00e3o dos resultados no contexto real de gest\u00e3o (solo, clima, variedade e estrat\u00e9gia do agricultor).<\/p><\/li><\/ul>\t\t\t\t\t\t\t\t<\/div>\n\t\t\t\t<\/div>\n\t\t\t\t<\/div>\n\t\t\t\t\t<\/div>\n\t\t\t\t<\/div>\n\t\t<div class=\"elementor-element elementor-element-45af55a e-flex e-con-boxed e-con e-parent\" data-id=\"45af55a\" data-element_type=\"container\" data-e-type=\"container\">\n\t\t\t\t\t<div class=\"e-con-inner\">\n\t\t\t\t<div class=\"elementor-element elementor-element-fdcdad8 elementor-headline--style-highlight elementor-widget elementor-widget-animated-headline\" data-id=\"fdcdad8\" data-element_type=\"widget\" data-e-type=\"widget\" data-settings=\"{&quot;marker&quot;:&quot;underline_zigzag&quot;,&quot;highlighted_text&quot;:&quot;recomenda\\u00e7\\u00f5es claras,  &quot;,&quot;headline_style&quot;:&quot;highlight&quot;,&quot;loop&quot;:&quot;yes&quot;,&quot;highlight_animation_duration&quot;:1200,&quot;highlight_iteration_delay&quot;:8000}\" data-widget_type=\"animated-headline.default\">\n\t\t\t\t<div class=\"elementor-widget-container\">\n\t\t\t\t\t\t\t<h4 class=\"elementor-headline\">\n\t\t\t\t\t<span class=\"elementor-headline-plain-text elementor-headline-text-wrapper\">\"O objetivo n\u00e3o \u00e9 acumular dados: \u00e9 transformar essa valida\u00e7\u00e3o em  <\/span>\n\t\t\t\t<span class=\"elementor-headline-dynamic-wrapper elementor-headline-text-wrapper\">\n\t\t\t\t\t<span class=\"elementor-headline-dynamic-text elementor-headline-text-active\">recomenda\u00e7\u00f5es claras,  <\/span>\n\t\t\t\t<\/span>\n\t\t\t\t\t<span class=\"elementor-headline-plain-text elementor-headline-text-wrapper\">aplic\u00e1vel e repet\u00edvel\".<\/span>\n\t\t\t\t\t<\/h4>\n\t\t\t\t\t\t<\/div>\n\t\t\t\t<\/div>\n\t\t<div class=\"elementor-element elementor-element-78fb924 e-con-full e-flex e-con e-child\" data-id=\"78fb924\" data-element_type=\"container\" data-e-type=\"container\">\n\t\t\t\t<div class=\"elementor-element elementor-element-f2bb6aa elementor-widget elementor-widget-text-editor\" data-id=\"f2bb6aa\" data-element_type=\"widget\" data-e-type=\"widget\" data-widget_type=\"text-editor.default\">\n\t\t\t\t<div class=\"elementor-widget-container\">\n\t\t\t\t\t\t\t\t\t<h4><b>O que fornecemos ao cliente<\/b><\/h4><p class=\"p3\">O nosso apoio foi concebido para te permitir <span class=\"s2\"><b>aplicar, medir e otimizar<\/b><\/span>:<\/p><ul><li><p class=\"p1\"><span class=\"s1\"><b>Recomenda\u00e7\u00e3o t\u00e9cnica<\/b><\/span> por cultura e est\u00e1dio fenol\u00f3gico.<\/p><\/li><li><p class=\"p1\"><span class=\"s1\"><b>Padr\u00e3o de aplica\u00e7\u00e3o<\/b><\/span> (dosagem, tempo, n\u00famero de passagens, mistura\/compatibilidades, se aplic\u00e1vel).<\/p><\/li><li><p class=\"p1\"><span class=\"s1\"><b>Plano de monitoriza\u00e7\u00e3o<\/b><\/span>O que observar, quando e como avaliar a resposta.<\/p><\/li><li><p class=\"p1\"><span class=\"s1\"><b>Ajustes na campanha<\/b><\/span>Aperfei\u00e7oamos a estrat\u00e9gia em fun\u00e7\u00e3o do clima, do solo e da gest\u00e3o.<\/p><\/li><li><p class=\"p1\"><span class=\"s1\"><b>Documenta\u00e7\u00e3o de apoio<\/b><\/span>: ficha de dados t\u00e9cnicos, ficha de dados de seguran\u00e7a e guia do utilizador (consoante o produto\/pa\u00eds).<\/p><\/li><\/ul><h4> <\/h4><h4><b>Como trabalhamos contigo<\/b><\/h4><ol start=\"1\"><li><p class=\"p1\"><span class=\"s1\"><b>Diagn\u00f3stico inicial<\/b><\/span> (cultura, alvo, hist\u00f3ria, condi\u00e7\u00f5es).<\/p><\/li><li><p class=\"p1\"><span class=\"s1\"><b>Proposta de programa<\/b><\/span> (produto + diretriz + crit\u00e9rios de sucesso).<\/p><\/li><li><p class=\"p1\"><span class=\"s1\"><b>Acompanhamento<\/b><\/span> (visitas\/chamadas\/WhatsApp, conforme a necessidade).<\/p><\/li><li><p class=\"p1\"><span class=\"s1\"><b>Encerra com conclus\u00f5es<\/b><\/span> (o que funcionou, o que deve ser melhorado e os pr\u00f3ximos passos).<\/p><\/li><\/ol><h4> <\/h4><h4><b>Importante<\/b><\/h4><p class=\"p3\">Os resultados podem variar consoante o <span class=\"s2\"><b>clima, solo, variedade, press\u00e3o de pragas\/doen\u00e7as e gest\u00e3o agron\u00f3mica.<\/b><\/span>. Por conseguinte, a nossa abordagem d\u00e1 prioridade \u00e0 <span class=\"s2\"><b>adapta\u00e7\u00e3o local<\/b><\/span> e o acompanhamento t\u00e9cnico para maximizar a consist\u00eancia. <\/p>\t\t\t\t\t\t\t\t<\/div>\n\t\t\t\t<\/div>\n\t\t\t\t<\/div>\n\t\t\t\t\t<\/div>\n\t\t\t\t<\/div>\n\t\t\t\t<\/div>\n\t\t","protected":false},"excerpt":{"rendered":"<p>Decis\u00f5es agron\u00f3micas baseadas em dados Na Agrolac n\u00e3o recomendamos por intui\u00e7\u00e3o: cada solu\u00e7\u00e3o \u00e9 validada e afinada com testes e monitoriza\u00e7\u00e3o t\u00e9cnica para te ajudar a obter resultados consistentes e mensur\u00e1veis. Como validamos Trabalhamos com ensaios no terreno e em estufaconcebidos para medir os resultados em condi\u00e7\u00f5es reais e garantir que os produtos e as [&hellip;]<\/p>\n","protected":false},"author":2,"featured_media":5106,"parent":0,"menu_order":0,"comment_status":"closed","ping_status":"closed","template":"","meta":{"_acf_changed":false,"footnotes":""},"class_list":["post-7505","page","type-page","status-publish","has-post-thumbnail","hentry"],"acf":[],"yoast_head":"<!-- This site is optimized with the Yoast SEO plugin v27.4 - https:\/\/yoast.com\/product\/yoast-seo-wordpress\/ -->\n<title>Apoio t\u00e9cnico e testes - Agrolac<\/title>\n<meta name=\"description\" content=\"Investigamos e desenvolvemos solu\u00e7\u00f5es biol\u00f3gicas de ponta para uma agricultura mais limpa, mais segura e sem res\u00edduos. Apoio t\u00e9cnico agron\u00f3mico baseado em ensaios de campo e de estufa. Recomenda\u00e7\u00f5es, orienta\u00e7\u00f5es de aplica\u00e7\u00e3o e acompanhamento para otimizar os resultados por cultura.\" \/>\n<meta name=\"robots\" content=\"index, follow, max-snippet:-1, max-image-preview:large, max-video-preview:-1\" \/>\n<link rel=\"canonical\" href=\"https:\/\/peru.agrolac.com\/pt-pt\/apoio-tecnico-e-testes\/\" \/>\n<meta property=\"og:locale\" content=\"pt_PT\" \/>\n<meta property=\"og:type\" content=\"article\" \/>\n<meta property=\"og:title\" content=\"Apoio t\u00e9cnico e testes - Agrolac\" \/>\n<meta property=\"og:description\" content=\"Investigamos e desenvolvemos solu\u00e7\u00f5es biol\u00f3gicas de ponta para uma agricultura mais limpa, mais segura e sem res\u00edduos. Apoio t\u00e9cnico agron\u00f3mico baseado em ensaios de campo e de estufa. Recomenda\u00e7\u00f5es, orienta\u00e7\u00f5es de aplica\u00e7\u00e3o e acompanhamento para otimizar os resultados por cultura.\" \/>\n<meta property=\"og:url\" content=\"https:\/\/peru.agrolac.com\/pt-pt\/apoio-tecnico-e-testes\/\" \/>\n<meta property=\"og:site_name\" content=\"Agrolac\" \/>\n<meta property=\"article:modified_time\" content=\"2026-03-01T10:54:59+00:00\" \/>\n<meta property=\"og:image\" content=\"https:\/\/peru.agrolac.com\/wp-content\/uploads\/2025\/12\/background2.3-1.jpg\" \/>\n\t<meta property=\"og:image:width\" content=\"1667\" \/>\n\t<meta property=\"og:image:height\" content=\"572\" \/>\n\t<meta property=\"og:image:type\" content=\"image\/jpeg\" \/>\n<meta name=\"twitter:card\" content=\"summary_large_image\" \/>\n<meta name=\"twitter:label1\" content=\"Tempo estimado de leitura\" \/>\n\t<meta name=\"twitter:data1\" content=\"2 minutos\" \/>\n<script type=\"application\/ld+json\" class=\"yoast-schema-graph\">{\"@context\":\"https:\\\/\\\/schema.org\",\"@graph\":[{\"@type\":\"WebPage\",\"@id\":\"https:\\\/\\\/peru.agrolac.com\\\/pt-pt\\\/apoio-tecnico-e-testes\\\/\",\"url\":\"https:\\\/\\\/peru.agrolac.com\\\/pt-pt\\\/apoio-tecnico-e-testes\\\/\",\"name\":\"Apoio t\u00e9cnico e testes - Agrolac\",\"isPartOf\":{\"@id\":\"https:\\\/\\\/peru.agrolac.com\\\/pt-pt\\\/#website\"},\"primaryImageOfPage\":{\"@id\":\"https:\\\/\\\/peru.agrolac.com\\\/pt-pt\\\/apoio-tecnico-e-testes\\\/#primaryimage\"},\"image\":{\"@id\":\"https:\\\/\\\/peru.agrolac.com\\\/pt-pt\\\/apoio-tecnico-e-testes\\\/#primaryimage\"},\"thumbnailUrl\":\"https:\\\/\\\/peru.agrolac.com\\\/wp-content\\\/uploads\\\/2025\\\/12\\\/background2.3-1.jpg\",\"datePublished\":\"2026-01-04T15:38:25+00:00\",\"dateModified\":\"2026-03-01T10:54:59+00:00\",\"description\":\"Investigamos e desenvolvemos solu\u00e7\u00f5es biol\u00f3gicas de ponta para uma agricultura mais limpa, mais segura e sem res\u00edduos. Apoio t\u00e9cnico agron\u00f3mico baseado em ensaios de campo e de estufa. Recomenda\u00e7\u00f5es, orienta\u00e7\u00f5es de aplica\u00e7\u00e3o e acompanhamento para otimizar os resultados por cultura.\",\"breadcrumb\":{\"@id\":\"https:\\\/\\\/peru.agrolac.com\\\/pt-pt\\\/apoio-tecnico-e-testes\\\/#breadcrumb\"},\"inLanguage\":\"pt-PT\",\"potentialAction\":[{\"@type\":\"ReadAction\",\"target\":[\"https:\\\/\\\/peru.agrolac.com\\\/pt-pt\\\/apoio-tecnico-e-testes\\\/\"]}]},{\"@type\":\"ImageObject\",\"inLanguage\":\"pt-PT\",\"@id\":\"https:\\\/\\\/peru.agrolac.com\\\/pt-pt\\\/apoio-tecnico-e-testes\\\/#primaryimage\",\"url\":\"https:\\\/\\\/peru.agrolac.com\\\/wp-content\\\/uploads\\\/2025\\\/12\\\/background2.3-1.jpg\",\"contentUrl\":\"https:\\\/\\\/peru.agrolac.com\\\/wp-content\\\/uploads\\\/2025\\\/12\\\/background2.3-1.jpg\",\"width\":1667,\"height\":572},{\"@type\":\"BreadcrumbList\",\"@id\":\"https:\\\/\\\/peru.agrolac.com\\\/pt-pt\\\/apoio-tecnico-e-testes\\\/#breadcrumb\",\"itemListElement\":[{\"@type\":\"ListItem\",\"position\":1,\"name\":\"In\u00edcio\",\"item\":\"https:\\\/\\\/peru.agrolac.com\\\/pt-pt\\\/casa\\\/\"},{\"@type\":\"ListItem\",\"position\":2,\"name\":\"Apoio t\u00e9cnico e testes\"}]},{\"@type\":\"WebSite\",\"@id\":\"https:\\\/\\\/peru.agrolac.com\\\/pt-pt\\\/#website\",\"url\":\"https:\\\/\\\/peru.agrolac.com\\\/pt-pt\\\/\",\"name\":\"VICORQUIMIA\",\"description\":\"Agrolac &eacute;s una empresa de Barcelona, fundada el 1982, especialitzada en distribuci&oacute; de productes agroqu&iacute;mics per a l'agricultura europea.\",\"publisher\":{\"@id\":\"https:\\\/\\\/peru.agrolac.com\\\/pt-pt\\\/#organization\"},\"potentialAction\":[{\"@type\":\"SearchAction\",\"target\":{\"@type\":\"EntryPoint\",\"urlTemplate\":\"https:\\\/\\\/peru.agrolac.com\\\/pt-pt\\\/?s={search_term_string}\"},\"query-input\":{\"@type\":\"PropertyValueSpecification\",\"valueRequired\":true,\"valueName\":\"search_term_string\"}}],\"inLanguage\":\"pt-PT\"},{\"@type\":\"Organization\",\"@id\":\"https:\\\/\\\/peru.agrolac.com\\\/pt-pt\\\/#organization\",\"name\":\"VICORQUIMIA\",\"url\":\"https:\\\/\\\/peru.agrolac.com\\\/pt-pt\\\/\",\"logo\":{\"@type\":\"ImageObject\",\"inLanguage\":\"pt-PT\",\"@id\":\"https:\\\/\\\/peru.agrolac.com\\\/pt-pt\\\/#\\\/schema\\\/logo\\\/image\\\/\",\"url\":\"https:\\\/\\\/peru.agrolac.com\\\/wp-content\\\/uploads\\\/2025\\\/10\\\/agrolac-logo.svg\",\"contentUrl\":\"https:\\\/\\\/peru.agrolac.com\\\/wp-content\\\/uploads\\\/2025\\\/10\\\/agrolac-logo.svg\",\"caption\":\"VICORQUIMIA\"},\"image\":{\"@id\":\"https:\\\/\\\/peru.agrolac.com\\\/pt-pt\\\/#\\\/schema\\\/logo\\\/image\\\/\"},\"sameAs\":[\"https:\\\/\\\/www.linkedin.com\\\/company\\\/vicorquimia\\\/\"]}]}<\/script>\n<!-- \/ Yoast SEO plugin. -->","yoast_head_json":{"title":"Apoio t\u00e9cnico e testes - Agrolac","description":"Investigamos e desenvolvemos solu\u00e7\u00f5es biol\u00f3gicas de ponta para uma agricultura mais limpa, mais segura e sem res\u00edduos. Apoio t\u00e9cnico agron\u00f3mico baseado em ensaios de campo e de estufa. Recomenda\u00e7\u00f5es, orienta\u00e7\u00f5es de aplica\u00e7\u00e3o e acompanhamento para otimizar os resultados por cultura.","robots":{"index":"index","follow":"follow","max-snippet":"max-snippet:-1","max-image-preview":"max-image-preview:large","max-video-preview":"max-video-preview:-1"},"canonical":"https:\/\/peru.agrolac.com\/pt-pt\/apoio-tecnico-e-testes\/","og_locale":"pt_PT","og_type":"article","og_title":"Apoio t\u00e9cnico e testes - Agrolac","og_description":"Investigamos e desenvolvemos solu\u00e7\u00f5es biol\u00f3gicas de ponta para uma agricultura mais limpa, mais segura e sem res\u00edduos. Apoio t\u00e9cnico agron\u00f3mico baseado em ensaios de campo e de estufa. Recomenda\u00e7\u00f5es, orienta\u00e7\u00f5es de aplica\u00e7\u00e3o e acompanhamento para otimizar os resultados por cultura.","og_url":"https:\/\/peru.agrolac.com\/pt-pt\/apoio-tecnico-e-testes\/","og_site_name":"Agrolac","article_modified_time":"2026-03-01T10:54:59+00:00","og_image":[{"width":1667,"height":572,"url":"https:\/\/peru.agrolac.com\/wp-content\/uploads\/2025\/12\/background2.3-1.jpg","type":"image\/jpeg"}],"twitter_card":"summary_large_image","twitter_misc":{"Tempo estimado de leitura":"2 minutos"},"schema":{"@context":"https:\/\/schema.org","@graph":[{"@type":"WebPage","@id":"https:\/\/peru.agrolac.com\/pt-pt\/apoio-tecnico-e-testes\/","url":"https:\/\/peru.agrolac.com\/pt-pt\/apoio-tecnico-e-testes\/","name":"Apoio t\u00e9cnico e testes - Agrolac","isPartOf":{"@id":"https:\/\/peru.agrolac.com\/pt-pt\/#website"},"primaryImageOfPage":{"@id":"https:\/\/peru.agrolac.com\/pt-pt\/apoio-tecnico-e-testes\/#primaryimage"},"image":{"@id":"https:\/\/peru.agrolac.com\/pt-pt\/apoio-tecnico-e-testes\/#primaryimage"},"thumbnailUrl":"https:\/\/peru.agrolac.com\/wp-content\/uploads\/2025\/12\/background2.3-1.jpg","datePublished":"2026-01-04T15:38:25+00:00","dateModified":"2026-03-01T10:54:59+00:00","description":"Investigamos e desenvolvemos solu\u00e7\u00f5es biol\u00f3gicas de ponta para uma agricultura mais limpa, mais segura e sem res\u00edduos. Apoio t\u00e9cnico agron\u00f3mico baseado em ensaios de campo e de estufa. Recomenda\u00e7\u00f5es, orienta\u00e7\u00f5es de aplica\u00e7\u00e3o e acompanhamento para otimizar os resultados por cultura.","breadcrumb":{"@id":"https:\/\/peru.agrolac.com\/pt-pt\/apoio-tecnico-e-testes\/#breadcrumb"},"inLanguage":"pt-PT","potentialAction":[{"@type":"ReadAction","target":["https:\/\/peru.agrolac.com\/pt-pt\/apoio-tecnico-e-testes\/"]}]},{"@type":"ImageObject","inLanguage":"pt-PT","@id":"https:\/\/peru.agrolac.com\/pt-pt\/apoio-tecnico-e-testes\/#primaryimage","url":"https:\/\/peru.agrolac.com\/wp-content\/uploads\/2025\/12\/background2.3-1.jpg","contentUrl":"https:\/\/peru.agrolac.com\/wp-content\/uploads\/2025\/12\/background2.3-1.jpg","width":1667,"height":572},{"@type":"BreadcrumbList","@id":"https:\/\/peru.agrolac.com\/pt-pt\/apoio-tecnico-e-testes\/#breadcrumb","itemListElement":[{"@type":"ListItem","position":1,"name":"In\u00edcio","item":"https:\/\/peru.agrolac.com\/pt-pt\/casa\/"},{"@type":"ListItem","position":2,"name":"Apoio t\u00e9cnico e testes"}]},{"@type":"WebSite","@id":"https:\/\/peru.agrolac.com\/pt-pt\/#website","url":"https:\/\/peru.agrolac.com\/pt-pt\/","name":"VICORQUIMIA","description":"Agrolac &eacute;s una empresa de Barcelona, fundada el 1982, especialitzada en distribuci&oacute; de productes agroqu&iacute;mics per a l'agricultura europea.","publisher":{"@id":"https:\/\/peru.agrolac.com\/pt-pt\/#organization"},"potentialAction":[{"@type":"SearchAction","target":{"@type":"EntryPoint","urlTemplate":"https:\/\/peru.agrolac.com\/pt-pt\/?s={search_term_string}"},"query-input":{"@type":"PropertyValueSpecification","valueRequired":true,"valueName":"search_term_string"}}],"inLanguage":"pt-PT"},{"@type":"Organization","@id":"https:\/\/peru.agrolac.com\/pt-pt\/#organization","name":"VICORQUIMIA","url":"https:\/\/peru.agrolac.com\/pt-pt\/","logo":{"@type":"ImageObject","inLanguage":"pt-PT","@id":"https:\/\/peru.agrolac.com\/pt-pt\/#\/schema\/logo\/image\/","url":"https:\/\/peru.agrolac.com\/wp-content\/uploads\/2025\/10\/agrolac-logo.svg","contentUrl":"https:\/\/peru.agrolac.com\/wp-content\/uploads\/2025\/10\/agrolac-logo.svg","caption":"VICORQUIMIA"},"image":{"@id":"https:\/\/peru.agrolac.com\/pt-pt\/#\/schema\/logo\/image\/"},"sameAs":["https:\/\/www.linkedin.com\/company\/vicorquimia\/"]}]}},"_links":{"self":[{"href":"https:\/\/peru.agrolac.com\/pt-pt\/wp-json\/wp\/v2\/pages\/7505","targetHints":{"allow":["GET"]}}],"collection":[{"href":"https:\/\/peru.agrolac.com\/pt-pt\/wp-json\/wp\/v2\/pages"}],"about":[{"href":"https:\/\/peru.agrolac.com\/pt-pt\/wp-json\/wp\/v2\/types\/page"}],"author":[{"embeddable":true,"href":"https:\/\/peru.agrolac.com\/pt-pt\/wp-json\/wp\/v2\/users\/2"}],"replies":[{"embeddable":true,"href":"https:\/\/peru.agrolac.com\/pt-pt\/wp-json\/wp\/v2\/comments?post=7505"}],"version-history":[{"count":1,"href":"https:\/\/peru.agrolac.com\/pt-pt\/wp-json\/wp\/v2\/pages\/7505\/revisions"}],"predecessor-version":[{"id":7506,"href":"https:\/\/peru.agrolac.com\/pt-pt\/wp-json\/wp\/v2\/pages\/7505\/revisions\/7506"}],"wp:featuredmedia":[{"embeddable":true,"href":"https:\/\/peru.agrolac.com\/pt-pt\/wp-json\/wp\/v2\/media\/5106"}],"wp:attachment":[{"href":"https:\/\/peru.agrolac.com\/pt-pt\/wp-json\/wp\/v2\/media?parent=7505"}],"curies":[{"name":"wp","href":"https:\/\/api.w.org\/{rel}","templated":true}]}}