{"id":2123,"date":"2023-04-27T17:11:17","date_gmt":"2023-04-27T15:11:17","guid":{"rendered":"https:\/\/peru.agrolac.com\/politica-de-cookies\/"},"modified":"2025-08-22T13:45:11","modified_gmt":"2025-08-22T11:45:11","slug":"politica-de-cookies","status":"publish","type":"page","link":"https:\/\/peru.agrolac.com\/pt-pt\/politica-de-cookies\/","title":{"rendered":"Pol\u00edtica de cookies"},"content":{"rendered":"\t\t<div data-elementor-type=\"wp-page\" data-elementor-id=\"2123\" class=\"elementor elementor-2123 elementor-300\" data-elementor-post-type=\"page\">\n\t\t\t\t<div class=\"elementor-element elementor-element-4b501604 e-flex e-con-boxed e-con e-parent\" data-id=\"4b501604\" data-element_type=\"container\" data-e-type=\"container\">\n\t\t\t\t\t<div class=\"e-con-inner\">\n\t\t\t\t<div class=\"elementor-element elementor-element-9219075 elementor-widget elementor-widget-text-editor\" data-id=\"9219075\" data-element_type=\"widget\" data-e-type=\"widget\" data-widget_type=\"text-editor.default\">\n\t\t\t\t<div class=\"elementor-widget-container\">\n\t\t\t\t\t\t\t\t\t<p><strong>POL\u00cdTICA DE COOKIES<\/strong><\/p><p>De acordo com o disposto no artigo 22.2 da Lei 34\/2002, de 11 de julho, de Servi\u00e7os da Sociedade da Informa\u00e7\u00e3o e Com\u00e9rcio Eletr\u00f3nico (LSSI-CE) em vigor, <strong>a VICORQUIMIA SA<\/strong> deve cumprir a obriga\u00e7\u00e3o de informar sobre os cookies que utiliza e as suas finalidades.<\/p><p>Este s\u00edtio Web utiliza cookies e\/ou tecnologias semelhantes que armazenam e recuperam informa\u00e7\u00f5es quando navega. Os cookies permitem a um s\u00edtio Web, entre outras coisas, armazenar e recuperar informa\u00e7\u00f5es sobre os h\u00e1bitos de navega\u00e7\u00e3o de um Utilizador ou do seu equipamento e, em fun\u00e7\u00e3o das informa\u00e7\u00f5es que cont\u00eam e da forma como utiliza o seu equipamento, podem ser utilizados para reconhecer o Utilizador. <\/p><p>Os cookies s\u00e3o essenciais para o funcionamento da Internet, proporcionando in\u00fameras vantagens na presta\u00e7\u00e3o de servi\u00e7os interactivos, facilitando ao utilizador a navega\u00e7\u00e3o e utiliza\u00e7\u00e3o do nosso site.<\/p><p>O utilizador pode modificar a configura\u00e7\u00e3o personalizada <strong><a href=\"#\" data-cky-tag=\"revisit-consent\">AQUI<\/a><\/strong>.<\/p><p>A informa\u00e7\u00e3o fornecida abaixo ajudar-te-\u00e1 a compreender os diferentes tipos de cookies:<\/p><ul><li><strong>TIPOS DE COOKIES  <\/strong><ul><li><strong>DEPENDENDO DA ENTIDADE QUE OS GERE  <\/strong><\/li><\/ul><\/li><\/ul><p style=\"padding-left: 120px;\"><strong>COOKIES PR\u00d3PRIOS:<\/strong> S\u00e3o aqueles que s\u00e3o enviados para o equipamento terminal do utilizador a partir de um computador ou dom\u00ednio gerido pelo pr\u00f3prio editor e a partir do qual \u00e9 prestado o servi\u00e7o solicitado pelo utilizador.<\/p><p style=\"padding-left: 120px;\"><strong>COOKIES DE TERCEIROS:<\/strong> S\u00e3o aqueles que s\u00e3o enviados para o equipamento terminal do utilizador a partir de um computador ou dom\u00ednio que n\u00e3o \u00e9 gerido pelo editor, mas por outra entidade que processa os dados obtidos atrav\u00e9s dos cookies.<\/p><ul><li style=\"list-style-type: none;\"><ul><li><strong>EM FUN\u00c7\u00c3O DO TEMPO EM QUE PERMANECEM ACTIVOS<\/strong><\/li><\/ul><\/li><\/ul><p style=\"padding-left: 120px;\"><strong>COOKIES DE SESS\u00c3O:<\/strong> S\u00e3o concebidos para recolher e armazenar dados enquanto o utilizador acede a um s\u00edtio Web. S\u00e3o normalmente utilizados para armazenar informa\u00e7\u00f5es que s\u00f3 precisam de ser mantidas para a presta\u00e7\u00e3o do servi\u00e7o solicitado pelo utilizador numa \u00fanica ocasi\u00e3o (por exemplo, uma lista de produtos comprados) e desaparecem no final da sess\u00e3o. <\/p><p style=\"padding-left: 120px;\"><strong>COOKIES PERSISTENTES:<\/strong> S\u00e3o aqueles em que os dados continuam a ser armazenados no terminal e podem ser acedidos e tratados durante um per\u00edodo definido pelo respons\u00e1vel pelo cookie, que pode ir de alguns minutos a v\u00e1rios anos.<\/p><ul><li style=\"list-style-type: none;\"><ul><li><strong>SEGUNDO O SEU OBJECTIVO  <\/strong><\/li><\/ul><\/li><\/ul><p style=\"padding-left: 120px;\"><strong>COOKIES T\u00c9CNICOS:<\/strong> S\u00e3o aqueles que permitem ao utilizador navegar atrav\u00e9s de um s\u00edtio web, plataforma ou aplica\u00e7\u00e3o e utilizar as diferentes op\u00e7\u00f5es ou servi\u00e7os existentes no mesmo.<\/p><p style=\"padding-left: 120px;\"><strong>COOKIES PERSONALIZADOS:<\/strong> Permitem a aplica\u00e7\u00e3o de carater\u00edsticas espec\u00edficas \u00e0 navega\u00e7\u00e3o do utilizador no s\u00edtio Web (por exemplo, a l\u00edngua).<\/p><p style=\"padding-left: 120px;\"><strong>COOKIES DE AN\u00c1LISE:<\/strong> Estes cookies permitem ao respons\u00e1vel pelos mesmos monitorizar e analisar o comportamento dos utilizadores dos sites a que est\u00e3o ligados, incluindo a quantifica\u00e7\u00e3o do impacto da publicidade. A informa\u00e7\u00e3o recolhida atrav\u00e9s deste tipo de cookies \u00e9 utilizada para medir a atividade dos sites, aplica\u00e7\u00e3o ou plataforma, de forma a introduzir melhorias com base na an\u00e1lise dos dados de utiliza\u00e7\u00e3o dos utilizadores do servi\u00e7o. <\/p><p style=\"padding-left: 120px;\"><strong>COOKIES PUBLICIT\u00c1RIOS:<\/strong> Permitem ao editor incluir espa\u00e7os publicit\u00e1rios no s\u00edtio Web, em fun\u00e7\u00e3o do conte\u00fado do pr\u00f3prio s\u00edtio Web.<\/p><p style=\"padding-left: 120px;\"><strong>COOKIES DE PUBLICIDADE COM BASE NO COMPORTAMENTO:<\/strong> S\u00e3o cookies que armazenam informa\u00e7\u00f5es sobre o comportamento dos utilizadores obtidas atrav\u00e9s da observa\u00e7\u00e3o cont\u00ednua dos seus h\u00e1bitos de navega\u00e7\u00e3o, o que permite desenvolver um perfil espec\u00edfico para apresentar publicidade com base no mesmo.<\/p><p> <\/p><p>Informamos-te sobre os tipos de cookies utilizados neste s\u00edtio Web e a sua finalidade:<\/p><p><strong>OS TEUS PR\u00d3PRIOS COOKIES<\/strong><\/p><p>Os cookies que utilizamos incluem:<\/p><p>&#8211; Cookies de sess\u00e3o, que expiram quando o utilizador abandona a p\u00e1gina ou fecha o browser; por outras palavras, est\u00e3o activos durante a visita ao s\u00edtio Web e s\u00e3o, por isso, eliminados do nosso computador quando o utilizador o abandona (por exemplo: PHPSESSIONID, um cookie de sess\u00e3o que \u00e9 essencial para gerir a navega\u00e7\u00e3o no s\u00edtio). <\/p><p>&#8211; Os nossos pr\u00f3prios cookies s\u00e3o aqueles que s\u00e3o enviados para o teu computador e geridos exclusivamente por n\u00f3s para o melhor funcionamento do s\u00edtio Web. As informa\u00e7\u00f5es que recolhemos s\u00e3o utilizadas para melhorar a qualidade do nosso servi\u00e7o e a tua experi\u00eancia de utilizador. <\/p><p>&#8211; Os cookies de geolocaliza\u00e7\u00e3o s\u00e3o utilizados para armazenar dados de localiza\u00e7\u00e3o e oferecer conte\u00fados e servi\u00e7os individualizados.<\/p><p>&#8211; Os cookies anal\u00edticos s\u00e3o cookies do Google Analytics que recolhem informa\u00e7\u00f5es sobre a navega\u00e7\u00e3o do utilizador (p\u00e1ginas anteriores, tempo passado numa p\u00e1gina, liga\u00e7\u00f5es visitadas, etc.).<\/p><p><b>Utiliza\u00e7\u00e3o de plug-ins e cookies de terceiros<\/b><\/p><p class=\"text-secondary-dark text-md font-semibold mb-2\">Cookies necess\u00e1rios<\/p><div class=\"text-secondary-dark text-md mb-2\" data-testid=\"category-description\"><p>Os cookies necess\u00e1rios s\u00e3o cruciais para as fun\u00e7\u00f5es b\u00e1sicas do s\u00edtio Web e o s\u00edtio Web n\u00e3o funcionar\u00e1 como pretendido sem eles. Estes cookies n\u00e3o armazenam quaisquer dados pessoais identific\u00e1veis.<\/p><\/div><p>Os plug-ins e cookies utilizados incluem:<\/p><table style=\"height: 278px;\" width=\"617\" cellspacing=\"0\" cellpadding=\"0\"><tbody><tr><td valign=\"bottom\">Biscoito<\/td><td valign=\"bottom\">Dura\u00e7\u00e3o<\/td><td valign=\"bottom\">Descri\u00e7\u00e3o<\/td><\/tr><tr><td valign=\"bottom\">elementor<\/td><td valign=\"bottom\">Nunca expira<\/td><td valign=\"bottom\">Este cookie \u00e9 definido pelo tema WordPress do s\u00edtio Web. Permite ao propriet\u00e1rio do s\u00edtio Web implementar ou alterar o conte\u00fado do s\u00edtio Web em tempo real. <\/td><\/tr><tr><td valign=\"bottom\">wpEmojiSettingsSupports<\/td><td valign=\"bottom\">sess\u00e3o<\/td><td valign=\"bottom\">Este cookie \u00e9 definido pelo WordPress quando um utilizador interage com emojis num site WordPress. Ajuda a determinar se o browser do utilizador consegue apresentar os emojis corretamente. <\/td><\/tr><tr><td valign=\"bottom\">cookieyes-consent<\/td><td valign=\"bottom\">1 ano<\/td><td valign=\"bottom\">CookieYes define este cookie para recordar as prefer\u00eancias de consentimento dos utilizadores, de modo a que as suas prefer\u00eancias sejam respeitadas nas visitas subsequentes a este s\u00edtio. N\u00e3o recolhe nem armazena quaisquer informa\u00e7\u00f5es pessoais sobre os visitantes do s\u00edtio. <\/td><\/tr><tr><td valign=\"bottom\">rc::a<\/td><td valign=\"bottom\">Nunca expira<\/td><td valign=\"bottom\">Este cookie \u00e9 definido pelo servi\u00e7o Google reCAPTCHA para identificar bots e proteger o s\u00edtio Web contra ataques maliciosos de spam.<\/td><\/tr><tr><td valign=\"bottom\">rc::c<\/td><td valign=\"bottom\">sess\u00e3o<\/td><td valign=\"bottom\">Este cookie \u00e9 definido pelo servi\u00e7o Google reCAPTCHA para identificar bots e proteger o s\u00edtio Web contra ataques maliciosos de spam.<\/td><\/tr><\/tbody><\/table><p><i>Esta tabela de informa\u00e7\u00e3o ser\u00e1 actualizada com a maior brevidade poss\u00edvel \u00e0 medida que os servi\u00e7os oferecidos neste s\u00edtio web forem mudando. No entanto, ocasionalmente, durante esta atualiza\u00e7\u00e3o, pode acontecer que a tabela de informa\u00e7\u00f5es n\u00e3o inclua quaisquer cookies, tags ou outros sistemas semelhantes que permitam a rastreabilidade de um utilizador ou do seu dispositivo, embora estes sejam sempre sistemas com objectivos id\u00eanticos aos contidos nesta tabela. <\/i><\/p><p><b>Desativar os cookies<\/b><\/p><p>O utilizador \u00e9 livre de decidir se quer ou n\u00e3o colocar os nossos cookies no seu disco r\u00edgido e se quer ou n\u00e3o apag\u00e1-los, seguindo o procedimento estabelecido na sec\u00e7\u00e3o de ajuda do seu navegador. O utilizador tamb\u00e9m pode configurar o seu navegador para aceitar ou rejeitar todos os cookies por defeito ou para receber um aviso no ecr\u00e3 sobre a rece\u00e7\u00e3o de cada cookie e decidir, nesse momento, se os coloca ou n\u00e3o no seu disco r\u00edgido. <\/p><p>Abaixo, fornecemos links para v\u00e1rios browsers, atrav\u00e9s dos quais podes alterar as defini\u00e7\u00f5es do teu browser sobre a utiliza\u00e7\u00e3o de cookies:<\/p><p><strong>Utiliza o Firefox:  <\/strong><\/p><p><a href=\"https:\/\/support.mozilla.org\/es\/kb\/cookies-informacion-que-los-sitios-web-guardan-en\">https:\/\/support.mozilla.org\/es\/kb\/cookies-informacion-que-los-sitios-web-guardan-en<\/a><\/p><p><strong>Croma:  <\/strong><\/p><p><a href=\"http:\/\/support.google.com\/chrome\/bin\/answer.py?hl=es&amp;answer=95647\">http:\/\/support.google.com\/chrome\/bin\/answer.py?hl=es&amp;answer=95647<\/a><\/p><p><strong>Explorador de Internet:<\/strong><\/p><p><a href=\"http:\/\/windows.microsoft.com\/es-es\/internet-explorer\/delete-manage-cookies#ie=ie-10\">http:\/\/windows.microsoft.com\/es-es\/internet-explorer\/delete-manage-cookies#ie=ie-10<\/a><\/p><p><strong>Microsoft Edge:  <\/strong><\/p><p><a href=\"https:\/\/support.microsoft.com\/es-es\/microsoft-edge\/eliminar-las-cookies-en-microsoft-edge-63947406-40ac-c3b8-57b9-2a946a29ae09\">https:\/\/support.microsoft.com\/es-es\/microsoft-edge\/eliminar-las-cookies-en-microsoft-edge-63947406-40ac-c3b8-57b9-2a946a29ae09<\/a><\/p><p><strong>Safari:  <\/strong><\/p><p><a href=\"https:\/\/support.apple.com\/kb\/ph17191?locale=es_ES\">https:\/\/support.apple.com\/kb\/ph17191?locale=es_ES<\/a><\/p><p><strong>Opera:  <\/strong><\/p><p><a href=\"https:\/\/help.opera.com\/en\/latest\/web-preferences\/#cookies\">https:\/\/help.opera.com\/en\/latest\/web-preferences\/#cookies<\/a><\/p><p>Para mais informa\u00e7\u00f5es sobre o tratamento de dados pessoais, recomendamos que consultes a nossa sec\u00e7\u00e3o &#8220;Pol\u00edtica de privacidade&#8221;.<\/p><p>Se configurares o teu browser para recusar todos os cookies ou para rejeitar os nossos cookies, poder\u00e1s n\u00e3o conseguir aceder a alguns dos servi\u00e7os e a tua experi\u00eancia no nosso site poder\u00e1 ser menos satisfat\u00f3ria.<\/p><p><strong>\u00daltima atualiza\u00e7\u00e3o:<\/strong> 11 de dezembro de 2024<\/p>\t\t\t\t\t\t\t\t<\/div>\n\t\t\t\t<\/div>\n\t\t\t\t\t<\/div>\n\t\t\t\t<\/div>\n\t\t\t\t<\/div>\n\t\t","protected":false},"excerpt":{"rendered":"<p>POL\u00cdTICA DE COOKIES De acordo com o disposto no artigo 22.2 da Lei 34\/2002, de 11 de julho, de Servi\u00e7os da Sociedade da Informa\u00e7\u00e3o e Com\u00e9rcio Eletr\u00f3nico (LSSI-CE) em vigor, a VICORQUIMIA SA deve cumprir a obriga\u00e7\u00e3o de informar sobre os cookies que utiliza e as suas finalidades. Este s\u00edtio Web utiliza cookies e\/ou tecnologias [&hellip;]<\/p>\n","protected":false},"author":1,"featured_media":0,"parent":0,"menu_order":0,"comment_status":"closed","ping_status":"closed","template":"","meta":{"_acf_changed":false,"footnotes":""},"class_list":["post-2123","page","type-page","status-publish","hentry"],"acf":[],"yoast_head":"<!-- This site is optimized with the Yoast SEO plugin v27.4 - https:\/\/yoast.com\/product\/yoast-seo-wordpress\/ -->\n<title>Pol\u00edtica de cookies - Agrolac<\/title>\n<meta name=\"description\" content=\"Informa-te sobre a utiliza\u00e7\u00e3o de cookies no site da VICORQUIMIA SA: tipos, finalidade, consentimento e como geri-los a partir do teu browser.\" \/>\n<meta name=\"robots\" content=\"index, follow, max-snippet:-1, max-image-preview:large, max-video-preview:-1\" \/>\n<link rel=\"canonical\" href=\"https:\/\/peru.agrolac.com\/pt-pt\/politica-de-cookies\/\" \/>\n<meta property=\"og:locale\" content=\"pt_PT\" \/>\n<meta property=\"og:type\" content=\"article\" \/>\n<meta property=\"og:title\" content=\"Pol\u00edtica de cookies - Agrolac\" \/>\n<meta property=\"og:description\" content=\"Informa-te sobre a utiliza\u00e7\u00e3o de cookies no site da VICORQUIMIA SA: tipos, finalidade, consentimento e como geri-los a partir do teu browser.\" \/>\n<meta property=\"og:url\" content=\"https:\/\/peru.agrolac.com\/pt-pt\/politica-de-cookies\/\" \/>\n<meta property=\"og:site_name\" content=\"Agrolac\" \/>\n<meta property=\"article:modified_time\" content=\"2025-08-22T11:45:11+00:00\" \/>\n<meta name=\"twitter:card\" content=\"summary_large_image\" \/>\n<meta name=\"twitter:label1\" content=\"Tempo estimado de leitura\" \/>\n\t<meta name=\"twitter:data1\" content=\"7 minutos\" \/>\n<script type=\"application\/ld+json\" class=\"yoast-schema-graph\">{\"@context\":\"https:\\\/\\\/schema.org\",\"@graph\":[{\"@type\":\"WebPage\",\"@id\":\"https:\\\/\\\/peru.agrolac.com\\\/pt-pt\\\/politica-de-cookies\\\/\",\"url\":\"https:\\\/\\\/peru.agrolac.com\\\/pt-pt\\\/politica-de-cookies\\\/\",\"name\":\"Pol\u00edtica de cookies - Agrolac\",\"isPartOf\":{\"@id\":\"https:\\\/\\\/peru.agrolac.com\\\/pt-pt\\\/#website\"},\"datePublished\":\"2023-04-27T15:11:17+00:00\",\"dateModified\":\"2025-08-22T11:45:11+00:00\",\"description\":\"Informa-te sobre a utiliza\u00e7\u00e3o de cookies no site da VICORQUIMIA SA: tipos, finalidade, consentimento e como geri-los a partir do teu browser.\",\"breadcrumb\":{\"@id\":\"https:\\\/\\\/peru.agrolac.com\\\/pt-pt\\\/politica-de-cookies\\\/#breadcrumb\"},\"inLanguage\":\"pt-PT\",\"potentialAction\":[{\"@type\":\"ReadAction\",\"target\":[\"https:\\\/\\\/peru.agrolac.com\\\/pt-pt\\\/politica-de-cookies\\\/\"]}]},{\"@type\":\"BreadcrumbList\",\"@id\":\"https:\\\/\\\/peru.agrolac.com\\\/pt-pt\\\/politica-de-cookies\\\/#breadcrumb\",\"itemListElement\":[{\"@type\":\"ListItem\",\"position\":1,\"name\":\"In\u00edcio\",\"item\":\"https:\\\/\\\/peru.agrolac.com\\\/pt-pt\\\/casa\\\/\"},{\"@type\":\"ListItem\",\"position\":2,\"name\":\"Pol\u00edtica de cookies\"}]},{\"@type\":\"WebSite\",\"@id\":\"https:\\\/\\\/peru.agrolac.com\\\/pt-pt\\\/#website\",\"url\":\"https:\\\/\\\/peru.agrolac.com\\\/pt-pt\\\/\",\"name\":\"VICORQUIMIA\",\"description\":\"Agrolac &eacute;s una empresa de Barcelona, fundada el 1982, especialitzada en distribuci&oacute; de productes agroqu&iacute;mics per a l'agricultura europea.\",\"publisher\":{\"@id\":\"https:\\\/\\\/peru.agrolac.com\\\/pt-pt\\\/#organization\"},\"potentialAction\":[{\"@type\":\"SearchAction\",\"target\":{\"@type\":\"EntryPoint\",\"urlTemplate\":\"https:\\\/\\\/peru.agrolac.com\\\/pt-pt\\\/?s={search_term_string}\"},\"query-input\":{\"@type\":\"PropertyValueSpecification\",\"valueRequired\":true,\"valueName\":\"search_term_string\"}}],\"inLanguage\":\"pt-PT\"},{\"@type\":\"Organization\",\"@id\":\"https:\\\/\\\/peru.agrolac.com\\\/pt-pt\\\/#organization\",\"name\":\"VICORQUIMIA\",\"url\":\"https:\\\/\\\/peru.agrolac.com\\\/pt-pt\\\/\",\"logo\":{\"@type\":\"ImageObject\",\"inLanguage\":\"pt-PT\",\"@id\":\"https:\\\/\\\/peru.agrolac.com\\\/pt-pt\\\/#\\\/schema\\\/logo\\\/image\\\/\",\"url\":\"https:\\\/\\\/peru.agrolac.com\\\/wp-content\\\/uploads\\\/2025\\\/10\\\/agrolac-logo.svg\",\"contentUrl\":\"https:\\\/\\\/peru.agrolac.com\\\/wp-content\\\/uploads\\\/2025\\\/10\\\/agrolac-logo.svg\",\"caption\":\"VICORQUIMIA\"},\"image\":{\"@id\":\"https:\\\/\\\/peru.agrolac.com\\\/pt-pt\\\/#\\\/schema\\\/logo\\\/image\\\/\"},\"sameAs\":[\"https:\\\/\\\/www.linkedin.com\\\/company\\\/vicorquimia\\\/\"]}]}<\/script>\n<!-- \/ Yoast SEO plugin. -->","yoast_head_json":{"title":"Pol\u00edtica de cookies - Agrolac","description":"Informa-te sobre a utiliza\u00e7\u00e3o de cookies no site da VICORQUIMIA SA: tipos, finalidade, consentimento e como geri-los a partir do teu browser.","robots":{"index":"index","follow":"follow","max-snippet":"max-snippet:-1","max-image-preview":"max-image-preview:large","max-video-preview":"max-video-preview:-1"},"canonical":"https:\/\/peru.agrolac.com\/pt-pt\/politica-de-cookies\/","og_locale":"pt_PT","og_type":"article","og_title":"Pol\u00edtica de cookies - Agrolac","og_description":"Informa-te sobre a utiliza\u00e7\u00e3o de cookies no site da VICORQUIMIA SA: tipos, finalidade, consentimento e como geri-los a partir do teu browser.","og_url":"https:\/\/peru.agrolac.com\/pt-pt\/politica-de-cookies\/","og_site_name":"Agrolac","article_modified_time":"2025-08-22T11:45:11+00:00","twitter_card":"summary_large_image","twitter_misc":{"Tempo estimado de leitura":"7 minutos"},"schema":{"@context":"https:\/\/schema.org","@graph":[{"@type":"WebPage","@id":"https:\/\/peru.agrolac.com\/pt-pt\/politica-de-cookies\/","url":"https:\/\/peru.agrolac.com\/pt-pt\/politica-de-cookies\/","name":"Pol\u00edtica de cookies - Agrolac","isPartOf":{"@id":"https:\/\/peru.agrolac.com\/pt-pt\/#website"},"datePublished":"2023-04-27T15:11:17+00:00","dateModified":"2025-08-22T11:45:11+00:00","description":"Informa-te sobre a utiliza\u00e7\u00e3o de cookies no site da VICORQUIMIA SA: tipos, finalidade, consentimento e como geri-los a partir do teu browser.","breadcrumb":{"@id":"https:\/\/peru.agrolac.com\/pt-pt\/politica-de-cookies\/#breadcrumb"},"inLanguage":"pt-PT","potentialAction":[{"@type":"ReadAction","target":["https:\/\/peru.agrolac.com\/pt-pt\/politica-de-cookies\/"]}]},{"@type":"BreadcrumbList","@id":"https:\/\/peru.agrolac.com\/pt-pt\/politica-de-cookies\/#breadcrumb","itemListElement":[{"@type":"ListItem","position":1,"name":"In\u00edcio","item":"https:\/\/peru.agrolac.com\/pt-pt\/casa\/"},{"@type":"ListItem","position":2,"name":"Pol\u00edtica de cookies"}]},{"@type":"WebSite","@id":"https:\/\/peru.agrolac.com\/pt-pt\/#website","url":"https:\/\/peru.agrolac.com\/pt-pt\/","name":"VICORQUIMIA","description":"Agrolac &eacute;s una empresa de Barcelona, fundada el 1982, especialitzada en distribuci&oacute; de productes agroqu&iacute;mics per a l'agricultura europea.","publisher":{"@id":"https:\/\/peru.agrolac.com\/pt-pt\/#organization"},"potentialAction":[{"@type":"SearchAction","target":{"@type":"EntryPoint","urlTemplate":"https:\/\/peru.agrolac.com\/pt-pt\/?s={search_term_string}"},"query-input":{"@type":"PropertyValueSpecification","valueRequired":true,"valueName":"search_term_string"}}],"inLanguage":"pt-PT"},{"@type":"Organization","@id":"https:\/\/peru.agrolac.com\/pt-pt\/#organization","name":"VICORQUIMIA","url":"https:\/\/peru.agrolac.com\/pt-pt\/","logo":{"@type":"ImageObject","inLanguage":"pt-PT","@id":"https:\/\/peru.agrolac.com\/pt-pt\/#\/schema\/logo\/image\/","url":"https:\/\/peru.agrolac.com\/wp-content\/uploads\/2025\/10\/agrolac-logo.svg","contentUrl":"https:\/\/peru.agrolac.com\/wp-content\/uploads\/2025\/10\/agrolac-logo.svg","caption":"VICORQUIMIA"},"image":{"@id":"https:\/\/peru.agrolac.com\/pt-pt\/#\/schema\/logo\/image\/"},"sameAs":["https:\/\/www.linkedin.com\/company\/vicorquimia\/"]}]}},"_links":{"self":[{"href":"https:\/\/peru.agrolac.com\/pt-pt\/wp-json\/wp\/v2\/pages\/2123","targetHints":{"allow":["GET"]}}],"collection":[{"href":"https:\/\/peru.agrolac.com\/pt-pt\/wp-json\/wp\/v2\/pages"}],"about":[{"href":"https:\/\/peru.agrolac.com\/pt-pt\/wp-json\/wp\/v2\/types\/page"}],"author":[{"embeddable":true,"href":"https:\/\/peru.agrolac.com\/pt-pt\/wp-json\/wp\/v2\/users\/1"}],"replies":[{"embeddable":true,"href":"https:\/\/peru.agrolac.com\/pt-pt\/wp-json\/wp\/v2\/comments?post=2123"}],"version-history":[{"count":6,"href":"https:\/\/peru.agrolac.com\/pt-pt\/wp-json\/wp\/v2\/pages\/2123\/revisions"}],"predecessor-version":[{"id":2906,"href":"https:\/\/peru.agrolac.com\/pt-pt\/wp-json\/wp\/v2\/pages\/2123\/revisions\/2906"}],"wp:attachment":[{"href":"https:\/\/peru.agrolac.com\/pt-pt\/wp-json\/wp\/v2\/media?parent=2123"}],"curies":[{"name":"wp","href":"https:\/\/api.w.org\/{rel}","templated":true}]}}