{"id":2121,"date":"2023-04-27T16:46:31","date_gmt":"2023-04-27T14:46:31","guid":{"rendered":"https:\/\/peru.agrolac.com\/contacto\/"},"modified":"2026-03-01T11:56:14","modified_gmt":"2026-03-01T10:56:14","slug":"contacto","status":"publish","type":"page","link":"https:\/\/peru.agrolac.com\/pt-pt\/contacto\/","title":{"rendered":"Contacto"},"content":{"rendered":"\t\t<div data-elementor-type=\"wp-page\" data-elementor-id=\"2121\" class=\"elementor elementor-2121 elementor-284\" data-elementor-post-type=\"page\">\n\t\t\t\t<div class=\"elementor-element elementor-element-ef4f9e5 e-grid e-con-boxed e-con e-parent\" data-id=\"ef4f9e5\" data-element_type=\"container\" data-e-type=\"container\">\n\t\t\t\t\t<div class=\"e-con-inner\">\n\t\t\t\t<div class=\"elementor-element elementor-element-7d7c13e elementor-widget elementor-widget-text-editor\" data-id=\"7d7c13e\" data-element_type=\"widget\" data-e-type=\"widget\" data-widget_type=\"text-editor.default\">\n\t\t\t\t<div class=\"elementor-widget-container\">\n\t\t\t\t\t\t\t\t\t<h4>SERVI\u00c7OS CENTRAIS<\/h4><p>Av. dels Vents 9-13, Escalera A 6o 1a Badalona 08917 (Barcelona &#8211; ES)<\/p><p><strong>Tel.<\/strong>  (+34) 932 011 222<\/p><p><a href=\"mailto:info@vicorquimia.com\">info@agrolac.com<\/a><\/p><p><strong>Comercial:<\/strong> <a href=\"mailto:comercial@vicorquimia.com\">comercial@agrolac.com<\/a><\/p><p><strong>Log\u00edstica:<\/strong> <a href=\"mailto:logistica@vicorquimia.com\">logistica@agrolac.com<\/a><\/p><p><strong>Contabilidade:<\/strong> <a href=\"mailto:contabilidad@vicorquimia.com\">contabilidad@agrolac.com<\/a><\/p>\t\t\t\t\t\t\t\t<\/div>\n\t\t\t\t<\/div>\n\t\t<div class=\"elementor-element elementor-element-eca547b e-con-full e-flex e-con e-child\" data-id=\"eca547b\" data-element_type=\"container\" data-e-type=\"container\">\n\t\t\t\t<div class=\"elementor-element elementor-element-8728e65 elementor-widget elementor-widget-google_maps\" data-id=\"8728e65\" data-element_type=\"widget\" data-e-type=\"widget\" data-widget_type=\"google_maps.default\">\n\t\t\t\t<div class=\"elementor-widget-container\">\n\t\t\t\t\t\t\t<div class=\"elementor-custom-embed\">\n\t\t\t<iframe loading=\"lazy\"\n\t\t\t\t\tsrc=\"https:\/\/maps.google.com\/maps?q=Av.%20dels%20Vents%209%2C%20%20Badalona%2008917%20%28Barcelona%20%E2%80%93%20ES%29&#038;t=m&#038;z=18&#038;output=embed&#038;iwloc=near\"\n\t\t\t\t\ttitle=\"Av. dels Vents 9,  Badalona 08917 (Barcelona \u2013 ES)\"\n\t\t\t\t\taria-label=\"Av. dels Vents 9,  Badalona 08917 (Barcelona \u2013 ES)\"\n\t\t\t><\/iframe>\n\t\t<\/div>\n\t\t\t\t\t\t<\/div>\n\t\t\t\t<\/div>\n\t\t\t\t<\/div>\n\t\t\t\t\t<\/div>\n\t\t\t\t<\/div>\n\t\t<div class=\"elementor-element elementor-element-2dd61c1 e-flex e-con-boxed e-con e-parent\" data-id=\"2dd61c1\" data-element_type=\"container\" data-e-type=\"container\">\n\t\t\t\t\t<div class=\"e-con-inner\">\n\t\t<div class=\"elementor-element elementor-element-e386b96 e-con-full e-flex e-con e-child\" data-id=\"e386b96\" data-element_type=\"container\" data-e-type=\"container\">\n\t\t<div class=\"elementor-element elementor-element-2208341 e-con-full e-flex e-con e-child\" data-id=\"2208341\" data-element_type=\"container\" data-e-type=\"container\">\n\t\t\t\t<div class=\"elementor-element elementor-element-7964802 elementor-widget elementor-widget-heading\" data-id=\"7964802\" data-element_type=\"widget\" data-e-type=\"widget\" data-widget_type=\"heading.default\">\n\t\t\t\t<div class=\"elementor-widget-container\">\n\t\t\t\t\t<h2 class=\"elementor-heading-title elementor-size-default\">Envia-nos o teu pedido de informa\u00e7\u00e3o<\/h2>\t\t\t\t<\/div>\n\t\t\t\t<\/div>\n\t\t\t\t<div class=\"elementor-element elementor-element-0109ed1 elementor-widget elementor-widget-text-editor\" data-id=\"0109ed1\" data-element_type=\"widget\" data-e-type=\"widget\" data-widget_type=\"text-editor.default\">\n\t\t\t\t<div class=\"elementor-widget-container\">\n\t\t\t\t\t\t\t\t\t<p>Preenche o formul\u00e1rio e entraremos em contacto contigo em breve. Teremos todo o prazer em ajudar-te. <\/p>\t\t\t\t\t\t\t\t<\/div>\n\t\t\t\t<\/div>\n\t\t\t\t<div class=\"elementor-element elementor-element-5e3bf96 elementor-button-align-stretch elementor-widget elementor-widget-form\" data-id=\"5e3bf96\" data-element_type=\"widget\" data-e-type=\"widget\" data-settings=\"{&quot;step_next_label&quot;:&quot;Seguinte&quot;,&quot;step_previous_label&quot;:&quot;Anterior&quot;,&quot;button_width&quot;:&quot;100&quot;,&quot;step_type&quot;:&quot;number_text&quot;,&quot;step_icon_shape&quot;:&quot;circle&quot;}\" data-widget_type=\"form.default\">\n\t\t\t\t<div class=\"elementor-widget-container\">\n\t\t\t\t\t\t\t<form class=\"elementor-form\" method=\"post\" name=\"Geral\" aria-label=\"Geral\">\n\t\t\t<input type=\"hidden\" name=\"post_id\" value=\"2121\"\/>\n\t\t\t<input type=\"hidden\" name=\"form_id\" value=\"5e3bf96\"\/>\n\t\t\t<input type=\"hidden\" name=\"referer_title\" value=\"Contacto - Agrolac\" \/>\n\n\t\t\t\t\t\t\t<input type=\"hidden\" name=\"queried_id\" value=\"2121\"\/>\n\t\t\t\n\t\t\t<div class=\"elementor-form-fields-wrapper elementor-labels-\">\n\t\t\t\t\t\t\t\t<div class=\"elementor-field-type-text elementor-field-group elementor-column elementor-field-group-name elementor-col-100 elementor-field-required\">\n\t\t\t\t\t\t\t\t\t\t\t\t<label for=\"form-field-name\" class=\"elementor-field-label elementor-screen-only\">\n\t\t\t\t\t\t\t\tNome\t\t\t\t\t\t\t<\/label>\n\t\t\t\t\t\t\t\t\t\t\t\t\t\t<input size=\"1\" type=\"text\" name=\"form_fields[name]\" id=\"form-field-name\" class=\"elementor-field elementor-size-md  elementor-field-textual\" placeholder=\"Nome\" required=\"required\">\n\t\t\t\t\t\t\t\t\t\t\t<\/div>\n\t\t\t\t\t\t\t\t<div class=\"elementor-field-type-email elementor-field-group elementor-column elementor-field-group-email elementor-col-100 elementor-field-required\">\n\t\t\t\t\t\t\t\t\t\t\t\t<label for=\"form-field-email\" class=\"elementor-field-label elementor-screen-only\">\n\t\t\t\t\t\t\t\tCorreio eletr\u00f3nico\t\t\t\t\t\t\t<\/label>\n\t\t\t\t\t\t\t\t\t\t\t\t\t\t<input size=\"1\" type=\"email\" name=\"form_fields[email]\" id=\"form-field-email\" class=\"elementor-field elementor-size-md  elementor-field-textual\" placeholder=\"Correio eletr\u00f3nico\" required=\"required\">\n\t\t\t\t\t\t\t\t\t\t\t<\/div>\n\t\t\t\t\t\t\t\t<div class=\"elementor-field-type-textarea elementor-field-group elementor-column elementor-field-group-message elementor-col-100 elementor-field-required\">\n\t\t\t\t\t\t\t\t\t\t\t\t<label for=\"form-field-message\" class=\"elementor-field-label elementor-screen-only\">\n\t\t\t\t\t\t\t\tMensagem\t\t\t\t\t\t\t<\/label>\n\t\t\t\t\t\t<textarea class=\"elementor-field-textual elementor-field  elementor-size-md\" name=\"form_fields[message]\" id=\"form-field-message\" rows=\"4\" placeholder=\"Mensagem\" required=\"required\"><\/textarea>\t\t\t\t<\/div>\n\t\t\t\t\t\t\t\t<div class=\"elementor-field-type-acceptance elementor-field-group elementor-column elementor-field-group-field_4b0ac6d elementor-col-100 elementor-field-required\">\n\t\t\t\t\t\t\t<div class=\"elementor-field-subgroup\">\n\t\t\t<span class=\"elementor-field-option\">\n\t\t\t\t<input type=\"checkbox\" name=\"form_fields[field_4b0ac6d]\" id=\"form-field-field_4b0ac6d\" class=\"elementor-field elementor-size-md  elementor-acceptance-field\" required=\"required\">\n\t\t\t\t<label for=\"form-field-field_4b0ac6d\">Aceito a <a href=\"https:\/\/peru.agrolac.com\/pt-pt\/politica-de-privacidade\/\">pol\u00edtica de privacidade<\/a><\/label>\t\t\t<\/span>\n\t\t<\/div>\n\t\t\t\t\t\t<\/div>\n\t\t\t\t\t\t\t\t<div class=\"elementor-field-type-recaptcha_v3 elementor-field-group elementor-column elementor-field-group-field_a8745b9 elementor-col-100 recaptcha_v3-bottomright\">\n\t\t\t\t\t<div class=\"elementor-field\" id=\"form-field-field_a8745b9\"><div class=\"elementor-g-recaptcha\" data-sitekey=\"6LfH5aQrAAAAAGLwu2224h7uCtmpEppfbeY5GYhg\" data-type=\"v3\" data-action=\"Form\" data-badge=\"bottomright\" data-size=\"invisible\"><\/div><\/div>\t\t\t\t<\/div>\n\t\t\t\t\t\t\t\t<div class=\"elementor-field-type-text\">\n\t\t\t\t\t<input size=\"1\" type=\"text\" name=\"form_fields[field_a8ac65d]\" id=\"form-field-field_a8ac65d\" class=\"elementor-field elementor-size-md \" style=\"display:none !important;\">\t\t\t\t<\/div>\n\t\t\t\t\t\t\t\t<div class=\"elementor-field-group elementor-column elementor-field-type-submit elementor-col-100 e-form__buttons\">\n\t\t\t\t\t<button class=\"elementor-button elementor-size-md\" type=\"submit\">\n\t\t\t\t\t\t<span class=\"elementor-button-content-wrapper\">\n\t\t\t\t\t\t\t\t\t\t\t\t\t\t\t\t\t\t\t\t\t\t<span class=\"elementor-button-text\">ENVIA<\/span>\n\t\t\t\t\t\t\t\t\t\t\t\t\t<\/span>\n\t\t\t\t\t<\/button>\n\t\t\t\t<\/div>\n\t\t\t<\/div>\n\t\t<\/form>\n\t\t\t\t\t\t<\/div>\n\t\t\t\t<\/div>\n\t\t\t\t<\/div>\n\t\t\t\t<\/div>\n\t\t\t\t\t<\/div>\n\t\t\t\t<\/div>\n\t\t\t\t<\/div>\n\t\t","protected":false},"excerpt":{"rendered":"<p>SERVI\u00c7OS CENTRAIS Av. dels Vents 9-13, Escalera A 6o 1a Badalona 08917 (Barcelona &#8211; ES) Tel. (+34) 932 011 222 info@agrolac.com Comercial: comercial@agrolac.com Log\u00edstica: logistica@agrolac.com Contabilidade: contabilidad@agrolac.com Envia-nos o teu pedido de informa\u00e7\u00e3o Preenche o formul\u00e1rio e entraremos em contacto contigo em breve. Teremos todo o prazer em ajudar-te.<\/p>\n","protected":false},"author":1,"featured_media":3517,"parent":0,"menu_order":0,"comment_status":"closed","ping_status":"closed","template":"","meta":{"_acf_changed":false,"footnotes":""},"class_list":["post-2121","page","type-page","status-publish","has-post-thumbnail","hentry"],"acf":[],"yoast_head":"<!-- This site is optimized with the Yoast SEO plugin v27.4 - https:\/\/yoast.com\/product\/yoast-seo-wordpress\/ -->\n<title>Contacto - Agrolac<\/title>\n<meta name=\"description\" content=\"Contacta a Agrolac para resolver as tuas d\u00favidas, pedir informa\u00e7\u00f5es ou iniciar uma colabora\u00e7\u00e3o.\" \/>\n<meta name=\"robots\" content=\"index, follow, max-snippet:-1, max-image-preview:large, max-video-preview:-1\" \/>\n<link rel=\"canonical\" href=\"https:\/\/peru.agrolac.com\/pt-pt\/contacto\/\" \/>\n<meta property=\"og:locale\" content=\"pt_PT\" \/>\n<meta property=\"og:type\" content=\"article\" \/>\n<meta property=\"og:title\" content=\"Contacto - Agrolac\" \/>\n<meta property=\"og:description\" content=\"Contacta a Agrolac para resolver as tuas d\u00favidas, pedir informa\u00e7\u00f5es ou iniciar uma colabora\u00e7\u00e3o.\" \/>\n<meta property=\"og:url\" content=\"https:\/\/peru.agrolac.com\/pt-pt\/contacto\/\" \/>\n<meta property=\"og:site_name\" content=\"Agrolac\" \/>\n<meta property=\"article:modified_time\" content=\"2026-03-01T10:56:14+00:00\" \/>\n<meta property=\"og:image\" content=\"https:\/\/peru.agrolac.com\/wp-content\/uploads\/2025\/10\/badge-producir-mas.png\" \/>\n\t<meta property=\"og:image:width\" content=\"396\" \/>\n\t<meta property=\"og:image:height\" content=\"396\" \/>\n\t<meta property=\"og:image:type\" content=\"image\/png\" \/>\n<meta name=\"twitter:card\" content=\"summary_large_image\" \/>\n<script type=\"application\/ld+json\" class=\"yoast-schema-graph\">{\"@context\":\"https:\\\/\\\/schema.org\",\"@graph\":[{\"@type\":\"WebPage\",\"@id\":\"https:\\\/\\\/peru.agrolac.com\\\/pt-pt\\\/contacto\\\/\",\"url\":\"https:\\\/\\\/peru.agrolac.com\\\/pt-pt\\\/contacto\\\/\",\"name\":\"Contacto - Agrolac\",\"isPartOf\":{\"@id\":\"https:\\\/\\\/peru.agrolac.com\\\/pt-pt\\\/#website\"},\"primaryImageOfPage\":{\"@id\":\"https:\\\/\\\/peru.agrolac.com\\\/pt-pt\\\/contacto\\\/#primaryimage\"},\"image\":{\"@id\":\"https:\\\/\\\/peru.agrolac.com\\\/pt-pt\\\/contacto\\\/#primaryimage\"},\"thumbnailUrl\":\"https:\\\/\\\/peru.agrolac.com\\\/wp-content\\\/uploads\\\/2025\\\/10\\\/badge-producir-mas.png\",\"datePublished\":\"2023-04-27T14:46:31+00:00\",\"dateModified\":\"2026-03-01T10:56:14+00:00\",\"description\":\"Contacta a Agrolac para resolver as tuas d\u00favidas, pedir informa\u00e7\u00f5es ou iniciar uma colabora\u00e7\u00e3o.\",\"breadcrumb\":{\"@id\":\"https:\\\/\\\/peru.agrolac.com\\\/pt-pt\\\/contacto\\\/#breadcrumb\"},\"inLanguage\":\"pt-PT\",\"potentialAction\":[{\"@type\":\"ReadAction\",\"target\":[\"https:\\\/\\\/peru.agrolac.com\\\/pt-pt\\\/contacto\\\/\"]}]},{\"@type\":\"ImageObject\",\"inLanguage\":\"pt-PT\",\"@id\":\"https:\\\/\\\/peru.agrolac.com\\\/pt-pt\\\/contacto\\\/#primaryimage\",\"url\":\"https:\\\/\\\/peru.agrolac.com\\\/wp-content\\\/uploads\\\/2025\\\/10\\\/badge-producir-mas.png\",\"contentUrl\":\"https:\\\/\\\/peru.agrolac.com\\\/wp-content\\\/uploads\\\/2025\\\/10\\\/badge-producir-mas.png\",\"width\":396,\"height\":396},{\"@type\":\"BreadcrumbList\",\"@id\":\"https:\\\/\\\/peru.agrolac.com\\\/pt-pt\\\/contacto\\\/#breadcrumb\",\"itemListElement\":[{\"@type\":\"ListItem\",\"position\":1,\"name\":\"In\u00edcio\",\"item\":\"https:\\\/\\\/peru.agrolac.com\\\/pt-pt\\\/casa\\\/\"},{\"@type\":\"ListItem\",\"position\":2,\"name\":\"Contacto\"}]},{\"@type\":\"WebSite\",\"@id\":\"https:\\\/\\\/peru.agrolac.com\\\/pt-pt\\\/#website\",\"url\":\"https:\\\/\\\/peru.agrolac.com\\\/pt-pt\\\/\",\"name\":\"VICORQUIMIA\",\"description\":\"Agrolac &eacute;s una empresa de Barcelona, fundada el 1982, especialitzada en distribuci&oacute; de productes agroqu&iacute;mics per a l'agricultura europea.\",\"publisher\":{\"@id\":\"https:\\\/\\\/peru.agrolac.com\\\/pt-pt\\\/#organization\"},\"potentialAction\":[{\"@type\":\"SearchAction\",\"target\":{\"@type\":\"EntryPoint\",\"urlTemplate\":\"https:\\\/\\\/peru.agrolac.com\\\/pt-pt\\\/?s={search_term_string}\"},\"query-input\":{\"@type\":\"PropertyValueSpecification\",\"valueRequired\":true,\"valueName\":\"search_term_string\"}}],\"inLanguage\":\"pt-PT\"},{\"@type\":\"Organization\",\"@id\":\"https:\\\/\\\/peru.agrolac.com\\\/pt-pt\\\/#organization\",\"name\":\"VICORQUIMIA\",\"url\":\"https:\\\/\\\/peru.agrolac.com\\\/pt-pt\\\/\",\"logo\":{\"@type\":\"ImageObject\",\"inLanguage\":\"pt-PT\",\"@id\":\"https:\\\/\\\/peru.agrolac.com\\\/pt-pt\\\/#\\\/schema\\\/logo\\\/image\\\/\",\"url\":\"https:\\\/\\\/peru.agrolac.com\\\/wp-content\\\/uploads\\\/2025\\\/10\\\/agrolac-logo.svg\",\"contentUrl\":\"https:\\\/\\\/peru.agrolac.com\\\/wp-content\\\/uploads\\\/2025\\\/10\\\/agrolac-logo.svg\",\"caption\":\"VICORQUIMIA\"},\"image\":{\"@id\":\"https:\\\/\\\/peru.agrolac.com\\\/pt-pt\\\/#\\\/schema\\\/logo\\\/image\\\/\"},\"sameAs\":[\"https:\\\/\\\/www.linkedin.com\\\/company\\\/vicorquimia\\\/\"]}]}<\/script>\n<!-- \/ Yoast SEO plugin. -->","yoast_head_json":{"title":"Contacto - Agrolac","description":"Contacta a Agrolac para resolver as tuas d\u00favidas, pedir informa\u00e7\u00f5es ou iniciar uma colabora\u00e7\u00e3o.","robots":{"index":"index","follow":"follow","max-snippet":"max-snippet:-1","max-image-preview":"max-image-preview:large","max-video-preview":"max-video-preview:-1"},"canonical":"https:\/\/peru.agrolac.com\/pt-pt\/contacto\/","og_locale":"pt_PT","og_type":"article","og_title":"Contacto - Agrolac","og_description":"Contacta a Agrolac para resolver as tuas d\u00favidas, pedir informa\u00e7\u00f5es ou iniciar uma colabora\u00e7\u00e3o.","og_url":"https:\/\/peru.agrolac.com\/pt-pt\/contacto\/","og_site_name":"Agrolac","article_modified_time":"2026-03-01T10:56:14+00:00","og_image":[{"width":396,"height":396,"url":"https:\/\/peru.agrolac.com\/wp-content\/uploads\/2025\/10\/badge-producir-mas.png","type":"image\/png"}],"twitter_card":"summary_large_image","schema":{"@context":"https:\/\/schema.org","@graph":[{"@type":"WebPage","@id":"https:\/\/peru.agrolac.com\/pt-pt\/contacto\/","url":"https:\/\/peru.agrolac.com\/pt-pt\/contacto\/","name":"Contacto - Agrolac","isPartOf":{"@id":"https:\/\/peru.agrolac.com\/pt-pt\/#website"},"primaryImageOfPage":{"@id":"https:\/\/peru.agrolac.com\/pt-pt\/contacto\/#primaryimage"},"image":{"@id":"https:\/\/peru.agrolac.com\/pt-pt\/contacto\/#primaryimage"},"thumbnailUrl":"https:\/\/peru.agrolac.com\/wp-content\/uploads\/2025\/10\/badge-producir-mas.png","datePublished":"2023-04-27T14:46:31+00:00","dateModified":"2026-03-01T10:56:14+00:00","description":"Contacta a Agrolac para resolver as tuas d\u00favidas, pedir informa\u00e7\u00f5es ou iniciar uma colabora\u00e7\u00e3o.","breadcrumb":{"@id":"https:\/\/peru.agrolac.com\/pt-pt\/contacto\/#breadcrumb"},"inLanguage":"pt-PT","potentialAction":[{"@type":"ReadAction","target":["https:\/\/peru.agrolac.com\/pt-pt\/contacto\/"]}]},{"@type":"ImageObject","inLanguage":"pt-PT","@id":"https:\/\/peru.agrolac.com\/pt-pt\/contacto\/#primaryimage","url":"https:\/\/peru.agrolac.com\/wp-content\/uploads\/2025\/10\/badge-producir-mas.png","contentUrl":"https:\/\/peru.agrolac.com\/wp-content\/uploads\/2025\/10\/badge-producir-mas.png","width":396,"height":396},{"@type":"BreadcrumbList","@id":"https:\/\/peru.agrolac.com\/pt-pt\/contacto\/#breadcrumb","itemListElement":[{"@type":"ListItem","position":1,"name":"In\u00edcio","item":"https:\/\/peru.agrolac.com\/pt-pt\/casa\/"},{"@type":"ListItem","position":2,"name":"Contacto"}]},{"@type":"WebSite","@id":"https:\/\/peru.agrolac.com\/pt-pt\/#website","url":"https:\/\/peru.agrolac.com\/pt-pt\/","name":"VICORQUIMIA","description":"Agrolac &eacute;s una empresa de Barcelona, fundada el 1982, especialitzada en distribuci&oacute; de productes agroqu&iacute;mics per a l'agricultura europea.","publisher":{"@id":"https:\/\/peru.agrolac.com\/pt-pt\/#organization"},"potentialAction":[{"@type":"SearchAction","target":{"@type":"EntryPoint","urlTemplate":"https:\/\/peru.agrolac.com\/pt-pt\/?s={search_term_string}"},"query-input":{"@type":"PropertyValueSpecification","valueRequired":true,"valueName":"search_term_string"}}],"inLanguage":"pt-PT"},{"@type":"Organization","@id":"https:\/\/peru.agrolac.com\/pt-pt\/#organization","name":"VICORQUIMIA","url":"https:\/\/peru.agrolac.com\/pt-pt\/","logo":{"@type":"ImageObject","inLanguage":"pt-PT","@id":"https:\/\/peru.agrolac.com\/pt-pt\/#\/schema\/logo\/image\/","url":"https:\/\/peru.agrolac.com\/wp-content\/uploads\/2025\/10\/agrolac-logo.svg","contentUrl":"https:\/\/peru.agrolac.com\/wp-content\/uploads\/2025\/10\/agrolac-logo.svg","caption":"VICORQUIMIA"},"image":{"@id":"https:\/\/peru.agrolac.com\/pt-pt\/#\/schema\/logo\/image\/"},"sameAs":["https:\/\/www.linkedin.com\/company\/vicorquimia\/"]}]}},"_links":{"self":[{"href":"https:\/\/peru.agrolac.com\/pt-pt\/wp-json\/wp\/v2\/pages\/2121","targetHints":{"allow":["GET"]}}],"collection":[{"href":"https:\/\/peru.agrolac.com\/pt-pt\/wp-json\/wp\/v2\/pages"}],"about":[{"href":"https:\/\/peru.agrolac.com\/pt-pt\/wp-json\/wp\/v2\/types\/page"}],"author":[{"embeddable":true,"href":"https:\/\/peru.agrolac.com\/pt-pt\/wp-json\/wp\/v2\/users\/1"}],"replies":[{"embeddable":true,"href":"https:\/\/peru.agrolac.com\/pt-pt\/wp-json\/wp\/v2\/comments?post=2121"}],"version-history":[{"count":7,"href":"https:\/\/peru.agrolac.com\/pt-pt\/wp-json\/wp\/v2\/pages\/2121\/revisions"}],"predecessor-version":[{"id":7583,"href":"https:\/\/peru.agrolac.com\/pt-pt\/wp-json\/wp\/v2\/pages\/2121\/revisions\/7583"}],"wp:featuredmedia":[{"embeddable":true,"href":"https:\/\/peru.agrolac.com\/pt-pt\/wp-json\/wp\/v2\/media\/3517"}],"wp:attachment":[{"href":"https:\/\/peru.agrolac.com\/pt-pt\/wp-json\/wp\/v2\/media?parent=2121"}],"curies":[{"name":"wp","href":"https:\/\/api.w.org\/{rel}","templated":true}]}}