{"id":7719,"date":"2026-01-08T21:55:22","date_gmt":"2026-01-08T20:55:22","guid":{"rendered":"https:\/\/peru.agrolac.com\/producto\/eclatement-de-lolitrap\/"},"modified":"2026-03-02T19:20:46","modified_gmt":"2026-03-02T18:20:46","slug":"eclatement-de-lolitrap","status":"publish","type":"product","link":"https:\/\/peru.agrolac.com\/fr\/producto\/eclatement-de-lolitrap\/","title":{"rendered":"\u00c9clatement de l&rsquo;Olitrap"},"content":{"rendered":"<h2>\u00c9clatement de l&rsquo;Olitrap<\/h2>\n<p><strong>RAPHAGA OLITRAP<\/strong> est un <strong>pi\u00e8ge insecticide<\/strong> formul\u00e9 avec de la <strong>deltam\u00e9thrine \u00e0 0,015 % p\/p<\/strong> (0,015 g par pi\u00e8ge), pr\u00e9par\u00e9 pour attirer la <strong>mouche de l&rsquo;olive (<em>Bactrocera oleae<\/em><\/strong> ) dans le pi\u00e8ge, o\u00f9 elle tue l&rsquo;insecte.<\/p>\n<p>Il se pr\u00e9sente sous la forme d&rsquo;un <strong>app\u00e2t pr\u00eat \u00e0 l&#8217;emploi<\/strong> et est con\u00e7u pour la <strong>capture des<\/strong> mouches des fruits de l&rsquo;olive <strong>adultes (m\u00e2les et femelles)<\/strong>.<\/p>\n<p>Le syst\u00e8me se compose d&rsquo;un <strong>pi\u00e8ge<\/strong>, d&rsquo;un <strong>couvercle impr\u00e9gn\u00e9 de deltam\u00e9thrine<\/strong> (insecticide de contact) et d&rsquo;un <strong>attractif solide<\/strong> sp\u00e9cifique pour <em>Bactrocera oleae<\/em>, qui est tr\u00e8s persistant.<\/p>\n<p>En plus de la surveillance, la conception permet de <strong>visualiser les captures<\/strong> et de <strong>surveiller la population<\/strong> sur la parcelle.<\/p>\n<h3>Caract\u00e9ristiques du produit<\/h3>\n<ul>\n<li><strong>Deltam\u00e9thrine 0,015 % p\/p<\/strong> (0,015 g par pi\u00e8ge).<\/li>\n<li>Pi\u00e8ge avec app\u00e2t int\u00e9gr\u00e9, pr\u00eat \u00e0 l&#8217;emploi.<\/li>\n<li>Convient pour la <strong>mouche de l&rsquo;olive (<em>Bactrocera oleae<\/em><\/strong>).<\/li>\n<li>Capture d&rsquo;adultes (m\u00e2les et femelles).<\/li>\n<li>Permet de contr\u00f4ler et de surveiller la population sur le terrain.<\/li>\n<\/ul>\n<h3>Mode d&rsquo;utilisation (selon les informations fournies)<\/h3>\n<ul>\n<li>Placez sur l&rsquo;<strong>arbre \u00e0 hauteur de t\u00eate<\/strong>, sur le <strong>c\u00f4t\u00e9 sud<\/strong> et dans une <strong>zone sans feuilles<\/strong>.<\/li>\n<li>Placez le pi\u00e8ge \u00e0 environ <strong>1 \u00e0 1,5 m du tronc<\/strong>.<\/li>\n<li>Placez <strong>un pi\u00e8ge par arbre.<\/strong><\/li>\n<li>Installer <strong>3 mois avant la r\u00e9colte<\/strong> et avant le d\u00e9but de l&rsquo;activit\u00e9 des mouches (avant le changement de couleur).<\/li>\n<\/ul>\n<h3>Informations sur la s\u00e9curit\u00e9<\/h3>\n<ul>\n<li><strong>EUH210 :<\/strong> Fiche de donn\u00e9es de s\u00e9curit\u00e9 disponible sur demande.<\/li>\n<li><strong>H410 :<\/strong> Tr\u00e8s toxique pour la vie aquatique avec des effets durables.<\/li>\n<li><strong>P262 :<\/strong> \u00c9viter le contact avec les yeux, la peau et les v\u00eatements.<\/li>\n<li><strong>P273 :<\/strong> \u00c9viter le rejet dans l&rsquo;environnement.<\/li>\n<li><strong>P391 :<\/strong> Recueillir le produit r\u00e9pandu.<\/li>\n<li><strong>P501 :<\/strong> \u00c9liminer le contenu et\/ou le r\u00e9cipient conform\u00e9ment \u00e0 la r\u00e9glementation sur les d\u00e9chets dangereux.<\/li>\n<\/ul>\n","protected":false},"excerpt":{"rendered":"<p>Syst\u00e8me de pi\u00e9geage pour la surveillance et le sui\u2026<\/p>\n","protected":false},"featured_media":5606,"comment_status":"closed","ping_status":"closed","template":"","meta":{"_acf_changed":false},"certificacion":[],"cultivo":[1124],"product_brand":[],"product_cat":[412],"product_tag":[],"class_list":{"0":"post-7719","1":"product","2":"type-product","3":"status-publish","4":"has-post-thumbnail","6":"cultivo-olivier","7":"product_cat-insecticides","9":"first","10":"instock","11":"shipping-taxable","12":"product-type-simple"},"acf":[],"yoast_head":"<!-- This site is optimized with the Yoast SEO plugin v27.4 - https:\/\/yoast.com\/product\/yoast-seo-wordpress\/ -->\n<title>\u00c9clatement de l&#039;Olitrap - Agrolac<\/title>\n<meta name=\"description\" content=\"\u00c9clatement de l&#039;Olitrap% est un pi\u00e8ge \u00e0 app\u00e2t \u00e0 base de deltam\u00e9thrine destin\u00e9 \u00e0 capturer les mouches adultes des olives (Bactrocera oleae). Permet de contr\u00f4ler et de surveiller la population sur le terrain.\" \/>\n<meta name=\"robots\" content=\"index, follow, max-snippet:-1, max-image-preview:large, max-video-preview:-1\" \/>\n<link rel=\"canonical\" href=\"https:\/\/peru.agrolac.com\/fr\/producto\/eclatement-de-lolitrap\/\" \/>\n<meta property=\"og:locale\" content=\"fr_FR\" \/>\n<meta property=\"og:type\" content=\"article\" \/>\n<meta property=\"og:title\" content=\"\u00c9clatement de l&#039;Olitrap - Agrolac\" \/>\n<meta property=\"og:description\" content=\"\u00c9clatement de l&#039;Olitrap% est un pi\u00e8ge \u00e0 app\u00e2t \u00e0 base de deltam\u00e9thrine destin\u00e9 \u00e0 capturer les mouches adultes des olives (Bactrocera oleae). Permet de contr\u00f4ler et de surveiller la population sur le terrain.\" \/>\n<meta property=\"og:url\" content=\"https:\/\/peru.agrolac.com\/fr\/producto\/eclatement-de-lolitrap\/\" \/>\n<meta property=\"og:site_name\" content=\"Agrolac\" \/>\n<meta property=\"article:modified_time\" content=\"2026-03-02T18:20:46+00:00\" \/>\n<meta property=\"og:image\" content=\"https:\/\/peru.agrolac.com\/wp-content\/uploads\/2025\/10\/rafaga-olitrap-campo-olivos-detalle.webp\" \/>\n\t<meta property=\"og:image:width\" content=\"1500\" \/>\n\t<meta property=\"og:image:height\" content=\"1001\" \/>\n\t<meta property=\"og:image:type\" content=\"image\/webp\" \/>\n<meta name=\"twitter:card\" content=\"summary_large_image\" \/>\n<meta name=\"twitter:label1\" content=\"Dur\u00e9e de lecture estim\u00e9e\" \/>\n\t<meta name=\"twitter:data1\" content=\"2 minutes\" \/>\n<script type=\"application\/ld+json\" class=\"yoast-schema-graph\">{\"@context\":\"https:\\\/\\\/schema.org\",\"@graph\":[{\"@type\":\"WebPage\",\"@id\":\"https:\\\/\\\/peru.agrolac.com\\\/fr\\\/producto\\\/eclatement-de-lolitrap\\\/\",\"url\":\"https:\\\/\\\/peru.agrolac.com\\\/fr\\\/producto\\\/eclatement-de-lolitrap\\\/\",\"name\":\"\u00c9clatement de l'Olitrap - Agrolac\",\"isPartOf\":{\"@id\":\"https:\\\/\\\/peru.agrolac.com\\\/fr\\\/#website\"},\"primaryImageOfPage\":{\"@id\":\"https:\\\/\\\/peru.agrolac.com\\\/fr\\\/producto\\\/eclatement-de-lolitrap\\\/#primaryimage\"},\"image\":{\"@id\":\"https:\\\/\\\/peru.agrolac.com\\\/fr\\\/producto\\\/eclatement-de-lolitrap\\\/#primaryimage\"},\"thumbnailUrl\":\"https:\\\/\\\/peru.agrolac.com\\\/wp-content\\\/uploads\\\/2025\\\/10\\\/rafaga-olitrap-campo-olivos-detalle.webp\",\"datePublished\":\"2026-01-08T20:55:22+00:00\",\"dateModified\":\"2026-03-02T18:20:46+00:00\",\"description\":\"\u00c9clatement de l'Olitrap% est un pi\u00e8ge \u00e0 app\u00e2t \u00e0 base de deltam\u00e9thrine destin\u00e9 \u00e0 capturer les mouches adultes des olives (Bactrocera oleae). Permet de contr\u00f4ler et de surveiller la population sur le terrain.\",\"breadcrumb\":{\"@id\":\"https:\\\/\\\/peru.agrolac.com\\\/fr\\\/producto\\\/eclatement-de-lolitrap\\\/#breadcrumb\"},\"inLanguage\":\"fr-FR\",\"potentialAction\":[{\"@type\":\"ReadAction\",\"target\":[\"https:\\\/\\\/peru.agrolac.com\\\/fr\\\/producto\\\/eclatement-de-lolitrap\\\/\"]}]},{\"@type\":\"ImageObject\",\"inLanguage\":\"fr-FR\",\"@id\":\"https:\\\/\\\/peru.agrolac.com\\\/fr\\\/producto\\\/eclatement-de-lolitrap\\\/#primaryimage\",\"url\":\"https:\\\/\\\/peru.agrolac.com\\\/wp-content\\\/uploads\\\/2025\\\/10\\\/rafaga-olitrap-campo-olivos-detalle.webp\",\"contentUrl\":\"https:\\\/\\\/peru.agrolac.com\\\/wp-content\\\/uploads\\\/2025\\\/10\\\/rafaga-olitrap-campo-olivos-detalle.webp\",\"width\":1500,\"height\":1001},{\"@type\":\"BreadcrumbList\",\"@id\":\"https:\\\/\\\/peru.agrolac.com\\\/fr\\\/producto\\\/eclatement-de-lolitrap\\\/#breadcrumb\",\"itemListElement\":[{\"@type\":\"ListItem\",\"position\":1,\"name\":\"Accueil\",\"item\":\"https:\\\/\\\/peru.agrolac.com\\\/fr\\\/?page_id=1992\"},{\"@type\":\"ListItem\",\"position\":2,\"name\":\"Produits\",\"item\":\"https:\\\/\\\/peru.agrolac.com\\\/fr\\\/?page_id=4142\"},{\"@type\":\"ListItem\",\"position\":3,\"name\":\"Insecticides\",\"item\":\"https:\\\/\\\/peru.agrolac.com\\\/fr\\\/categoria-producto\\\/insecticides\\\/\"},{\"@type\":\"ListItem\",\"position\":4,\"name\":\"\u00c9clatement de l&rsquo;Olitrap\"}]},{\"@type\":\"WebSite\",\"@id\":\"https:\\\/\\\/peru.agrolac.com\\\/fr\\\/#website\",\"url\":\"https:\\\/\\\/peru.agrolac.com\\\/fr\\\/\",\"name\":\"VICORQUIMIA\",\"description\":\"Agrolac &eacute;s una empresa de Barcelona, fundada el 1982, especialitzada en distribuci&oacute; de productes agroqu&iacute;mics per a l'agricultura europea.\",\"publisher\":{\"@id\":\"https:\\\/\\\/peru.agrolac.com\\\/fr\\\/#organization\"},\"potentialAction\":[{\"@type\":\"SearchAction\",\"target\":{\"@type\":\"EntryPoint\",\"urlTemplate\":\"https:\\\/\\\/peru.agrolac.com\\\/fr\\\/?s={search_term_string}\"},\"query-input\":{\"@type\":\"PropertyValueSpecification\",\"valueRequired\":true,\"valueName\":\"search_term_string\"}}],\"inLanguage\":\"fr-FR\"},{\"@type\":\"Organization\",\"@id\":\"https:\\\/\\\/peru.agrolac.com\\\/fr\\\/#organization\",\"name\":\"VICORQUIMIA\",\"url\":\"https:\\\/\\\/peru.agrolac.com\\\/fr\\\/\",\"logo\":{\"@type\":\"ImageObject\",\"inLanguage\":\"fr-FR\",\"@id\":\"https:\\\/\\\/peru.agrolac.com\\\/fr\\\/#\\\/schema\\\/logo\\\/image\\\/\",\"url\":\"https:\\\/\\\/peru.agrolac.com\\\/wp-content\\\/uploads\\\/2025\\\/10\\\/agrolac-logo.svg\",\"contentUrl\":\"https:\\\/\\\/peru.agrolac.com\\\/wp-content\\\/uploads\\\/2025\\\/10\\\/agrolac-logo.svg\",\"caption\":\"VICORQUIMIA\"},\"image\":{\"@id\":\"https:\\\/\\\/peru.agrolac.com\\\/fr\\\/#\\\/schema\\\/logo\\\/image\\\/\"},\"sameAs\":[\"https:\\\/\\\/www.linkedin.com\\\/company\\\/vicorquimia\\\/\"]}]}<\/script>\n<!-- \/ Yoast SEO plugin. -->","yoast_head_json":{"title":"\u00c9clatement de l'Olitrap - Agrolac","description":"\u00c9clatement de l'Olitrap% est un pi\u00e8ge \u00e0 app\u00e2t \u00e0 base de deltam\u00e9thrine destin\u00e9 \u00e0 capturer les mouches adultes des olives (Bactrocera oleae). Permet de contr\u00f4ler et de surveiller la population sur le terrain.","robots":{"index":"index","follow":"follow","max-snippet":"max-snippet:-1","max-image-preview":"max-image-preview:large","max-video-preview":"max-video-preview:-1"},"canonical":"https:\/\/peru.agrolac.com\/fr\/producto\/eclatement-de-lolitrap\/","og_locale":"fr_FR","og_type":"article","og_title":"\u00c9clatement de l'Olitrap - Agrolac","og_description":"\u00c9clatement de l'Olitrap% est un pi\u00e8ge \u00e0 app\u00e2t \u00e0 base de deltam\u00e9thrine destin\u00e9 \u00e0 capturer les mouches adultes des olives (Bactrocera oleae). Permet de contr\u00f4ler et de surveiller la population sur le terrain.","og_url":"https:\/\/peru.agrolac.com\/fr\/producto\/eclatement-de-lolitrap\/","og_site_name":"Agrolac","article_modified_time":"2026-03-02T18:20:46+00:00","og_image":[{"width":1500,"height":1001,"url":"https:\/\/peru.agrolac.com\/wp-content\/uploads\/2025\/10\/rafaga-olitrap-campo-olivos-detalle.webp","type":"image\/webp"}],"twitter_card":"summary_large_image","twitter_misc":{"Dur\u00e9e de lecture estim\u00e9e":"2 minutes"},"schema":{"@context":"https:\/\/schema.org","@graph":[{"@type":"WebPage","@id":"https:\/\/peru.agrolac.com\/fr\/producto\/eclatement-de-lolitrap\/","url":"https:\/\/peru.agrolac.com\/fr\/producto\/eclatement-de-lolitrap\/","name":"\u00c9clatement de l'Olitrap - Agrolac","isPartOf":{"@id":"https:\/\/peru.agrolac.com\/fr\/#website"},"primaryImageOfPage":{"@id":"https:\/\/peru.agrolac.com\/fr\/producto\/eclatement-de-lolitrap\/#primaryimage"},"image":{"@id":"https:\/\/peru.agrolac.com\/fr\/producto\/eclatement-de-lolitrap\/#primaryimage"},"thumbnailUrl":"https:\/\/peru.agrolac.com\/wp-content\/uploads\/2025\/10\/rafaga-olitrap-campo-olivos-detalle.webp","datePublished":"2026-01-08T20:55:22+00:00","dateModified":"2026-03-02T18:20:46+00:00","description":"\u00c9clatement de l'Olitrap% est un pi\u00e8ge \u00e0 app\u00e2t \u00e0 base de deltam\u00e9thrine destin\u00e9 \u00e0 capturer les mouches adultes des olives (Bactrocera oleae). Permet de contr\u00f4ler et de surveiller la population sur le terrain.","breadcrumb":{"@id":"https:\/\/peru.agrolac.com\/fr\/producto\/eclatement-de-lolitrap\/#breadcrumb"},"inLanguage":"fr-FR","potentialAction":[{"@type":"ReadAction","target":["https:\/\/peru.agrolac.com\/fr\/producto\/eclatement-de-lolitrap\/"]}]},{"@type":"ImageObject","inLanguage":"fr-FR","@id":"https:\/\/peru.agrolac.com\/fr\/producto\/eclatement-de-lolitrap\/#primaryimage","url":"https:\/\/peru.agrolac.com\/wp-content\/uploads\/2025\/10\/rafaga-olitrap-campo-olivos-detalle.webp","contentUrl":"https:\/\/peru.agrolac.com\/wp-content\/uploads\/2025\/10\/rafaga-olitrap-campo-olivos-detalle.webp","width":1500,"height":1001},{"@type":"BreadcrumbList","@id":"https:\/\/peru.agrolac.com\/fr\/producto\/eclatement-de-lolitrap\/#breadcrumb","itemListElement":[{"@type":"ListItem","position":1,"name":"Accueil","item":"https:\/\/peru.agrolac.com\/fr\/?page_id=1992"},{"@type":"ListItem","position":2,"name":"Produits","item":"https:\/\/peru.agrolac.com\/fr\/?page_id=4142"},{"@type":"ListItem","position":3,"name":"Insecticides","item":"https:\/\/peru.agrolac.com\/fr\/categoria-producto\/insecticides\/"},{"@type":"ListItem","position":4,"name":"\u00c9clatement de l&rsquo;Olitrap"}]},{"@type":"WebSite","@id":"https:\/\/peru.agrolac.com\/fr\/#website","url":"https:\/\/peru.agrolac.com\/fr\/","name":"VICORQUIMIA","description":"Agrolac &eacute;s una empresa de Barcelona, fundada el 1982, especialitzada en distribuci&oacute; de productes agroqu&iacute;mics per a l'agricultura europea.","publisher":{"@id":"https:\/\/peru.agrolac.com\/fr\/#organization"},"potentialAction":[{"@type":"SearchAction","target":{"@type":"EntryPoint","urlTemplate":"https:\/\/peru.agrolac.com\/fr\/?s={search_term_string}"},"query-input":{"@type":"PropertyValueSpecification","valueRequired":true,"valueName":"search_term_string"}}],"inLanguage":"fr-FR"},{"@type":"Organization","@id":"https:\/\/peru.agrolac.com\/fr\/#organization","name":"VICORQUIMIA","url":"https:\/\/peru.agrolac.com\/fr\/","logo":{"@type":"ImageObject","inLanguage":"fr-FR","@id":"https:\/\/peru.agrolac.com\/fr\/#\/schema\/logo\/image\/","url":"https:\/\/peru.agrolac.com\/wp-content\/uploads\/2025\/10\/agrolac-logo.svg","contentUrl":"https:\/\/peru.agrolac.com\/wp-content\/uploads\/2025\/10\/agrolac-logo.svg","caption":"VICORQUIMIA"},"image":{"@id":"https:\/\/peru.agrolac.com\/fr\/#\/schema\/logo\/image\/"},"sameAs":["https:\/\/www.linkedin.com\/company\/vicorquimia\/"]}]}},"_links":{"self":[{"href":"https:\/\/peru.agrolac.com\/fr\/wp-json\/wp\/v2\/product\/7719","targetHints":{"allow":["GET"]}}],"collection":[{"href":"https:\/\/peru.agrolac.com\/fr\/wp-json\/wp\/v2\/product"}],"about":[{"href":"https:\/\/peru.agrolac.com\/fr\/wp-json\/wp\/v2\/types\/product"}],"replies":[{"embeddable":true,"href":"https:\/\/peru.agrolac.com\/fr\/wp-json\/wp\/v2\/comments?post=7719"}],"wp:featuredmedia":[{"embeddable":true,"href":"https:\/\/peru.agrolac.com\/fr\/wp-json\/wp\/v2\/media\/5606"}],"wp:attachment":[{"href":"https:\/\/peru.agrolac.com\/fr\/wp-json\/wp\/v2\/media?parent=7719"}],"wp:term":[{"taxonomy":"certificacion","embeddable":true,"href":"https:\/\/peru.agrolac.com\/fr\/wp-json\/wp\/v2\/certificacion?post=7719"},{"taxonomy":"cultivo","embeddable":true,"href":"https:\/\/peru.agrolac.com\/fr\/wp-json\/wp\/v2\/cultivo?post=7719"},{"taxonomy":"product_brand","embeddable":true,"href":"https:\/\/peru.agrolac.com\/fr\/wp-json\/wp\/v2\/product_brand?post=7719"},{"taxonomy":"product_cat","embeddable":true,"href":"https:\/\/peru.agrolac.com\/fr\/wp-json\/wp\/v2\/product_cat?post=7719"},{"taxonomy":"product_tag","embeddable":true,"href":"https:\/\/peru.agrolac.com\/fr\/wp-json\/wp\/v2\/product_tag?post=7719"}],"curies":[{"name":"wp","href":"https:\/\/api.w.org\/{rel}","templated":true}]}}