{"id":7716,"date":"2026-01-08T08:48:28","date_gmt":"2026-01-08T07:48:28","guid":{"rendered":"https:\/\/peru.agrolac.com\/producto\/sinstar\/"},"modified":"2026-03-02T19:20:23","modified_gmt":"2026-03-02T18:20:23","slug":"sinstar","status":"publish","type":"product","link":"https:\/\/peru.agrolac.com\/fr\/producto\/sinstar\/","title":{"rendered":"SINSTAR\u00ae."},"content":{"rendered":"<h2>SINSTAR\u00ae.<\/h2>\n<p><strong>SINSTAR\u00ae<\/strong> est un <strong>fongicide \u00e0 large spectre<\/strong> formul\u00e9 sous forme de <strong>suspension concentr\u00e9e (SC)<\/strong> \u00e0 base d&rsquo;<strong>azoxystrobine 25% w\/v (250 g\/L<\/strong>), dont l&rsquo;utilisation est autoris\u00e9e sur le <strong>bl\u00e9, l&rsquo;orge, la vigne et la tomate<\/strong>.<\/p>\n<p>Il s&rsquo;agit d&rsquo;un fongicide <strong>syst\u00e9mique \u00e0 activit\u00e9 translaminaire<\/strong>, \u00e0 <strong>effet pr\u00e9ventif et curatif<\/strong>, qui pr\u00e9sente une <strong>translocation acrop\u00e9tale lente<\/strong> et une distribution uniforme sur la feuille.<\/p>\n<h3>Cultures autoris\u00e9es<\/h3>\n<p><strong>Bl\u00e9, orge, vignes et tomates.<\/strong><\/p>\n<h3>Maladies contr\u00f4l\u00e9es (selon la culture)<\/h3>\n<ul>\n<li><strong>Orge :<\/strong> helminthosporiose r\u00e9ticulaire<em>(Pyrenophora teres<\/em>), o\u00efdium<em>(Blumeria graminis<\/em>), rhynchosporiose\/maladie de la br\u00fblure<em>(Rhynchosporium secalis<\/em>) et rouille brune ou naine<em>(Puccinia hordei<\/em>).<\/li>\n<li><strong>Bl\u00e9 :<\/strong> alternaria<em>(Alternaria triticina)<\/em>, rouille stri\u00e9e<em>(Puccinia striiformis<\/em>), rouille brune<em>(Puccinia triticina<\/em>) et septoriose<em>(Zymoseptoria tritici<\/em>).<\/li>\n<li><strong>Tomate :<\/strong> alternaria<em>(Alternaria solani)<\/em>, cladosporiose<em>(Fulvia fulva<\/em>), mildiou<em>(Phytophthora infestans<\/em>) et o\u00efdium<em>(Oidium neolycopersici<\/em>).<\/li>\n<li><strong>Vigne :<\/strong> mildiou<em>(Plasmopara viticola<\/em>) et o\u00efdium<em>(Erysiphe necator<\/em>).<\/li>\n<\/ul>\n<h3>Dosage, nombre d&rsquo;applications et intervalles (selon l&rsquo;\u00e9tiquette)<\/h3>\n<ul>\n<li><strong>Bl\u00e9 et orge :<\/strong> 1 L\/ha, maximum 2 applications, 14 jours d&rsquo;intervalle, volume de pulv\u00e9risation 200-300 L\/ha.<\/li>\n<li><strong>Tomate :<\/strong> 0,8 L\/ha, maximum 2 applications, 7 jours d&rsquo;intervalle, volume de pulv\u00e9risation 200-800 L\/ha.<\/li>\n<li><strong>Vigne :<\/strong> 1 L\/ha, maximum 2 applications, 10 jours d&rsquo;intervalle, volume de pulv\u00e9risation 200-1000 L\/ha.<\/li>\n<\/ul>\n<h3>Mode et calendrier d&rsquo;application (pulv\u00e9risation foliaire)<\/h3>\n<p>Appliquer par <strong>pulv\u00e9risation foliaire<\/strong>, en respectant les conditions indiqu\u00e9es pour chaque culture : <\/p>\n<ul>\n<li><strong>Bl\u00e9 et orge :<\/strong> de <strong>BBCH 31<\/strong> (1er n\u0153ud) \u00e0 <strong>BBCH 69<\/strong> (fin de la floraison).<\/li>\n<li><strong>Tomate :<\/strong> \u00e0 partir de la <strong>troisi\u00e8me inflorescence (premi\u00e8re fleur ouverte)<\/strong> jusqu&rsquo;\u00e0 ce que <strong>70 % des fruits<\/strong> pr\u00e9sentent la couleur typique de la maturit\u00e9.<\/li>\n<li><strong>Vigne :<\/strong> <strong>BBCH 57<\/strong> (inflorescences d\u00e9velopp\u00e9es ; fleurs se s\u00e9parant) \u00e0 <strong>BBCH 75<\/strong> (baies de la taille d&rsquo;un pois ; grappes pendantes).<\/li>\n<\/ul>\n<h3>P\u00e9riode de s\u00e9curit\u00e9 (jours)<\/h3>\n<ul>\n<li><strong>Bl\u00e9 et orge :<\/strong> 35 jours.<\/li>\n<li><strong>Tomate :<\/strong> 3 jours.<\/li>\n<li><strong>Grapevine :<\/strong> 21 jours.<\/li>\n<\/ul>\n<h3>Observations sur l&rsquo;utilisation et la s\u00e9curit\u00e9<\/h3>\n<ul>\n<li>Tr\u00e8s toxique pour les organismes aquatiques, avec des effets nocifs \u00e0 long terme. <strong>Ne pas contaminer l&rsquo;eau<\/strong> avec le produit ou son contenant.<\/li>\n<li>Respecter les bandes tampons : <strong>5 m dans les vignobles<\/strong> et <strong>10 m avec couverture v\u00e9g\u00e9tale dans les c\u00e9r\u00e9ales et les tomates<\/strong> jusqu&rsquo;aux masses d&rsquo;eau de surface.<\/li>\n<li>Emp\u00eacher la d\u00e9rive, le ruissellement et le rejet dans l&rsquo;environnement.<\/li>\n<li>Lors de l&rsquo;application et de la manipulation de l&rsquo;\u00e9quipement, utilisez l&rsquo;<strong>\u00e9quipement de protection<\/strong> indiqu\u00e9 sur l&rsquo;\u00e9tiquette.<\/li>\n<li>N<strong>&lsquo;entrez pas dans les<\/strong> cultures trait\u00e9es tant que la pulv\u00e9risation n&rsquo;a pas s\u00e9ch\u00e9.<\/li>\n<\/ul>\n<h3>Gestion des emballages<\/h3>\n<p>Rincez vigoureusement chaque r\u00e9cipient <strong>trois fois<\/strong>, en incorporant l&rsquo;eau de rin\u00e7age dans le r\u00e9servoir du pulv\u00e9risateur, et remettez le r\u00e9cipient vide aux points de collecte autoris\u00e9s.<\/p>\n","protected":false},"excerpt":{"rendered":"<p>Fongicide syst\u00e9mique \u00e0 large spectre pour la pr\u00e9ve\u2026<\/p>\n","protected":false},"featured_media":6154,"comment_status":"closed","ping_status":"closed","template":"","meta":{"_acf_changed":false},"certificacion":[],"cultivo":[439,438,1120,1123],"product_brand":[],"product_cat":[402],"product_tag":[],"class_list":{"0":"post-7716","1":"product","2":"type-product","3":"status-publish","4":"has-post-thumbnail","6":"cultivo-cereales","7":"cultivo-horticulture","8":"cultivo-horticulture-fruitiere","9":"cultivo-vigne","10":"product_cat-fongicides","12":"first","13":"instock","14":"shipping-taxable","15":"product-type-simple"},"acf":[],"yoast_head":"<!-- This site is optimized with the Yoast SEO plugin v27.4 - https:\/\/yoast.com\/product\/yoast-seo-wordpress\/ -->\n<title>SINSTAR\u00ae. | Azoxystrobine 250 SC fongicide pour les c\u00e9r\u00e9ales, la vigne et la tomate Agrolac%%.<\/title>\n<meta name=\"description\" content=\"Fongicide \u00e0 large spectre (SC) avec azoxystrobine 250 g\/L pour le bl\u00e9, l&#039;orge, la vigne et la tomate. Lutte contre le mildiou, l&#039;o\u00efdium, la septoriose et l&#039;alternariose. Usage professionnel.\" \/>\n<meta name=\"robots\" content=\"index, follow, max-snippet:-1, max-image-preview:large, max-video-preview:-1\" \/>\n<link rel=\"canonical\" href=\"https:\/\/peru.agrolac.com\/fr\/producto\/sinstar\/\" \/>\n<meta property=\"og:locale\" content=\"fr_FR\" \/>\n<meta property=\"og:type\" content=\"article\" \/>\n<meta property=\"og:title\" content=\"SINSTAR\u00ae. | Azoxystrobine 250 SC fongicide pour les c\u00e9r\u00e9ales, la vigne et la tomate Agrolac%%.\" \/>\n<meta property=\"og:description\" content=\"Fongicide \u00e0 large spectre (SC) avec azoxystrobine 250 g\/L pour le bl\u00e9, l&#039;orge, la vigne et la tomate. Lutte contre le mildiou, l&#039;o\u00efdium, la septoriose et l&#039;alternariose. Usage professionnel.\" \/>\n<meta property=\"og:url\" content=\"https:\/\/peru.agrolac.com\/fr\/producto\/sinstar\/\" \/>\n<meta property=\"og:site_name\" content=\"Agrolac\" \/>\n<meta property=\"article:modified_time\" content=\"2026-03-02T18:20:23+00:00\" \/>\n<meta property=\"og:image\" content=\"https:\/\/peru.agrolac.com\/wp-content\/uploads\/2026\/01\/campo-trigo.webp\" \/>\n\t<meta property=\"og:image:width\" content=\"1920\" \/>\n\t<meta property=\"og:image:height\" content=\"1281\" \/>\n\t<meta property=\"og:image:type\" content=\"image\/webp\" \/>\n<meta name=\"twitter:card\" content=\"summary_large_image\" \/>\n<meta name=\"twitter:label1\" content=\"Dur\u00e9e de lecture estim\u00e9e\" \/>\n\t<meta name=\"twitter:data1\" content=\"2 minutes\" \/>\n<script type=\"application\/ld+json\" class=\"yoast-schema-graph\">{\"@context\":\"https:\\\/\\\/schema.org\",\"@graph\":[{\"@type\":\"WebPage\",\"@id\":\"https:\\\/\\\/peru.agrolac.com\\\/fr\\\/producto\\\/sinstar\\\/\",\"url\":\"https:\\\/\\\/peru.agrolac.com\\\/fr\\\/producto\\\/sinstar\\\/\",\"name\":\"SINSTAR\u00ae. | Azoxystrobine 250 SC fongicide pour les c\u00e9r\u00e9ales, la vigne et la tomate Agrolac%%.\",\"isPartOf\":{\"@id\":\"https:\\\/\\\/peru.agrolac.com\\\/fr\\\/#website\"},\"primaryImageOfPage\":{\"@id\":\"https:\\\/\\\/peru.agrolac.com\\\/fr\\\/producto\\\/sinstar\\\/#primaryimage\"},\"image\":{\"@id\":\"https:\\\/\\\/peru.agrolac.com\\\/fr\\\/producto\\\/sinstar\\\/#primaryimage\"},\"thumbnailUrl\":\"https:\\\/\\\/peru.agrolac.com\\\/wp-content\\\/uploads\\\/2026\\\/01\\\/campo-trigo.webp\",\"datePublished\":\"2026-01-08T07:48:28+00:00\",\"dateModified\":\"2026-03-02T18:20:23+00:00\",\"description\":\"Fongicide \u00e0 large spectre (SC) avec azoxystrobine 250 g\\\/L pour le bl\u00e9, l'orge, la vigne et la tomate. Lutte contre le mildiou, l'o\u00efdium, la septoriose et l'alternariose. Usage professionnel.\",\"breadcrumb\":{\"@id\":\"https:\\\/\\\/peru.agrolac.com\\\/fr\\\/producto\\\/sinstar\\\/#breadcrumb\"},\"inLanguage\":\"fr-FR\",\"potentialAction\":[{\"@type\":\"ReadAction\",\"target\":[\"https:\\\/\\\/peru.agrolac.com\\\/fr\\\/producto\\\/sinstar\\\/\"]}]},{\"@type\":\"ImageObject\",\"inLanguage\":\"fr-FR\",\"@id\":\"https:\\\/\\\/peru.agrolac.com\\\/fr\\\/producto\\\/sinstar\\\/#primaryimage\",\"url\":\"https:\\\/\\\/peru.agrolac.com\\\/wp-content\\\/uploads\\\/2026\\\/01\\\/campo-trigo.webp\",\"contentUrl\":\"https:\\\/\\\/peru.agrolac.com\\\/wp-content\\\/uploads\\\/2026\\\/01\\\/campo-trigo.webp\",\"width\":1920,\"height\":1281},{\"@type\":\"BreadcrumbList\",\"@id\":\"https:\\\/\\\/peru.agrolac.com\\\/fr\\\/producto\\\/sinstar\\\/#breadcrumb\",\"itemListElement\":[{\"@type\":\"ListItem\",\"position\":1,\"name\":\"Accueil\",\"item\":\"https:\\\/\\\/peru.agrolac.com\\\/fr\\\/?page_id=1992\"},{\"@type\":\"ListItem\",\"position\":2,\"name\":\"Produits\",\"item\":\"https:\\\/\\\/peru.agrolac.com\\\/fr\\\/?page_id=4142\"},{\"@type\":\"ListItem\",\"position\":3,\"name\":\"Fongicides\",\"item\":\"https:\\\/\\\/peru.agrolac.com\\\/fr\\\/categoria-producto\\\/fongicides\\\/\"},{\"@type\":\"ListItem\",\"position\":4,\"name\":\"SINSTAR\u00ae.\"}]},{\"@type\":\"WebSite\",\"@id\":\"https:\\\/\\\/peru.agrolac.com\\\/fr\\\/#website\",\"url\":\"https:\\\/\\\/peru.agrolac.com\\\/fr\\\/\",\"name\":\"VICORQUIMIA\",\"description\":\"Agrolac &eacute;s una empresa de Barcelona, fundada el 1982, especialitzada en distribuci&oacute; de productes agroqu&iacute;mics per a l'agricultura europea.\",\"publisher\":{\"@id\":\"https:\\\/\\\/peru.agrolac.com\\\/fr\\\/#organization\"},\"potentialAction\":[{\"@type\":\"SearchAction\",\"target\":{\"@type\":\"EntryPoint\",\"urlTemplate\":\"https:\\\/\\\/peru.agrolac.com\\\/fr\\\/?s={search_term_string}\"},\"query-input\":{\"@type\":\"PropertyValueSpecification\",\"valueRequired\":true,\"valueName\":\"search_term_string\"}}],\"inLanguage\":\"fr-FR\"},{\"@type\":\"Organization\",\"@id\":\"https:\\\/\\\/peru.agrolac.com\\\/fr\\\/#organization\",\"name\":\"VICORQUIMIA\",\"url\":\"https:\\\/\\\/peru.agrolac.com\\\/fr\\\/\",\"logo\":{\"@type\":\"ImageObject\",\"inLanguage\":\"fr-FR\",\"@id\":\"https:\\\/\\\/peru.agrolac.com\\\/fr\\\/#\\\/schema\\\/logo\\\/image\\\/\",\"url\":\"https:\\\/\\\/peru.agrolac.com\\\/wp-content\\\/uploads\\\/2025\\\/10\\\/agrolac-logo.svg\",\"contentUrl\":\"https:\\\/\\\/peru.agrolac.com\\\/wp-content\\\/uploads\\\/2025\\\/10\\\/agrolac-logo.svg\",\"caption\":\"VICORQUIMIA\"},\"image\":{\"@id\":\"https:\\\/\\\/peru.agrolac.com\\\/fr\\\/#\\\/schema\\\/logo\\\/image\\\/\"},\"sameAs\":[\"https:\\\/\\\/www.linkedin.com\\\/company\\\/vicorquimia\\\/\"]}]}<\/script>\n<!-- \/ Yoast SEO plugin. -->","yoast_head_json":{"title":"SINSTAR\u00ae. | Azoxystrobine 250 SC fongicide pour les c\u00e9r\u00e9ales, la vigne et la tomate Agrolac%%.","description":"Fongicide \u00e0 large spectre (SC) avec azoxystrobine 250 g\/L pour le bl\u00e9, l'orge, la vigne et la tomate. Lutte contre le mildiou, l'o\u00efdium, la septoriose et l'alternariose. Usage professionnel.","robots":{"index":"index","follow":"follow","max-snippet":"max-snippet:-1","max-image-preview":"max-image-preview:large","max-video-preview":"max-video-preview:-1"},"canonical":"https:\/\/peru.agrolac.com\/fr\/producto\/sinstar\/","og_locale":"fr_FR","og_type":"article","og_title":"SINSTAR\u00ae. | Azoxystrobine 250 SC fongicide pour les c\u00e9r\u00e9ales, la vigne et la tomate Agrolac%%.","og_description":"Fongicide \u00e0 large spectre (SC) avec azoxystrobine 250 g\/L pour le bl\u00e9, l'orge, la vigne et la tomate. Lutte contre le mildiou, l'o\u00efdium, la septoriose et l'alternariose. Usage professionnel.","og_url":"https:\/\/peru.agrolac.com\/fr\/producto\/sinstar\/","og_site_name":"Agrolac","article_modified_time":"2026-03-02T18:20:23+00:00","og_image":[{"width":1920,"height":1281,"url":"https:\/\/peru.agrolac.com\/wp-content\/uploads\/2026\/01\/campo-trigo.webp","type":"image\/webp"}],"twitter_card":"summary_large_image","twitter_misc":{"Dur\u00e9e de lecture estim\u00e9e":"2 minutes"},"schema":{"@context":"https:\/\/schema.org","@graph":[{"@type":"WebPage","@id":"https:\/\/peru.agrolac.com\/fr\/producto\/sinstar\/","url":"https:\/\/peru.agrolac.com\/fr\/producto\/sinstar\/","name":"SINSTAR\u00ae. | Azoxystrobine 250 SC fongicide pour les c\u00e9r\u00e9ales, la vigne et la tomate Agrolac%%.","isPartOf":{"@id":"https:\/\/peru.agrolac.com\/fr\/#website"},"primaryImageOfPage":{"@id":"https:\/\/peru.agrolac.com\/fr\/producto\/sinstar\/#primaryimage"},"image":{"@id":"https:\/\/peru.agrolac.com\/fr\/producto\/sinstar\/#primaryimage"},"thumbnailUrl":"https:\/\/peru.agrolac.com\/wp-content\/uploads\/2026\/01\/campo-trigo.webp","datePublished":"2026-01-08T07:48:28+00:00","dateModified":"2026-03-02T18:20:23+00:00","description":"Fongicide \u00e0 large spectre (SC) avec azoxystrobine 250 g\/L pour le bl\u00e9, l'orge, la vigne et la tomate. Lutte contre le mildiou, l'o\u00efdium, la septoriose et l'alternariose. Usage professionnel.","breadcrumb":{"@id":"https:\/\/peru.agrolac.com\/fr\/producto\/sinstar\/#breadcrumb"},"inLanguage":"fr-FR","potentialAction":[{"@type":"ReadAction","target":["https:\/\/peru.agrolac.com\/fr\/producto\/sinstar\/"]}]},{"@type":"ImageObject","inLanguage":"fr-FR","@id":"https:\/\/peru.agrolac.com\/fr\/producto\/sinstar\/#primaryimage","url":"https:\/\/peru.agrolac.com\/wp-content\/uploads\/2026\/01\/campo-trigo.webp","contentUrl":"https:\/\/peru.agrolac.com\/wp-content\/uploads\/2026\/01\/campo-trigo.webp","width":1920,"height":1281},{"@type":"BreadcrumbList","@id":"https:\/\/peru.agrolac.com\/fr\/producto\/sinstar\/#breadcrumb","itemListElement":[{"@type":"ListItem","position":1,"name":"Accueil","item":"https:\/\/peru.agrolac.com\/fr\/?page_id=1992"},{"@type":"ListItem","position":2,"name":"Produits","item":"https:\/\/peru.agrolac.com\/fr\/?page_id=4142"},{"@type":"ListItem","position":3,"name":"Fongicides","item":"https:\/\/peru.agrolac.com\/fr\/categoria-producto\/fongicides\/"},{"@type":"ListItem","position":4,"name":"SINSTAR\u00ae."}]},{"@type":"WebSite","@id":"https:\/\/peru.agrolac.com\/fr\/#website","url":"https:\/\/peru.agrolac.com\/fr\/","name":"VICORQUIMIA","description":"Agrolac &eacute;s una empresa de Barcelona, fundada el 1982, especialitzada en distribuci&oacute; de productes agroqu&iacute;mics per a l'agricultura europea.","publisher":{"@id":"https:\/\/peru.agrolac.com\/fr\/#organization"},"potentialAction":[{"@type":"SearchAction","target":{"@type":"EntryPoint","urlTemplate":"https:\/\/peru.agrolac.com\/fr\/?s={search_term_string}"},"query-input":{"@type":"PropertyValueSpecification","valueRequired":true,"valueName":"search_term_string"}}],"inLanguage":"fr-FR"},{"@type":"Organization","@id":"https:\/\/peru.agrolac.com\/fr\/#organization","name":"VICORQUIMIA","url":"https:\/\/peru.agrolac.com\/fr\/","logo":{"@type":"ImageObject","inLanguage":"fr-FR","@id":"https:\/\/peru.agrolac.com\/fr\/#\/schema\/logo\/image\/","url":"https:\/\/peru.agrolac.com\/wp-content\/uploads\/2025\/10\/agrolac-logo.svg","contentUrl":"https:\/\/peru.agrolac.com\/wp-content\/uploads\/2025\/10\/agrolac-logo.svg","caption":"VICORQUIMIA"},"image":{"@id":"https:\/\/peru.agrolac.com\/fr\/#\/schema\/logo\/image\/"},"sameAs":["https:\/\/www.linkedin.com\/company\/vicorquimia\/"]}]}},"_links":{"self":[{"href":"https:\/\/peru.agrolac.com\/fr\/wp-json\/wp\/v2\/product\/7716","targetHints":{"allow":["GET"]}}],"collection":[{"href":"https:\/\/peru.agrolac.com\/fr\/wp-json\/wp\/v2\/product"}],"about":[{"href":"https:\/\/peru.agrolac.com\/fr\/wp-json\/wp\/v2\/types\/product"}],"replies":[{"embeddable":true,"href":"https:\/\/peru.agrolac.com\/fr\/wp-json\/wp\/v2\/comments?post=7716"}],"wp:featuredmedia":[{"embeddable":true,"href":"https:\/\/peru.agrolac.com\/fr\/wp-json\/wp\/v2\/media\/6154"}],"wp:attachment":[{"href":"https:\/\/peru.agrolac.com\/fr\/wp-json\/wp\/v2\/media?parent=7716"}],"wp:term":[{"taxonomy":"certificacion","embeddable":true,"href":"https:\/\/peru.agrolac.com\/fr\/wp-json\/wp\/v2\/certificacion?post=7716"},{"taxonomy":"cultivo","embeddable":true,"href":"https:\/\/peru.agrolac.com\/fr\/wp-json\/wp\/v2\/cultivo?post=7716"},{"taxonomy":"product_brand","embeddable":true,"href":"https:\/\/peru.agrolac.com\/fr\/wp-json\/wp\/v2\/product_brand?post=7716"},{"taxonomy":"product_cat","embeddable":true,"href":"https:\/\/peru.agrolac.com\/fr\/wp-json\/wp\/v2\/product_cat?post=7716"},{"taxonomy":"product_tag","embeddable":true,"href":"https:\/\/peru.agrolac.com\/fr\/wp-json\/wp\/v2\/product_tag?post=7716"}],"curies":[{"name":"wp","href":"https:\/\/api.w.org\/{rel}","templated":true}]}}