{"id":7618,"date":"2026-01-08T22:27:55","date_gmt":"2026-01-08T21:27:55","guid":{"rendered":"https:\/\/peru.agrolac.com\/producto\/racine-de-provic\/"},"modified":"2026-03-02T19:22:40","modified_gmt":"2026-03-02T18:22:40","slug":"racine-de-provic","status":"publish","type":"product","link":"https:\/\/peru.agrolac.com\/fr\/producto\/racine-de-provic\/","title":{"rendered":"Provic\u00ae Root"},"content":{"rendered":"<h2><strong>Provic\u00ae<\/strong> Root<\/h2>\n<p><strong>PROVIC\u00ae ROOT<\/strong> est un produit \u00e0 base d&rsquo;<strong>inoculants de champignons mycorhiziens<\/strong> et de <strong>bact\u00e9ries rhizosph\u00e9riques<\/strong>, formul\u00e9 sous forme de <strong>liquide soluble (SL)<\/strong>, \u00e0 haute capacit\u00e9 de biostimulation dans les plantes. Son application vise \u00e0 <span class=\"s1\"><b>soutenir la croissance et le d\u00e9veloppement de la culture<\/b><\/span>en particulier aux stades o\u00f9 le syst\u00e8me racinaire fait la diff\u00e9rence. Les micro-organismes pr\u00e9sents peuvent \u00e9tablir une <span class=\"s1\"><b>relation mutualiste<\/b><\/span> avec la plante, en aidant \u00e0 am\u00e9liorer l&rsquo;utilisation des nutriments et \u00e0 accompagner la culture dans des situations de stress abiotique. <span class=\"s1\"><b>stress abiotique<\/b><\/span> (par exemple, salinit\u00e9, manque d&rsquo;eau, chaleur ou phytotoxicit\u00e9). <\/p>\n<p><strong>PROVIC\u00ae ROOT <\/strong>active les processus m\u00e9taboliques qui aident \u00e0 revitaliser la plante et \u00e0 promouvoir son d\u00e9veloppement, en influen\u00e7ant la croissance v\u00e9g\u00e9tative et racinaire et la productivit\u00e9 des cultures en augmentant l&rsquo;<strong>absorption des nutriments et de l&rsquo;azote.<\/strong><\/p>\n<p>Gr\u00e2ce \u00e0 sa composition, <strong>PROVIC\u00ae ROOT <\/strong> peut \u00eatre utilis\u00e9 \u00e0 diff\u00e9rents stades de d\u00e9veloppement des cultures, y compris la <strong>germination, la pousse, la feuillaison, la pr\u00e9floraison, la nouaison, l&rsquo;engraissement et la maturation<\/strong> dans les plantes \u00e0 feuilles et \u00e0 fruits.<\/p>\n<h3>Avantages agronomiques<\/h3>\n<ul>\n<li><strong>Biostimulation de la croissance racinaire et v\u00e9g\u00e9tative<\/strong>.<\/li>\n<li><strong>Am\u00e9lioration de l&rsquo;absorption des nutriments et de l&rsquo;azote<\/strong>.<\/li>\n<li><strong>Soutien des cultures<\/strong> contre le sel, l&rsquo;eau et d&rsquo;autres stress abiotiques.<\/li>\n<li><strong>Relation mutualiste<\/strong> avec des micro-organismes b\u00e9n\u00e9fiques.<\/li>\n<li><strong>Utilisation \u00e0 diff\u00e9rents stades de d\u00e9veloppement des<\/strong> cultures.<\/li>\n<\/ul>\n<p>&nbsp;<\/p>\n<h3>Application<\/h3>\n<p><strong>PROVIC\u00ae ROOT <\/strong> peut \u00eatre appliqu\u00e9 principalement par <strong>fertigation<\/strong>, en adaptant le dosage et le moment de l&rsquo;application aux besoins de la culture et aux conditions agronomiques.<\/p>\n<h3>Remarques<\/h3>\n<p><span style=\"font-family: -apple-system, BlinkMacSystemFont, 'Segoe UI', Roboto, 'Helvetica Neue', Arial, 'Noto Sans', sans-serif, 'Apple Color Emoji', 'Segoe UI Emoji', 'Segoe UI Symbol', 'Noto Color Emoji';\">Ne pas traiter \u00e0 des temp\u00e9ratures sup\u00e9rieures \u00e0 30 \u00baC. Ne pas m\u00e9langer avec des produits \u00e0 base d&rsquo;\u00e9tain ou des huiles min\u00e9rales. <\/span><\/p>\n","protected":false},"excerpt":{"rendered":"<p>Produit con\u00e7u pour stimuler le d\u00e9veloppement du sy\u2026<\/p>\n","protected":false},"featured_media":5624,"comment_status":"closed","ping_status":"closed","template":"","meta":{"_acf_changed":false},"certificacion":[425,433],"cultivo":[562,437,555,559,1121,438,1120,1122,1224],"product_brand":[],"product_cat":[397],"product_tag":[],"class_list":{"0":"post-7618","1":"product","2":"type-product","3":"status-publish","4":"has-post-thumbnail","6":"certificacion-biologique","7":"certificacion-zero-residu","8":"cultivo-agrumes","9":"cultivo-arbres-fruitiers","10":"cultivo-arbres-fruitiers-a-noyaux","11":"cultivo-arbres-fruitiers-a-pepins","12":"cultivo-brassicacees","13":"cultivo-horticulture","14":"cultivo-horticulture-fruitiere","15":"cultivo-racine-et-bulbe","16":"cultivo-tropical-subtropical","17":"product_cat-engrais","19":"first","20":"instock","21":"shipping-taxable","22":"product-type-simple"},"acf":[],"yoast_head":"<!-- This site is optimized with the Yoast SEO plugin v27.4 - https:\/\/yoast.com\/product\/yoast-seo-wordpress\/ -->\n<title>Provic\u00ae Root - Agrolac<\/title>\n<meta name=\"description\" content=\"Provic\u00ae Root est un biostimulant liquide \u00e0 base de mycorhizes et de bact\u00e9ries de la rhizosph\u00e8re pour la fertirrigation : il favorise le d\u00e9veloppement des racines et l&#039;absorption des nutriments.\" \/>\n<meta name=\"robots\" content=\"index, follow, max-snippet:-1, max-image-preview:large, max-video-preview:-1\" \/>\n<link rel=\"canonical\" href=\"https:\/\/peru.agrolac.com\/fr\/producto\/racine-de-provic\/\" \/>\n<meta property=\"og:locale\" content=\"fr_FR\" \/>\n<meta property=\"og:type\" content=\"article\" \/>\n<meta property=\"og:title\" content=\"Provic\u00ae Root - Agrolac\" \/>\n<meta property=\"og:description\" content=\"Provic\u00ae Root est un biostimulant liquide \u00e0 base de mycorhizes et de bact\u00e9ries de la rhizosph\u00e8re pour la fertirrigation : il favorise le d\u00e9veloppement des racines et l&#039;absorption des nutriments.\" \/>\n<meta property=\"og:url\" content=\"https:\/\/peru.agrolac.com\/fr\/producto\/racine-de-provic\/\" \/>\n<meta property=\"og:site_name\" content=\"Agrolac\" \/>\n<meta property=\"article:modified_time\" content=\"2026-03-02T18:22:40+00:00\" \/>\n<meta property=\"og:image\" content=\"https:\/\/peru.agrolac.com\/wp-content\/uploads\/2025\/10\/provic-root-raices.webp\" \/>\n\t<meta property=\"og:image:width\" content=\"1500\" \/>\n\t<meta property=\"og:image:height\" content=\"760\" \/>\n\t<meta property=\"og:image:type\" content=\"image\/webp\" \/>\n<meta name=\"twitter:card\" content=\"summary_large_image\" \/>\n<meta name=\"twitter:label1\" content=\"Dur\u00e9e de lecture estim\u00e9e\" \/>\n\t<meta name=\"twitter:data1\" content=\"1 minute\" \/>\n<script type=\"application\/ld+json\" class=\"yoast-schema-graph\">{\"@context\":\"https:\\\/\\\/schema.org\",\"@graph\":[{\"@type\":\"WebPage\",\"@id\":\"https:\\\/\\\/peru.agrolac.com\\\/fr\\\/producto\\\/racine-de-provic\\\/\",\"url\":\"https:\\\/\\\/peru.agrolac.com\\\/fr\\\/producto\\\/racine-de-provic\\\/\",\"name\":\"Provic\u00ae Root - Agrolac\",\"isPartOf\":{\"@id\":\"https:\\\/\\\/peru.agrolac.com\\\/fr\\\/#website\"},\"primaryImageOfPage\":{\"@id\":\"https:\\\/\\\/peru.agrolac.com\\\/fr\\\/producto\\\/racine-de-provic\\\/#primaryimage\"},\"image\":{\"@id\":\"https:\\\/\\\/peru.agrolac.com\\\/fr\\\/producto\\\/racine-de-provic\\\/#primaryimage\"},\"thumbnailUrl\":\"https:\\\/\\\/peru.agrolac.com\\\/wp-content\\\/uploads\\\/2025\\\/10\\\/provic-root-raices.webp\",\"datePublished\":\"2026-01-08T21:27:55+00:00\",\"dateModified\":\"2026-03-02T18:22:40+00:00\",\"description\":\"Provic\u00ae Root est un biostimulant liquide \u00e0 base de mycorhizes et de bact\u00e9ries de la rhizosph\u00e8re pour la fertirrigation : il favorise le d\u00e9veloppement des racines et l'absorption des nutriments.\",\"breadcrumb\":{\"@id\":\"https:\\\/\\\/peru.agrolac.com\\\/fr\\\/producto\\\/racine-de-provic\\\/#breadcrumb\"},\"inLanguage\":\"fr-FR\",\"potentialAction\":[{\"@type\":\"ReadAction\",\"target\":[\"https:\\\/\\\/peru.agrolac.com\\\/fr\\\/producto\\\/racine-de-provic\\\/\"]}]},{\"@type\":\"ImageObject\",\"inLanguage\":\"fr-FR\",\"@id\":\"https:\\\/\\\/peru.agrolac.com\\\/fr\\\/producto\\\/racine-de-provic\\\/#primaryimage\",\"url\":\"https:\\\/\\\/peru.agrolac.com\\\/wp-content\\\/uploads\\\/2025\\\/10\\\/provic-root-raices.webp\",\"contentUrl\":\"https:\\\/\\\/peru.agrolac.com\\\/wp-content\\\/uploads\\\/2025\\\/10\\\/provic-root-raices.webp\",\"width\":1500,\"height\":760},{\"@type\":\"BreadcrumbList\",\"@id\":\"https:\\\/\\\/peru.agrolac.com\\\/fr\\\/producto\\\/racine-de-provic\\\/#breadcrumb\",\"itemListElement\":[{\"@type\":\"ListItem\",\"position\":1,\"name\":\"Accueil\",\"item\":\"https:\\\/\\\/peru.agrolac.com\\\/fr\\\/?page_id=1992\"},{\"@type\":\"ListItem\",\"position\":2,\"name\":\"Produits\",\"item\":\"https:\\\/\\\/peru.agrolac.com\\\/fr\\\/?page_id=4142\"},{\"@type\":\"ListItem\",\"position\":3,\"name\":\"Engrais\",\"item\":\"https:\\\/\\\/peru.agrolac.com\\\/fr\\\/categoria-producto\\\/engrais\\\/\"},{\"@type\":\"ListItem\",\"position\":4,\"name\":\"Provic\u00ae Root\"}]},{\"@type\":\"WebSite\",\"@id\":\"https:\\\/\\\/peru.agrolac.com\\\/fr\\\/#website\",\"url\":\"https:\\\/\\\/peru.agrolac.com\\\/fr\\\/\",\"name\":\"VICORQUIMIA\",\"description\":\"Agrolac &eacute;s una empresa de Barcelona, fundada el 1982, especialitzada en distribuci&oacute; de productes agroqu&iacute;mics per a l'agricultura europea.\",\"publisher\":{\"@id\":\"https:\\\/\\\/peru.agrolac.com\\\/fr\\\/#organization\"},\"potentialAction\":[{\"@type\":\"SearchAction\",\"target\":{\"@type\":\"EntryPoint\",\"urlTemplate\":\"https:\\\/\\\/peru.agrolac.com\\\/fr\\\/?s={search_term_string}\"},\"query-input\":{\"@type\":\"PropertyValueSpecification\",\"valueRequired\":true,\"valueName\":\"search_term_string\"}}],\"inLanguage\":\"fr-FR\"},{\"@type\":\"Organization\",\"@id\":\"https:\\\/\\\/peru.agrolac.com\\\/fr\\\/#organization\",\"name\":\"VICORQUIMIA\",\"url\":\"https:\\\/\\\/peru.agrolac.com\\\/fr\\\/\",\"logo\":{\"@type\":\"ImageObject\",\"inLanguage\":\"fr-FR\",\"@id\":\"https:\\\/\\\/peru.agrolac.com\\\/fr\\\/#\\\/schema\\\/logo\\\/image\\\/\",\"url\":\"https:\\\/\\\/peru.agrolac.com\\\/wp-content\\\/uploads\\\/2025\\\/10\\\/agrolac-logo.svg\",\"contentUrl\":\"https:\\\/\\\/peru.agrolac.com\\\/wp-content\\\/uploads\\\/2025\\\/10\\\/agrolac-logo.svg\",\"caption\":\"VICORQUIMIA\"},\"image\":{\"@id\":\"https:\\\/\\\/peru.agrolac.com\\\/fr\\\/#\\\/schema\\\/logo\\\/image\\\/\"},\"sameAs\":[\"https:\\\/\\\/www.linkedin.com\\\/company\\\/vicorquimia\\\/\"]}]}<\/script>\n<!-- \/ Yoast SEO plugin. -->","yoast_head_json":{"title":"Provic\u00ae Root - Agrolac","description":"Provic\u00ae Root est un biostimulant liquide \u00e0 base de mycorhizes et de bact\u00e9ries de la rhizosph\u00e8re pour la fertirrigation : il favorise le d\u00e9veloppement des racines et l'absorption des nutriments.","robots":{"index":"index","follow":"follow","max-snippet":"max-snippet:-1","max-image-preview":"max-image-preview:large","max-video-preview":"max-video-preview:-1"},"canonical":"https:\/\/peru.agrolac.com\/fr\/producto\/racine-de-provic\/","og_locale":"fr_FR","og_type":"article","og_title":"Provic\u00ae Root - Agrolac","og_description":"Provic\u00ae Root est un biostimulant liquide \u00e0 base de mycorhizes et de bact\u00e9ries de la rhizosph\u00e8re pour la fertirrigation : il favorise le d\u00e9veloppement des racines et l'absorption des nutriments.","og_url":"https:\/\/peru.agrolac.com\/fr\/producto\/racine-de-provic\/","og_site_name":"Agrolac","article_modified_time":"2026-03-02T18:22:40+00:00","og_image":[{"width":1500,"height":760,"url":"https:\/\/peru.agrolac.com\/wp-content\/uploads\/2025\/10\/provic-root-raices.webp","type":"image\/webp"}],"twitter_card":"summary_large_image","twitter_misc":{"Dur\u00e9e de lecture estim\u00e9e":"1 minute"},"schema":{"@context":"https:\/\/schema.org","@graph":[{"@type":"WebPage","@id":"https:\/\/peru.agrolac.com\/fr\/producto\/racine-de-provic\/","url":"https:\/\/peru.agrolac.com\/fr\/producto\/racine-de-provic\/","name":"Provic\u00ae Root - Agrolac","isPartOf":{"@id":"https:\/\/peru.agrolac.com\/fr\/#website"},"primaryImageOfPage":{"@id":"https:\/\/peru.agrolac.com\/fr\/producto\/racine-de-provic\/#primaryimage"},"image":{"@id":"https:\/\/peru.agrolac.com\/fr\/producto\/racine-de-provic\/#primaryimage"},"thumbnailUrl":"https:\/\/peru.agrolac.com\/wp-content\/uploads\/2025\/10\/provic-root-raices.webp","datePublished":"2026-01-08T21:27:55+00:00","dateModified":"2026-03-02T18:22:40+00:00","description":"Provic\u00ae Root est un biostimulant liquide \u00e0 base de mycorhizes et de bact\u00e9ries de la rhizosph\u00e8re pour la fertirrigation : il favorise le d\u00e9veloppement des racines et l'absorption des nutriments.","breadcrumb":{"@id":"https:\/\/peru.agrolac.com\/fr\/producto\/racine-de-provic\/#breadcrumb"},"inLanguage":"fr-FR","potentialAction":[{"@type":"ReadAction","target":["https:\/\/peru.agrolac.com\/fr\/producto\/racine-de-provic\/"]}]},{"@type":"ImageObject","inLanguage":"fr-FR","@id":"https:\/\/peru.agrolac.com\/fr\/producto\/racine-de-provic\/#primaryimage","url":"https:\/\/peru.agrolac.com\/wp-content\/uploads\/2025\/10\/provic-root-raices.webp","contentUrl":"https:\/\/peru.agrolac.com\/wp-content\/uploads\/2025\/10\/provic-root-raices.webp","width":1500,"height":760},{"@type":"BreadcrumbList","@id":"https:\/\/peru.agrolac.com\/fr\/producto\/racine-de-provic\/#breadcrumb","itemListElement":[{"@type":"ListItem","position":1,"name":"Accueil","item":"https:\/\/peru.agrolac.com\/fr\/?page_id=1992"},{"@type":"ListItem","position":2,"name":"Produits","item":"https:\/\/peru.agrolac.com\/fr\/?page_id=4142"},{"@type":"ListItem","position":3,"name":"Engrais","item":"https:\/\/peru.agrolac.com\/fr\/categoria-producto\/engrais\/"},{"@type":"ListItem","position":4,"name":"Provic\u00ae Root"}]},{"@type":"WebSite","@id":"https:\/\/peru.agrolac.com\/fr\/#website","url":"https:\/\/peru.agrolac.com\/fr\/","name":"VICORQUIMIA","description":"Agrolac &eacute;s una empresa de Barcelona, fundada el 1982, especialitzada en distribuci&oacute; de productes agroqu&iacute;mics per a l'agricultura europea.","publisher":{"@id":"https:\/\/peru.agrolac.com\/fr\/#organization"},"potentialAction":[{"@type":"SearchAction","target":{"@type":"EntryPoint","urlTemplate":"https:\/\/peru.agrolac.com\/fr\/?s={search_term_string}"},"query-input":{"@type":"PropertyValueSpecification","valueRequired":true,"valueName":"search_term_string"}}],"inLanguage":"fr-FR"},{"@type":"Organization","@id":"https:\/\/peru.agrolac.com\/fr\/#organization","name":"VICORQUIMIA","url":"https:\/\/peru.agrolac.com\/fr\/","logo":{"@type":"ImageObject","inLanguage":"fr-FR","@id":"https:\/\/peru.agrolac.com\/fr\/#\/schema\/logo\/image\/","url":"https:\/\/peru.agrolac.com\/wp-content\/uploads\/2025\/10\/agrolac-logo.svg","contentUrl":"https:\/\/peru.agrolac.com\/wp-content\/uploads\/2025\/10\/agrolac-logo.svg","caption":"VICORQUIMIA"},"image":{"@id":"https:\/\/peru.agrolac.com\/fr\/#\/schema\/logo\/image\/"},"sameAs":["https:\/\/www.linkedin.com\/company\/vicorquimia\/"]}]}},"_links":{"self":[{"href":"https:\/\/peru.agrolac.com\/fr\/wp-json\/wp\/v2\/product\/7618","targetHints":{"allow":["GET"]}}],"collection":[{"href":"https:\/\/peru.agrolac.com\/fr\/wp-json\/wp\/v2\/product"}],"about":[{"href":"https:\/\/peru.agrolac.com\/fr\/wp-json\/wp\/v2\/types\/product"}],"replies":[{"embeddable":true,"href":"https:\/\/peru.agrolac.com\/fr\/wp-json\/wp\/v2\/comments?post=7618"}],"wp:featuredmedia":[{"embeddable":true,"href":"https:\/\/peru.agrolac.com\/fr\/wp-json\/wp\/v2\/media\/5624"}],"wp:attachment":[{"href":"https:\/\/peru.agrolac.com\/fr\/wp-json\/wp\/v2\/media?parent=7618"}],"wp:term":[{"taxonomy":"certificacion","embeddable":true,"href":"https:\/\/peru.agrolac.com\/fr\/wp-json\/wp\/v2\/certificacion?post=7618"},{"taxonomy":"cultivo","embeddable":true,"href":"https:\/\/peru.agrolac.com\/fr\/wp-json\/wp\/v2\/cultivo?post=7618"},{"taxonomy":"product_brand","embeddable":true,"href":"https:\/\/peru.agrolac.com\/fr\/wp-json\/wp\/v2\/product_brand?post=7618"},{"taxonomy":"product_cat","embeddable":true,"href":"https:\/\/peru.agrolac.com\/fr\/wp-json\/wp\/v2\/product_cat?post=7618"},{"taxonomy":"product_tag","embeddable":true,"href":"https:\/\/peru.agrolac.com\/fr\/wp-json\/wp\/v2\/product_tag?post=7618"}],"curies":[{"name":"wp","href":"https:\/\/api.w.org\/{rel}","templated":true}]}}