{"id":7598,"date":"2026-01-08T22:33:05","date_gmt":"2026-01-08T21:33:05","guid":{"rendered":"https:\/\/peru.agrolac.com\/producto\/triquer\/"},"modified":"2026-03-02T19:22:40","modified_gmt":"2026-03-02T18:22:40","slug":"triquer","status":"publish","type":"product","link":"https:\/\/peru.agrolac.com\/fr\/producto\/triquer\/","title":{"rendered":"Triquer"},"content":{"rendered":"<h2>Triquer<\/h2>\n<p class=\"p1\"><strong>TRIQUER\u00ae<\/strong>est un <span class=\"s1\"><b>biofertilisant<\/b><\/span> \u00e0 base de la souche enregistr\u00e9e de <span class=\"s1\"><b>Trichoderma atroviride souche AGLM4<\/b><\/span>formul\u00e9 sous forme de <span class=\"s1\"><b>granul\u00e9s dispersibles (WG)<\/b><\/span>. Les <i>Trichoderma<\/i> sont associ\u00e9s \u00e0 la rhizosph\u00e8re et peuvent contribuer au <span class=\"s1\"><b>d\u00e9veloppement des racines<\/b><\/span> et \u00e0 <span class=\"s1\"><b>l&rsquo;utilisation des nutriments<\/b><\/span> dans le cadre du programme de gestion, en favorisant une croissance plus \u00e9quilibr\u00e9e de la culture. Ils peuvent \u00eatre int\u00e9gr\u00e9s dans la strat\u00e9gie technique en ajustant les doses, le calendrier et le nombre d&rsquo;applications en fonction de la culture et des conditions agronomiques. Il peut \u00e9galement \u00eatre utilis\u00e9 comme soutien dans des situations de <span class=\"s1\"><b>stress environnemental<\/b><\/span>dans le cadre de la gestion des cultures.   <\/p>\n<p class=\"p1\"><strong>TRIQUER\u00ae<\/strong>est orient\u00e9 pour travailler dans le sol\/rhizosph\u00e8re, o\u00f9 <i>Trichoderma<\/i> peut promouvoir un environnement racinaire plus efficace et contribuer \u00e0 une meilleure absorption des nutriments (par ex, <span class=\"s1\"><b>phosphore<\/b><\/span>) dans le cadre du plan de fertilisation. Il est particuli\u00e8rement adapt\u00e9 aux phases de d\u00e9marrage et aux moments o\u00f9 le soutien et la vigueur des racines sont importants, en adaptant le programme \u00e0 la culture, au syst\u00e8me d&rsquo;irrigation et \u00e0 la pression exerc\u00e9e par le stress environnemental. <\/p>\n<h3><span style=\"font-family: -apple-system, BlinkMacSystemFont, 'Segoe UI', Roboto, 'Helvetica Neue', Arial, 'Noto Sans', sans-serif, 'Apple Color Emoji', 'Segoe UI Emoji', 'Segoe UI Symbol', 'Noto Color Emoji';\">Avantages agronomiques<\/span><\/h3>\n<ul>\n<li><strong>Am\u00e9lioration du d\u00e9veloppement des racines<\/strong>.<\/li>\n<li><strong>Soutien \u00e0 la r\u00e9sistance des plantes<\/strong>.<\/li>\n<li><strong>Meilleure utilisation des nutriments<\/strong>.<\/li>\n<li><strong>Contribue \u00e0 une croissance plus \u00e9quilibr\u00e9e<\/strong> de la culture.<\/li>\n<li><strong>Favoriser la tol\u00e9rance<\/strong> au stress environnemental.<\/li>\n<\/ul>\n<h3><\/h3>\n<h3>Application<\/h3>\n<p><strong>TRIQUER\u00ae<\/strong>est utilis\u00e9 en adaptant le dosage et le moment de l&rsquo;application aux besoins de la culture et aux conditions agronomiques. Dans les informations relatives \u00e0 l&rsquo;application par culture, les doses et le nombre d&rsquo;applications sont indiqu\u00e9s en fonction de la culture. <\/p>\n<h4 style=\"padding-left: 40px;\">P\u00e9riode d&rsquo;application recommand\u00e9e<\/h4>\n<p style=\"padding-left: 40px;\">Selon les informations relatives \u00e0 l&rsquo;application par culture, <strong>3-4 applications<\/strong> sont effectu\u00e9es <strong>par cycle<\/strong>, de l&rsquo;<strong>apparition des boutons floraux<\/strong> \u00e0 l&rsquo;<strong>ouverture des derni\u00e8res fleurs<\/strong>.<\/p>\n<h3>Remarques<\/h3>\n<p><span style=\"font-family: -apple-system, BlinkMacSystemFont, 'Segoe UI', Roboto, 'Helvetica Neue', Arial, 'Noto Sans', sans-serif, 'Apple Color Emoji', 'Segoe UI Emoji', 'Segoe UI Symbol', 'Noto Color Emoji';\">Ne pas traiter \u00e0 des temp\u00e9ratures sup\u00e9rieures \u00e0 30 \u00baC. Ne pas m\u00e9langer avec des produits \u00e0 base d&rsquo;\u00e9tain ou des huiles min\u00e9rales. <\/span><\/p>\n","protected":false},"excerpt":{"rendered":"<p>Produit con\u00e7u pour favoriser la croissance v\u00e9g\u00e9tat\u2026<\/p>\n","protected":false},"featured_media":5636,"comment_status":"closed","ping_status":"closed","template":"","meta":{"_acf_changed":false},"certificacion":[425,433],"cultivo":[562,437,555,559,439,440,565,438],"product_brand":[],"product_cat":[397],"product_tag":[],"class_list":{"0":"post-7598","1":"product","2":"type-product","3":"status-publish","4":"has-post-thumbnail","6":"certificacion-biologique","7":"certificacion-zero-residu","8":"cultivo-agrumes","9":"cultivo-arbres-fruitiers","10":"cultivo-arbres-fruitiers-a-noyaux","11":"cultivo-arbres-fruitiers-a-pepins","12":"cultivo-cereales","13":"cultivo-cultures-industrielles","14":"cultivo-fruits-secs","15":"cultivo-horticulture","16":"product_cat-engrais","18":"first","19":"instock","20":"shipping-taxable","21":"product-type-simple"},"acf":[],"yoast_head":"<!-- This site is optimized with the Yoast SEO plugin v27.4 - https:\/\/yoast.com\/product\/yoast-seo-wordpress\/ -->\n<title>Triquer - Agrolac<\/title>\n<meta name=\"description\" content=\"Triquer% est un biofertilisant WG \u00e0 base de Trichoderma atroviride AGLM4 qui favorise le d\u00e9veloppement des racines, l&#039;absorption des nutriments et la vigueur des cultures.\" \/>\n<meta name=\"robots\" content=\"index, follow, max-snippet:-1, max-image-preview:large, max-video-preview:-1\" \/>\n<link rel=\"canonical\" href=\"https:\/\/peru.agrolac.com\/fr\/producto\/triquer\/\" \/>\n<meta property=\"og:locale\" content=\"fr_FR\" \/>\n<meta property=\"og:type\" content=\"article\" \/>\n<meta property=\"og:title\" content=\"Triquer - Agrolac\" \/>\n<meta property=\"og:description\" content=\"Triquer% est un biofertilisant WG \u00e0 base de Trichoderma atroviride AGLM4 qui favorise le d\u00e9veloppement des racines, l&#039;absorption des nutriments et la vigueur des cultures.\" \/>\n<meta property=\"og:url\" content=\"https:\/\/peru.agrolac.com\/fr\/producto\/triquer\/\" \/>\n<meta property=\"og:site_name\" content=\"Agrolac\" \/>\n<meta property=\"article:modified_time\" content=\"2026-03-02T18:22:40+00:00\" \/>\n<meta property=\"og:image\" content=\"https:\/\/peru.agrolac.com\/wp-content\/uploads\/2025\/10\/Agrolarix-tratamiento-campo.webp\" \/>\n\t<meta property=\"og:image:width\" content=\"1500\" \/>\n\t<meta property=\"og:image:height\" content=\"1123\" \/>\n\t<meta property=\"og:image:type\" content=\"image\/webp\" \/>\n<meta name=\"twitter:card\" content=\"summary_large_image\" \/>\n<meta name=\"twitter:label1\" content=\"Dur\u00e9e de lecture estim\u00e9e\" \/>\n\t<meta name=\"twitter:data1\" content=\"2 minutes\" \/>\n<script type=\"application\/ld+json\" class=\"yoast-schema-graph\">{\"@context\":\"https:\\\/\\\/schema.org\",\"@graph\":[{\"@type\":\"WebPage\",\"@id\":\"https:\\\/\\\/peru.agrolac.com\\\/fr\\\/producto\\\/triquer\\\/\",\"url\":\"https:\\\/\\\/peru.agrolac.com\\\/fr\\\/producto\\\/triquer\\\/\",\"name\":\"Triquer - Agrolac\",\"isPartOf\":{\"@id\":\"https:\\\/\\\/peru.agrolac.com\\\/fr\\\/#website\"},\"primaryImageOfPage\":{\"@id\":\"https:\\\/\\\/peru.agrolac.com\\\/fr\\\/producto\\\/triquer\\\/#primaryimage\"},\"image\":{\"@id\":\"https:\\\/\\\/peru.agrolac.com\\\/fr\\\/producto\\\/triquer\\\/#primaryimage\"},\"thumbnailUrl\":\"https:\\\/\\\/peru.agrolac.com\\\/wp-content\\\/uploads\\\/2025\\\/10\\\/Agrolarix-tratamiento-campo.webp\",\"datePublished\":\"2026-01-08T21:33:05+00:00\",\"dateModified\":\"2026-03-02T18:22:40+00:00\",\"description\":\"Triquer% est un biofertilisant WG \u00e0 base de Trichoderma atroviride AGLM4 qui favorise le d\u00e9veloppement des racines, l'absorption des nutriments et la vigueur des cultures.\",\"breadcrumb\":{\"@id\":\"https:\\\/\\\/peru.agrolac.com\\\/fr\\\/producto\\\/triquer\\\/#breadcrumb\"},\"inLanguage\":\"fr-FR\",\"potentialAction\":[{\"@type\":\"ReadAction\",\"target\":[\"https:\\\/\\\/peru.agrolac.com\\\/fr\\\/producto\\\/triquer\\\/\"]}]},{\"@type\":\"ImageObject\",\"inLanguage\":\"fr-FR\",\"@id\":\"https:\\\/\\\/peru.agrolac.com\\\/fr\\\/producto\\\/triquer\\\/#primaryimage\",\"url\":\"https:\\\/\\\/peru.agrolac.com\\\/wp-content\\\/uploads\\\/2025\\\/10\\\/Agrolarix-tratamiento-campo.webp\",\"contentUrl\":\"https:\\\/\\\/peru.agrolac.com\\\/wp-content\\\/uploads\\\/2025\\\/10\\\/Agrolarix-tratamiento-campo.webp\",\"width\":1500,\"height\":1123},{\"@type\":\"BreadcrumbList\",\"@id\":\"https:\\\/\\\/peru.agrolac.com\\\/fr\\\/producto\\\/triquer\\\/#breadcrumb\",\"itemListElement\":[{\"@type\":\"ListItem\",\"position\":1,\"name\":\"Accueil\",\"item\":\"https:\\\/\\\/peru.agrolac.com\\\/fr\\\/?page_id=1992\"},{\"@type\":\"ListItem\",\"position\":2,\"name\":\"Produits\",\"item\":\"https:\\\/\\\/peru.agrolac.com\\\/fr\\\/?page_id=4142\"},{\"@type\":\"ListItem\",\"position\":3,\"name\":\"Engrais\",\"item\":\"https:\\\/\\\/peru.agrolac.com\\\/fr\\\/categoria-producto\\\/engrais\\\/\"},{\"@type\":\"ListItem\",\"position\":4,\"name\":\"Triquer\"}]},{\"@type\":\"WebSite\",\"@id\":\"https:\\\/\\\/peru.agrolac.com\\\/fr\\\/#website\",\"url\":\"https:\\\/\\\/peru.agrolac.com\\\/fr\\\/\",\"name\":\"VICORQUIMIA\",\"description\":\"Agrolac &eacute;s una empresa de Barcelona, fundada el 1982, especialitzada en distribuci&oacute; de productes agroqu&iacute;mics per a l'agricultura europea.\",\"publisher\":{\"@id\":\"https:\\\/\\\/peru.agrolac.com\\\/fr\\\/#organization\"},\"potentialAction\":[{\"@type\":\"SearchAction\",\"target\":{\"@type\":\"EntryPoint\",\"urlTemplate\":\"https:\\\/\\\/peru.agrolac.com\\\/fr\\\/?s={search_term_string}\"},\"query-input\":{\"@type\":\"PropertyValueSpecification\",\"valueRequired\":true,\"valueName\":\"search_term_string\"}}],\"inLanguage\":\"fr-FR\"},{\"@type\":\"Organization\",\"@id\":\"https:\\\/\\\/peru.agrolac.com\\\/fr\\\/#organization\",\"name\":\"VICORQUIMIA\",\"url\":\"https:\\\/\\\/peru.agrolac.com\\\/fr\\\/\",\"logo\":{\"@type\":\"ImageObject\",\"inLanguage\":\"fr-FR\",\"@id\":\"https:\\\/\\\/peru.agrolac.com\\\/fr\\\/#\\\/schema\\\/logo\\\/image\\\/\",\"url\":\"https:\\\/\\\/peru.agrolac.com\\\/wp-content\\\/uploads\\\/2025\\\/10\\\/agrolac-logo.svg\",\"contentUrl\":\"https:\\\/\\\/peru.agrolac.com\\\/wp-content\\\/uploads\\\/2025\\\/10\\\/agrolac-logo.svg\",\"caption\":\"VICORQUIMIA\"},\"image\":{\"@id\":\"https:\\\/\\\/peru.agrolac.com\\\/fr\\\/#\\\/schema\\\/logo\\\/image\\\/\"},\"sameAs\":[\"https:\\\/\\\/www.linkedin.com\\\/company\\\/vicorquimia\\\/\"]}]}<\/script>\n<!-- \/ Yoast SEO plugin. -->","yoast_head_json":{"title":"Triquer - Agrolac","description":"Triquer% est un biofertilisant WG \u00e0 base de Trichoderma atroviride AGLM4 qui favorise le d\u00e9veloppement des racines, l'absorption des nutriments et la vigueur des cultures.","robots":{"index":"index","follow":"follow","max-snippet":"max-snippet:-1","max-image-preview":"max-image-preview:large","max-video-preview":"max-video-preview:-1"},"canonical":"https:\/\/peru.agrolac.com\/fr\/producto\/triquer\/","og_locale":"fr_FR","og_type":"article","og_title":"Triquer - Agrolac","og_description":"Triquer% est un biofertilisant WG \u00e0 base de Trichoderma atroviride AGLM4 qui favorise le d\u00e9veloppement des racines, l'absorption des nutriments et la vigueur des cultures.","og_url":"https:\/\/peru.agrolac.com\/fr\/producto\/triquer\/","og_site_name":"Agrolac","article_modified_time":"2026-03-02T18:22:40+00:00","og_image":[{"width":1500,"height":1123,"url":"https:\/\/peru.agrolac.com\/wp-content\/uploads\/2025\/10\/Agrolarix-tratamiento-campo.webp","type":"image\/webp"}],"twitter_card":"summary_large_image","twitter_misc":{"Dur\u00e9e de lecture estim\u00e9e":"2 minutes"},"schema":{"@context":"https:\/\/schema.org","@graph":[{"@type":"WebPage","@id":"https:\/\/peru.agrolac.com\/fr\/producto\/triquer\/","url":"https:\/\/peru.agrolac.com\/fr\/producto\/triquer\/","name":"Triquer - Agrolac","isPartOf":{"@id":"https:\/\/peru.agrolac.com\/fr\/#website"},"primaryImageOfPage":{"@id":"https:\/\/peru.agrolac.com\/fr\/producto\/triquer\/#primaryimage"},"image":{"@id":"https:\/\/peru.agrolac.com\/fr\/producto\/triquer\/#primaryimage"},"thumbnailUrl":"https:\/\/peru.agrolac.com\/wp-content\/uploads\/2025\/10\/Agrolarix-tratamiento-campo.webp","datePublished":"2026-01-08T21:33:05+00:00","dateModified":"2026-03-02T18:22:40+00:00","description":"Triquer% est un biofertilisant WG \u00e0 base de Trichoderma atroviride AGLM4 qui favorise le d\u00e9veloppement des racines, l'absorption des nutriments et la vigueur des cultures.","breadcrumb":{"@id":"https:\/\/peru.agrolac.com\/fr\/producto\/triquer\/#breadcrumb"},"inLanguage":"fr-FR","potentialAction":[{"@type":"ReadAction","target":["https:\/\/peru.agrolac.com\/fr\/producto\/triquer\/"]}]},{"@type":"ImageObject","inLanguage":"fr-FR","@id":"https:\/\/peru.agrolac.com\/fr\/producto\/triquer\/#primaryimage","url":"https:\/\/peru.agrolac.com\/wp-content\/uploads\/2025\/10\/Agrolarix-tratamiento-campo.webp","contentUrl":"https:\/\/peru.agrolac.com\/wp-content\/uploads\/2025\/10\/Agrolarix-tratamiento-campo.webp","width":1500,"height":1123},{"@type":"BreadcrumbList","@id":"https:\/\/peru.agrolac.com\/fr\/producto\/triquer\/#breadcrumb","itemListElement":[{"@type":"ListItem","position":1,"name":"Accueil","item":"https:\/\/peru.agrolac.com\/fr\/?page_id=1992"},{"@type":"ListItem","position":2,"name":"Produits","item":"https:\/\/peru.agrolac.com\/fr\/?page_id=4142"},{"@type":"ListItem","position":3,"name":"Engrais","item":"https:\/\/peru.agrolac.com\/fr\/categoria-producto\/engrais\/"},{"@type":"ListItem","position":4,"name":"Triquer"}]},{"@type":"WebSite","@id":"https:\/\/peru.agrolac.com\/fr\/#website","url":"https:\/\/peru.agrolac.com\/fr\/","name":"VICORQUIMIA","description":"Agrolac &eacute;s una empresa de Barcelona, fundada el 1982, especialitzada en distribuci&oacute; de productes agroqu&iacute;mics per a l'agricultura europea.","publisher":{"@id":"https:\/\/peru.agrolac.com\/fr\/#organization"},"potentialAction":[{"@type":"SearchAction","target":{"@type":"EntryPoint","urlTemplate":"https:\/\/peru.agrolac.com\/fr\/?s={search_term_string}"},"query-input":{"@type":"PropertyValueSpecification","valueRequired":true,"valueName":"search_term_string"}}],"inLanguage":"fr-FR"},{"@type":"Organization","@id":"https:\/\/peru.agrolac.com\/fr\/#organization","name":"VICORQUIMIA","url":"https:\/\/peru.agrolac.com\/fr\/","logo":{"@type":"ImageObject","inLanguage":"fr-FR","@id":"https:\/\/peru.agrolac.com\/fr\/#\/schema\/logo\/image\/","url":"https:\/\/peru.agrolac.com\/wp-content\/uploads\/2025\/10\/agrolac-logo.svg","contentUrl":"https:\/\/peru.agrolac.com\/wp-content\/uploads\/2025\/10\/agrolac-logo.svg","caption":"VICORQUIMIA"},"image":{"@id":"https:\/\/peru.agrolac.com\/fr\/#\/schema\/logo\/image\/"},"sameAs":["https:\/\/www.linkedin.com\/company\/vicorquimia\/"]}]}},"_links":{"self":[{"href":"https:\/\/peru.agrolac.com\/fr\/wp-json\/wp\/v2\/product\/7598","targetHints":{"allow":["GET"]}}],"collection":[{"href":"https:\/\/peru.agrolac.com\/fr\/wp-json\/wp\/v2\/product"}],"about":[{"href":"https:\/\/peru.agrolac.com\/fr\/wp-json\/wp\/v2\/types\/product"}],"replies":[{"embeddable":true,"href":"https:\/\/peru.agrolac.com\/fr\/wp-json\/wp\/v2\/comments?post=7598"}],"wp:featuredmedia":[{"embeddable":true,"href":"https:\/\/peru.agrolac.com\/fr\/wp-json\/wp\/v2\/media\/5636"}],"wp:attachment":[{"href":"https:\/\/peru.agrolac.com\/fr\/wp-json\/wp\/v2\/media?parent=7598"}],"wp:term":[{"taxonomy":"certificacion","embeddable":true,"href":"https:\/\/peru.agrolac.com\/fr\/wp-json\/wp\/v2\/certificacion?post=7598"},{"taxonomy":"cultivo","embeddable":true,"href":"https:\/\/peru.agrolac.com\/fr\/wp-json\/wp\/v2\/cultivo?post=7598"},{"taxonomy":"product_brand","embeddable":true,"href":"https:\/\/peru.agrolac.com\/fr\/wp-json\/wp\/v2\/product_brand?post=7598"},{"taxonomy":"product_cat","embeddable":true,"href":"https:\/\/peru.agrolac.com\/fr\/wp-json\/wp\/v2\/product_cat?post=7598"},{"taxonomy":"product_tag","embeddable":true,"href":"https:\/\/peru.agrolac.com\/fr\/wp-json\/wp\/v2\/product_tag?post=7598"}],"curies":[{"name":"wp","href":"https:\/\/api.w.org\/{rel}","templated":true}]}}