{"id":7586,"date":"2026-01-08T22:39:57","date_gmt":"2026-01-08T21:39:57","guid":{"rendered":"https:\/\/peru.agrolac.com\/producto\/agrolarix\/"},"modified":"2026-03-02T19:22:25","modified_gmt":"2026-03-02T18:22:25","slug":"agrolarix","status":"publish","type":"product","link":"https:\/\/peru.agrolac.com\/fr\/producto\/agrolarix\/","title":{"rendered":"Agrolarix"},"content":{"rendered":"<p><strong>AGROLARIX\u00ae<\/strong> est un <b>biostimulant r\u00e9gulateur de d\u00e9veloppement d&rsquo;<\/b> origine v\u00e9g\u00e9tale, formul\u00e9 sous forme de <b>liquide soluble (SL) nanoencapsul\u00e9<\/b>. Sa mati\u00e8re active provient d&rsquo;un <b>extrait de m\u00e9l\u00e8ze de Sib\u00e9rie (Larix gmelinii)<\/b> et fournit de la <b>dihydroquerc\u00e9tine (DHQ)<\/b>. Il est int\u00e9gr\u00e9 dans les programmes de gestion pour <b>soutenir la tol\u00e9rance au stress abiotique<\/b>, promouvoir l&rsquo;<b>efficacit\u00e9 de l&rsquo;utilisation des nutriments<\/b> et accompagner les processus de culture li\u00e9s \u00e0 la <b>floraison, \u00e0 la nouaison, \u00e0 l&rsquo;engraissement et \u00e0 la maturation<\/b>, en fonction de l&rsquo;objectif et de la culture. Il permet une utilisation flexible tant en application <b>foliaire<\/b> qu&rsquo;<b>en irrigation<\/b>, en adaptant les doses et le calendrier aux conditions agronomiques.   <\/p>\n<p>De par sa nature et sa formulation,<strong> AGROLARIX\u00ae<\/strong> se positionne comme un soutien <b>antioxydant<\/b> dans le cadre de la strat\u00e9gie de gestion, contribuant \u00e0 l&rsquo;\u00e9quilibre physiologique de la plante lorsque celle-ci est confront\u00e9e \u00e0 des conditions environnementales exigeantes.<\/p>\n<p>Son utilisation est associ\u00e9e \u00e0 l&rsquo;optimisation de processus physiologiques cl\u00e9s, tels que l&rsquo;<b>augmentation de la teneur en chlorophylle<\/b> et de l&rsquo;<b>activit\u00e9 photosynth\u00e9tique<\/b>, une meilleure r\u00e9ponse de la culture en termes d&rsquo;<b>\u00e9tat hydrique<\/b> et de <b>m\u00e9tabolisme des hydrates de carbone et une mobilisation<\/b> vers les organes productifs, en fonction du moment ph\u00e9nologique et du programme appliqu\u00e9.<\/p>\n<p>En outre, elle peut \u00eatre int\u00e9gr\u00e9e dans des lignes directrices visant \u00e0 soutenir le rendement et la qualit\u00e9 des fruits commercialisables, en aidant \u00e0 stabiliser la r\u00e9ponse de la culture \u00e0 des stades de forte demande et en facilitant une \u00e9volution plus homog\u00e8ne du d\u00e9veloppement des fruits dans le cadre d&rsquo;une gestion nutritionnelle et physiologique.<\/p>\n<p>Dans les applications au sol ou en irrigation, <strong>AGROLARIX\u00ae<\/strong> est incorpor\u00e9 comme un outil compl\u00e9mentaire dans le programme, en maintenant la recommandation d&rsquo;adapter son utilisation \u00e0 la culture et \u00e0 l&rsquo;objectif agronomique, et en respectant les conditions d&rsquo;application et les compatibilit\u00e9s indiqu\u00e9es.<\/p>\n<h3>Pourquoi choisir Agrolarix ?<\/h3>\n<ul>\n<li><b>Favorise la tol\u00e9rance au stress abiotique<\/b> et l&rsquo;efficacit\u00e9 de l&rsquo;utilisation des nutriments.<\/li>\n<li><b>Am\u00e9liore l&rsquo;\u00e9tat hydrique<\/b> des feuilles et des racines, contribuant \u00e0 une meilleure r\u00e9ponse des cultures au stress.<\/li>\n<li><b>Augmente la teneur en chlorophylle et l&rsquo;activit\u00e9 photosynth\u00e9tique<\/b> pendant la floraison.<\/li>\n<li><b>Favorise une mobilisation efficace des hydrates de carbone<\/b> vers les organes productifs (gestion\/distribution des photoassimilats).<\/li>\n<li><b>Modifie le profil hormonal<\/b> (ABA, jasmonate, salicylique et indolac\u00e9tique) et soutient le m\u00e9tabolisme et le niveau de d\u00e9fense de la plante.<\/li>\n<li><b>R\u00e9sultats agronomiques des essais<\/b>: am\u00e9lioration du <b>rendement<\/b>, <b>pr\u00e9cocit\u00e9<\/b>, <b>calibre\/coloration<\/b> et <b>rentabilit\u00e9<\/b> en fonction de la culture et de la dose.<\/li>\n<\/ul>\n<h3>Application<\/h3>\n<p><strong>AGROLARIX\u00ae<\/strong> a une <strong>large gamme d&rsquo;applications<\/strong>, y compris les cultures fruiti\u00e8res, l&rsquo;olivier, les cultures horticoles, la vigne et le raisin de table, les cultures industrielles, les cultures tropicales et semi-tropicales, les gazons de jardin et de sport, les plantes ornementales, les semences et les jeunes plants, en fonction des objectifs recherch\u00e9s.<\/p>\n<h4>Recommandations d&rsquo;utilisation<\/h4>\n<p><strong>AGROLARIX\u00ae<\/strong> est appliqu\u00e9 en adaptant le dosage et le moment de l&rsquo;application aux objectifs souhait\u00e9s et au type de culture, aussi bien en application foliaire qu&rsquo;en application au sol. Le produit peut \u00eatre m\u00e9lang\u00e9 \u00e0 d&rsquo;autres ingr\u00e9dients actifs et nutriments. <\/p>\n<h3>Remarques<\/h3>\n<p>Ne pas traiter \u00e0 des temp\u00e9ratures sup\u00e9rieures \u00e0 30 \u00baC. Ne pas m\u00e9langer avec des produits \u00e0 base d&rsquo;\u00e9tain ou des huiles min\u00e9rales. <\/p>\n","protected":false},"excerpt":{"rendered":"<p>Produit con\u00e7u pour favoriser un d\u00e9veloppement \u00e9qui\u2026<\/p>\n","protected":false},"featured_media":6419,"comment_status":"closed","ping_status":"closed","template":"","meta":{"_acf_changed":false},"certificacion":[425,433],"cultivo":[562,437,555,559,439,440,565,438],"product_brand":[],"product_cat":[417],"product_tag":[],"class_list":{"0":"post-7586","1":"product","2":"type-product","3":"status-publish","4":"has-post-thumbnail","6":"certificacion-biologique","7":"certificacion-zero-residu","8":"cultivo-agrumes","9":"cultivo-arbres-fruitiers","10":"cultivo-arbres-fruitiers-a-noyaux","11":"cultivo-arbres-fruitiers-a-pepins","12":"cultivo-cereales","13":"cultivo-cultures-industrielles","14":"cultivo-fruits-secs","15":"cultivo-horticulture","16":"product_cat-regulateur-de-croissance","18":"first","19":"instock","20":"shipping-taxable","21":"product-type-simple"},"acf":[],"yoast_head":"<!-- This site is optimized with the Yoast SEO plugin v27.4 - https:\/\/yoast.com\/product\/yoast-seo-wordpress\/ -->\n<title>Agrolarix - Agrolac<\/title>\n<meta name=\"description\" content=\"Agrolarix% est un biostimulant nano-encapsul\u00e9 (DHQ) d&#039;origine v\u00e9g\u00e9tale qui favorise la tol\u00e9rance au stress abiotique et les phases telles que la floraison, la nouaison et la maturation des fruits.\" \/>\n<meta name=\"robots\" content=\"index, follow, max-snippet:-1, max-image-preview:large, max-video-preview:-1\" \/>\n<link rel=\"canonical\" href=\"https:\/\/peru.agrolac.com\/fr\/producto\/agrolarix\/\" \/>\n<meta property=\"og:locale\" content=\"fr_FR\" \/>\n<meta property=\"og:type\" content=\"article\" \/>\n<meta property=\"og:title\" content=\"Agrolarix - Agrolac\" \/>\n<meta property=\"og:description\" content=\"Agrolarix% est un biostimulant nano-encapsul\u00e9 (DHQ) d&#039;origine v\u00e9g\u00e9tale qui favorise la tol\u00e9rance au stress abiotique et les phases telles que la floraison, la nouaison et la maturation des fruits.\" \/>\n<meta property=\"og:url\" content=\"https:\/\/peru.agrolac.com\/fr\/producto\/agrolarix\/\" \/>\n<meta property=\"og:site_name\" content=\"Agrolac\" \/>\n<meta property=\"article:modified_time\" content=\"2026-03-02T18:22:25+00:00\" \/>\n<meta property=\"og:image\" content=\"https:\/\/peru.agrolac.com\/wp-content\/uploads\/2026\/01\/limonero-detalle.webp\" \/>\n\t<meta property=\"og:image:width\" content=\"1920\" \/>\n\t<meta property=\"og:image:height\" content=\"1080\" \/>\n\t<meta property=\"og:image:type\" content=\"image\/webp\" \/>\n<meta name=\"twitter:card\" content=\"summary_large_image\" \/>\n<meta name=\"twitter:label1\" content=\"Dur\u00e9e de lecture estim\u00e9e\" \/>\n\t<meta name=\"twitter:data1\" content=\"3 minutes\" \/>\n<script type=\"application\/ld+json\" class=\"yoast-schema-graph\">{\"@context\":\"https:\\\/\\\/schema.org\",\"@graph\":[{\"@type\":\"WebPage\",\"@id\":\"https:\\\/\\\/peru.agrolac.com\\\/fr\\\/producto\\\/agrolarix\\\/\",\"url\":\"https:\\\/\\\/peru.agrolac.com\\\/fr\\\/producto\\\/agrolarix\\\/\",\"name\":\"Agrolarix - Agrolac\",\"isPartOf\":{\"@id\":\"https:\\\/\\\/peru.agrolac.com\\\/fr\\\/#website\"},\"primaryImageOfPage\":{\"@id\":\"https:\\\/\\\/peru.agrolac.com\\\/fr\\\/producto\\\/agrolarix\\\/#primaryimage\"},\"image\":{\"@id\":\"https:\\\/\\\/peru.agrolac.com\\\/fr\\\/producto\\\/agrolarix\\\/#primaryimage\"},\"thumbnailUrl\":\"https:\\\/\\\/peru.agrolac.com\\\/wp-content\\\/uploads\\\/2026\\\/01\\\/limonero-detalle.webp\",\"datePublished\":\"2026-01-08T21:39:57+00:00\",\"dateModified\":\"2026-03-02T18:22:25+00:00\",\"description\":\"Agrolarix% est un biostimulant nano-encapsul\u00e9 (DHQ) d'origine v\u00e9g\u00e9tale qui favorise la tol\u00e9rance au stress abiotique et les phases telles que la floraison, la nouaison et la maturation des fruits.\",\"breadcrumb\":{\"@id\":\"https:\\\/\\\/peru.agrolac.com\\\/fr\\\/producto\\\/agrolarix\\\/#breadcrumb\"},\"inLanguage\":\"fr-FR\",\"potentialAction\":[{\"@type\":\"ReadAction\",\"target\":[\"https:\\\/\\\/peru.agrolac.com\\\/fr\\\/producto\\\/agrolarix\\\/\"]}]},{\"@type\":\"ImageObject\",\"inLanguage\":\"fr-FR\",\"@id\":\"https:\\\/\\\/peru.agrolac.com\\\/fr\\\/producto\\\/agrolarix\\\/#primaryimage\",\"url\":\"https:\\\/\\\/peru.agrolac.com\\\/wp-content\\\/uploads\\\/2026\\\/01\\\/limonero-detalle.webp\",\"contentUrl\":\"https:\\\/\\\/peru.agrolac.com\\\/wp-content\\\/uploads\\\/2026\\\/01\\\/limonero-detalle.webp\",\"width\":1920,\"height\":1080},{\"@type\":\"BreadcrumbList\",\"@id\":\"https:\\\/\\\/peru.agrolac.com\\\/fr\\\/producto\\\/agrolarix\\\/#breadcrumb\",\"itemListElement\":[{\"@type\":\"ListItem\",\"position\":1,\"name\":\"Accueil\",\"item\":\"https:\\\/\\\/peru.agrolac.com\\\/fr\\\/?page_id=1992\"},{\"@type\":\"ListItem\",\"position\":2,\"name\":\"Produits\",\"item\":\"https:\\\/\\\/peru.agrolac.com\\\/fr\\\/?page_id=4142\"},{\"@type\":\"ListItem\",\"position\":3,\"name\":\"R\u00e9gulateur de croissance\",\"item\":\"https:\\\/\\\/peru.agrolac.com\\\/fr\\\/categoria-producto\\\/regulateur-de-croissance\\\/\"},{\"@type\":\"ListItem\",\"position\":4,\"name\":\"Agrolarix\"}]},{\"@type\":\"WebSite\",\"@id\":\"https:\\\/\\\/peru.agrolac.com\\\/fr\\\/#website\",\"url\":\"https:\\\/\\\/peru.agrolac.com\\\/fr\\\/\",\"name\":\"VICORQUIMIA\",\"description\":\"Agrolac &eacute;s una empresa de Barcelona, fundada el 1982, especialitzada en distribuci&oacute; de productes agroqu&iacute;mics per a l'agricultura europea.\",\"publisher\":{\"@id\":\"https:\\\/\\\/peru.agrolac.com\\\/fr\\\/#organization\"},\"potentialAction\":[{\"@type\":\"SearchAction\",\"target\":{\"@type\":\"EntryPoint\",\"urlTemplate\":\"https:\\\/\\\/peru.agrolac.com\\\/fr\\\/?s={search_term_string}\"},\"query-input\":{\"@type\":\"PropertyValueSpecification\",\"valueRequired\":true,\"valueName\":\"search_term_string\"}}],\"inLanguage\":\"fr-FR\"},{\"@type\":\"Organization\",\"@id\":\"https:\\\/\\\/peru.agrolac.com\\\/fr\\\/#organization\",\"name\":\"VICORQUIMIA\",\"url\":\"https:\\\/\\\/peru.agrolac.com\\\/fr\\\/\",\"logo\":{\"@type\":\"ImageObject\",\"inLanguage\":\"fr-FR\",\"@id\":\"https:\\\/\\\/peru.agrolac.com\\\/fr\\\/#\\\/schema\\\/logo\\\/image\\\/\",\"url\":\"https:\\\/\\\/peru.agrolac.com\\\/wp-content\\\/uploads\\\/2025\\\/10\\\/agrolac-logo.svg\",\"contentUrl\":\"https:\\\/\\\/peru.agrolac.com\\\/wp-content\\\/uploads\\\/2025\\\/10\\\/agrolac-logo.svg\",\"caption\":\"VICORQUIMIA\"},\"image\":{\"@id\":\"https:\\\/\\\/peru.agrolac.com\\\/fr\\\/#\\\/schema\\\/logo\\\/image\\\/\"},\"sameAs\":[\"https:\\\/\\\/www.linkedin.com\\\/company\\\/vicorquimia\\\/\"]}]}<\/script>\n<!-- \/ Yoast SEO plugin. -->","yoast_head_json":{"title":"Agrolarix - Agrolac","description":"Agrolarix% est un biostimulant nano-encapsul\u00e9 (DHQ) d'origine v\u00e9g\u00e9tale qui favorise la tol\u00e9rance au stress abiotique et les phases telles que la floraison, la nouaison et la maturation des fruits.","robots":{"index":"index","follow":"follow","max-snippet":"max-snippet:-1","max-image-preview":"max-image-preview:large","max-video-preview":"max-video-preview:-1"},"canonical":"https:\/\/peru.agrolac.com\/fr\/producto\/agrolarix\/","og_locale":"fr_FR","og_type":"article","og_title":"Agrolarix - Agrolac","og_description":"Agrolarix% est un biostimulant nano-encapsul\u00e9 (DHQ) d'origine v\u00e9g\u00e9tale qui favorise la tol\u00e9rance au stress abiotique et les phases telles que la floraison, la nouaison et la maturation des fruits.","og_url":"https:\/\/peru.agrolac.com\/fr\/producto\/agrolarix\/","og_site_name":"Agrolac","article_modified_time":"2026-03-02T18:22:25+00:00","og_image":[{"width":1920,"height":1080,"url":"https:\/\/peru.agrolac.com\/wp-content\/uploads\/2026\/01\/limonero-detalle.webp","type":"image\/webp"}],"twitter_card":"summary_large_image","twitter_misc":{"Dur\u00e9e de lecture estim\u00e9e":"3 minutes"},"schema":{"@context":"https:\/\/schema.org","@graph":[{"@type":"WebPage","@id":"https:\/\/peru.agrolac.com\/fr\/producto\/agrolarix\/","url":"https:\/\/peru.agrolac.com\/fr\/producto\/agrolarix\/","name":"Agrolarix - Agrolac","isPartOf":{"@id":"https:\/\/peru.agrolac.com\/fr\/#website"},"primaryImageOfPage":{"@id":"https:\/\/peru.agrolac.com\/fr\/producto\/agrolarix\/#primaryimage"},"image":{"@id":"https:\/\/peru.agrolac.com\/fr\/producto\/agrolarix\/#primaryimage"},"thumbnailUrl":"https:\/\/peru.agrolac.com\/wp-content\/uploads\/2026\/01\/limonero-detalle.webp","datePublished":"2026-01-08T21:39:57+00:00","dateModified":"2026-03-02T18:22:25+00:00","description":"Agrolarix% est un biostimulant nano-encapsul\u00e9 (DHQ) d'origine v\u00e9g\u00e9tale qui favorise la tol\u00e9rance au stress abiotique et les phases telles que la floraison, la nouaison et la maturation des fruits.","breadcrumb":{"@id":"https:\/\/peru.agrolac.com\/fr\/producto\/agrolarix\/#breadcrumb"},"inLanguage":"fr-FR","potentialAction":[{"@type":"ReadAction","target":["https:\/\/peru.agrolac.com\/fr\/producto\/agrolarix\/"]}]},{"@type":"ImageObject","inLanguage":"fr-FR","@id":"https:\/\/peru.agrolac.com\/fr\/producto\/agrolarix\/#primaryimage","url":"https:\/\/peru.agrolac.com\/wp-content\/uploads\/2026\/01\/limonero-detalle.webp","contentUrl":"https:\/\/peru.agrolac.com\/wp-content\/uploads\/2026\/01\/limonero-detalle.webp","width":1920,"height":1080},{"@type":"BreadcrumbList","@id":"https:\/\/peru.agrolac.com\/fr\/producto\/agrolarix\/#breadcrumb","itemListElement":[{"@type":"ListItem","position":1,"name":"Accueil","item":"https:\/\/peru.agrolac.com\/fr\/?page_id=1992"},{"@type":"ListItem","position":2,"name":"Produits","item":"https:\/\/peru.agrolac.com\/fr\/?page_id=4142"},{"@type":"ListItem","position":3,"name":"R\u00e9gulateur de croissance","item":"https:\/\/peru.agrolac.com\/fr\/categoria-producto\/regulateur-de-croissance\/"},{"@type":"ListItem","position":4,"name":"Agrolarix"}]},{"@type":"WebSite","@id":"https:\/\/peru.agrolac.com\/fr\/#website","url":"https:\/\/peru.agrolac.com\/fr\/","name":"VICORQUIMIA","description":"Agrolac &eacute;s una empresa de Barcelona, fundada el 1982, especialitzada en distribuci&oacute; de productes agroqu&iacute;mics per a l'agricultura europea.","publisher":{"@id":"https:\/\/peru.agrolac.com\/fr\/#organization"},"potentialAction":[{"@type":"SearchAction","target":{"@type":"EntryPoint","urlTemplate":"https:\/\/peru.agrolac.com\/fr\/?s={search_term_string}"},"query-input":{"@type":"PropertyValueSpecification","valueRequired":true,"valueName":"search_term_string"}}],"inLanguage":"fr-FR"},{"@type":"Organization","@id":"https:\/\/peru.agrolac.com\/fr\/#organization","name":"VICORQUIMIA","url":"https:\/\/peru.agrolac.com\/fr\/","logo":{"@type":"ImageObject","inLanguage":"fr-FR","@id":"https:\/\/peru.agrolac.com\/fr\/#\/schema\/logo\/image\/","url":"https:\/\/peru.agrolac.com\/wp-content\/uploads\/2025\/10\/agrolac-logo.svg","contentUrl":"https:\/\/peru.agrolac.com\/wp-content\/uploads\/2025\/10\/agrolac-logo.svg","caption":"VICORQUIMIA"},"image":{"@id":"https:\/\/peru.agrolac.com\/fr\/#\/schema\/logo\/image\/"},"sameAs":["https:\/\/www.linkedin.com\/company\/vicorquimia\/"]}]}},"_links":{"self":[{"href":"https:\/\/peru.agrolac.com\/fr\/wp-json\/wp\/v2\/product\/7586","targetHints":{"allow":["GET"]}}],"collection":[{"href":"https:\/\/peru.agrolac.com\/fr\/wp-json\/wp\/v2\/product"}],"about":[{"href":"https:\/\/peru.agrolac.com\/fr\/wp-json\/wp\/v2\/types\/product"}],"replies":[{"embeddable":true,"href":"https:\/\/peru.agrolac.com\/fr\/wp-json\/wp\/v2\/comments?post=7586"}],"wp:featuredmedia":[{"embeddable":true,"href":"https:\/\/peru.agrolac.com\/fr\/wp-json\/wp\/v2\/media\/6419"}],"wp:attachment":[{"href":"https:\/\/peru.agrolac.com\/fr\/wp-json\/wp\/v2\/media?parent=7586"}],"wp:term":[{"taxonomy":"certificacion","embeddable":true,"href":"https:\/\/peru.agrolac.com\/fr\/wp-json\/wp\/v2\/certificacion?post=7586"},{"taxonomy":"cultivo","embeddable":true,"href":"https:\/\/peru.agrolac.com\/fr\/wp-json\/wp\/v2\/cultivo?post=7586"},{"taxonomy":"product_brand","embeddable":true,"href":"https:\/\/peru.agrolac.com\/fr\/wp-json\/wp\/v2\/product_brand?post=7586"},{"taxonomy":"product_cat","embeddable":true,"href":"https:\/\/peru.agrolac.com\/fr\/wp-json\/wp\/v2\/product_cat?post=7586"},{"taxonomy":"product_tag","embeddable":true,"href":"https:\/\/peru.agrolac.com\/fr\/wp-json\/wp\/v2\/product_tag?post=7586"}],"curies":[{"name":"wp","href":"https:\/\/api.w.org\/{rel}","templated":true}]}}