{"id":7339,"date":"2025-10-09T11:09:15","date_gmt":"2025-10-09T09:09:15","guid":{"rendered":"https:\/\/peru.agrolac.com\/producto\/glyfoon-glyfoon\/"},"modified":"2026-03-02T19:19:52","modified_gmt":"2026-03-02T18:19:52","slug":"glyfoon-glyfoon","status":"publish","type":"product","link":"https:\/\/peru.agrolac.com\/fr\/producto\/glyfoon-glyfoon\/","title":{"rendered":"GLYFOON\u00ae GLYFOON"},"content":{"rendered":"<h2>GLYFOON\u00ae GLYFOON<\/h2>\n<p><strong>GLYFOON\u00ae<\/strong> est un herbicide <strong>syst\u00e9mique, non s\u00e9lectif, \u00e0 action foliaire<\/strong>, formul\u00e9 sous forme de <strong>concentr\u00e9 soluble (SL)<\/strong>, \u00e0 base de <strong>glyphosate (sel d&rsquo;isopropylamine) \u00e0 36 % p\/v (360 g\/L)<\/strong>, indiqu\u00e9 pour la <strong>lutte en post-lev\u00e9e contre<\/strong> les <strong>gramin\u00e9es et les dicotyl\u00e9dones<\/strong> <strong>annuelles et pluriannuelles<\/strong>.<\/p>\n<p>Apr\u00e8s l&rsquo;application, le produit est <strong>absorb\u00e9 par les feuilles<\/strong> et <strong>transloqu\u00e9 vers les racines et les organes de r\u00e9serve<\/strong>, o\u00f9 il exerce son action herbicide. Il <strong>est inactiv\u00e9<\/strong> dans le sol et <strong>n&rsquo;a<\/strong> donc <strong>pas d&rsquo;effet r\u00e9siduel<\/strong>. <\/p>\n<p>GLYFOON\u00ae peut \u00eatre utilis\u00e9 dans les <strong>canaux d&rsquo;irrigation, les cultures arables et ligneuses, les bordures et les prairies<\/strong>, en adaptant le dosage et la technique d&rsquo;application en fonction du type d&rsquo;adventices et des conditions de traitement.<\/p>\n<h3>Domaines d&rsquo;utilisation et dosage indicatifs (selon l&rsquo;\u00e9tiquette)<\/h3>\n<ul>\n<li><strong>Canaux d&rsquo;irrigation :<\/strong> 3-10 L\/ha.<\/li>\n<li><strong>Cultures herbac\u00e9es extensives et intensives :<\/strong> 1,5-6 L\/ha.<\/li>\n<li><strong>Plantes ligneuses :<\/strong> 3-6 L\/ha (mauvaises herbes annuelles) et 6-10 L\/ha (mauvaises herbes pluriannuelles).<\/li>\n<li><strong>Limites :<\/strong> 3-10 L\/ha.<\/li>\n<li><strong>Prairies sem\u00e9es et prairies naturelles :<\/strong> 3-10 L\/ha.<\/li>\n<\/ul>\n<h3>Application<\/h3>\n<p>Traitements herbicides contre les mauvaises herbes de <strong>post-lev\u00e9e<\/strong>. Adaptez le <strong>dosage, le volume de pulv\u00e9risation et la technique d&rsquo;application<\/strong> aux conditions de traitement et \u00e0 l&rsquo;\u00e9quipement utilis\u00e9, en respectant toujours les instructions figurant sur l&rsquo;\u00e9tiquette. <\/p>\n<h3>S\u00e9curit\u00e9 et observations<\/h3>\n<ul>\n<li>Lors de l&rsquo;application avec un tracteur \u00e9quip\u00e9 d&rsquo;une cabine ferm\u00e9e et d&rsquo;un dispositif de filtrage de l&rsquo;air, il est possible de renoncer \u00e0 l&rsquo;\u00e9quipement de protection, \u00e0 condition que les fen\u00eatres soient maintenues ferm\u00e9es.<\/li>\n<li><strong>N&rsquo;entrez pas dans la culture tant que le produit n&rsquo;est pas sec.<\/strong><\/li>\n<li><strong>P\u00e9riode de s\u00e9curit\u00e9 :<\/strong> non applicable.<\/li>\n<\/ul>\n<h3>Avertissement<\/h3>\n<p>Les recommandations et les informations fournies sont bas\u00e9es sur des \u00e9tudes et des tests. Des facteurs ind\u00e9pendants de la volont\u00e9 du fabricant (pr\u00e9paration des m\u00e9langes, application, conditions m\u00e9t\u00e9orologiques, etc.) peuvent intervenir dans l&rsquo;utilisation du produit. L&rsquo;entreprise garantit la composition, la formulation et le contenu du produit. L&rsquo;utilisateur est responsable de tout dommage caus\u00e9 par l&rsquo;inobservation totale ou partielle des instructions figurant sur l&rsquo;\u00e9tiquette.   <\/p>\n","protected":false},"excerpt":{"rendered":"<p>Herbicide syst\u00e9mique de post-lev\u00e9e \u00e0 large spectre\u2026<\/p>\n","protected":false},"featured_media":4912,"comment_status":"closed","ping_status":"closed","template":"","meta":{"_acf_changed":false},"certificacion":[],"cultivo":[437,439,440,1419,565,438,1124,1420,1224,1123],"product_brand":[],"product_cat":[407],"product_tag":[],"class_list":{"0":"post-7339","1":"product","2":"type-product","3":"status-publish","4":"has-post-thumbnail","6":"cultivo-arbres-fruitiers","7":"cultivo-cereales","8":"cultivo-cultures-industrielles","9":"cultivo-fourrages-et-prairies","10":"cultivo-fruits-secs","11":"cultivo-horticulture","12":"cultivo-olivier","13":"cultivo-plantes-ornementales-et-pepinieres","14":"cultivo-tropical-subtropical","15":"cultivo-vigne","16":"product_cat-herbicides","18":"first","19":"instock","20":"shipping-taxable","21":"purchasable","22":"product-type-simple"},"acf":[],"yoast_head":"<!-- This site is optimized with the Yoast SEO plugin v27.4 - https:\/\/yoast.com\/product\/yoast-seo-wordpress\/ -->\n<title>GLYFOON\u00ae | Herbicida glifosato 360 g\/L (SL) no selectivo -Agrolac%.<\/title>\n<meta name=\"description\" content=\"Herbicide syst\u00e9mique non s\u00e9lectif (SL) \u00e0 base de glyphosate 360 g\/L. Contr\u00f4le en post-lev\u00e9e des mauvaises herbes annuelles et pluriannuelles. Usage professionnel.\" \/>\n<meta name=\"robots\" content=\"index, follow, max-snippet:-1, max-image-preview:large, max-video-preview:-1\" \/>\n<link rel=\"canonical\" href=\"https:\/\/peru.agrolac.com\/fr\/producto\/glyfoon-glyfoon\/\" \/>\n<meta property=\"og:locale\" content=\"fr_FR\" \/>\n<meta property=\"og:type\" content=\"article\" \/>\n<meta property=\"og:title\" content=\"GLYFOON\u00ae | Herbicida glifosato 360 g\/L (SL) no selectivo -Agrolac%.\" \/>\n<meta property=\"og:description\" content=\"Herbicide syst\u00e9mique non s\u00e9lectif (SL) \u00e0 base de glyphosate 360 g\/L. Contr\u00f4le en post-lev\u00e9e des mauvaises herbes annuelles et pluriannuelles. Usage professionnel.\" \/>\n<meta property=\"og:url\" content=\"https:\/\/peru.agrolac.com\/fr\/producto\/glyfoon-glyfoon\/\" \/>\n<meta property=\"og:site_name\" content=\"Agrolac\" \/>\n<meta property=\"article:modified_time\" content=\"2026-03-02T18:19:52+00:00\" \/>\n<meta property=\"og:image\" content=\"https:\/\/peru.agrolac.com\/wp-content\/uploads\/2025\/10\/olivar-herbicidas.webp\" \/>\n\t<meta property=\"og:image:width\" content=\"1920\" \/>\n\t<meta property=\"og:image:height\" content=\"1275\" \/>\n\t<meta property=\"og:image:type\" content=\"image\/webp\" \/>\n<meta name=\"twitter:card\" content=\"summary_large_image\" \/>\n<meta name=\"twitter:label1\" content=\"Dur\u00e9e de lecture estim\u00e9e\" \/>\n\t<meta name=\"twitter:data1\" content=\"2 minutes\" \/>\n<script type=\"application\/ld+json\" class=\"yoast-schema-graph\">{\"@context\":\"https:\\\/\\\/schema.org\",\"@graph\":[{\"@type\":\"WebPage\",\"@id\":\"https:\\\/\\\/peru.agrolac.com\\\/fr\\\/producto\\\/glyfoon-glyfoon\\\/\",\"url\":\"https:\\\/\\\/peru.agrolac.com\\\/fr\\\/producto\\\/glyfoon-glyfoon\\\/\",\"name\":\"GLYFOON\u00ae | Herbicida glifosato 360 g\\\/L (SL) no selectivo -Agrolac%.\",\"isPartOf\":{\"@id\":\"https:\\\/\\\/peru.agrolac.com\\\/fr\\\/#website\"},\"primaryImageOfPage\":{\"@id\":\"https:\\\/\\\/peru.agrolac.com\\\/fr\\\/producto\\\/glyfoon-glyfoon\\\/#primaryimage\"},\"image\":{\"@id\":\"https:\\\/\\\/peru.agrolac.com\\\/fr\\\/producto\\\/glyfoon-glyfoon\\\/#primaryimage\"},\"thumbnailUrl\":\"https:\\\/\\\/peru.agrolac.com\\\/wp-content\\\/uploads\\\/2025\\\/10\\\/olivar-herbicidas.webp\",\"datePublished\":\"2025-10-09T09:09:15+00:00\",\"dateModified\":\"2026-03-02T18:19:52+00:00\",\"description\":\"Herbicide syst\u00e9mique non s\u00e9lectif (SL) \u00e0 base de glyphosate 360 g\\\/L. Contr\u00f4le en post-lev\u00e9e des mauvaises herbes annuelles et pluriannuelles. Usage professionnel.\",\"breadcrumb\":{\"@id\":\"https:\\\/\\\/peru.agrolac.com\\\/fr\\\/producto\\\/glyfoon-glyfoon\\\/#breadcrumb\"},\"inLanguage\":\"fr-FR\",\"potentialAction\":[{\"@type\":\"ReadAction\",\"target\":[\"https:\\\/\\\/peru.agrolac.com\\\/fr\\\/producto\\\/glyfoon-glyfoon\\\/\"]}]},{\"@type\":\"ImageObject\",\"inLanguage\":\"fr-FR\",\"@id\":\"https:\\\/\\\/peru.agrolac.com\\\/fr\\\/producto\\\/glyfoon-glyfoon\\\/#primaryimage\",\"url\":\"https:\\\/\\\/peru.agrolac.com\\\/wp-content\\\/uploads\\\/2025\\\/10\\\/olivar-herbicidas.webp\",\"contentUrl\":\"https:\\\/\\\/peru.agrolac.com\\\/wp-content\\\/uploads\\\/2025\\\/10\\\/olivar-herbicidas.webp\",\"width\":1920,\"height\":1275},{\"@type\":\"BreadcrumbList\",\"@id\":\"https:\\\/\\\/peru.agrolac.com\\\/fr\\\/producto\\\/glyfoon-glyfoon\\\/#breadcrumb\",\"itemListElement\":[{\"@type\":\"ListItem\",\"position\":1,\"name\":\"Accueil\",\"item\":\"https:\\\/\\\/peru.agrolac.com\\\/fr\\\/?page_id=1992\"},{\"@type\":\"ListItem\",\"position\":2,\"name\":\"Produits\",\"item\":\"https:\\\/\\\/peru.agrolac.com\\\/fr\\\/?page_id=4142\"},{\"@type\":\"ListItem\",\"position\":3,\"name\":\"Herbicides\",\"item\":\"https:\\\/\\\/peru.agrolac.com\\\/fr\\\/categoria-producto\\\/herbicides\\\/\"},{\"@type\":\"ListItem\",\"position\":4,\"name\":\"GLYFOON\u00ae GLYFOON\"}]},{\"@type\":\"WebSite\",\"@id\":\"https:\\\/\\\/peru.agrolac.com\\\/fr\\\/#website\",\"url\":\"https:\\\/\\\/peru.agrolac.com\\\/fr\\\/\",\"name\":\"VICORQUIMIA\",\"description\":\"Agrolac &eacute;s una empresa de Barcelona, fundada el 1982, especialitzada en distribuci&oacute; de productes agroqu&iacute;mics per a l'agricultura europea.\",\"publisher\":{\"@id\":\"https:\\\/\\\/peru.agrolac.com\\\/fr\\\/#organization\"},\"potentialAction\":[{\"@type\":\"SearchAction\",\"target\":{\"@type\":\"EntryPoint\",\"urlTemplate\":\"https:\\\/\\\/peru.agrolac.com\\\/fr\\\/?s={search_term_string}\"},\"query-input\":{\"@type\":\"PropertyValueSpecification\",\"valueRequired\":true,\"valueName\":\"search_term_string\"}}],\"inLanguage\":\"fr-FR\"},{\"@type\":\"Organization\",\"@id\":\"https:\\\/\\\/peru.agrolac.com\\\/fr\\\/#organization\",\"name\":\"VICORQUIMIA\",\"url\":\"https:\\\/\\\/peru.agrolac.com\\\/fr\\\/\",\"logo\":{\"@type\":\"ImageObject\",\"inLanguage\":\"fr-FR\",\"@id\":\"https:\\\/\\\/peru.agrolac.com\\\/fr\\\/#\\\/schema\\\/logo\\\/image\\\/\",\"url\":\"https:\\\/\\\/peru.agrolac.com\\\/wp-content\\\/uploads\\\/2025\\\/10\\\/agrolac-logo.svg\",\"contentUrl\":\"https:\\\/\\\/peru.agrolac.com\\\/wp-content\\\/uploads\\\/2025\\\/10\\\/agrolac-logo.svg\",\"caption\":\"VICORQUIMIA\"},\"image\":{\"@id\":\"https:\\\/\\\/peru.agrolac.com\\\/fr\\\/#\\\/schema\\\/logo\\\/image\\\/\"},\"sameAs\":[\"https:\\\/\\\/www.linkedin.com\\\/company\\\/vicorquimia\\\/\"]}]}<\/script>\n<!-- \/ Yoast SEO plugin. -->","yoast_head_json":{"title":"GLYFOON\u00ae | Herbicida glifosato 360 g\/L (SL) no selectivo -Agrolac%.","description":"Herbicide syst\u00e9mique non s\u00e9lectif (SL) \u00e0 base de glyphosate 360 g\/L. Contr\u00f4le en post-lev\u00e9e des mauvaises herbes annuelles et pluriannuelles. Usage professionnel.","robots":{"index":"index","follow":"follow","max-snippet":"max-snippet:-1","max-image-preview":"max-image-preview:large","max-video-preview":"max-video-preview:-1"},"canonical":"https:\/\/peru.agrolac.com\/fr\/producto\/glyfoon-glyfoon\/","og_locale":"fr_FR","og_type":"article","og_title":"GLYFOON\u00ae | Herbicida glifosato 360 g\/L (SL) no selectivo -Agrolac%.","og_description":"Herbicide syst\u00e9mique non s\u00e9lectif (SL) \u00e0 base de glyphosate 360 g\/L. Contr\u00f4le en post-lev\u00e9e des mauvaises herbes annuelles et pluriannuelles. Usage professionnel.","og_url":"https:\/\/peru.agrolac.com\/fr\/producto\/glyfoon-glyfoon\/","og_site_name":"Agrolac","article_modified_time":"2026-03-02T18:19:52+00:00","og_image":[{"width":1920,"height":1275,"url":"https:\/\/peru.agrolac.com\/wp-content\/uploads\/2025\/10\/olivar-herbicidas.webp","type":"image\/webp"}],"twitter_card":"summary_large_image","twitter_misc":{"Dur\u00e9e de lecture estim\u00e9e":"2 minutes"},"schema":{"@context":"https:\/\/schema.org","@graph":[{"@type":"WebPage","@id":"https:\/\/peru.agrolac.com\/fr\/producto\/glyfoon-glyfoon\/","url":"https:\/\/peru.agrolac.com\/fr\/producto\/glyfoon-glyfoon\/","name":"GLYFOON\u00ae | Herbicida glifosato 360 g\/L (SL) no selectivo -Agrolac%.","isPartOf":{"@id":"https:\/\/peru.agrolac.com\/fr\/#website"},"primaryImageOfPage":{"@id":"https:\/\/peru.agrolac.com\/fr\/producto\/glyfoon-glyfoon\/#primaryimage"},"image":{"@id":"https:\/\/peru.agrolac.com\/fr\/producto\/glyfoon-glyfoon\/#primaryimage"},"thumbnailUrl":"https:\/\/peru.agrolac.com\/wp-content\/uploads\/2025\/10\/olivar-herbicidas.webp","datePublished":"2025-10-09T09:09:15+00:00","dateModified":"2026-03-02T18:19:52+00:00","description":"Herbicide syst\u00e9mique non s\u00e9lectif (SL) \u00e0 base de glyphosate 360 g\/L. Contr\u00f4le en post-lev\u00e9e des mauvaises herbes annuelles et pluriannuelles. Usage professionnel.","breadcrumb":{"@id":"https:\/\/peru.agrolac.com\/fr\/producto\/glyfoon-glyfoon\/#breadcrumb"},"inLanguage":"fr-FR","potentialAction":[{"@type":"ReadAction","target":["https:\/\/peru.agrolac.com\/fr\/producto\/glyfoon-glyfoon\/"]}]},{"@type":"ImageObject","inLanguage":"fr-FR","@id":"https:\/\/peru.agrolac.com\/fr\/producto\/glyfoon-glyfoon\/#primaryimage","url":"https:\/\/peru.agrolac.com\/wp-content\/uploads\/2025\/10\/olivar-herbicidas.webp","contentUrl":"https:\/\/peru.agrolac.com\/wp-content\/uploads\/2025\/10\/olivar-herbicidas.webp","width":1920,"height":1275},{"@type":"BreadcrumbList","@id":"https:\/\/peru.agrolac.com\/fr\/producto\/glyfoon-glyfoon\/#breadcrumb","itemListElement":[{"@type":"ListItem","position":1,"name":"Accueil","item":"https:\/\/peru.agrolac.com\/fr\/?page_id=1992"},{"@type":"ListItem","position":2,"name":"Produits","item":"https:\/\/peru.agrolac.com\/fr\/?page_id=4142"},{"@type":"ListItem","position":3,"name":"Herbicides","item":"https:\/\/peru.agrolac.com\/fr\/categoria-producto\/herbicides\/"},{"@type":"ListItem","position":4,"name":"GLYFOON\u00ae GLYFOON"}]},{"@type":"WebSite","@id":"https:\/\/peru.agrolac.com\/fr\/#website","url":"https:\/\/peru.agrolac.com\/fr\/","name":"VICORQUIMIA","description":"Agrolac &eacute;s una empresa de Barcelona, fundada el 1982, especialitzada en distribuci&oacute; de productes agroqu&iacute;mics per a l'agricultura europea.","publisher":{"@id":"https:\/\/peru.agrolac.com\/fr\/#organization"},"potentialAction":[{"@type":"SearchAction","target":{"@type":"EntryPoint","urlTemplate":"https:\/\/peru.agrolac.com\/fr\/?s={search_term_string}"},"query-input":{"@type":"PropertyValueSpecification","valueRequired":true,"valueName":"search_term_string"}}],"inLanguage":"fr-FR"},{"@type":"Organization","@id":"https:\/\/peru.agrolac.com\/fr\/#organization","name":"VICORQUIMIA","url":"https:\/\/peru.agrolac.com\/fr\/","logo":{"@type":"ImageObject","inLanguage":"fr-FR","@id":"https:\/\/peru.agrolac.com\/fr\/#\/schema\/logo\/image\/","url":"https:\/\/peru.agrolac.com\/wp-content\/uploads\/2025\/10\/agrolac-logo.svg","contentUrl":"https:\/\/peru.agrolac.com\/wp-content\/uploads\/2025\/10\/agrolac-logo.svg","caption":"VICORQUIMIA"},"image":{"@id":"https:\/\/peru.agrolac.com\/fr\/#\/schema\/logo\/image\/"},"sameAs":["https:\/\/www.linkedin.com\/company\/vicorquimia\/"]}]}},"_links":{"self":[{"href":"https:\/\/peru.agrolac.com\/fr\/wp-json\/wp\/v2\/product\/7339","targetHints":{"allow":["GET"]}}],"collection":[{"href":"https:\/\/peru.agrolac.com\/fr\/wp-json\/wp\/v2\/product"}],"about":[{"href":"https:\/\/peru.agrolac.com\/fr\/wp-json\/wp\/v2\/types\/product"}],"replies":[{"embeddable":true,"href":"https:\/\/peru.agrolac.com\/fr\/wp-json\/wp\/v2\/comments?post=7339"}],"wp:featuredmedia":[{"embeddable":true,"href":"https:\/\/peru.agrolac.com\/fr\/wp-json\/wp\/v2\/media\/4912"}],"wp:attachment":[{"href":"https:\/\/peru.agrolac.com\/fr\/wp-json\/wp\/v2\/media?parent=7339"}],"wp:term":[{"taxonomy":"certificacion","embeddable":true,"href":"https:\/\/peru.agrolac.com\/fr\/wp-json\/wp\/v2\/certificacion?post=7339"},{"taxonomy":"cultivo","embeddable":true,"href":"https:\/\/peru.agrolac.com\/fr\/wp-json\/wp\/v2\/cultivo?post=7339"},{"taxonomy":"product_brand","embeddable":true,"href":"https:\/\/peru.agrolac.com\/fr\/wp-json\/wp\/v2\/product_brand?post=7339"},{"taxonomy":"product_cat","embeddable":true,"href":"https:\/\/peru.agrolac.com\/fr\/wp-json\/wp\/v2\/product_cat?post=7339"},{"taxonomy":"product_tag","embeddable":true,"href":"https:\/\/peru.agrolac.com\/fr\/wp-json\/wp\/v2\/product_tag?post=7339"}],"curies":[{"name":"wp","href":"https:\/\/api.w.org\/{rel}","templated":true}]}}