{"id":7329,"date":"2025-10-19T22:36:31","date_gmt":"2025-10-19T20:36:31","guid":{"rendered":"https:\/\/peru.agrolac.com\/producto\/ag-nano-urea-plus\/"},"modified":"2026-03-02T19:20:05","modified_gmt":"2026-03-02T18:20:05","slug":"ag-nano-urea-plus","status":"publish","type":"product","link":"https:\/\/peru.agrolac.com\/fr\/producto\/ag-nano-urea-plus\/","title":{"rendered":"AG Nano Urea Plus"},"content":{"rendered":"<p><strong>AG NANO UREA PLUS<\/strong> est un engrais foliaire liquide contenant de l&rsquo;<strong>azote sous forme nanostructur\u00e9e<\/strong>, d\u00e9velopp\u00e9 pour am\u00e9liorer l&rsquo;efficacit\u00e9 de l&rsquo;apport d&rsquo;azote \u00e0 la culture.<\/p>\n<p>Sa formulation \u00e0 l&rsquo;\u00e9chelle nanom\u00e9trique<b>(20-50 nm<\/b>) facilite l&rsquo;absorption par la feuille et sa redistribution dans la plante. L&rsquo;azote peut \u00eatre stock\u00e9 et lib\u00e9r\u00e9 <b>en fonction de la demande des<\/b> cultures (lib\u00e9ration lente). <\/p>\n<p>Le programme <strong>remplace partiellement la fertilisation azot\u00e9e des sols<\/strong>, offrant une <strong>plus grande efficacit\u00e9<\/strong>, des <strong>\u00e9conomies d&rsquo;intrants<\/strong>, une <strong>durabilit\u00e9 agronomique<\/strong> et une <strong>pr\u00e9servation de la biodiversit\u00e9<\/strong>.<\/p>\n<h3>Comment cela fonctionne-t-il ?<\/h3>\n<ul>\n<li>P\u00e9n\u00e8tre \u00e0 travers les <b>stomates<\/b> gr\u00e2ce \u00e0 sa tr\u00e8s petite taille<b>(20-50 nm).<\/b><\/li>\n<li>Il est distribu\u00e9 de mani\u00e8re syst\u00e9mique et peut \u00eatre stock\u00e9 dans des <b>vacuoles<\/b> et lib\u00e9r\u00e9 \u00e0 la demande.<\/li>\n<li>Contribue \u00e0 r\u00e9duire la <b>volatilisation, le lessivage et les<\/b> pertes dues \u00e0 la <b>fixation dans le sol<\/b>.<\/li>\n<\/ul>\n<h3>Avantages agronomiques<\/h3>\n<ul>\n<li>Il peut <b>remplacer 50 %<\/b> de l&rsquo;ur\u00e9e traditionnelle.<\/li>\n<li><b>Efficacit\u00e9 \u00e9lev\u00e9e de l&rsquo;utilisation de l&rsquo;azote<\/b>: jusqu&rsquo;\u00e0 <b>90 %<\/b>.<\/li>\n<li><b>Faible volume d&rsquo;application<\/b>: <strong>1<\/strong><b>,25 L\/ha<\/b> en <b>2 applications.<\/b><\/li>\n<li>Dans les essais, des <b>augmentations de rendement de<\/b> <b>8 % \u00e0 33 %<\/b> ont \u00e9t\u00e9 signal\u00e9es en fonction de la culture et de la comparaison.<\/li>\n<li>Approche nutritionnelle plus pr\u00e9cise avec moins d&rsquo;impact des pertes d&rsquo;azote.<\/li>\n<\/ul>\n<h3>Application<\/h3>\n<p>AG NANO UREA PLUS\u00ae est appliqu\u00e9 par voie <strong>foliaire<\/strong>.<\/p>\n<ul>\n<li><strong>Dose :<\/strong> 1,25 l\/ha (application foliaire).<\/li>\n<li><strong>Dilution :<\/strong> 2 \u00e0 4 ml\/l d&rsquo;eau.<\/li>\n<li><strong>Nombre d&rsquo;applications :<\/strong> 2-4 applications par cycle de culture.<\/li>\n<li><strong>Moment d&rsquo;application :<\/strong> germination, croissance v\u00e9g\u00e9tative, pr\u00e9floraison et d\u00e9veloppement des fruits.<\/li>\n<li><strong>Application recommand\u00e9e :<\/strong> 50 % d&rsquo;ur\u00e9e granul\u00e9e au sol + deux applications foliaires de 1,25 l\/ha de Nano Urea aux stades v\u00e9g\u00e9tatif et pr\u00e9-floral.<\/li>\n<li><strong>Compatibilit\u00e9 :<\/strong> compatible avec d&rsquo;autres applications foliaires (consulter le m\u00e9lange de pH).<\/li>\n<\/ul>\n<h3>Cultures<\/h3>\n<p>Convient \u00e0 l&rsquo;utilisation dans  (ma\u00efs, <strong>bl\u00e9<\/strong>, orge, riz),  <strong>l\u00e9gumes<\/strong> (tomate, poivron, concombre, courgette), <strong>l\u00e9gumineuses<\/strong> (pois chiches, lentilles, haricots), cultures <strong>industrielles<\/strong> (colza, coton, tournesol), <strong>arbres fruitiers et oliviers<\/strong>, <strong>cultures en serre et hydroponiques<\/strong>.<\/p>\n<h3>Remarques<\/h3>\n<p>Ne pas traiter \u00e0 des temp\u00e9ratures sup\u00e9rieures \u00e0 30 \u00baC. Ne pas m\u00e9langer avec des produits \u00e0 base d&rsquo;\u00e9tain et des huiles min\u00e9rales. <\/p>\n","protected":false},"excerpt":{"rendered":"<p>Engrais azot\u00e9 avec nanotechnologie pour une meille\u2026<\/p>\n","protected":false},"featured_media":6437,"comment_status":"closed","ping_status":"closed","template":"","meta":{"_acf_changed":false},"certificacion":[],"cultivo":[562,437,555,559,439,440,1419,565,1276,438,1120,1277,1124,1224,1123],"product_brand":[],"product_cat":[397],"product_tag":[],"class_list":{"0":"post-7329","1":"product","2":"type-product","3":"status-publish","4":"has-post-thumbnail","6":"cultivo-agrumes","7":"cultivo-arbres-fruitiers","8":"cultivo-arbres-fruitiers-a-noyaux","9":"cultivo-arbres-fruitiers-a-pepins","10":"cultivo-cereales","11":"cultivo-cultures-industrielles","12":"cultivo-fourrages-et-prairies","13":"cultivo-fruits-secs","14":"cultivo-graines-oleagineuses","15":"cultivo-horticulture","16":"cultivo-horticulture-fruitiere","17":"cultivo-legumineuses","18":"cultivo-olivier","19":"cultivo-tropical-subtropical","20":"cultivo-vigne","21":"product_cat-engrais","23":"first","24":"instock","25":"shipping-taxable","26":"purchasable","27":"product-type-simple"},"acf":[],"yoast_head":"<!-- This site is optimized with the Yoast SEO plugin v27.4 - https:\/\/yoast.com\/product\/yoast-seo-wordpress\/ -->\n<title>AG Nano Urea Plus - Agrolac<\/title>\n<meta name=\"description\" content=\"AG Nano Urea Plus% est un engrais foliaire liquide \u00e0 base d&#039;azote nanostructur\u00e9 destin\u00e9 \u00e0 am\u00e9liorer l&#039;efficacit\u00e9 de l&#039;azote et \u00e0 compl\u00e9ter la fertilisation du sol.\" \/>\n<meta name=\"robots\" content=\"index, follow, max-snippet:-1, max-image-preview:large, max-video-preview:-1\" \/>\n<link rel=\"canonical\" href=\"https:\/\/peru.agrolac.com\/fr\/producto\/ag-nano-urea-plus\/\" \/>\n<meta property=\"og:locale\" content=\"fr_FR\" \/>\n<meta property=\"og:type\" content=\"article\" \/>\n<meta property=\"og:title\" content=\"AG Nano Urea Plus - Agrolac\" \/>\n<meta property=\"og:description\" content=\"AG Nano Urea Plus% est un engrais foliaire liquide \u00e0 base d&#039;azote nanostructur\u00e9 destin\u00e9 \u00e0 am\u00e9liorer l&#039;efficacit\u00e9 de l&#039;azote et \u00e0 compl\u00e9ter la fertilisation du sol.\" \/>\n<meta property=\"og:url\" content=\"https:\/\/peru.agrolac.com\/fr\/producto\/ag-nano-urea-plus\/\" \/>\n<meta property=\"og:site_name\" content=\"Agrolac\" \/>\n<meta property=\"article:modified_time\" content=\"2026-03-02T18:20:05+00:00\" \/>\n<meta property=\"og:image\" content=\"https:\/\/peru.agrolac.com\/wp-content\/uploads\/2025\/10\/campo-maiz.webp\" \/>\n\t<meta property=\"og:image:width\" content=\"1920\" \/>\n\t<meta property=\"og:image:height\" content=\"1281\" \/>\n\t<meta property=\"og:image:type\" content=\"image\/webp\" \/>\n<meta name=\"twitter:card\" content=\"summary_large_image\" \/>\n<meta name=\"twitter:label1\" content=\"Dur\u00e9e de lecture estim\u00e9e\" \/>\n\t<meta name=\"twitter:data1\" content=\"2 minutes\" \/>\n<script type=\"application\/ld+json\" class=\"yoast-schema-graph\">{\"@context\":\"https:\\\/\\\/schema.org\",\"@graph\":[{\"@type\":\"WebPage\",\"@id\":\"https:\\\/\\\/peru.agrolac.com\\\/fr\\\/producto\\\/ag-nano-urea-plus\\\/\",\"url\":\"https:\\\/\\\/peru.agrolac.com\\\/fr\\\/producto\\\/ag-nano-urea-plus\\\/\",\"name\":\"AG Nano Urea Plus - Agrolac\",\"isPartOf\":{\"@id\":\"https:\\\/\\\/peru.agrolac.com\\\/fr\\\/#website\"},\"primaryImageOfPage\":{\"@id\":\"https:\\\/\\\/peru.agrolac.com\\\/fr\\\/producto\\\/ag-nano-urea-plus\\\/#primaryimage\"},\"image\":{\"@id\":\"https:\\\/\\\/peru.agrolac.com\\\/fr\\\/producto\\\/ag-nano-urea-plus\\\/#primaryimage\"},\"thumbnailUrl\":\"https:\\\/\\\/peru.agrolac.com\\\/wp-content\\\/uploads\\\/2025\\\/10\\\/campo-maiz.webp\",\"datePublished\":\"2025-10-19T20:36:31+00:00\",\"dateModified\":\"2026-03-02T18:20:05+00:00\",\"description\":\"AG Nano Urea Plus% est un engrais foliaire liquide \u00e0 base d'azote nanostructur\u00e9 destin\u00e9 \u00e0 am\u00e9liorer l'efficacit\u00e9 de l'azote et \u00e0 compl\u00e9ter la fertilisation du sol.\",\"breadcrumb\":{\"@id\":\"https:\\\/\\\/peru.agrolac.com\\\/fr\\\/producto\\\/ag-nano-urea-plus\\\/#breadcrumb\"},\"inLanguage\":\"fr-FR\",\"potentialAction\":[{\"@type\":\"ReadAction\",\"target\":[\"https:\\\/\\\/peru.agrolac.com\\\/fr\\\/producto\\\/ag-nano-urea-plus\\\/\"]}]},{\"@type\":\"ImageObject\",\"inLanguage\":\"fr-FR\",\"@id\":\"https:\\\/\\\/peru.agrolac.com\\\/fr\\\/producto\\\/ag-nano-urea-plus\\\/#primaryimage\",\"url\":\"https:\\\/\\\/peru.agrolac.com\\\/wp-content\\\/uploads\\\/2025\\\/10\\\/campo-maiz.webp\",\"contentUrl\":\"https:\\\/\\\/peru.agrolac.com\\\/wp-content\\\/uploads\\\/2025\\\/10\\\/campo-maiz.webp\",\"width\":1920,\"height\":1281},{\"@type\":\"BreadcrumbList\",\"@id\":\"https:\\\/\\\/peru.agrolac.com\\\/fr\\\/producto\\\/ag-nano-urea-plus\\\/#breadcrumb\",\"itemListElement\":[{\"@type\":\"ListItem\",\"position\":1,\"name\":\"Accueil\",\"item\":\"https:\\\/\\\/peru.agrolac.com\\\/fr\\\/?page_id=1992\"},{\"@type\":\"ListItem\",\"position\":2,\"name\":\"Produits\",\"item\":\"https:\\\/\\\/peru.agrolac.com\\\/fr\\\/?page_id=4142\"},{\"@type\":\"ListItem\",\"position\":3,\"name\":\"Engrais\",\"item\":\"https:\\\/\\\/peru.agrolac.com\\\/fr\\\/categoria-producto\\\/engrais\\\/\"},{\"@type\":\"ListItem\",\"position\":4,\"name\":\"AG Nano Urea Plus\"}]},{\"@type\":\"WebSite\",\"@id\":\"https:\\\/\\\/peru.agrolac.com\\\/fr\\\/#website\",\"url\":\"https:\\\/\\\/peru.agrolac.com\\\/fr\\\/\",\"name\":\"VICORQUIMIA\",\"description\":\"Agrolac &eacute;s una empresa de Barcelona, fundada el 1982, especialitzada en distribuci&oacute; de productes agroqu&iacute;mics per a l'agricultura europea.\",\"publisher\":{\"@id\":\"https:\\\/\\\/peru.agrolac.com\\\/fr\\\/#organization\"},\"potentialAction\":[{\"@type\":\"SearchAction\",\"target\":{\"@type\":\"EntryPoint\",\"urlTemplate\":\"https:\\\/\\\/peru.agrolac.com\\\/fr\\\/?s={search_term_string}\"},\"query-input\":{\"@type\":\"PropertyValueSpecification\",\"valueRequired\":true,\"valueName\":\"search_term_string\"}}],\"inLanguage\":\"fr-FR\"},{\"@type\":\"Organization\",\"@id\":\"https:\\\/\\\/peru.agrolac.com\\\/fr\\\/#organization\",\"name\":\"VICORQUIMIA\",\"url\":\"https:\\\/\\\/peru.agrolac.com\\\/fr\\\/\",\"logo\":{\"@type\":\"ImageObject\",\"inLanguage\":\"fr-FR\",\"@id\":\"https:\\\/\\\/peru.agrolac.com\\\/fr\\\/#\\\/schema\\\/logo\\\/image\\\/\",\"url\":\"https:\\\/\\\/peru.agrolac.com\\\/wp-content\\\/uploads\\\/2025\\\/10\\\/agrolac-logo.svg\",\"contentUrl\":\"https:\\\/\\\/peru.agrolac.com\\\/wp-content\\\/uploads\\\/2025\\\/10\\\/agrolac-logo.svg\",\"caption\":\"VICORQUIMIA\"},\"image\":{\"@id\":\"https:\\\/\\\/peru.agrolac.com\\\/fr\\\/#\\\/schema\\\/logo\\\/image\\\/\"},\"sameAs\":[\"https:\\\/\\\/www.linkedin.com\\\/company\\\/vicorquimia\\\/\"]}]}<\/script>\n<!-- \/ Yoast SEO plugin. -->","yoast_head_json":{"title":"AG Nano Urea Plus - Agrolac","description":"AG Nano Urea Plus% est un engrais foliaire liquide \u00e0 base d'azote nanostructur\u00e9 destin\u00e9 \u00e0 am\u00e9liorer l'efficacit\u00e9 de l'azote et \u00e0 compl\u00e9ter la fertilisation du sol.","robots":{"index":"index","follow":"follow","max-snippet":"max-snippet:-1","max-image-preview":"max-image-preview:large","max-video-preview":"max-video-preview:-1"},"canonical":"https:\/\/peru.agrolac.com\/fr\/producto\/ag-nano-urea-plus\/","og_locale":"fr_FR","og_type":"article","og_title":"AG Nano Urea Plus - Agrolac","og_description":"AG Nano Urea Plus% est un engrais foliaire liquide \u00e0 base d'azote nanostructur\u00e9 destin\u00e9 \u00e0 am\u00e9liorer l'efficacit\u00e9 de l'azote et \u00e0 compl\u00e9ter la fertilisation du sol.","og_url":"https:\/\/peru.agrolac.com\/fr\/producto\/ag-nano-urea-plus\/","og_site_name":"Agrolac","article_modified_time":"2026-03-02T18:20:05+00:00","og_image":[{"width":1920,"height":1281,"url":"https:\/\/peru.agrolac.com\/wp-content\/uploads\/2025\/10\/campo-maiz.webp","type":"image\/webp"}],"twitter_card":"summary_large_image","twitter_misc":{"Dur\u00e9e de lecture estim\u00e9e":"2 minutes"},"schema":{"@context":"https:\/\/schema.org","@graph":[{"@type":"WebPage","@id":"https:\/\/peru.agrolac.com\/fr\/producto\/ag-nano-urea-plus\/","url":"https:\/\/peru.agrolac.com\/fr\/producto\/ag-nano-urea-plus\/","name":"AG Nano Urea Plus - Agrolac","isPartOf":{"@id":"https:\/\/peru.agrolac.com\/fr\/#website"},"primaryImageOfPage":{"@id":"https:\/\/peru.agrolac.com\/fr\/producto\/ag-nano-urea-plus\/#primaryimage"},"image":{"@id":"https:\/\/peru.agrolac.com\/fr\/producto\/ag-nano-urea-plus\/#primaryimage"},"thumbnailUrl":"https:\/\/peru.agrolac.com\/wp-content\/uploads\/2025\/10\/campo-maiz.webp","datePublished":"2025-10-19T20:36:31+00:00","dateModified":"2026-03-02T18:20:05+00:00","description":"AG Nano Urea Plus% est un engrais foliaire liquide \u00e0 base d'azote nanostructur\u00e9 destin\u00e9 \u00e0 am\u00e9liorer l'efficacit\u00e9 de l'azote et \u00e0 compl\u00e9ter la fertilisation du sol.","breadcrumb":{"@id":"https:\/\/peru.agrolac.com\/fr\/producto\/ag-nano-urea-plus\/#breadcrumb"},"inLanguage":"fr-FR","potentialAction":[{"@type":"ReadAction","target":["https:\/\/peru.agrolac.com\/fr\/producto\/ag-nano-urea-plus\/"]}]},{"@type":"ImageObject","inLanguage":"fr-FR","@id":"https:\/\/peru.agrolac.com\/fr\/producto\/ag-nano-urea-plus\/#primaryimage","url":"https:\/\/peru.agrolac.com\/wp-content\/uploads\/2025\/10\/campo-maiz.webp","contentUrl":"https:\/\/peru.agrolac.com\/wp-content\/uploads\/2025\/10\/campo-maiz.webp","width":1920,"height":1281},{"@type":"BreadcrumbList","@id":"https:\/\/peru.agrolac.com\/fr\/producto\/ag-nano-urea-plus\/#breadcrumb","itemListElement":[{"@type":"ListItem","position":1,"name":"Accueil","item":"https:\/\/peru.agrolac.com\/fr\/?page_id=1992"},{"@type":"ListItem","position":2,"name":"Produits","item":"https:\/\/peru.agrolac.com\/fr\/?page_id=4142"},{"@type":"ListItem","position":3,"name":"Engrais","item":"https:\/\/peru.agrolac.com\/fr\/categoria-producto\/engrais\/"},{"@type":"ListItem","position":4,"name":"AG Nano Urea Plus"}]},{"@type":"WebSite","@id":"https:\/\/peru.agrolac.com\/fr\/#website","url":"https:\/\/peru.agrolac.com\/fr\/","name":"VICORQUIMIA","description":"Agrolac &eacute;s una empresa de Barcelona, fundada el 1982, especialitzada en distribuci&oacute; de productes agroqu&iacute;mics per a l'agricultura europea.","publisher":{"@id":"https:\/\/peru.agrolac.com\/fr\/#organization"},"potentialAction":[{"@type":"SearchAction","target":{"@type":"EntryPoint","urlTemplate":"https:\/\/peru.agrolac.com\/fr\/?s={search_term_string}"},"query-input":{"@type":"PropertyValueSpecification","valueRequired":true,"valueName":"search_term_string"}}],"inLanguage":"fr-FR"},{"@type":"Organization","@id":"https:\/\/peru.agrolac.com\/fr\/#organization","name":"VICORQUIMIA","url":"https:\/\/peru.agrolac.com\/fr\/","logo":{"@type":"ImageObject","inLanguage":"fr-FR","@id":"https:\/\/peru.agrolac.com\/fr\/#\/schema\/logo\/image\/","url":"https:\/\/peru.agrolac.com\/wp-content\/uploads\/2025\/10\/agrolac-logo.svg","contentUrl":"https:\/\/peru.agrolac.com\/wp-content\/uploads\/2025\/10\/agrolac-logo.svg","caption":"VICORQUIMIA"},"image":{"@id":"https:\/\/peru.agrolac.com\/fr\/#\/schema\/logo\/image\/"},"sameAs":["https:\/\/www.linkedin.com\/company\/vicorquimia\/"]}]}},"_links":{"self":[{"href":"https:\/\/peru.agrolac.com\/fr\/wp-json\/wp\/v2\/product\/7329","targetHints":{"allow":["GET"]}}],"collection":[{"href":"https:\/\/peru.agrolac.com\/fr\/wp-json\/wp\/v2\/product"}],"about":[{"href":"https:\/\/peru.agrolac.com\/fr\/wp-json\/wp\/v2\/types\/product"}],"replies":[{"embeddable":true,"href":"https:\/\/peru.agrolac.com\/fr\/wp-json\/wp\/v2\/comments?post=7329"}],"wp:featuredmedia":[{"embeddable":true,"href":"https:\/\/peru.agrolac.com\/fr\/wp-json\/wp\/v2\/media\/6437"}],"wp:attachment":[{"href":"https:\/\/peru.agrolac.com\/fr\/wp-json\/wp\/v2\/media?parent=7329"}],"wp:term":[{"taxonomy":"certificacion","embeddable":true,"href":"https:\/\/peru.agrolac.com\/fr\/wp-json\/wp\/v2\/certificacion?post=7329"},{"taxonomy":"cultivo","embeddable":true,"href":"https:\/\/peru.agrolac.com\/fr\/wp-json\/wp\/v2\/cultivo?post=7329"},{"taxonomy":"product_brand","embeddable":true,"href":"https:\/\/peru.agrolac.com\/fr\/wp-json\/wp\/v2\/product_brand?post=7329"},{"taxonomy":"product_cat","embeddable":true,"href":"https:\/\/peru.agrolac.com\/fr\/wp-json\/wp\/v2\/product_cat?post=7329"},{"taxonomy":"product_tag","embeddable":true,"href":"https:\/\/peru.agrolac.com\/fr\/wp-json\/wp\/v2\/product_tag?post=7329"}],"curies":[{"name":"wp","href":"https:\/\/api.w.org\/{rel}","templated":true}]}}