{"id":7694,"date":"2026-01-08T09:35:57","date_gmt":"2026-01-08T08:35:57","guid":{"rendered":"https:\/\/peru.agrolac.com\/producto\/rafega\/"},"modified":"2026-03-02T19:20:22","modified_gmt":"2026-03-02T18:20:22","slug":"rafega","status":"publish","type":"product","link":"https:\/\/peru.agrolac.com\/ca\/producto\/rafega\/","title":{"rendered":"R\u00e0fega"},"content":{"rendered":"<h2>RAFAGA<\/h2>\n<p><strong>RAFAGA<\/strong> \u00e9s un <strong>insecticida piretroide d&#8217;ampli espectre<\/strong> a base de <strong>deltametrina 25 EC<\/strong> , formulat per al control d&#8217;insectes mitjan\u00e7ant <strong>acci\u00f3 per contacte i ingesti\u00f3<\/strong> , i autoritzat per al seu \u00fas en diversos cultius.<\/p>\n<p>El producte s&#8217;aplica mitjan\u00e7ant <strong>polvoritzaci\u00f3 foliar<\/strong> , adaptant-ne la dosi, el nombre d&#8217;aplicacions i el moment de tractament a les indicacions establertes per a cada cultiu i plaga.<\/p>\n<h3>Condicions generals d\u00fas<\/h3>\n<ul>\n<li>Aplicar exclusivament per <strong>polvoritzaci\u00f3 foliar<\/strong> .<\/li>\n<li>El producte formulat no es pot utilitzar durant el per\u00edode de floraci\u00f3 a una dosi superior a <strong>6,25 g sa\/ha<\/strong> .<\/li>\n<li><strong>No contamineu l&#8217;aigua<\/strong> amb el producte ni amb l&#8217;env\u00e0s.<\/li>\n<li>No netegeu l&#8217;equip d&#8217;aplicaci\u00f3 a prop d&#8217;aig\u00fces superficials.<\/li>\n<li>Evitar la contaminaci\u00f3 a trav\u00e9s dels sistemes devacuaci\u00f3 daig\u00fces de les explotacions o dels camins.<\/li>\n<\/ul>\n<h3>Termini de seguretat<\/h3>\n<p>Entre el darrer tractament i la recol\u00b7lecci\u00f3 de plantes o fruits amb destinaci\u00f3 al consum hum\u00e0 o ramader, o l&#8217;entrada de bestiar, hauran de transc\u00f3rrer els terminis m\u00ednims seg\u00fcents:<\/p>\n<ul>\n<li><strong>3 dies<\/strong> en alberg\u00ednia, carbass\u00f3, mel\u00f3, cogombret, cogombre, s\u00edndria i tom\u00e0quet.<\/li>\n<li><strong>7 dies<\/strong> en all, ceba, fruiters de llavor, enciam, patata, porro i vinya.<\/li>\n<li><strong>30 dies<\/strong> en ametller.<\/li>\n<\/ul>\n<p>No \u00e9s procedent fixar termini de seguretat en olivera.<\/p>\n<h3>Observacions<\/h3>\n<p>Seguir les indicacions d\u00fas autoritzades per a cada cultiu, plaga, dosi i moment daplicaci\u00f3.<\/p>\n","protected":false},"excerpt":{"rendered":"<p>Insecticida indicat per al control de pugons, \u00e0fid\u2026<\/p>\n","protected":false},"featured_media":6191,"comment_status":"closed","ping_status":"closed","template":"","meta":{"_acf_changed":false},"certificacion":[],"cultivo":[1073,1072,481,546,548,482,1071,1075,1074],"product_brand":[],"product_cat":[410],"product_tag":[],"class_list":{"0":"post-7694","1":"product","2":"type-product","3":"status-publish","4":"has-post-thumbnail","6":"cultivo-arrel-i-bulb","7":"cultivo-brasiques","8":"cultivo-fruiters","9":"cultivo-fruiters-de-llavor","10":"cultivo-fruits-secs","11":"cultivo-horticoles","12":"cultivo-horticoles-de-fruit","13":"cultivo-olivera","14":"cultivo-videu","15":"product_cat-insecticides","17":"first","18":"instock","19":"shipping-taxable","20":"product-type-simple"},"acf":[],"yoast_head":"<!-- This site is optimized with the Yoast SEO plugin v27.4 - https:\/\/yoast.com\/product\/yoast-seo-wordpress\/ -->\n<title>R\u00e0fega - Agrolac<\/title>\n<meta name=\"description\" content=\"RAFAGA \u00e9s un insecticida piretroide a base de deltametrina 25 EC per a control per contacte i ingesti\u00f3. Aplicaci\u00f3 foliar i terminis de seguretat per cultiu.\" \/>\n<meta name=\"robots\" content=\"index, follow, max-snippet:-1, max-image-preview:large, max-video-preview:-1\" \/>\n<link rel=\"canonical\" href=\"https:\/\/peru.agrolac.com\/ca\/producto\/rafega\/\" \/>\n<meta property=\"og:locale\" content=\"ca_ES\" \/>\n<meta property=\"og:type\" content=\"article\" \/>\n<meta property=\"og:title\" content=\"R\u00e0fega - Agrolac\" \/>\n<meta property=\"og:description\" content=\"RAFAGA \u00e9s un insecticida piretroide a base de deltametrina 25 EC per a control per contacte i ingesti\u00f3. Aplicaci\u00f3 foliar i terminis de seguretat per cultiu.\" \/>\n<meta property=\"og:url\" content=\"https:\/\/peru.agrolac.com\/ca\/producto\/rafega\/\" \/>\n<meta property=\"og:site_name\" content=\"Agrolac\" \/>\n<meta property=\"article:modified_time\" content=\"2026-03-02T18:20:22+00:00\" \/>\n<meta property=\"og:image\" content=\"https:\/\/peru.agrolac.com\/wp-content\/uploads\/2026\/01\/campo-melocoton.webp\" \/>\n\t<meta property=\"og:image:width\" content=\"1920\" \/>\n\t<meta property=\"og:image:height\" content=\"1368\" \/>\n\t<meta property=\"og:image:type\" content=\"image\/webp\" \/>\n<meta name=\"twitter:card\" content=\"summary_large_image\" \/>\n<meta name=\"twitter:label1\" content=\"Temps estimat de lectura\" \/>\n\t<meta name=\"twitter:data1\" content=\"1 minut\" \/>\n<script type=\"application\/ld+json\" class=\"yoast-schema-graph\">{\"@context\":\"https:\\\/\\\/schema.org\",\"@graph\":[{\"@type\":\"WebPage\",\"@id\":\"https:\\\/\\\/peru.agrolac.com\\\/ca\\\/producto\\\/rafega\\\/\",\"url\":\"https:\\\/\\\/peru.agrolac.com\\\/ca\\\/producto\\\/rafega\\\/\",\"name\":\"R\u00e0fega - Agrolac\",\"isPartOf\":{\"@id\":\"https:\\\/\\\/peru.agrolac.com\\\/ca\\\/#website\"},\"primaryImageOfPage\":{\"@id\":\"https:\\\/\\\/peru.agrolac.com\\\/ca\\\/producto\\\/rafega\\\/#primaryimage\"},\"image\":{\"@id\":\"https:\\\/\\\/peru.agrolac.com\\\/ca\\\/producto\\\/rafega\\\/#primaryimage\"},\"thumbnailUrl\":\"https:\\\/\\\/peru.agrolac.com\\\/wp-content\\\/uploads\\\/2026\\\/01\\\/campo-melocoton.webp\",\"datePublished\":\"2026-01-08T08:35:57+00:00\",\"dateModified\":\"2026-03-02T18:20:22+00:00\",\"description\":\"RAFAGA \u00e9s un insecticida piretroide a base de deltametrina 25 EC per a control per contacte i ingesti\u00f3. Aplicaci\u00f3 foliar i terminis de seguretat per cultiu.\",\"breadcrumb\":{\"@id\":\"https:\\\/\\\/peru.agrolac.com\\\/ca\\\/producto\\\/rafega\\\/#breadcrumb\"},\"inLanguage\":\"ca\",\"potentialAction\":[{\"@type\":\"ReadAction\",\"target\":[\"https:\\\/\\\/peru.agrolac.com\\\/ca\\\/producto\\\/rafega\\\/\"]}]},{\"@type\":\"ImageObject\",\"inLanguage\":\"ca\",\"@id\":\"https:\\\/\\\/peru.agrolac.com\\\/ca\\\/producto\\\/rafega\\\/#primaryimage\",\"url\":\"https:\\\/\\\/peru.agrolac.com\\\/wp-content\\\/uploads\\\/2026\\\/01\\\/campo-melocoton.webp\",\"contentUrl\":\"https:\\\/\\\/peru.agrolac.com\\\/wp-content\\\/uploads\\\/2026\\\/01\\\/campo-melocoton.webp\",\"width\":1920,\"height\":1368},{\"@type\":\"BreadcrumbList\",\"@id\":\"https:\\\/\\\/peru.agrolac.com\\\/ca\\\/producto\\\/rafega\\\/#breadcrumb\",\"itemListElement\":[{\"@type\":\"ListItem\",\"position\":1,\"name\":\"Inici\",\"item\":\"https:\\\/\\\/peru.agrolac.com\\\/ca\\\/?page_id=1823\"},{\"@type\":\"ListItem\",\"position\":2,\"name\":\"Productes\",\"item\":\"https:\\\/\\\/peru.agrolac.com\\\/ca\\\/?page_id=4145\"},{\"@type\":\"ListItem\",\"position\":3,\"name\":\"Insecticides\",\"item\":\"https:\\\/\\\/peru.agrolac.com\\\/ca\\\/categoria-producto\\\/insecticides\\\/\"},{\"@type\":\"ListItem\",\"position\":4,\"name\":\"R\u00e0fega\"}]},{\"@type\":\"WebSite\",\"@id\":\"https:\\\/\\\/peru.agrolac.com\\\/ca\\\/#website\",\"url\":\"https:\\\/\\\/peru.agrolac.com\\\/ca\\\/\",\"name\":\"VICORQUIMIA\",\"description\":\"Agrolac &eacute;s una empresa de Barcelona, fundada el 1982, especialitzada en distribuci&oacute; de productes agroqu&iacute;mics per a l'agricultura europea.\",\"publisher\":{\"@id\":\"https:\\\/\\\/peru.agrolac.com\\\/ca\\\/#organization\"},\"potentialAction\":[{\"@type\":\"SearchAction\",\"target\":{\"@type\":\"EntryPoint\",\"urlTemplate\":\"https:\\\/\\\/peru.agrolac.com\\\/ca\\\/?s={search_term_string}\"},\"query-input\":{\"@type\":\"PropertyValueSpecification\",\"valueRequired\":true,\"valueName\":\"search_term_string\"}}],\"inLanguage\":\"ca\"},{\"@type\":\"Organization\",\"@id\":\"https:\\\/\\\/peru.agrolac.com\\\/ca\\\/#organization\",\"name\":\"VICORQUIMIA\",\"url\":\"https:\\\/\\\/peru.agrolac.com\\\/ca\\\/\",\"logo\":{\"@type\":\"ImageObject\",\"inLanguage\":\"ca\",\"@id\":\"https:\\\/\\\/peru.agrolac.com\\\/ca\\\/#\\\/schema\\\/logo\\\/image\\\/\",\"url\":\"https:\\\/\\\/peru.agrolac.com\\\/wp-content\\\/uploads\\\/2025\\\/10\\\/agrolac-logo.svg\",\"contentUrl\":\"https:\\\/\\\/peru.agrolac.com\\\/wp-content\\\/uploads\\\/2025\\\/10\\\/agrolac-logo.svg\",\"caption\":\"VICORQUIMIA\"},\"image\":{\"@id\":\"https:\\\/\\\/peru.agrolac.com\\\/ca\\\/#\\\/schema\\\/logo\\\/image\\\/\"},\"sameAs\":[\"https:\\\/\\\/www.linkedin.com\\\/company\\\/vicorquimia\\\/\"]}]}<\/script>\n<!-- \/ Yoast SEO plugin. -->","yoast_head_json":{"title":"R\u00e0fega - Agrolac","description":"RAFAGA \u00e9s un insecticida piretroide a base de deltametrina 25 EC per a control per contacte i ingesti\u00f3. Aplicaci\u00f3 foliar i terminis de seguretat per cultiu.","robots":{"index":"index","follow":"follow","max-snippet":"max-snippet:-1","max-image-preview":"max-image-preview:large","max-video-preview":"max-video-preview:-1"},"canonical":"https:\/\/peru.agrolac.com\/ca\/producto\/rafega\/","og_locale":"ca_ES","og_type":"article","og_title":"R\u00e0fega - Agrolac","og_description":"RAFAGA \u00e9s un insecticida piretroide a base de deltametrina 25 EC per a control per contacte i ingesti\u00f3. Aplicaci\u00f3 foliar i terminis de seguretat per cultiu.","og_url":"https:\/\/peru.agrolac.com\/ca\/producto\/rafega\/","og_site_name":"Agrolac","article_modified_time":"2026-03-02T18:20:22+00:00","og_image":[{"width":1920,"height":1368,"url":"https:\/\/peru.agrolac.com\/wp-content\/uploads\/2026\/01\/campo-melocoton.webp","type":"image\/webp"}],"twitter_card":"summary_large_image","twitter_misc":{"Temps estimat de lectura":"1 minut"},"schema":{"@context":"https:\/\/schema.org","@graph":[{"@type":"WebPage","@id":"https:\/\/peru.agrolac.com\/ca\/producto\/rafega\/","url":"https:\/\/peru.agrolac.com\/ca\/producto\/rafega\/","name":"R\u00e0fega - Agrolac","isPartOf":{"@id":"https:\/\/peru.agrolac.com\/ca\/#website"},"primaryImageOfPage":{"@id":"https:\/\/peru.agrolac.com\/ca\/producto\/rafega\/#primaryimage"},"image":{"@id":"https:\/\/peru.agrolac.com\/ca\/producto\/rafega\/#primaryimage"},"thumbnailUrl":"https:\/\/peru.agrolac.com\/wp-content\/uploads\/2026\/01\/campo-melocoton.webp","datePublished":"2026-01-08T08:35:57+00:00","dateModified":"2026-03-02T18:20:22+00:00","description":"RAFAGA \u00e9s un insecticida piretroide a base de deltametrina 25 EC per a control per contacte i ingesti\u00f3. Aplicaci\u00f3 foliar i terminis de seguretat per cultiu.","breadcrumb":{"@id":"https:\/\/peru.agrolac.com\/ca\/producto\/rafega\/#breadcrumb"},"inLanguage":"ca","potentialAction":[{"@type":"ReadAction","target":["https:\/\/peru.agrolac.com\/ca\/producto\/rafega\/"]}]},{"@type":"ImageObject","inLanguage":"ca","@id":"https:\/\/peru.agrolac.com\/ca\/producto\/rafega\/#primaryimage","url":"https:\/\/peru.agrolac.com\/wp-content\/uploads\/2026\/01\/campo-melocoton.webp","contentUrl":"https:\/\/peru.agrolac.com\/wp-content\/uploads\/2026\/01\/campo-melocoton.webp","width":1920,"height":1368},{"@type":"BreadcrumbList","@id":"https:\/\/peru.agrolac.com\/ca\/producto\/rafega\/#breadcrumb","itemListElement":[{"@type":"ListItem","position":1,"name":"Inici","item":"https:\/\/peru.agrolac.com\/ca\/?page_id=1823"},{"@type":"ListItem","position":2,"name":"Productes","item":"https:\/\/peru.agrolac.com\/ca\/?page_id=4145"},{"@type":"ListItem","position":3,"name":"Insecticides","item":"https:\/\/peru.agrolac.com\/ca\/categoria-producto\/insecticides\/"},{"@type":"ListItem","position":4,"name":"R\u00e0fega"}]},{"@type":"WebSite","@id":"https:\/\/peru.agrolac.com\/ca\/#website","url":"https:\/\/peru.agrolac.com\/ca\/","name":"VICORQUIMIA","description":"Agrolac &eacute;s una empresa de Barcelona, fundada el 1982, especialitzada en distribuci&oacute; de productes agroqu&iacute;mics per a l'agricultura europea.","publisher":{"@id":"https:\/\/peru.agrolac.com\/ca\/#organization"},"potentialAction":[{"@type":"SearchAction","target":{"@type":"EntryPoint","urlTemplate":"https:\/\/peru.agrolac.com\/ca\/?s={search_term_string}"},"query-input":{"@type":"PropertyValueSpecification","valueRequired":true,"valueName":"search_term_string"}}],"inLanguage":"ca"},{"@type":"Organization","@id":"https:\/\/peru.agrolac.com\/ca\/#organization","name":"VICORQUIMIA","url":"https:\/\/peru.agrolac.com\/ca\/","logo":{"@type":"ImageObject","inLanguage":"ca","@id":"https:\/\/peru.agrolac.com\/ca\/#\/schema\/logo\/image\/","url":"https:\/\/peru.agrolac.com\/wp-content\/uploads\/2025\/10\/agrolac-logo.svg","contentUrl":"https:\/\/peru.agrolac.com\/wp-content\/uploads\/2025\/10\/agrolac-logo.svg","caption":"VICORQUIMIA"},"image":{"@id":"https:\/\/peru.agrolac.com\/ca\/#\/schema\/logo\/image\/"},"sameAs":["https:\/\/www.linkedin.com\/company\/vicorquimia\/"]}]}},"_links":{"self":[{"href":"https:\/\/peru.agrolac.com\/ca\/wp-json\/wp\/v2\/product\/7694","targetHints":{"allow":["GET"]}}],"collection":[{"href":"https:\/\/peru.agrolac.com\/ca\/wp-json\/wp\/v2\/product"}],"about":[{"href":"https:\/\/peru.agrolac.com\/ca\/wp-json\/wp\/v2\/types\/product"}],"replies":[{"embeddable":true,"href":"https:\/\/peru.agrolac.com\/ca\/wp-json\/wp\/v2\/comments?post=7694"}],"wp:featuredmedia":[{"embeddable":true,"href":"https:\/\/peru.agrolac.com\/ca\/wp-json\/wp\/v2\/media\/6191"}],"wp:attachment":[{"href":"https:\/\/peru.agrolac.com\/ca\/wp-json\/wp\/v2\/media?parent=7694"}],"wp:term":[{"taxonomy":"certificacion","embeddable":true,"href":"https:\/\/peru.agrolac.com\/ca\/wp-json\/wp\/v2\/certificacion?post=7694"},{"taxonomy":"cultivo","embeddable":true,"href":"https:\/\/peru.agrolac.com\/ca\/wp-json\/wp\/v2\/cultivo?post=7694"},{"taxonomy":"product_brand","embeddable":true,"href":"https:\/\/peru.agrolac.com\/ca\/wp-json\/wp\/v2\/product_brand?post=7694"},{"taxonomy":"product_cat","embeddable":true,"href":"https:\/\/peru.agrolac.com\/ca\/wp-json\/wp\/v2\/product_cat?post=7694"},{"taxonomy":"product_tag","embeddable":true,"href":"https:\/\/peru.agrolac.com\/ca\/wp-json\/wp\/v2\/product_tag?post=7694"}],"curies":[{"name":"wp","href":"https:\/\/api.w.org\/{rel}","templated":true}]}}