{"id":7693,"date":"2026-01-08T09:44:42","date_gmt":"2026-01-08T08:44:42","guid":{"rendered":"https:\/\/peru.agrolac.com\/producto\/rafega-trap\/"},"modified":"2026-03-02T19:20:32","modified_gmt":"2026-03-02T18:20:32","slug":"rafega-trap","status":"publish","type":"product","link":"https:\/\/peru.agrolac.com\/ca\/producto\/rafega-trap\/","title":{"rendered":"R\u00e0fega Trap"},"content":{"rendered":"<h2>R\u00e0fega Trap<\/h2>\n<p><strong>RAFAGA TRAP<\/strong> \u00e9s una <strong>trampa insecticida<\/strong> formulada amb <strong>deltametrina,<\/strong> un piretoide sint\u00e8tic de gran activitat <strong>, NO SIST\u00c8MIC<\/strong> que actua a dosis molt baixes <strong>(0,015g\/trampa).<\/strong> El parany \u00e9s presentat com a <strong>esquer llest per al seu \u00fas<\/strong> , indicada per al control de la <strong>mosca de la fruita ( <em>Ceratitis capitata<\/em> )<\/strong> .<\/p>\n<p>Es presenta en <strong>forma de trampa llesta per a la seva utilitzaci\u00f3<\/strong> , la qual cosa facilita la seva col\u00b7locaci\u00f3 en camp als cultius autoritzats. La seva mat\u00e8ria activa actua per <strong>contacte i ingesti\u00f3<\/strong> . <\/p>\n<p>RAFAGA TRAP est\u00e0 indicada per al seu \u00fas en <strong>c\u00edtrics<\/strong> (cultiu principal a destacar) i tamb\u00e9 en altres cultius autoritzats com a fruiters de pinyol, fruiters de llavor, kiwi i fruites tropicals, segons condicions d&#8217;\u00fas.<\/p>\n<h3>Caracter\u00edstiques del producte<\/h3>\n<ul>\n<li><strong>Mat\u00e8ria activa:<\/strong> deltametrina.<\/li>\n<li><strong>Formulaci\u00f3:<\/strong> esquer (llest per al seu \u00fas) (RB).<\/li>\n<li>Trampa-esquer llesta per col\u00b7locar en camp.<\/li>\n<li>Acci\u00f3 insecticida per contacte i ingesti\u00f3.<\/li>\n<li>Indicada per al control de <em>Ceratitis capitata<\/em> .<\/li>\n<\/ul>\n<h3>\u00das general<\/h3>\n<ul>\n<li>Col\u00b7locaci\u00f3 de trampes al cultiu segons indicaci\u00f3 per a cada \u00fas autoritzat.<\/li>\n<li>Dosi orientativa en taula de cultius: <strong>50\u201380 paranys\/ha<\/strong> (segons pressi\u00f3 de plaga).<\/li>\n<li><strong>1 tractament per temporada<\/strong> (segons la informaci\u00f3 de cultius facilitada).<\/li>\n<li><strong>Termini de seguretat:<\/strong> no escau (segons taula facilitada).<\/li>\n<\/ul>\n<h3>Observacions i seguretat<\/h3>\n<ul>\n<li><strong>EUH210:<\/strong> Podeu sol\u00b7licitar la fitxa de dades de seguretat.<\/li>\n<li><strong>H410:<\/strong> Molt t\u00f2xic per als organismes aqu\u00e0tics, amb efectes duradors.<\/li>\n<li><strong>P262:<\/strong> Evitar el contacte amb els ulls, la pell o la roba.<\/li>\n<li><strong>P273:<\/strong> Evitar el seu alliberament al medi ambient.<\/li>\n<li><strong>P391:<\/strong> Recollir l&#8217;abocament.<\/li>\n<li><strong>P501:<\/strong> Eliminar el contingut i\/o el recipient d&#8217;acord amb la normativa sobre residus perillosos.<\/li>\n<\/ul>\n","protected":false},"excerpt":{"rendered":"<p>Sistema de trampeig per a la monitoritzaci\u00f3 i cont\u2026<\/p>\n","protected":false},"featured_media":6215,"comment_status":"closed","ping_status":"closed","template":"","meta":{"_acf_changed":false},"certificacion":[],"cultivo":[547,481,546,545,1138],"product_brand":[],"product_cat":[410],"product_tag":[],"class_list":{"0":"post-7693","1":"product","2":"type-product","3":"status-publish","4":"has-post-thumbnail","6":"cultivo-citrics","7":"cultivo-fruiters","8":"cultivo-fruiters-de-llavor","9":"cultivo-fruiters-de-pinyol","10":"cultivo-tropicals-subtropicals","11":"product_cat-insecticides","13":"first","14":"instock","15":"shipping-taxable","16":"product-type-simple"},"acf":[],"yoast_head":"<!-- This site is optimized with the Yoast SEO plugin v27.4 - https:\/\/yoast.com\/product\/yoast-seo-wordpress\/ -->\n<title>R\u00e0fega Trap - Agrolac<\/title>\n<meta name=\"description\" content=\"R\u00e0fega Trap \u00e9s un parany-esquer amb deltametrina llesta per utilitzar per al control de la mosca de la fruita (Ceratitis capitata). Recomanada en c\u00edtrics i altres cultius autoritzats.\" \/>\n<meta name=\"robots\" content=\"index, follow, max-snippet:-1, max-image-preview:large, max-video-preview:-1\" \/>\n<link rel=\"canonical\" href=\"https:\/\/peru.agrolac.com\/ca\/producto\/rafega-trap\/\" \/>\n<meta property=\"og:locale\" content=\"ca_ES\" \/>\n<meta property=\"og:type\" content=\"article\" \/>\n<meta property=\"og:title\" content=\"R\u00e0fega Trap - Agrolac\" \/>\n<meta property=\"og:description\" content=\"R\u00e0fega Trap \u00e9s un parany-esquer amb deltametrina llesta per utilitzar per al control de la mosca de la fruita (Ceratitis capitata). Recomanada en c\u00edtrics i altres cultius autoritzats.\" \/>\n<meta property=\"og:url\" content=\"https:\/\/peru.agrolac.com\/ca\/producto\/rafega-trap\/\" \/>\n<meta property=\"og:site_name\" content=\"Agrolac\" \/>\n<meta property=\"article:modified_time\" content=\"2026-03-02T18:20:32+00:00\" \/>\n<meta property=\"og:image\" content=\"https:\/\/peru.agrolac.com\/wp-content\/uploads\/2026\/01\/clementinas-campo.webp\" \/>\n\t<meta property=\"og:image:width\" content=\"1920\" \/>\n\t<meta property=\"og:image:height\" content=\"1080\" \/>\n\t<meta property=\"og:image:type\" content=\"image\/webp\" \/>\n<meta name=\"twitter:card\" content=\"summary_large_image\" \/>\n<meta name=\"twitter:label1\" content=\"Temps estimat de lectura\" \/>\n\t<meta name=\"twitter:data1\" content=\"1 minut\" \/>\n<script type=\"application\/ld+json\" class=\"yoast-schema-graph\">{\"@context\":\"https:\\\/\\\/schema.org\",\"@graph\":[{\"@type\":\"WebPage\",\"@id\":\"https:\\\/\\\/peru.agrolac.com\\\/ca\\\/producto\\\/rafega-trap\\\/\",\"url\":\"https:\\\/\\\/peru.agrolac.com\\\/ca\\\/producto\\\/rafega-trap\\\/\",\"name\":\"R\u00e0fega Trap - Agrolac\",\"isPartOf\":{\"@id\":\"https:\\\/\\\/peru.agrolac.com\\\/ca\\\/#website\"},\"primaryImageOfPage\":{\"@id\":\"https:\\\/\\\/peru.agrolac.com\\\/ca\\\/producto\\\/rafega-trap\\\/#primaryimage\"},\"image\":{\"@id\":\"https:\\\/\\\/peru.agrolac.com\\\/ca\\\/producto\\\/rafega-trap\\\/#primaryimage\"},\"thumbnailUrl\":\"https:\\\/\\\/peru.agrolac.com\\\/wp-content\\\/uploads\\\/2026\\\/01\\\/clementinas-campo.webp\",\"datePublished\":\"2026-01-08T08:44:42+00:00\",\"dateModified\":\"2026-03-02T18:20:32+00:00\",\"description\":\"R\u00e0fega Trap \u00e9s un parany-esquer amb deltametrina llesta per utilitzar per al control de la mosca de la fruita (Ceratitis capitata). Recomanada en c\u00edtrics i altres cultius autoritzats.\",\"breadcrumb\":{\"@id\":\"https:\\\/\\\/peru.agrolac.com\\\/ca\\\/producto\\\/rafega-trap\\\/#breadcrumb\"},\"inLanguage\":\"ca\",\"potentialAction\":[{\"@type\":\"ReadAction\",\"target\":[\"https:\\\/\\\/peru.agrolac.com\\\/ca\\\/producto\\\/rafega-trap\\\/\"]}]},{\"@type\":\"ImageObject\",\"inLanguage\":\"ca\",\"@id\":\"https:\\\/\\\/peru.agrolac.com\\\/ca\\\/producto\\\/rafega-trap\\\/#primaryimage\",\"url\":\"https:\\\/\\\/peru.agrolac.com\\\/wp-content\\\/uploads\\\/2026\\\/01\\\/clementinas-campo.webp\",\"contentUrl\":\"https:\\\/\\\/peru.agrolac.com\\\/wp-content\\\/uploads\\\/2026\\\/01\\\/clementinas-campo.webp\",\"width\":1920,\"height\":1080},{\"@type\":\"BreadcrumbList\",\"@id\":\"https:\\\/\\\/peru.agrolac.com\\\/ca\\\/producto\\\/rafega-trap\\\/#breadcrumb\",\"itemListElement\":[{\"@type\":\"ListItem\",\"position\":1,\"name\":\"Inici\",\"item\":\"https:\\\/\\\/peru.agrolac.com\\\/ca\\\/?page_id=1823\"},{\"@type\":\"ListItem\",\"position\":2,\"name\":\"Productes\",\"item\":\"https:\\\/\\\/peru.agrolac.com\\\/ca\\\/?page_id=4145\"},{\"@type\":\"ListItem\",\"position\":3,\"name\":\"Insecticides\",\"item\":\"https:\\\/\\\/peru.agrolac.com\\\/ca\\\/categoria-producto\\\/insecticides\\\/\"},{\"@type\":\"ListItem\",\"position\":4,\"name\":\"R\u00e0fega Trap\"}]},{\"@type\":\"WebSite\",\"@id\":\"https:\\\/\\\/peru.agrolac.com\\\/ca\\\/#website\",\"url\":\"https:\\\/\\\/peru.agrolac.com\\\/ca\\\/\",\"name\":\"VICORQUIMIA\",\"description\":\"Agrolac &eacute;s una empresa de Barcelona, fundada el 1982, especialitzada en distribuci&oacute; de productes agroqu&iacute;mics per a l'agricultura europea.\",\"publisher\":{\"@id\":\"https:\\\/\\\/peru.agrolac.com\\\/ca\\\/#organization\"},\"potentialAction\":[{\"@type\":\"SearchAction\",\"target\":{\"@type\":\"EntryPoint\",\"urlTemplate\":\"https:\\\/\\\/peru.agrolac.com\\\/ca\\\/?s={search_term_string}\"},\"query-input\":{\"@type\":\"PropertyValueSpecification\",\"valueRequired\":true,\"valueName\":\"search_term_string\"}}],\"inLanguage\":\"ca\"},{\"@type\":\"Organization\",\"@id\":\"https:\\\/\\\/peru.agrolac.com\\\/ca\\\/#organization\",\"name\":\"VICORQUIMIA\",\"url\":\"https:\\\/\\\/peru.agrolac.com\\\/ca\\\/\",\"logo\":{\"@type\":\"ImageObject\",\"inLanguage\":\"ca\",\"@id\":\"https:\\\/\\\/peru.agrolac.com\\\/ca\\\/#\\\/schema\\\/logo\\\/image\\\/\",\"url\":\"https:\\\/\\\/peru.agrolac.com\\\/wp-content\\\/uploads\\\/2025\\\/10\\\/agrolac-logo.svg\",\"contentUrl\":\"https:\\\/\\\/peru.agrolac.com\\\/wp-content\\\/uploads\\\/2025\\\/10\\\/agrolac-logo.svg\",\"caption\":\"VICORQUIMIA\"},\"image\":{\"@id\":\"https:\\\/\\\/peru.agrolac.com\\\/ca\\\/#\\\/schema\\\/logo\\\/image\\\/\"},\"sameAs\":[\"https:\\\/\\\/www.linkedin.com\\\/company\\\/vicorquimia\\\/\"]}]}<\/script>\n<!-- \/ Yoast SEO plugin. -->","yoast_head_json":{"title":"R\u00e0fega Trap - Agrolac","description":"R\u00e0fega Trap \u00e9s un parany-esquer amb deltametrina llesta per utilitzar per al control de la mosca de la fruita (Ceratitis capitata). Recomanada en c\u00edtrics i altres cultius autoritzats.","robots":{"index":"index","follow":"follow","max-snippet":"max-snippet:-1","max-image-preview":"max-image-preview:large","max-video-preview":"max-video-preview:-1"},"canonical":"https:\/\/peru.agrolac.com\/ca\/producto\/rafega-trap\/","og_locale":"ca_ES","og_type":"article","og_title":"R\u00e0fega Trap - Agrolac","og_description":"R\u00e0fega Trap \u00e9s un parany-esquer amb deltametrina llesta per utilitzar per al control de la mosca de la fruita (Ceratitis capitata). Recomanada en c\u00edtrics i altres cultius autoritzats.","og_url":"https:\/\/peru.agrolac.com\/ca\/producto\/rafega-trap\/","og_site_name":"Agrolac","article_modified_time":"2026-03-02T18:20:32+00:00","og_image":[{"width":1920,"height":1080,"url":"https:\/\/peru.agrolac.com\/wp-content\/uploads\/2026\/01\/clementinas-campo.webp","type":"image\/webp"}],"twitter_card":"summary_large_image","twitter_misc":{"Temps estimat de lectura":"1 minut"},"schema":{"@context":"https:\/\/schema.org","@graph":[{"@type":"WebPage","@id":"https:\/\/peru.agrolac.com\/ca\/producto\/rafega-trap\/","url":"https:\/\/peru.agrolac.com\/ca\/producto\/rafega-trap\/","name":"R\u00e0fega Trap - Agrolac","isPartOf":{"@id":"https:\/\/peru.agrolac.com\/ca\/#website"},"primaryImageOfPage":{"@id":"https:\/\/peru.agrolac.com\/ca\/producto\/rafega-trap\/#primaryimage"},"image":{"@id":"https:\/\/peru.agrolac.com\/ca\/producto\/rafega-trap\/#primaryimage"},"thumbnailUrl":"https:\/\/peru.agrolac.com\/wp-content\/uploads\/2026\/01\/clementinas-campo.webp","datePublished":"2026-01-08T08:44:42+00:00","dateModified":"2026-03-02T18:20:32+00:00","description":"R\u00e0fega Trap \u00e9s un parany-esquer amb deltametrina llesta per utilitzar per al control de la mosca de la fruita (Ceratitis capitata). Recomanada en c\u00edtrics i altres cultius autoritzats.","breadcrumb":{"@id":"https:\/\/peru.agrolac.com\/ca\/producto\/rafega-trap\/#breadcrumb"},"inLanguage":"ca","potentialAction":[{"@type":"ReadAction","target":["https:\/\/peru.agrolac.com\/ca\/producto\/rafega-trap\/"]}]},{"@type":"ImageObject","inLanguage":"ca","@id":"https:\/\/peru.agrolac.com\/ca\/producto\/rafega-trap\/#primaryimage","url":"https:\/\/peru.agrolac.com\/wp-content\/uploads\/2026\/01\/clementinas-campo.webp","contentUrl":"https:\/\/peru.agrolac.com\/wp-content\/uploads\/2026\/01\/clementinas-campo.webp","width":1920,"height":1080},{"@type":"BreadcrumbList","@id":"https:\/\/peru.agrolac.com\/ca\/producto\/rafega-trap\/#breadcrumb","itemListElement":[{"@type":"ListItem","position":1,"name":"Inici","item":"https:\/\/peru.agrolac.com\/ca\/?page_id=1823"},{"@type":"ListItem","position":2,"name":"Productes","item":"https:\/\/peru.agrolac.com\/ca\/?page_id=4145"},{"@type":"ListItem","position":3,"name":"Insecticides","item":"https:\/\/peru.agrolac.com\/ca\/categoria-producto\/insecticides\/"},{"@type":"ListItem","position":4,"name":"R\u00e0fega Trap"}]},{"@type":"WebSite","@id":"https:\/\/peru.agrolac.com\/ca\/#website","url":"https:\/\/peru.agrolac.com\/ca\/","name":"VICORQUIMIA","description":"Agrolac &eacute;s una empresa de Barcelona, fundada el 1982, especialitzada en distribuci&oacute; de productes agroqu&iacute;mics per a l'agricultura europea.","publisher":{"@id":"https:\/\/peru.agrolac.com\/ca\/#organization"},"potentialAction":[{"@type":"SearchAction","target":{"@type":"EntryPoint","urlTemplate":"https:\/\/peru.agrolac.com\/ca\/?s={search_term_string}"},"query-input":{"@type":"PropertyValueSpecification","valueRequired":true,"valueName":"search_term_string"}}],"inLanguage":"ca"},{"@type":"Organization","@id":"https:\/\/peru.agrolac.com\/ca\/#organization","name":"VICORQUIMIA","url":"https:\/\/peru.agrolac.com\/ca\/","logo":{"@type":"ImageObject","inLanguage":"ca","@id":"https:\/\/peru.agrolac.com\/ca\/#\/schema\/logo\/image\/","url":"https:\/\/peru.agrolac.com\/wp-content\/uploads\/2025\/10\/agrolac-logo.svg","contentUrl":"https:\/\/peru.agrolac.com\/wp-content\/uploads\/2025\/10\/agrolac-logo.svg","caption":"VICORQUIMIA"},"image":{"@id":"https:\/\/peru.agrolac.com\/ca\/#\/schema\/logo\/image\/"},"sameAs":["https:\/\/www.linkedin.com\/company\/vicorquimia\/"]}]}},"_links":{"self":[{"href":"https:\/\/peru.agrolac.com\/ca\/wp-json\/wp\/v2\/product\/7693","targetHints":{"allow":["GET"]}}],"collection":[{"href":"https:\/\/peru.agrolac.com\/ca\/wp-json\/wp\/v2\/product"}],"about":[{"href":"https:\/\/peru.agrolac.com\/ca\/wp-json\/wp\/v2\/types\/product"}],"replies":[{"embeddable":true,"href":"https:\/\/peru.agrolac.com\/ca\/wp-json\/wp\/v2\/comments?post=7693"}],"wp:featuredmedia":[{"embeddable":true,"href":"https:\/\/peru.agrolac.com\/ca\/wp-json\/wp\/v2\/media\/6215"}],"wp:attachment":[{"href":"https:\/\/peru.agrolac.com\/ca\/wp-json\/wp\/v2\/media?parent=7693"}],"wp:term":[{"taxonomy":"certificacion","embeddable":true,"href":"https:\/\/peru.agrolac.com\/ca\/wp-json\/wp\/v2\/certificacion?post=7693"},{"taxonomy":"cultivo","embeddable":true,"href":"https:\/\/peru.agrolac.com\/ca\/wp-json\/wp\/v2\/cultivo?post=7693"},{"taxonomy":"product_brand","embeddable":true,"href":"https:\/\/peru.agrolac.com\/ca\/wp-json\/wp\/v2\/product_brand?post=7693"},{"taxonomy":"product_cat","embeddable":true,"href":"https:\/\/peru.agrolac.com\/ca\/wp-json\/wp\/v2\/product_cat?post=7693"},{"taxonomy":"product_tag","embeddable":true,"href":"https:\/\/peru.agrolac.com\/ca\/wp-json\/wp\/v2\/product_tag?post=7693"}],"curies":[{"name":"wp","href":"https:\/\/api.w.org\/{rel}","templated":true}]}}