{"id":7677,"date":"2026-01-08T22:07:17","date_gmt":"2026-01-08T21:07:17","guid":{"rendered":"https:\/\/peru.agrolac.com\/producto\/agrolac-floracio\/"},"modified":"2026-03-02T19:20:46","modified_gmt":"2026-03-02T18:20:46","slug":"agrolac-floracio","status":"publish","type":"product","link":"https:\/\/peru.agrolac.com\/ca\/producto\/agrolac-floracio\/","title":{"rendered":"Agrolac\u00ae Floraci\u00f3"},"content":{"rendered":"<h2>AGROLAC\u00ae FLORACI\u00d3<\/h2>\n<p><strong>AGROLAC<\/strong> \u00ae <strong>FLORACI\u00d3<\/strong> \u00e9s un fertilitzant formulat per al seu \u00fas en una fase clau del cicle del cultiu: la <strong>floraci\u00f3<\/strong> . En aquest moment, una nutrici\u00f3 equilibrada \u00e9s determinant per acompanyar el desenvolupament del cultiu i la seva continu\u00eftat productiva. <\/p>\n<p>La seva formulaci\u00f3 est\u00e0 orientada a afavorir processos fisiol\u00f2gics i metab\u00f2lics de la planta durant aquesta fase, contribuint a una resposta millor del cultiu en moments d&#8217;alta demanda. Combina <span class=\"s1\"><b>f\u00f2sfor i potassi<\/b><\/span> amb <span class=\"s1\"><b>Mg, Fe, Mn i Zn<\/b><\/span> , i incorpora <span class=\"s1\"><b>\u00e0cid \u03b3-poliglut\u00e0mic<\/b><\/span> i <span class=\"s1\"><b>amino\u00e0cids obtinguts per fermentaci\u00f3<\/b><\/span> . Aquesta formulaci\u00f3 sintegra en programes de nutrici\u00f3 foliar ajustant dosis i moment a cada cultiu i situaci\u00f3 agron\u00f2mica.  <\/p>\n<p><strong>AGROLAC<\/strong> \u00ae <strong>FLORACI\u00d3<\/strong> contribueix de manera molt efica\u00e7 a millorar i accelerar processos metab\u00f2lics de la planta, afavorint l&#8217;aprofitament de nutrients i el moviment de la saba a trav\u00e9s del floema cap als fruits quallats. Pel seu contingut en <strong>\u00e0cid poliglut\u00e0mic<\/strong> , ajuda a optimitzar la disponibilitat i l&#8217;aprofitament de nutrients en una fase especialment sensible del cultiu, donant suport a una evoluci\u00f3 m\u00e9s regular des de floraci\u00f3 cap a quallat.<\/p>\n<h3>Beneficis agron\u00f2mics<\/h3>\n<ul>\n<li><strong>Suport nutricional espec\u00edfic en floraci\u00f3<\/strong> .<\/li>\n<li><strong>Afavoreix processos metab\u00f2lics<\/strong> de la planta en un moment d&#8217;alta exig\u00e8ncia.<\/li>\n<li><strong>Millora l&#8217;aprofitament de nutrients<\/strong> .<\/li>\n<li><strong>Afavoreix el moviment de la saba pel floema<\/strong> cap als fruits quallats.<\/li>\n<li><strong>Ajuda a mantenir una evoluci\u00f3 m\u00e9s regular<\/strong> entre floraci\u00f3 i quallat.<\/li>\n<\/ul>\n<p>&nbsp;<\/p>\n<h3>Aplicaci\u00f3<\/h3>\n<p>Fertilitzant d&#8217;aplicaci\u00f3 <strong>foliar<\/strong> . Utilitzar adaptant la dosi i el moment daplicaci\u00f3 a les necessitats del cultiu ia les condicions agron\u00f2miques. <\/p>\n<h3>Observacions<\/h3>\n<p>No tracteu amb temperatures superiors a 30 \u00baC. No ho barregeu amb productes a base d&#8217;estany ni olis minerals. <\/p>\n","protected":false},"excerpt":{"rendered":"<p>Producte dissenyat per donar suport a la floraci\u00f3 \u2026<\/p>\n","protected":false},"featured_media":5651,"comment_status":"closed","ping_status":"closed","template":"","meta":{"_acf_changed":false},"certificacion":[370],"cultivo":[1073,1072,483,547,484,481,546,545,548,482,1071,1137,1136,1075,1138,1074],"product_brand":[],"product_cat":[395],"product_tag":[],"class_list":{"0":"post-7677","1":"product","2":"type-product","3":"status-publish","4":"has-post-thumbnail","6":"certificacion-residu-zero","7":"cultivo-arrel-i-bulb","8":"cultivo-brasiques","9":"cultivo-cereals","10":"cultivo-citrics","11":"cultivo-cultius-industrials","12":"cultivo-fruiters","13":"cultivo-fruiters-de-llavor","14":"cultivo-fruiters-de-pinyol","15":"cultivo-fruits-secs","16":"cultivo-horticoles","17":"cultivo-horticoles-de-fruit","18":"cultivo-lleguminoses","19":"cultivo-oleaginoses","20":"cultivo-olivera","21":"cultivo-tropicals-subtropicals","22":"cultivo-videu","23":"product_cat-fertilitzants","25":"first","26":"instock","27":"shipping-taxable","28":"product-type-simple"},"acf":[],"yoast_head":"<!-- This site is optimized with the Yoast SEO plugin v27.4 - https:\/\/yoast.com\/product\/yoast-seo-wordpress\/ -->\n<title>Agrolac\u00ae Floraci\u00f3 - Agrolac<\/title>\n<meta name=\"description\" content=\"AGROLAC FLORACI\u00d3 \u00e9s un fertilitzant foliar amb \u00e0cid \u03b3-poliglut\u00e0mic i amino\u00e0cids per acompanyar la floraci\u00f3 i l&#039;inici del quallat. Demana pauta.\" \/>\n<meta name=\"robots\" content=\"index, follow, max-snippet:-1, max-image-preview:large, max-video-preview:-1\" \/>\n<link rel=\"canonical\" href=\"https:\/\/peru.agrolac.com\/ca\/producto\/agrolac-floracio\/\" \/>\n<meta property=\"og:locale\" content=\"ca_ES\" \/>\n<meta property=\"og:type\" content=\"article\" \/>\n<meta property=\"og:title\" content=\"Agrolac\u00ae Floraci\u00f3 - Agrolac\" \/>\n<meta property=\"og:description\" content=\"AGROLAC FLORACI\u00d3 \u00e9s un fertilitzant foliar amb \u00e0cid \u03b3-poliglut\u00e0mic i amino\u00e0cids per acompanyar la floraci\u00f3 i l&#039;inici del quallat. Demana pauta.\" \/>\n<meta property=\"og:url\" content=\"https:\/\/peru.agrolac.com\/ca\/producto\/agrolac-floracio\/\" \/>\n<meta property=\"og:site_name\" content=\"Agrolac\" \/>\n<meta property=\"article:modified_time\" content=\"2026-03-02T18:20:46+00:00\" \/>\n<meta property=\"og:image\" content=\"https:\/\/peru.agrolac.com\/wp-content\/uploads\/2025\/10\/agrolac-floracion-almendros.webp\" \/>\n\t<meta property=\"og:image:width\" content=\"1500\" \/>\n\t<meta property=\"og:image:height\" content=\"1000\" \/>\n\t<meta property=\"og:image:type\" content=\"image\/webp\" \/>\n<meta name=\"twitter:card\" content=\"summary_large_image\" \/>\n<meta name=\"twitter:label1\" content=\"Temps estimat de lectura\" \/>\n\t<meta name=\"twitter:data1\" content=\"1 minut\" \/>\n<script type=\"application\/ld+json\" class=\"yoast-schema-graph\">{\"@context\":\"https:\\\/\\\/schema.org\",\"@graph\":[{\"@type\":\"WebPage\",\"@id\":\"https:\\\/\\\/peru.agrolac.com\\\/ca\\\/producto\\\/agrolac-floracio\\\/\",\"url\":\"https:\\\/\\\/peru.agrolac.com\\\/ca\\\/producto\\\/agrolac-floracio\\\/\",\"name\":\"Agrolac\u00ae Floraci\u00f3 - Agrolac\",\"isPartOf\":{\"@id\":\"https:\\\/\\\/peru.agrolac.com\\\/ca\\\/#website\"},\"primaryImageOfPage\":{\"@id\":\"https:\\\/\\\/peru.agrolac.com\\\/ca\\\/producto\\\/agrolac-floracio\\\/#primaryimage\"},\"image\":{\"@id\":\"https:\\\/\\\/peru.agrolac.com\\\/ca\\\/producto\\\/agrolac-floracio\\\/#primaryimage\"},\"thumbnailUrl\":\"https:\\\/\\\/peru.agrolac.com\\\/wp-content\\\/uploads\\\/2025\\\/10\\\/agrolac-floracion-almendros.webp\",\"datePublished\":\"2026-01-08T21:07:17+00:00\",\"dateModified\":\"2026-03-02T18:20:46+00:00\",\"description\":\"AGROLAC FLORACI\u00d3 \u00e9s un fertilitzant foliar amb \u00e0cid \u03b3-poliglut\u00e0mic i amino\u00e0cids per acompanyar la floraci\u00f3 i l'inici del quallat. Demana pauta.\",\"breadcrumb\":{\"@id\":\"https:\\\/\\\/peru.agrolac.com\\\/ca\\\/producto\\\/agrolac-floracio\\\/#breadcrumb\"},\"inLanguage\":\"ca\",\"potentialAction\":[{\"@type\":\"ReadAction\",\"target\":[\"https:\\\/\\\/peru.agrolac.com\\\/ca\\\/producto\\\/agrolac-floracio\\\/\"]}]},{\"@type\":\"ImageObject\",\"inLanguage\":\"ca\",\"@id\":\"https:\\\/\\\/peru.agrolac.com\\\/ca\\\/producto\\\/agrolac-floracio\\\/#primaryimage\",\"url\":\"https:\\\/\\\/peru.agrolac.com\\\/wp-content\\\/uploads\\\/2025\\\/10\\\/agrolac-floracion-almendros.webp\",\"contentUrl\":\"https:\\\/\\\/peru.agrolac.com\\\/wp-content\\\/uploads\\\/2025\\\/10\\\/agrolac-floracion-almendros.webp\",\"width\":1500,\"height\":1000},{\"@type\":\"BreadcrumbList\",\"@id\":\"https:\\\/\\\/peru.agrolac.com\\\/ca\\\/producto\\\/agrolac-floracio\\\/#breadcrumb\",\"itemListElement\":[{\"@type\":\"ListItem\",\"position\":1,\"name\":\"Inici\",\"item\":\"https:\\\/\\\/peru.agrolac.com\\\/ca\\\/?page_id=1823\"},{\"@type\":\"ListItem\",\"position\":2,\"name\":\"Productes\",\"item\":\"https:\\\/\\\/peru.agrolac.com\\\/ca\\\/?page_id=4145\"},{\"@type\":\"ListItem\",\"position\":3,\"name\":\"Fertilitzants\",\"item\":\"https:\\\/\\\/peru.agrolac.com\\\/ca\\\/categoria-producto\\\/fertilitzants\\\/\"},{\"@type\":\"ListItem\",\"position\":4,\"name\":\"Agrolac\u00ae Floraci\u00f3\"}]},{\"@type\":\"WebSite\",\"@id\":\"https:\\\/\\\/peru.agrolac.com\\\/ca\\\/#website\",\"url\":\"https:\\\/\\\/peru.agrolac.com\\\/ca\\\/\",\"name\":\"VICORQUIMIA\",\"description\":\"Agrolac &eacute;s una empresa de Barcelona, fundada el 1982, especialitzada en distribuci&oacute; de productes agroqu&iacute;mics per a l'agricultura europea.\",\"publisher\":{\"@id\":\"https:\\\/\\\/peru.agrolac.com\\\/ca\\\/#organization\"},\"potentialAction\":[{\"@type\":\"SearchAction\",\"target\":{\"@type\":\"EntryPoint\",\"urlTemplate\":\"https:\\\/\\\/peru.agrolac.com\\\/ca\\\/?s={search_term_string}\"},\"query-input\":{\"@type\":\"PropertyValueSpecification\",\"valueRequired\":true,\"valueName\":\"search_term_string\"}}],\"inLanguage\":\"ca\"},{\"@type\":\"Organization\",\"@id\":\"https:\\\/\\\/peru.agrolac.com\\\/ca\\\/#organization\",\"name\":\"VICORQUIMIA\",\"url\":\"https:\\\/\\\/peru.agrolac.com\\\/ca\\\/\",\"logo\":{\"@type\":\"ImageObject\",\"inLanguage\":\"ca\",\"@id\":\"https:\\\/\\\/peru.agrolac.com\\\/ca\\\/#\\\/schema\\\/logo\\\/image\\\/\",\"url\":\"https:\\\/\\\/peru.agrolac.com\\\/wp-content\\\/uploads\\\/2025\\\/10\\\/agrolac-logo.svg\",\"contentUrl\":\"https:\\\/\\\/peru.agrolac.com\\\/wp-content\\\/uploads\\\/2025\\\/10\\\/agrolac-logo.svg\",\"caption\":\"VICORQUIMIA\"},\"image\":{\"@id\":\"https:\\\/\\\/peru.agrolac.com\\\/ca\\\/#\\\/schema\\\/logo\\\/image\\\/\"},\"sameAs\":[\"https:\\\/\\\/www.linkedin.com\\\/company\\\/vicorquimia\\\/\"]}]}<\/script>\n<!-- \/ Yoast SEO plugin. -->","yoast_head_json":{"title":"Agrolac\u00ae Floraci\u00f3 - Agrolac","description":"AGROLAC FLORACI\u00d3 \u00e9s un fertilitzant foliar amb \u00e0cid \u03b3-poliglut\u00e0mic i amino\u00e0cids per acompanyar la floraci\u00f3 i l'inici del quallat. Demana pauta.","robots":{"index":"index","follow":"follow","max-snippet":"max-snippet:-1","max-image-preview":"max-image-preview:large","max-video-preview":"max-video-preview:-1"},"canonical":"https:\/\/peru.agrolac.com\/ca\/producto\/agrolac-floracio\/","og_locale":"ca_ES","og_type":"article","og_title":"Agrolac\u00ae Floraci\u00f3 - Agrolac","og_description":"AGROLAC FLORACI\u00d3 \u00e9s un fertilitzant foliar amb \u00e0cid \u03b3-poliglut\u00e0mic i amino\u00e0cids per acompanyar la floraci\u00f3 i l'inici del quallat. Demana pauta.","og_url":"https:\/\/peru.agrolac.com\/ca\/producto\/agrolac-floracio\/","og_site_name":"Agrolac","article_modified_time":"2026-03-02T18:20:46+00:00","og_image":[{"width":1500,"height":1000,"url":"https:\/\/peru.agrolac.com\/wp-content\/uploads\/2025\/10\/agrolac-floracion-almendros.webp","type":"image\/webp"}],"twitter_card":"summary_large_image","twitter_misc":{"Temps estimat de lectura":"1 minut"},"schema":{"@context":"https:\/\/schema.org","@graph":[{"@type":"WebPage","@id":"https:\/\/peru.agrolac.com\/ca\/producto\/agrolac-floracio\/","url":"https:\/\/peru.agrolac.com\/ca\/producto\/agrolac-floracio\/","name":"Agrolac\u00ae Floraci\u00f3 - Agrolac","isPartOf":{"@id":"https:\/\/peru.agrolac.com\/ca\/#website"},"primaryImageOfPage":{"@id":"https:\/\/peru.agrolac.com\/ca\/producto\/agrolac-floracio\/#primaryimage"},"image":{"@id":"https:\/\/peru.agrolac.com\/ca\/producto\/agrolac-floracio\/#primaryimage"},"thumbnailUrl":"https:\/\/peru.agrolac.com\/wp-content\/uploads\/2025\/10\/agrolac-floracion-almendros.webp","datePublished":"2026-01-08T21:07:17+00:00","dateModified":"2026-03-02T18:20:46+00:00","description":"AGROLAC FLORACI\u00d3 \u00e9s un fertilitzant foliar amb \u00e0cid \u03b3-poliglut\u00e0mic i amino\u00e0cids per acompanyar la floraci\u00f3 i l'inici del quallat. Demana pauta.","breadcrumb":{"@id":"https:\/\/peru.agrolac.com\/ca\/producto\/agrolac-floracio\/#breadcrumb"},"inLanguage":"ca","potentialAction":[{"@type":"ReadAction","target":["https:\/\/peru.agrolac.com\/ca\/producto\/agrolac-floracio\/"]}]},{"@type":"ImageObject","inLanguage":"ca","@id":"https:\/\/peru.agrolac.com\/ca\/producto\/agrolac-floracio\/#primaryimage","url":"https:\/\/peru.agrolac.com\/wp-content\/uploads\/2025\/10\/agrolac-floracion-almendros.webp","contentUrl":"https:\/\/peru.agrolac.com\/wp-content\/uploads\/2025\/10\/agrolac-floracion-almendros.webp","width":1500,"height":1000},{"@type":"BreadcrumbList","@id":"https:\/\/peru.agrolac.com\/ca\/producto\/agrolac-floracio\/#breadcrumb","itemListElement":[{"@type":"ListItem","position":1,"name":"Inici","item":"https:\/\/peru.agrolac.com\/ca\/?page_id=1823"},{"@type":"ListItem","position":2,"name":"Productes","item":"https:\/\/peru.agrolac.com\/ca\/?page_id=4145"},{"@type":"ListItem","position":3,"name":"Fertilitzants","item":"https:\/\/peru.agrolac.com\/ca\/categoria-producto\/fertilitzants\/"},{"@type":"ListItem","position":4,"name":"Agrolac\u00ae Floraci\u00f3"}]},{"@type":"WebSite","@id":"https:\/\/peru.agrolac.com\/ca\/#website","url":"https:\/\/peru.agrolac.com\/ca\/","name":"VICORQUIMIA","description":"Agrolac &eacute;s una empresa de Barcelona, fundada el 1982, especialitzada en distribuci&oacute; de productes agroqu&iacute;mics per a l'agricultura europea.","publisher":{"@id":"https:\/\/peru.agrolac.com\/ca\/#organization"},"potentialAction":[{"@type":"SearchAction","target":{"@type":"EntryPoint","urlTemplate":"https:\/\/peru.agrolac.com\/ca\/?s={search_term_string}"},"query-input":{"@type":"PropertyValueSpecification","valueRequired":true,"valueName":"search_term_string"}}],"inLanguage":"ca"},{"@type":"Organization","@id":"https:\/\/peru.agrolac.com\/ca\/#organization","name":"VICORQUIMIA","url":"https:\/\/peru.agrolac.com\/ca\/","logo":{"@type":"ImageObject","inLanguage":"ca","@id":"https:\/\/peru.agrolac.com\/ca\/#\/schema\/logo\/image\/","url":"https:\/\/peru.agrolac.com\/wp-content\/uploads\/2025\/10\/agrolac-logo.svg","contentUrl":"https:\/\/peru.agrolac.com\/wp-content\/uploads\/2025\/10\/agrolac-logo.svg","caption":"VICORQUIMIA"},"image":{"@id":"https:\/\/peru.agrolac.com\/ca\/#\/schema\/logo\/image\/"},"sameAs":["https:\/\/www.linkedin.com\/company\/vicorquimia\/"]}]}},"_links":{"self":[{"href":"https:\/\/peru.agrolac.com\/ca\/wp-json\/wp\/v2\/product\/7677","targetHints":{"allow":["GET"]}}],"collection":[{"href":"https:\/\/peru.agrolac.com\/ca\/wp-json\/wp\/v2\/product"}],"about":[{"href":"https:\/\/peru.agrolac.com\/ca\/wp-json\/wp\/v2\/types\/product"}],"replies":[{"embeddable":true,"href":"https:\/\/peru.agrolac.com\/ca\/wp-json\/wp\/v2\/comments?post=7677"}],"wp:featuredmedia":[{"embeddable":true,"href":"https:\/\/peru.agrolac.com\/ca\/wp-json\/wp\/v2\/media\/5651"}],"wp:attachment":[{"href":"https:\/\/peru.agrolac.com\/ca\/wp-json\/wp\/v2\/media?parent=7677"}],"wp:term":[{"taxonomy":"certificacion","embeddable":true,"href":"https:\/\/peru.agrolac.com\/ca\/wp-json\/wp\/v2\/certificacion?post=7677"},{"taxonomy":"cultivo","embeddable":true,"href":"https:\/\/peru.agrolac.com\/ca\/wp-json\/wp\/v2\/cultivo?post=7677"},{"taxonomy":"product_brand","embeddable":true,"href":"https:\/\/peru.agrolac.com\/ca\/wp-json\/wp\/v2\/product_brand?post=7677"},{"taxonomy":"product_cat","embeddable":true,"href":"https:\/\/peru.agrolac.com\/ca\/wp-json\/wp\/v2\/product_cat?post=7677"},{"taxonomy":"product_tag","embeddable":true,"href":"https:\/\/peru.agrolac.com\/ca\/wp-json\/wp\/v2\/product_tag?post=7677"}],"curies":[{"name":"wp","href":"https:\/\/api.w.org\/{rel}","templated":true}]}}