{"id":7622,"date":"2026-01-08T22:27:55","date_gmt":"2026-01-08T21:27:55","guid":{"rendered":"https:\/\/peru.agrolac.com\/producto\/provic-root\/"},"modified":"2026-03-02T19:22:44","modified_gmt":"2026-03-02T18:22:44","slug":"provic-root","status":"publish","type":"product","link":"https:\/\/peru.agrolac.com\/ca\/producto\/provic-root\/","title":{"rendered":"Provic\u00ae Root"},"content":{"rendered":"<h2>Provic <strong>\u00ae<\/strong> Root<\/h2>\n<p><strong>PROVIC\u00ae ROOT<\/strong> \u00e9s un producte a base d&#8217; <strong>inoculants de fongs micor\u00edcics<\/strong> i <strong>bacteris de la rizosfera<\/strong> , formulat com a <strong>l\u00edquid soluble (SL)<\/strong> , amb elevada capacitat de bioestimulaci\u00f3 a les plantes. La seva aplicaci\u00f3 est\u00e0 orientada a <span class=\"s1\"><b>donar suport al creixement i el desenvolupament del cultiu<\/b><\/span> , especialment en etapes on el sistema radicular marca la difer\u00e8ncia. Els microorganismes presents poden establir una <span class=\"s1\"><b>relaci\u00f3 mutualista<\/b><\/span> amb la planta, contribuint a millorar l&#8217;aprofitament de nutrients ia acompanyar el cultiu en situacions d&#8217; <span class=\"s1\"><b>estr\u00e8s abi\u00f2tic<\/b><\/span> (per exemple, salinitat, manca d&#8217;aigua, calor o fitotoxicitat). <\/p>\n<p><strong>PROVIC\u00ae ROOT<\/strong> activa processos metab\u00f2lics que ajuden a revitalitzar la planta i en promouen el desenvolupament, influint en el creixement vegetatiu i radicular i en la productivitat del cultiu, en augmentar l&#8217; <strong>absorci\u00f3 de nutrients i nitrogen<\/strong> .<\/p>\n<p>Per la seva composici\u00f3, <strong>PROVIC\u00ae ROOT<\/strong> es pot utilitzar en diferents fases del desenvolupament del cultiu, incloent <strong>germinaci\u00f3, brotaci\u00f3, foliaci\u00f3, prefloraci\u00f3, quallat, engreix i maduraci\u00f3<\/strong> en plantes de fulla i fruit.<\/p>\n<h3>Beneficis agron\u00f2mics<\/h3>\n<ul>\n<li><strong>Bioestimulaci\u00f3 del creixement radicular i vegetatiu<\/strong> .<\/li>\n<li><strong>Millora de l&#8217;absorci\u00f3 de nutrients i nitrogen<\/strong> .<\/li>\n<li><strong>Suport al cultiu<\/strong> davant d&#8217;estr\u00e8s sal\u00ed, h\u00eddric i altres factors abi\u00f2tics.<\/li>\n<li><strong>Relaci\u00f3 mutualista<\/strong> amb microorganismes beneficiosos.<\/li>\n<li><strong>\u00das en diferents fases del desenvolupament<\/strong> del cultiu.<\/li>\n<\/ul>\n<p>&nbsp;<\/p>\n<h3>Aplicaci\u00f3<\/h3>\n<p><strong>PROVIC\u00ae ROOT<\/strong> es pot aplicar principalment mitjan\u00e7ant <strong>fertirrigaci\u00f3<\/strong> , adaptant la dosi i el moment d&#8217;aplicaci\u00f3 a les necessitats del cultiu ia les condicions agron\u00f2miques.<\/p>\n<h3>Observacions<\/h3>\n<p><span style=\"font-family: -apple-system, BlinkMacSystemFont, 'Segoe UI', Roboto, 'Helvetica Neue', Arial, 'Noto Sans', sans-serif, 'Apple Color Emoji', 'Segoe UI Emoji', 'Segoe UI Symbol', 'Noto Color Emoji';\">No tracteu amb temperatures superiors a 30 \u00baC. No ho barregeu amb productes a base d&#8217;estany ni olis minerals. <\/span><\/p>\n","protected":false},"excerpt":{"rendered":"<p>Producte dissenyat per estimular el desenvolupamen\u2026<\/p>\n","protected":false},"featured_media":5621,"comment_status":"closed","ping_status":"closed","template":"","meta":{"_acf_changed":false},"certificacion":[367,370],"cultivo":[1073,1072,547,481,546,545,482,1071,1138],"product_brand":[],"product_cat":[395],"product_tag":[],"class_list":{"0":"post-7622","1":"product","2":"type-product","3":"status-publish","4":"has-post-thumbnail","6":"certificacion-biologic","7":"certificacion-residu-zero","8":"cultivo-arrel-i-bulb","9":"cultivo-brasiques","10":"cultivo-citrics","11":"cultivo-fruiters","12":"cultivo-fruiters-de-llavor","13":"cultivo-fruiters-de-pinyol","14":"cultivo-horticoles","15":"cultivo-horticoles-de-fruit","16":"cultivo-tropicals-subtropicals","17":"product_cat-fertilitzants","19":"first","20":"instock","21":"shipping-taxable","22":"product-type-simple"},"acf":[],"yoast_head":"<!-- This site is optimized with the Yoast SEO plugin v27.4 - https:\/\/yoast.com\/product\/yoast-seo-wordpress\/ -->\n<title>Provic\u00ae Root - Agrolac<\/title>\n<meta name=\"description\" content=\"Provic\u00ae Root \u00e9s un bioestimulant l\u00edquid amb micorizes i bacteris de la rizosfera per fertirrigaci\u00f3: recolza el desenvolupament radicular i l&#039;absorci\u00f3 de nutrients.\" \/>\n<meta name=\"robots\" content=\"index, follow, max-snippet:-1, max-image-preview:large, max-video-preview:-1\" \/>\n<link rel=\"canonical\" href=\"https:\/\/peru.agrolac.com\/ca\/producto\/provic-root\/\" \/>\n<meta property=\"og:locale\" content=\"ca_ES\" \/>\n<meta property=\"og:type\" content=\"article\" \/>\n<meta property=\"og:title\" content=\"Provic\u00ae Root - Agrolac\" \/>\n<meta property=\"og:description\" content=\"Provic\u00ae Root \u00e9s un bioestimulant l\u00edquid amb micorizes i bacteris de la rizosfera per fertirrigaci\u00f3: recolza el desenvolupament radicular i l&#039;absorci\u00f3 de nutrients.\" \/>\n<meta property=\"og:url\" content=\"https:\/\/peru.agrolac.com\/ca\/producto\/provic-root\/\" \/>\n<meta property=\"og:site_name\" content=\"Agrolac\" \/>\n<meta property=\"article:modified_time\" content=\"2026-03-02T18:22:44+00:00\" \/>\n<meta property=\"og:image\" content=\"https:\/\/peru.agrolac.com\/wp-content\/uploads\/2025\/10\/provic-root-raices.webp\" \/>\n\t<meta property=\"og:image:width\" content=\"1500\" \/>\n\t<meta property=\"og:image:height\" content=\"760\" \/>\n\t<meta property=\"og:image:type\" content=\"image\/webp\" \/>\n<meta name=\"twitter:card\" content=\"summary_large_image\" \/>\n<meta name=\"twitter:label1\" content=\"Temps estimat de lectura\" \/>\n\t<meta name=\"twitter:data1\" content=\"1 minut\" \/>\n<script type=\"application\/ld+json\" class=\"yoast-schema-graph\">{\"@context\":\"https:\\\/\\\/schema.org\",\"@graph\":[{\"@type\":\"WebPage\",\"@id\":\"https:\\\/\\\/peru.agrolac.com\\\/ca\\\/producto\\\/provic-root\\\/\",\"url\":\"https:\\\/\\\/peru.agrolac.com\\\/ca\\\/producto\\\/provic-root\\\/\",\"name\":\"Provic\u00ae Root - Agrolac\",\"isPartOf\":{\"@id\":\"https:\\\/\\\/peru.agrolac.com\\\/ca\\\/#website\"},\"primaryImageOfPage\":{\"@id\":\"https:\\\/\\\/peru.agrolac.com\\\/ca\\\/producto\\\/provic-root\\\/#primaryimage\"},\"image\":{\"@id\":\"https:\\\/\\\/peru.agrolac.com\\\/ca\\\/producto\\\/provic-root\\\/#primaryimage\"},\"thumbnailUrl\":\"https:\\\/\\\/peru.agrolac.com\\\/wp-content\\\/uploads\\\/2025\\\/10\\\/provic-root-raices.webp\",\"datePublished\":\"2026-01-08T21:27:55+00:00\",\"dateModified\":\"2026-03-02T18:22:44+00:00\",\"description\":\"Provic\u00ae Root \u00e9s un bioestimulant l\u00edquid amb micorizes i bacteris de la rizosfera per fertirrigaci\u00f3: recolza el desenvolupament radicular i l'absorci\u00f3 de nutrients.\",\"breadcrumb\":{\"@id\":\"https:\\\/\\\/peru.agrolac.com\\\/ca\\\/producto\\\/provic-root\\\/#breadcrumb\"},\"inLanguage\":\"ca\",\"potentialAction\":[{\"@type\":\"ReadAction\",\"target\":[\"https:\\\/\\\/peru.agrolac.com\\\/ca\\\/producto\\\/provic-root\\\/\"]}]},{\"@type\":\"ImageObject\",\"inLanguage\":\"ca\",\"@id\":\"https:\\\/\\\/peru.agrolac.com\\\/ca\\\/producto\\\/provic-root\\\/#primaryimage\",\"url\":\"https:\\\/\\\/peru.agrolac.com\\\/wp-content\\\/uploads\\\/2025\\\/10\\\/provic-root-raices.webp\",\"contentUrl\":\"https:\\\/\\\/peru.agrolac.com\\\/wp-content\\\/uploads\\\/2025\\\/10\\\/provic-root-raices.webp\",\"width\":1500,\"height\":760},{\"@type\":\"BreadcrumbList\",\"@id\":\"https:\\\/\\\/peru.agrolac.com\\\/ca\\\/producto\\\/provic-root\\\/#breadcrumb\",\"itemListElement\":[{\"@type\":\"ListItem\",\"position\":1,\"name\":\"Inici\",\"item\":\"https:\\\/\\\/peru.agrolac.com\\\/ca\\\/?page_id=1823\"},{\"@type\":\"ListItem\",\"position\":2,\"name\":\"Productes\",\"item\":\"https:\\\/\\\/peru.agrolac.com\\\/ca\\\/?page_id=4145\"},{\"@type\":\"ListItem\",\"position\":3,\"name\":\"Fertilitzants\",\"item\":\"https:\\\/\\\/peru.agrolac.com\\\/ca\\\/categoria-producto\\\/fertilitzants\\\/\"},{\"@type\":\"ListItem\",\"position\":4,\"name\":\"Provic\u00ae Root\"}]},{\"@type\":\"WebSite\",\"@id\":\"https:\\\/\\\/peru.agrolac.com\\\/ca\\\/#website\",\"url\":\"https:\\\/\\\/peru.agrolac.com\\\/ca\\\/\",\"name\":\"VICORQUIMIA\",\"description\":\"Agrolac &eacute;s una empresa de Barcelona, fundada el 1982, especialitzada en distribuci&oacute; de productes agroqu&iacute;mics per a l'agricultura europea.\",\"publisher\":{\"@id\":\"https:\\\/\\\/peru.agrolac.com\\\/ca\\\/#organization\"},\"potentialAction\":[{\"@type\":\"SearchAction\",\"target\":{\"@type\":\"EntryPoint\",\"urlTemplate\":\"https:\\\/\\\/peru.agrolac.com\\\/ca\\\/?s={search_term_string}\"},\"query-input\":{\"@type\":\"PropertyValueSpecification\",\"valueRequired\":true,\"valueName\":\"search_term_string\"}}],\"inLanguage\":\"ca\"},{\"@type\":\"Organization\",\"@id\":\"https:\\\/\\\/peru.agrolac.com\\\/ca\\\/#organization\",\"name\":\"VICORQUIMIA\",\"url\":\"https:\\\/\\\/peru.agrolac.com\\\/ca\\\/\",\"logo\":{\"@type\":\"ImageObject\",\"inLanguage\":\"ca\",\"@id\":\"https:\\\/\\\/peru.agrolac.com\\\/ca\\\/#\\\/schema\\\/logo\\\/image\\\/\",\"url\":\"https:\\\/\\\/peru.agrolac.com\\\/wp-content\\\/uploads\\\/2025\\\/10\\\/agrolac-logo.svg\",\"contentUrl\":\"https:\\\/\\\/peru.agrolac.com\\\/wp-content\\\/uploads\\\/2025\\\/10\\\/agrolac-logo.svg\",\"caption\":\"VICORQUIMIA\"},\"image\":{\"@id\":\"https:\\\/\\\/peru.agrolac.com\\\/ca\\\/#\\\/schema\\\/logo\\\/image\\\/\"},\"sameAs\":[\"https:\\\/\\\/www.linkedin.com\\\/company\\\/vicorquimia\\\/\"]}]}<\/script>\n<!-- \/ Yoast SEO plugin. -->","yoast_head_json":{"title":"Provic\u00ae Root - Agrolac","description":"Provic\u00ae Root \u00e9s un bioestimulant l\u00edquid amb micorizes i bacteris de la rizosfera per fertirrigaci\u00f3: recolza el desenvolupament radicular i l'absorci\u00f3 de nutrients.","robots":{"index":"index","follow":"follow","max-snippet":"max-snippet:-1","max-image-preview":"max-image-preview:large","max-video-preview":"max-video-preview:-1"},"canonical":"https:\/\/peru.agrolac.com\/ca\/producto\/provic-root\/","og_locale":"ca_ES","og_type":"article","og_title":"Provic\u00ae Root - Agrolac","og_description":"Provic\u00ae Root \u00e9s un bioestimulant l\u00edquid amb micorizes i bacteris de la rizosfera per fertirrigaci\u00f3: recolza el desenvolupament radicular i l'absorci\u00f3 de nutrients.","og_url":"https:\/\/peru.agrolac.com\/ca\/producto\/provic-root\/","og_site_name":"Agrolac","article_modified_time":"2026-03-02T18:22:44+00:00","og_image":[{"width":1500,"height":760,"url":"https:\/\/peru.agrolac.com\/wp-content\/uploads\/2025\/10\/provic-root-raices.webp","type":"image\/webp"}],"twitter_card":"summary_large_image","twitter_misc":{"Temps estimat de lectura":"1 minut"},"schema":{"@context":"https:\/\/schema.org","@graph":[{"@type":"WebPage","@id":"https:\/\/peru.agrolac.com\/ca\/producto\/provic-root\/","url":"https:\/\/peru.agrolac.com\/ca\/producto\/provic-root\/","name":"Provic\u00ae Root - Agrolac","isPartOf":{"@id":"https:\/\/peru.agrolac.com\/ca\/#website"},"primaryImageOfPage":{"@id":"https:\/\/peru.agrolac.com\/ca\/producto\/provic-root\/#primaryimage"},"image":{"@id":"https:\/\/peru.agrolac.com\/ca\/producto\/provic-root\/#primaryimage"},"thumbnailUrl":"https:\/\/peru.agrolac.com\/wp-content\/uploads\/2025\/10\/provic-root-raices.webp","datePublished":"2026-01-08T21:27:55+00:00","dateModified":"2026-03-02T18:22:44+00:00","description":"Provic\u00ae Root \u00e9s un bioestimulant l\u00edquid amb micorizes i bacteris de la rizosfera per fertirrigaci\u00f3: recolza el desenvolupament radicular i l'absorci\u00f3 de nutrients.","breadcrumb":{"@id":"https:\/\/peru.agrolac.com\/ca\/producto\/provic-root\/#breadcrumb"},"inLanguage":"ca","potentialAction":[{"@type":"ReadAction","target":["https:\/\/peru.agrolac.com\/ca\/producto\/provic-root\/"]}]},{"@type":"ImageObject","inLanguage":"ca","@id":"https:\/\/peru.agrolac.com\/ca\/producto\/provic-root\/#primaryimage","url":"https:\/\/peru.agrolac.com\/wp-content\/uploads\/2025\/10\/provic-root-raices.webp","contentUrl":"https:\/\/peru.agrolac.com\/wp-content\/uploads\/2025\/10\/provic-root-raices.webp","width":1500,"height":760},{"@type":"BreadcrumbList","@id":"https:\/\/peru.agrolac.com\/ca\/producto\/provic-root\/#breadcrumb","itemListElement":[{"@type":"ListItem","position":1,"name":"Inici","item":"https:\/\/peru.agrolac.com\/ca\/?page_id=1823"},{"@type":"ListItem","position":2,"name":"Productes","item":"https:\/\/peru.agrolac.com\/ca\/?page_id=4145"},{"@type":"ListItem","position":3,"name":"Fertilitzants","item":"https:\/\/peru.agrolac.com\/ca\/categoria-producto\/fertilitzants\/"},{"@type":"ListItem","position":4,"name":"Provic\u00ae Root"}]},{"@type":"WebSite","@id":"https:\/\/peru.agrolac.com\/ca\/#website","url":"https:\/\/peru.agrolac.com\/ca\/","name":"VICORQUIMIA","description":"Agrolac &eacute;s una empresa de Barcelona, fundada el 1982, especialitzada en distribuci&oacute; de productes agroqu&iacute;mics per a l'agricultura europea.","publisher":{"@id":"https:\/\/peru.agrolac.com\/ca\/#organization"},"potentialAction":[{"@type":"SearchAction","target":{"@type":"EntryPoint","urlTemplate":"https:\/\/peru.agrolac.com\/ca\/?s={search_term_string}"},"query-input":{"@type":"PropertyValueSpecification","valueRequired":true,"valueName":"search_term_string"}}],"inLanguage":"ca"},{"@type":"Organization","@id":"https:\/\/peru.agrolac.com\/ca\/#organization","name":"VICORQUIMIA","url":"https:\/\/peru.agrolac.com\/ca\/","logo":{"@type":"ImageObject","inLanguage":"ca","@id":"https:\/\/peru.agrolac.com\/ca\/#\/schema\/logo\/image\/","url":"https:\/\/peru.agrolac.com\/wp-content\/uploads\/2025\/10\/agrolac-logo.svg","contentUrl":"https:\/\/peru.agrolac.com\/wp-content\/uploads\/2025\/10\/agrolac-logo.svg","caption":"VICORQUIMIA"},"image":{"@id":"https:\/\/peru.agrolac.com\/ca\/#\/schema\/logo\/image\/"},"sameAs":["https:\/\/www.linkedin.com\/company\/vicorquimia\/"]}]}},"_links":{"self":[{"href":"https:\/\/peru.agrolac.com\/ca\/wp-json\/wp\/v2\/product\/7622","targetHints":{"allow":["GET"]}}],"collection":[{"href":"https:\/\/peru.agrolac.com\/ca\/wp-json\/wp\/v2\/product"}],"about":[{"href":"https:\/\/peru.agrolac.com\/ca\/wp-json\/wp\/v2\/types\/product"}],"replies":[{"embeddable":true,"href":"https:\/\/peru.agrolac.com\/ca\/wp-json\/wp\/v2\/comments?post=7622"}],"wp:featuredmedia":[{"embeddable":true,"href":"https:\/\/peru.agrolac.com\/ca\/wp-json\/wp\/v2\/media\/5621"}],"wp:attachment":[{"href":"https:\/\/peru.agrolac.com\/ca\/wp-json\/wp\/v2\/media?parent=7622"}],"wp:term":[{"taxonomy":"certificacion","embeddable":true,"href":"https:\/\/peru.agrolac.com\/ca\/wp-json\/wp\/v2\/certificacion?post=7622"},{"taxonomy":"cultivo","embeddable":true,"href":"https:\/\/peru.agrolac.com\/ca\/wp-json\/wp\/v2\/cultivo?post=7622"},{"taxonomy":"product_brand","embeddable":true,"href":"https:\/\/peru.agrolac.com\/ca\/wp-json\/wp\/v2\/product_brand?post=7622"},{"taxonomy":"product_cat","embeddable":true,"href":"https:\/\/peru.agrolac.com\/ca\/wp-json\/wp\/v2\/product_cat?post=7622"},{"taxonomy":"product_tag","embeddable":true,"href":"https:\/\/peru.agrolac.com\/ca\/wp-json\/wp\/v2\/product_tag?post=7622"}],"curies":[{"name":"wp","href":"https:\/\/api.w.org\/{rel}","templated":true}]}}