{"id":7331,"date":"2025-10-19T22:36:31","date_gmt":"2025-10-19T20:36:31","guid":{"rendered":"https:\/\/peru.agrolac.com\/producto\/ag-nano-urea-plus\/"},"modified":"2026-03-02T19:19:58","modified_gmt":"2026-03-02T18:19:58","slug":"ag-nano-urea-plus","status":"publish","type":"product","link":"https:\/\/peru.agrolac.com\/ca\/producto\/ag-nano-urea-plus\/","title":{"rendered":"AG Nano Urea Plus"},"content":{"rendered":"<p><strong>AG NANO UREA PLUS<\/strong> \u00e9s un fertilitzant foliar l\u00edquid amb <strong>nitrogen en forma nanoestructurada<\/strong> , desenvolupat per millorar l&#8217;efici\u00e8ncia de l&#8217;aportaci\u00f3 nitrogenada al cultiu.<\/p>\n<p>La seva formulaci\u00f3 a escala nanom\u00e8trica ( <b>20-50 nm<\/b> ) facilita l&#8217;absorci\u00f3 per fulla i la seva redistribuci\u00f3 a la planta. El nitrogen es pot emmagatzemar i alliberar <b>segons la demanda<\/b> del cultiu (alliberament lenta). <\/p>\n<p>En programa <strong>reempla\u00e7a parcialment la fertilitzaci\u00f3 nitrogenada de s\u00f2l<\/strong> , oferint <strong>m\u00e9s efici\u00e8ncia<\/strong> , <strong>estalvi d&#8217;insums<\/strong> , <strong>sostenibilitat agron\u00f2mica<\/strong> i <strong>conservaci\u00f3 de la biodiversitat<\/strong> .<\/p>\n<h3>Com funciona?<\/h3>\n<ul>\n<li>Penetra per <b>estomes<\/b> per la seva mida ultrapetita ( <b>20\u201350 nm<\/b> ).<\/li>\n<li>Es distribueix de forma sist\u00e8mica i pot emmagatzemar-se en <b>vac\u00faols<\/b> , alliberant-se sota demanda.<\/li>\n<li>Ajuda a reduir p\u00e8rdues per <b>volatilitzaci\u00f3, lixiviaci\u00f3 i fixaci\u00f3<\/b> a terra.<\/li>\n<\/ul>\n<h3>Beneficis agron\u00f2mics<\/h3>\n<ul>\n<li>Podeu <b>substituir el 50%<\/b> de la urea tradicional.<\/li>\n<li><b>Alta efici\u00e8ncia d&#8217;\u00fas del nitrogen<\/b> : fins a <b>90%<\/b> .<\/li>\n<li><b>Baix volum d&#8217;aplicaci\u00f3<\/b> : <strong>1,25<\/strong> <b>L\/ha<\/b> en <b>2 aplicacions<\/b> .<\/li>\n<li>En assaigs, es reporten <b>increments de rendiment<\/b> del <b>8% al 33%<\/b> segons el cultiu i la comparativa.<\/li>\n<li>Enfocament de nutrici\u00f3 m\u00e9s precisa amb menys impacte per p\u00e8rdues de N.<\/li>\n<\/ul>\n<h3>Aplicaci\u00f3<\/h3>\n<p>AG NANO UREA PLUS\u00ae s&#8217;aplica per <strong>via foliar<\/strong> .<\/p>\n<ul>\n<li><strong>Dosi:<\/strong> 1,25 l\/ha (per aplicaci\u00f3 foliar).<\/li>\n<li><strong>Diluci\u00f3:<\/strong> 2-4 ml\/l d&#8217;aigua.<\/li>\n<li><strong>N\u00famero d&#8217;aplicacions:<\/strong> 2-4 aplicacions per cicle de cultiu.<\/li>\n<li><strong>Moments daplicaci\u00f3:<\/strong> fases de brotaci\u00f3, creixement vegetatiu, abans de floraci\u00f3 i fases de desenvolupament del fruit.<\/li>\n<li><strong>Aplicaci\u00f3 recomanada:<\/strong> 50% d&#8217;urea granulada al terra + dues aplicacions foliars de 1,25 l\/ha de Nano Urea en etapes vegetativa i prefloraci\u00f3.<\/li>\n<li><strong>Compatibilitat:<\/strong> compatible amb altres aplicacions foliars (consulteu pH mescla).<\/li>\n<\/ul>\n<h3>Cultius<\/h3>\n<p>Indicat per a \u00fas en  <strong>extensius<\/strong> (blat de moro, blat, ordi, arr\u00f2s),  <strong>hort\u00edcoles<\/strong> (tom\u00e0quet, pebrot, cogombre, carbass\u00f3), <strong>lleguminoses<\/strong> (cigron, llentia, mongeta), cultius <strong>industrials<\/strong> (colza, cot\u00f3, gira-sol), <strong>fruiters i olivera<\/strong> , i <strong>hivernacle i hidroponia<\/strong> .<\/p>\n<h3>Observacions<\/h3>\n<p>No tracteu amb temperatures superiors a 30 \u00baC. No ho barregeu amb productes a base d&#8217;estany i olis minerals. <\/p>\n","protected":false},"excerpt":{"rendered":"<p>Fertilitzant nitrogenat amb tecnologia nano per a \u2026<\/p>\n","protected":false},"featured_media":6434,"comment_status":"closed","ping_status":"closed","template":"","meta":{"_acf_changed":false},"certificacion":[],"cultivo":[483,547,484,1139,481,546,545,548,482,1071,1137,1136,1075,1138,1074],"product_brand":[],"product_cat":[395],"product_tag":[],"class_list":{"0":"post-7331","1":"product","2":"type-product","3":"status-publish","4":"has-post-thumbnail","6":"cultivo-cereals","7":"cultivo-citrics","8":"cultivo-cultius-industrials","9":"cultivo-farratges-i-praderies","10":"cultivo-fruiters","11":"cultivo-fruiters-de-llavor","12":"cultivo-fruiters-de-pinyol","13":"cultivo-fruits-secs","14":"cultivo-horticoles","15":"cultivo-horticoles-de-fruit","16":"cultivo-lleguminoses","17":"cultivo-oleaginoses","18":"cultivo-olivera","19":"cultivo-tropicals-subtropicals","20":"cultivo-videu","21":"product_cat-fertilitzants","23":"first","24":"instock","25":"shipping-taxable","26":"purchasable","27":"product-type-simple"},"acf":[],"yoast_head":"<!-- This site is optimized with the Yoast SEO plugin v27.4 - https:\/\/yoast.com\/product\/yoast-seo-wordpress\/ -->\n<title>AG Nano Urea Plus - Agrolac<\/title>\n<meta name=\"description\" content=\"AG Nano Urea Plus \u00e9s un fertilitzant foliar l\u00edquid de nitrogen nanoestructurat per millorar l&#039;efici\u00e8ncia del N i complementar la fertilitzaci\u00f3 al terra.\" \/>\n<meta name=\"robots\" content=\"index, follow, max-snippet:-1, max-image-preview:large, max-video-preview:-1\" \/>\n<link rel=\"canonical\" href=\"https:\/\/peru.agrolac.com\/ca\/producto\/ag-nano-urea-plus\/\" \/>\n<meta property=\"og:locale\" content=\"ca_ES\" \/>\n<meta property=\"og:type\" content=\"article\" \/>\n<meta property=\"og:title\" content=\"AG Nano Urea Plus - Agrolac\" \/>\n<meta property=\"og:description\" content=\"AG Nano Urea Plus \u00e9s un fertilitzant foliar l\u00edquid de nitrogen nanoestructurat per millorar l&#039;efici\u00e8ncia del N i complementar la fertilitzaci\u00f3 al terra.\" \/>\n<meta property=\"og:url\" content=\"https:\/\/peru.agrolac.com\/ca\/producto\/ag-nano-urea-plus\/\" \/>\n<meta property=\"og:site_name\" content=\"Agrolac\" \/>\n<meta property=\"article:modified_time\" content=\"2026-03-02T18:19:58+00:00\" \/>\n<meta property=\"og:image\" content=\"https:\/\/peru.agrolac.com\/wp-content\/uploads\/2025\/10\/campo-maiz.webp\" \/>\n\t<meta property=\"og:image:width\" content=\"1920\" \/>\n\t<meta property=\"og:image:height\" content=\"1281\" \/>\n\t<meta property=\"og:image:type\" content=\"image\/webp\" \/>\n<meta name=\"twitter:card\" content=\"summary_large_image\" \/>\n<meta name=\"twitter:label1\" content=\"Temps estimat de lectura\" \/>\n\t<meta name=\"twitter:data1\" content=\"2 minut\" \/>\n<script type=\"application\/ld+json\" class=\"yoast-schema-graph\">{\"@context\":\"https:\\\/\\\/schema.org\",\"@graph\":[{\"@type\":\"WebPage\",\"@id\":\"https:\\\/\\\/peru.agrolac.com\\\/ca\\\/producto\\\/ag-nano-urea-plus\\\/\",\"url\":\"https:\\\/\\\/peru.agrolac.com\\\/ca\\\/producto\\\/ag-nano-urea-plus\\\/\",\"name\":\"AG Nano Urea Plus - Agrolac\",\"isPartOf\":{\"@id\":\"https:\\\/\\\/peru.agrolac.com\\\/ca\\\/#website\"},\"primaryImageOfPage\":{\"@id\":\"https:\\\/\\\/peru.agrolac.com\\\/ca\\\/producto\\\/ag-nano-urea-plus\\\/#primaryimage\"},\"image\":{\"@id\":\"https:\\\/\\\/peru.agrolac.com\\\/ca\\\/producto\\\/ag-nano-urea-plus\\\/#primaryimage\"},\"thumbnailUrl\":\"https:\\\/\\\/peru.agrolac.com\\\/wp-content\\\/uploads\\\/2025\\\/10\\\/campo-maiz.webp\",\"datePublished\":\"2025-10-19T20:36:31+00:00\",\"dateModified\":\"2026-03-02T18:19:58+00:00\",\"description\":\"AG Nano Urea Plus \u00e9s un fertilitzant foliar l\u00edquid de nitrogen nanoestructurat per millorar l'efici\u00e8ncia del N i complementar la fertilitzaci\u00f3 al terra.\",\"breadcrumb\":{\"@id\":\"https:\\\/\\\/peru.agrolac.com\\\/ca\\\/producto\\\/ag-nano-urea-plus\\\/#breadcrumb\"},\"inLanguage\":\"ca\",\"potentialAction\":[{\"@type\":\"ReadAction\",\"target\":[\"https:\\\/\\\/peru.agrolac.com\\\/ca\\\/producto\\\/ag-nano-urea-plus\\\/\"]}]},{\"@type\":\"ImageObject\",\"inLanguage\":\"ca\",\"@id\":\"https:\\\/\\\/peru.agrolac.com\\\/ca\\\/producto\\\/ag-nano-urea-plus\\\/#primaryimage\",\"url\":\"https:\\\/\\\/peru.agrolac.com\\\/wp-content\\\/uploads\\\/2025\\\/10\\\/campo-maiz.webp\",\"contentUrl\":\"https:\\\/\\\/peru.agrolac.com\\\/wp-content\\\/uploads\\\/2025\\\/10\\\/campo-maiz.webp\",\"width\":1920,\"height\":1281},{\"@type\":\"BreadcrumbList\",\"@id\":\"https:\\\/\\\/peru.agrolac.com\\\/ca\\\/producto\\\/ag-nano-urea-plus\\\/#breadcrumb\",\"itemListElement\":[{\"@type\":\"ListItem\",\"position\":1,\"name\":\"Inici\",\"item\":\"https:\\\/\\\/peru.agrolac.com\\\/ca\\\/?page_id=1823\"},{\"@type\":\"ListItem\",\"position\":2,\"name\":\"Productes\",\"item\":\"https:\\\/\\\/peru.agrolac.com\\\/ca\\\/?page_id=4145\"},{\"@type\":\"ListItem\",\"position\":3,\"name\":\"Fertilitzants\",\"item\":\"https:\\\/\\\/peru.agrolac.com\\\/ca\\\/categoria-producto\\\/fertilitzants\\\/\"},{\"@type\":\"ListItem\",\"position\":4,\"name\":\"AG Nano Urea Plus\"}]},{\"@type\":\"WebSite\",\"@id\":\"https:\\\/\\\/peru.agrolac.com\\\/ca\\\/#website\",\"url\":\"https:\\\/\\\/peru.agrolac.com\\\/ca\\\/\",\"name\":\"VICORQUIMIA\",\"description\":\"Agrolac &eacute;s una empresa de Barcelona, fundada el 1982, especialitzada en distribuci&oacute; de productes agroqu&iacute;mics per a l'agricultura europea.\",\"publisher\":{\"@id\":\"https:\\\/\\\/peru.agrolac.com\\\/ca\\\/#organization\"},\"potentialAction\":[{\"@type\":\"SearchAction\",\"target\":{\"@type\":\"EntryPoint\",\"urlTemplate\":\"https:\\\/\\\/peru.agrolac.com\\\/ca\\\/?s={search_term_string}\"},\"query-input\":{\"@type\":\"PropertyValueSpecification\",\"valueRequired\":true,\"valueName\":\"search_term_string\"}}],\"inLanguage\":\"ca\"},{\"@type\":\"Organization\",\"@id\":\"https:\\\/\\\/peru.agrolac.com\\\/ca\\\/#organization\",\"name\":\"VICORQUIMIA\",\"url\":\"https:\\\/\\\/peru.agrolac.com\\\/ca\\\/\",\"logo\":{\"@type\":\"ImageObject\",\"inLanguage\":\"ca\",\"@id\":\"https:\\\/\\\/peru.agrolac.com\\\/ca\\\/#\\\/schema\\\/logo\\\/image\\\/\",\"url\":\"https:\\\/\\\/peru.agrolac.com\\\/wp-content\\\/uploads\\\/2025\\\/10\\\/agrolac-logo.svg\",\"contentUrl\":\"https:\\\/\\\/peru.agrolac.com\\\/wp-content\\\/uploads\\\/2025\\\/10\\\/agrolac-logo.svg\",\"caption\":\"VICORQUIMIA\"},\"image\":{\"@id\":\"https:\\\/\\\/peru.agrolac.com\\\/ca\\\/#\\\/schema\\\/logo\\\/image\\\/\"},\"sameAs\":[\"https:\\\/\\\/www.linkedin.com\\\/company\\\/vicorquimia\\\/\"]}]}<\/script>\n<!-- \/ Yoast SEO plugin. -->","yoast_head_json":{"title":"AG Nano Urea Plus - Agrolac","description":"AG Nano Urea Plus \u00e9s un fertilitzant foliar l\u00edquid de nitrogen nanoestructurat per millorar l'efici\u00e8ncia del N i complementar la fertilitzaci\u00f3 al terra.","robots":{"index":"index","follow":"follow","max-snippet":"max-snippet:-1","max-image-preview":"max-image-preview:large","max-video-preview":"max-video-preview:-1"},"canonical":"https:\/\/peru.agrolac.com\/ca\/producto\/ag-nano-urea-plus\/","og_locale":"ca_ES","og_type":"article","og_title":"AG Nano Urea Plus - Agrolac","og_description":"AG Nano Urea Plus \u00e9s un fertilitzant foliar l\u00edquid de nitrogen nanoestructurat per millorar l'efici\u00e8ncia del N i complementar la fertilitzaci\u00f3 al terra.","og_url":"https:\/\/peru.agrolac.com\/ca\/producto\/ag-nano-urea-plus\/","og_site_name":"Agrolac","article_modified_time":"2026-03-02T18:19:58+00:00","og_image":[{"width":1920,"height":1281,"url":"https:\/\/peru.agrolac.com\/wp-content\/uploads\/2025\/10\/campo-maiz.webp","type":"image\/webp"}],"twitter_card":"summary_large_image","twitter_misc":{"Temps estimat de lectura":"2 minut"},"schema":{"@context":"https:\/\/schema.org","@graph":[{"@type":"WebPage","@id":"https:\/\/peru.agrolac.com\/ca\/producto\/ag-nano-urea-plus\/","url":"https:\/\/peru.agrolac.com\/ca\/producto\/ag-nano-urea-plus\/","name":"AG Nano Urea Plus - Agrolac","isPartOf":{"@id":"https:\/\/peru.agrolac.com\/ca\/#website"},"primaryImageOfPage":{"@id":"https:\/\/peru.agrolac.com\/ca\/producto\/ag-nano-urea-plus\/#primaryimage"},"image":{"@id":"https:\/\/peru.agrolac.com\/ca\/producto\/ag-nano-urea-plus\/#primaryimage"},"thumbnailUrl":"https:\/\/peru.agrolac.com\/wp-content\/uploads\/2025\/10\/campo-maiz.webp","datePublished":"2025-10-19T20:36:31+00:00","dateModified":"2026-03-02T18:19:58+00:00","description":"AG Nano Urea Plus \u00e9s un fertilitzant foliar l\u00edquid de nitrogen nanoestructurat per millorar l'efici\u00e8ncia del N i complementar la fertilitzaci\u00f3 al terra.","breadcrumb":{"@id":"https:\/\/peru.agrolac.com\/ca\/producto\/ag-nano-urea-plus\/#breadcrumb"},"inLanguage":"ca","potentialAction":[{"@type":"ReadAction","target":["https:\/\/peru.agrolac.com\/ca\/producto\/ag-nano-urea-plus\/"]}]},{"@type":"ImageObject","inLanguage":"ca","@id":"https:\/\/peru.agrolac.com\/ca\/producto\/ag-nano-urea-plus\/#primaryimage","url":"https:\/\/peru.agrolac.com\/wp-content\/uploads\/2025\/10\/campo-maiz.webp","contentUrl":"https:\/\/peru.agrolac.com\/wp-content\/uploads\/2025\/10\/campo-maiz.webp","width":1920,"height":1281},{"@type":"BreadcrumbList","@id":"https:\/\/peru.agrolac.com\/ca\/producto\/ag-nano-urea-plus\/#breadcrumb","itemListElement":[{"@type":"ListItem","position":1,"name":"Inici","item":"https:\/\/peru.agrolac.com\/ca\/?page_id=1823"},{"@type":"ListItem","position":2,"name":"Productes","item":"https:\/\/peru.agrolac.com\/ca\/?page_id=4145"},{"@type":"ListItem","position":3,"name":"Fertilitzants","item":"https:\/\/peru.agrolac.com\/ca\/categoria-producto\/fertilitzants\/"},{"@type":"ListItem","position":4,"name":"AG Nano Urea Plus"}]},{"@type":"WebSite","@id":"https:\/\/peru.agrolac.com\/ca\/#website","url":"https:\/\/peru.agrolac.com\/ca\/","name":"VICORQUIMIA","description":"Agrolac &eacute;s una empresa de Barcelona, fundada el 1982, especialitzada en distribuci&oacute; de productes agroqu&iacute;mics per a l'agricultura europea.","publisher":{"@id":"https:\/\/peru.agrolac.com\/ca\/#organization"},"potentialAction":[{"@type":"SearchAction","target":{"@type":"EntryPoint","urlTemplate":"https:\/\/peru.agrolac.com\/ca\/?s={search_term_string}"},"query-input":{"@type":"PropertyValueSpecification","valueRequired":true,"valueName":"search_term_string"}}],"inLanguage":"ca"},{"@type":"Organization","@id":"https:\/\/peru.agrolac.com\/ca\/#organization","name":"VICORQUIMIA","url":"https:\/\/peru.agrolac.com\/ca\/","logo":{"@type":"ImageObject","inLanguage":"ca","@id":"https:\/\/peru.agrolac.com\/ca\/#\/schema\/logo\/image\/","url":"https:\/\/peru.agrolac.com\/wp-content\/uploads\/2025\/10\/agrolac-logo.svg","contentUrl":"https:\/\/peru.agrolac.com\/wp-content\/uploads\/2025\/10\/agrolac-logo.svg","caption":"VICORQUIMIA"},"image":{"@id":"https:\/\/peru.agrolac.com\/ca\/#\/schema\/logo\/image\/"},"sameAs":["https:\/\/www.linkedin.com\/company\/vicorquimia\/"]}]}},"_links":{"self":[{"href":"https:\/\/peru.agrolac.com\/ca\/wp-json\/wp\/v2\/product\/7331","targetHints":{"allow":["GET"]}}],"collection":[{"href":"https:\/\/peru.agrolac.com\/ca\/wp-json\/wp\/v2\/product"}],"about":[{"href":"https:\/\/peru.agrolac.com\/ca\/wp-json\/wp\/v2\/types\/product"}],"replies":[{"embeddable":true,"href":"https:\/\/peru.agrolac.com\/ca\/wp-json\/wp\/v2\/comments?post=7331"}],"wp:featuredmedia":[{"embeddable":true,"href":"https:\/\/peru.agrolac.com\/ca\/wp-json\/wp\/v2\/media\/6434"}],"wp:attachment":[{"href":"https:\/\/peru.agrolac.com\/ca\/wp-json\/wp\/v2\/media?parent=7331"}],"wp:term":[{"taxonomy":"certificacion","embeddable":true,"href":"https:\/\/peru.agrolac.com\/ca\/wp-json\/wp\/v2\/certificacion?post=7331"},{"taxonomy":"cultivo","embeddable":true,"href":"https:\/\/peru.agrolac.com\/ca\/wp-json\/wp\/v2\/cultivo?post=7331"},{"taxonomy":"product_brand","embeddable":true,"href":"https:\/\/peru.agrolac.com\/ca\/wp-json\/wp\/v2\/product_brand?post=7331"},{"taxonomy":"product_cat","embeddable":true,"href":"https:\/\/peru.agrolac.com\/ca\/wp-json\/wp\/v2\/product_cat?post=7331"},{"taxonomy":"product_tag","embeddable":true,"href":"https:\/\/peru.agrolac.com\/ca\/wp-json\/wp\/v2\/product_tag?post=7331"}],"curies":[{"name":"wp","href":"https:\/\/api.w.org\/{rel}","templated":true}]}}